{"id":125,"date":"2011-03-09T16:10:01","date_gmt":"2011-03-09T15:10:01","guid":{"rendered":"http:\/\/www.casinadirosa.it\/?page_id=125"},"modified":"2017-07-23T01:06:22","modified_gmt":"2017-07-22T23:06:22","slug":"biking-tuscany","status":"publish","type":"page","link":"https:\/\/www.casinadirosa.it\/de\/things-to-do-tuscany\/nature-sport-tuscany\/biking-tuscany\/","title":{"rendered":"Radfahren in der Toskana"},"content":{"rendered":"<p><br \/>\nEine  wunderbare Weise, die Toskana zu besichtigen, ist die vom Fahrradsattel  aus. Ob Sie nun Ihre eigenen R\u00e4der mitbringen oder hier welche mieten,  die Obere Maremma bietet Ihnen zahllose Radtouren, auf denen Sie die  Landschaft und die Geschichte der Region entdecken k\u00f6nnen.<\/p>\n<p>Das Dorf Civitella Marittima ist umgeben von W\u00e4ldern, die von  etlichen Kilometern unbefestigter Wege durchkreuzt werden, auf denen man  sicher und ohne die Gefahren des Stra\u00dfenverkehrs radeln kann.<\/p>\n<p>Eine Reihe interessanter Strecken kann in der Oberen Maremma gefunden  werden. Die Gemeinde Civitello Paganico hat eine Karte mit  verschiedenen Routen in der Hoffnung ver\u00f6ffentlicht, \u00d6ko-Tourismus und  insbesondere Rad- und Wanderurlaub zu f\u00f6rdern. Es gibt neun verschiedene  Touren, die das gesamte Gebiet der Gemeinde umfassen und von  Radfahrern, Reitern und Wanderern genutzt werden k\u00f6nnen. Die Touren  unterscheiden sich in L\u00e4nge und Schwierigkeit und eignen sich daher  sowohl f\u00fcr Anf\u00e4nger als auch f\u00fcr Experten. Diese Wegekarte steht unseren  G\u00e4sten zur Verf\u00fcgung.<\/p>\n<p>Die Wege erlauben es dem Besucher, die geschichtlich und von der  Natur her interessantesten Orte, die diese Gegend anzubieten hat, zu  besuchen: die Burgen von Monte Antico und Casenovole, die befestigte  Stadt Paganico, die Abtei der Herz\u00f6ge von Ardengheschi, die Thermalb\u00e4der  von Petriolo und die mittelalterliche Stadt Pari.<\/p>\n<p>Besucher, denen Auto und Fahrrad zur Verf\u00fcgung stehen, k\u00f6nnen auch  zahlreiche weitere Gebiete erkunden, die alle in der N\u00e4he von Civitella  liegen. Darunter sind zum Beispiel die Thyrrenische K\u00fcste, die Halbinsel  Argentario und die alten etruskischen Gebiete.<\/p>\n<h2>Gef\u00fchrte Touren<\/h2>\n<p>G\u00e4ste von Casina di Rosa k\u00f6nnen die Erfahrung des lokalen Bike-Tour-Unternehmens &#8218;<a href=\"http:\/\/www.maremmainbici.it\/\">Maremma in Bici<\/a>&#8218;  nutzen, die im nahen Roccastrada beheimatet ist. Hier werden Leihr\u00e4der,  gef\u00fchrte Touren f\u00fcr Gruppen und individuelle Rundfahrten nach Ihren  speziellen Interessen und F\u00e4higkeiten angeboten.<\/p>\n<p>Die Rundfahrten, die &#8218;Maremma in Bici&#8216; zusammengestellt hat,  beinhalten eine Tour der Burgen mit m\u00f6glichen Abstechern zu lokalen \u00d6l-  und Weinproduzenten, einen Besuch der Abtei San Galgano, eine  W\u00e4lder-Tour entlang dem Ufer eines Flusses, eine Fahrt entlang der K\u00fcste  oder eine Route auf den alten Handelswegen, die heutzutage als  unbefestigte Waldwege erhalten sind.<\/p>\n<p>Auf dem Rad duch die Maremma zu fahren gibt Ihnen die ideale  Gelegenheit, uralte Wege, historische Kirchen und Bauernh\u00f6fe zu  entdecken und die frische Luft und die Sch\u00f6nheit des toskanischen Landes  zu genie\u00dfen.<\/p>\n<h2>M\u00f6chten Sie mehr wissen?<\/h2>\n<p>Um weiteres zu erfahren, k\u00f6nnen Sie die Linkliste auf unserer  Link-Seite besuchen, die Radtouren und sonstigen Arten des \u00d6ko-Tourismus  gewidmet ist.<\/p>\n<p>Fotobanner auf <a href=\"http:\/\/www.flickr.com\/photos\/popsique\/537139492\/\">po.psi.que<\/a>. Andere Fotos von <a href=\"http:\/\/www.flickr.com\/photos\/santacrewsgirl\/541811456\/sizes\/l\/in\/photostream\/\">Lisa{santacrewsgirl}<\/a>, <a href=\"http:\/\/www.flickr.com\/photos\/robertonencini\/4758050813\/\">Roberto Nencini &#8211; Nencio<\/a>, <a href=\"http:\/\/www.flickr.com\/photos\/tavallai\/4702119321\/\">Tavallai<\/a>, <a href=\"http:\/\/www.flickr.com\/photos\/specialkrb\/3742851377\/\">SpecialKRB<\/a>.<\/p>","protected":false},"excerpt":{"rendered":"<p>Eine wunderbare Weise, die Toskana zu besichtigen, ist die vom Fahrradsattel aus. Ob Sie nun Ihre eigenen R\u00e4der mitbringen oder hier welche mieten, die Obere Maremma bietet Ihnen zahllose Radtouren, auf denen Sie die Landschaft und die Geschichte der Region entdecken k\u00f6nnen. Das Dorf Civitella Marittima ist umgeben von W\u00e4ldern, die von etlichen Kilometern unbefestigter [&hellip;]<\/p>\n","protected":false},"author":4,"featured_media":205,"parent":78,"menu_order":0,"comment_status":"closed","ping_status":"closed","template":"","meta":{"footnotes":""},"class_list":["post-125","page","type-page","status-publish","has-post-thumbnail","hentry"],"_links":{"self":[{"href":"https:\/\/www.casinadirosa.it\/de\/wp-json\/wp\/v2\/pages\/125","targetHints":{"allow":["GET"]}}],"collection":[{"href":"https:\/\/www.casinadirosa.it\/de\/wp-json\/wp\/v2\/pages"}],"about":[{"href":"https:\/\/www.casinadirosa.it\/de\/wp-json\/wp\/v2\/types\/page"}],"author":[{"embeddable":true,"href":"https:\/\/www.casinadirosa.it\/de\/wp-json\/wp\/v2\/users\/4"}],"replies":[{"embeddable":true,"href":"https:\/\/www.casinadirosa.it\/de\/wp-json\/wp\/v2\/comments?post=125"}],"version-history":[{"count":5,"href":"https:\/\/www.casinadirosa.it\/de\/wp-json\/wp\/v2\/pages\/125\/revisions"}],"predecessor-version":[{"id":1151,"href":"https:\/\/www.casinadirosa.it\/de\/wp-json\/wp\/v2\/pages\/125\/revisions\/1151"}],"up":[{"embeddable":true,"href":"https:\/\/www.casinadirosa.it\/de\/wp-json\/wp\/v2\/pages\/78"}],"wp:featuredmedia":[{"embeddable":true,"href":"https:\/\/www.casinadirosa.it\/de\/wp-json\/wp\/v2\/media\/205"}],"wp:attachment":[{"href":"https:\/\/www.casinadirosa.it\/de\/wp-json\/wp\/v2\/media?parent=125"}],"curies":[{"name":"wp","href":"https:\/\/api.w.org\/{rel}","templated":true}]}}