{"id":133,"date":"2011-03-09T17:13:40","date_gmt":"2011-03-09T16:13:40","guid":{"rendered":"http:\/\/www.casinadirosa.it\/?page_id=133"},"modified":"2013-07-01T10:27:11","modified_gmt":"2013-07-01T08:27:11","slug":"wine-tours-tuscany","status":"publish","type":"page","link":"https:\/\/www.casinadirosa.it\/de\/things-to-do-tuscany\/food-drink-tuscany\/wines-of-tuscany\/wine-tours-tuscany\/","title":{"rendered":"Weinproben in der Toskana"},"content":{"rendered":"<p><\/p>\n<h2>Besuchen Sie eine Weinkellerei in der Toskana<\/h2>\n<p>F\u00fcr unsere G\u00e4ste organisieren wir Ausfluge gewidmet dem Wein Montecucco DOC. Auf Anfrage ist es m\u00f6glich andere Weinregionen (Monteregio, Brunello, Chianti) zu besuchen.<\/p>\n<p>Der <strong>Besuch<\/strong> beinhaltet (wenn das Wetter gut ist):<\/p>\n<ul>\n<li>einen Besuch einer Weinkellerei<\/li>\n<li>eine Weinprobe<\/li>\n<li>hausgemachtes Essen<\/li>\n<\/ul>\n<p><strong>Preis:<\/strong> \u20ac110 pro Person mit Essen; \u20ac95 ohne Essen (10. Uhr &#8211; 16.30 Uhr).<br \/>\nOder \u20ac75 (3,5 Studen &#8211; 2 Weinkellerein)<\/p>\n<p>Ausschlie\u00dflich f\u00fcr die G\u00e4ste von Casina di Rosa.<\/p>\n<h2>Kombinierte Weinprobe und Oliven\u00f6lprobe in der Alta Maremma Toskana<\/h2>\n<p>Wenn Sie die <strong>Weinprobe<\/strong> und die <strong>Oliven\u00f6lprobe<\/strong> kombinieren m\u00f6chten, ist der Preis: 135 euro pro Person.<\/p>\n<p>Andere interessanten Seiten<\/p>\n<ul>\n<li>Oliven\u00f6l der Alta Maremma Toscana<\/li>\n<li>Kochen in der Maremma Toskana<\/li>\n<li>Lavandel in der Toskana<\/li>\n<\/ul>\n<p>Banner photo by <a href=\"http:\/\/www.flickr.com\/photos\/charlesfred\/474279148\/sizes\/m\/in\/photostream\/\">CharlesFred<\/a>.<\/p>","protected":false},"excerpt":{"rendered":"<p>Besuchen Sie eine Weinkellerei in der Toskana F\u00fcr unsere G\u00e4ste organisieren wir Ausfluge gewidmet dem Wein Montecucco DOC. Auf Anfrage ist es m\u00f6glich andere Weinregionen (Monteregio, Brunello, Chianti) zu besuchen. Der Besuch beinhaltet (wenn das Wetter gut ist): einen Besuch einer Weinkellerei eine Weinprobe hausgemachtes Essen Preis: \u20ac110 pro Person mit Essen; \u20ac95 ohne Essen [&hellip;]<\/p>\n","protected":false},"author":4,"featured_media":134,"parent":130,"menu_order":0,"comment_status":"closed","ping_status":"closed","template":"","meta":{"footnotes":""},"class_list":["post-133","page","type-page","status-publish","has-post-thumbnail","hentry"],"_links":{"self":[{"href":"https:\/\/www.casinadirosa.it\/de\/wp-json\/wp\/v2\/pages\/133","targetHints":{"allow":["GET"]}}],"collection":[{"href":"https:\/\/www.casinadirosa.it\/de\/wp-json\/wp\/v2\/pages"}],"about":[{"href":"https:\/\/www.casinadirosa.it\/de\/wp-json\/wp\/v2\/types\/page"}],"author":[{"embeddable":true,"href":"https:\/\/www.casinadirosa.it\/de\/wp-json\/wp\/v2\/users\/4"}],"replies":[{"embeddable":true,"href":"https:\/\/www.casinadirosa.it\/de\/wp-json\/wp\/v2\/comments?post=133"}],"version-history":[{"count":8,"href":"https:\/\/www.casinadirosa.it\/de\/wp-json\/wp\/v2\/pages\/133\/revisions"}],"predecessor-version":[{"id":431,"href":"https:\/\/www.casinadirosa.it\/de\/wp-json\/wp\/v2\/pages\/133\/revisions\/431"}],"up":[{"embeddable":true,"href":"https:\/\/www.casinadirosa.it\/de\/wp-json\/wp\/v2\/pages\/130"}],"wp:featuredmedia":[{"embeddable":true,"href":"https:\/\/www.casinadirosa.it\/de\/wp-json\/wp\/v2\/media\/134"}],"wp:attachment":[{"href":"https:\/\/www.casinadirosa.it\/de\/wp-json\/wp\/v2\/media?parent=133"}],"curies":[{"name":"wp","href":"https:\/\/api.w.org\/{rel}","templated":true}]}}