{"id":139,"date":"2011-03-09T17:47:51","date_gmt":"2011-03-09T16:47:51","guid":{"rendered":"http:\/\/www.casinadirosa.it\/?page_id=139"},"modified":"2013-10-28T09:20:20","modified_gmt":"2013-10-28T08:20:20","slug":"olive-oil-tasting-tuscany","status":"publish","type":"page","link":"https:\/\/www.casinadirosa.it\/de\/things-to-do-tuscany\/food-drink-tuscany\/tuscany-olive-oil\/olive-oil-tasting-tuscany\/","title":{"rendered":"Oliven\u00f6l-Verkostung"},"content":{"rendered":"<p>Wenn Sie an der Erfahrung der Olivenernte teilhaben m\u00f6chten, k\u00f6nnen Sie, wenn das Wetter es erlaubt, auf Anfrage beim Pfl\u00fccken der Oliven mitmachen.<\/p>\n<h2>Probieren Sie das toskanische Oliven\u00f6l<\/h2>\n<p>Vom M\u00e4rz bis Mai und vom Oktober zu Dezember, organisieren wir Ausfluge gewidmet dem Oliven\u00f6l. Der Besuch beinhaltet (wenn das Wetter gut ist):<\/p>\n<ul>\n<li>einen Besuch einer Olivenpresse<\/li>\n<li>einen Besuch einer Olivenfarm<\/li>\n<li>Oliven\u00f6lprobe<\/li>\n<li>eine Flasche Oliven\u00f6l (Extra-vergine di Oliva)<\/li>\n<\/ul>\n<p><strong>Preis:<\/strong>\u20ac <strong>100<\/strong> pro Person. Ausschlie\u00dflich f\u00fcr die G\u00e4ste von Casina di Rosa.<\/p>\n<h3>Sonderangebot f\u00fcr 2 Personen in November 2010<\/h3>\n<p>1 Woche in der Maremma Toskana und Ausflug gewidmet dem Oliven\u00f6l in der Toskana: nur <strong>500 Euro<\/strong> f\u00fcr 2 Peronen!<\/p>","protected":false},"excerpt":{"rendered":"<p>Wenn Sie an der Erfahrung der Olivenernte teilhaben m\u00f6chten, k\u00f6nnen Sie, wenn das Wetter es erlaubt, auf Anfrage beim Pfl\u00fccken der Oliven mitmachen. Probieren Sie das toskanische Oliven\u00f6l Vom M\u00e4rz bis Mai und vom Oktober zu Dezember, organisieren wir Ausfluge gewidmet dem Oliven\u00f6l. Der Besuch beinhaltet (wenn das Wetter gut ist): einen Besuch einer Olivenpresse [&hellip;]<\/p>\n","protected":false},"author":4,"featured_media":140,"parent":136,"menu_order":0,"comment_status":"closed","ping_status":"closed","template":"","meta":{"footnotes":""},"class_list":["post-139","page","type-page","status-publish","has-post-thumbnail","hentry"],"_links":{"self":[{"href":"https:\/\/www.casinadirosa.it\/de\/wp-json\/wp\/v2\/pages\/139","targetHints":{"allow":["GET"]}}],"collection":[{"href":"https:\/\/www.casinadirosa.it\/de\/wp-json\/wp\/v2\/pages"}],"about":[{"href":"https:\/\/www.casinadirosa.it\/de\/wp-json\/wp\/v2\/types\/page"}],"author":[{"embeddable":true,"href":"https:\/\/www.casinadirosa.it\/de\/wp-json\/wp\/v2\/users\/4"}],"replies":[{"embeddable":true,"href":"https:\/\/www.casinadirosa.it\/de\/wp-json\/wp\/v2\/comments?post=139"}],"version-history":[{"count":7,"href":"https:\/\/www.casinadirosa.it\/de\/wp-json\/wp\/v2\/pages\/139\/revisions"}],"predecessor-version":[{"id":1001,"href":"https:\/\/www.casinadirosa.it\/de\/wp-json\/wp\/v2\/pages\/139\/revisions\/1001"}],"up":[{"embeddable":true,"href":"https:\/\/www.casinadirosa.it\/de\/wp-json\/wp\/v2\/pages\/136"}],"wp:featuredmedia":[{"embeddable":true,"href":"https:\/\/www.casinadirosa.it\/de\/wp-json\/wp\/v2\/media\/140"}],"wp:attachment":[{"href":"https:\/\/www.casinadirosa.it\/de\/wp-json\/wp\/v2\/media?parent=139"}],"curies":[{"name":"wp","href":"https:\/\/api.w.org\/{rel}","templated":true}]}}