{"id":17,"date":"2011-03-08T13:51:33","date_gmt":"2011-03-08T12:51:33","guid":{"rendered":"http:\/\/www.casinadirosa.it\/?page_id=17"},"modified":"2025-04-23T10:42:00","modified_gmt":"2025-04-23T08:42:00","slug":"vacation-house-tuscany","status":"publish","type":"page","link":"https:\/\/www.casinadirosa.it\/de\/vacation-house-tuscany\/","title":{"rendered":"Das Ferienhaus"},"content":{"rendered":"<p>Die  Geschichte von Casina di Rosa begann Ende des 19. Jahrhunderts, als das  Anwesen unmittelbar au\u00dferhalb der Dorfmauern von den Herz\u00f6gen der <strong>Ardengheschi<\/strong> erbaut wurde.<\/p>\n<p><iframe loading=\"lazy\" width=\"650\" height=\"365,63\" src=\"https:\/\/www.youtube.com\/embed\/4qrozZiuqDU\" title=\"YouTube video player\" frameborder=\"0\" allow=\"accelerometer; autoplay; clipboard-write; encrypted-media; gyroscope; picture-in-picture\" allowfullscreen><\/iframe><\/p>\n<p>Das Haus liegt abseits f\u00fcr sich und wurde <strong>k\u00fcrzlich renoviert<\/strong>. Es besteht aus <strong>Schlafzimmer<\/strong> mit Doppelbett und Sofas, <strong>K\u00fcche<\/strong>, und einem <strong>Badezimmer<\/strong>. Im Haus k\u00f6nnen bis zu <strong>drei Personen<\/strong> wohnen, aber es ist <strong>perfekt f\u00fcr 2 Personen<\/strong>.<\/p>\n<p><img loading=\"lazy\" decoding=\"async\" class=\"size-full wp-image-1208 aligncenter\" src=\"http:\/\/www.casinadirosa.it\/wp-content\/uploads\/2022\/07\/loggia-e1657983381342.jpg\" alt=\"\" width=\"650\" height=\"488\" \/><\/p>\n<p>Im Winter kann das Haus mit der <strong>Heizung und einem Kamin<\/strong> beheizt werden. Im Sommer hat das Haus <strong>Klimaanlage<\/strong>.<\/p>\n<h2>Das Schlafzimmer<\/h2>\n<p>Das Schlafzimmer ist mit einem <strong>gro\u00dfen Bett<\/strong>, einem ger\u00e4umigen Kleiderschrank und einer Kommode ausgestattet, die unseren G\u00e4sten ganz zur Verf\u00fcgung stehen.<\/p>\n<p>Aus den Schlafzimmer-Fenstern, k\u00f6nnen die G\u00e4ste einen <strong>herrlichen Blick \u00fcber die Landschaft<\/strong> haben.<br \/>\n<img loading=\"lazy\" decoding=\"async\" src=\"http:\/\/www.casinadirosa.it\/wp-content\/uploads\/2022\/07\/IMG_8526-e1657983887668.jpg\" alt=\"\" width=\"650\" height=\"488\" class=\"alignleft size-full wp-image-1213\" \/><br \/>\nDer Loungebereich ist im <strong>l\u00e4ndlichen Stil<\/strong> eingerichtet. Er hat ein <strong>Sofabett<\/strong>, einen Kaffeetisch, ein Fernseher, eine Stereoanlage und ein B\u00fccherregal mit <strong>Reisef\u00fchrern<\/strong>, <strong>Karten<\/strong> und <strong>Informationsbrosch\u00fcren<\/strong> \u00fcber das Gebiet.<\/p>\n<h2>Die eingerichtete K\u00fcche<\/h2>\n<p>Die K\u00fcche ist komplett eingerichtet, um unseren G\u00e4sten  Selbstverpflegung zu erm\u00f6glichen. In ihr finden sich eine Gasheizung,  ein elektrischer Herd, K\u00fchlschrank, Toaster und ein Wasserkocher.<br \/>\n<img loading=\"lazy\" decoding=\"async\" src=\"http:\/\/www.casinadirosa.it\/wp-content\/uploads\/2022\/07\/IMG_3843-e1657984229689.jpg\" alt=\"\" width=\"650\" height=\"488\" class=\"alignleft size-full wp-image-1216\" \/><br \/>\nEs gibt einen steinernen Kamin: perfekt f\u00fcr einen romantischen Urlaub!<\/p>\n<h2>Das Badezimmer<\/h2>\n<p>Das Badezimmer ist mit edlen Armaturen und Vorrichtungen von &#8222;Ideal  Standard&#8220; eingerichtet: Toilette, Waschbecken, Dusche und Bidet. Die <strong>Handt\u00fccher<\/strong> und ein <strong>F\u00f6n<\/strong> werden bereitgestellt.<br \/>\n<img loading=\"lazy\" decoding=\"async\" src=\"http:\/\/www.casinadirosa.it\/wp-content\/uploads\/2022\/07\/Screenshot-2022-07-16-at-17.18.10-e1657984752243.png\" alt=\"\" width=\"650\" height=\"490\" class=\"alignleft size-full wp-image-1218\" \/><\/p>\n<h2>La Loggia<\/h2>\n<p>Die Loggia am Eingang des Hauses ist ideal, um drau\u00dfen zu sitzen.<br \/>\n<img loading=\"lazy\" decoding=\"async\" src=\"http:\/\/www.casinadirosa.it\/wp-content\/uploads\/2022\/07\/4729431543_9ea199731f_o-e1657985545716.jpg\" alt=\"\" width=\"650\" height=\"488\" class=\"alignleft size-full wp-image-1221\" \/><\/p>\n<h2>Zu Ihrer Verf\u00fcgung im Casina di Rosa&#8230;<\/h2>\n<p>Das Haus ist ausgestattet mit:<\/p>\n<ul>\n<li>Fernseher mit DVD<\/li>\n<li>Stereoanlage (Ipod\/Mp3 reader dock station &#8211; Radio)<\/li>\n<li>Waschmaschine<\/li>\n<li>B\u00fcgeleisen<\/li>\n<li>Wasserkocher<\/li>\n<li>Filterkaffeemaschine<\/li>\n<li>Toaster<\/li>\n<li>F\u00f6n<\/li>\n<li>Elektroheizer f\u00fcr das Badezimmer<\/li>\n<li>Klimaanlage<\/li>\n<li>Heizung<\/li>\n<li>Internet (wi-fi)<\/li>\n<\/ul>\n<p><strong>Bettw\u00e4sche und Handt\u00fccher f\u00fcr Bad und f\u00fcr die K\u00fcche werden bereitgestellt.<\/strong><\/p>\n<p>Eine Auswahl von <strong>Reisehandb\u00fcchern<\/strong> und Karten steht unseren G\u00e4sten zur Verf\u00fcgung.<\/p>\n<p>Bei Ihrer Ankunft erwartet Sie ein <strong>Willkommenskorb<\/strong> mit einigen typischen Grundnahrungsmitteln.<\/p>\n<p>Nehmen Sie an <strong><a href=\"http:\/\/www.bookcrossers.de\/bcd\/home\/\" rel=\"nofollow\">Bookcrossing<\/a><\/strong> teil! Nehmen Sie ein Buch von unserer Sammlung auf, wenn es Ihnen  gef\u00e4llt! Unter einer Bedingung: Sie m\u00fcssen es durch ein anderes Buch  ersetzen! Die B\u00fccher, die Sie lassen, m\u00fcssen auf denselben Sprache als  die B\u00fccher, die Sie nehmen, sein.<\/p>","protected":false},"excerpt":{"rendered":"<p>Die Geschichte von Casina di Rosa begann Ende des 19. Jahrhunderts, als das Anwesen unmittelbar au\u00dferhalb der Dorfmauern von den Herz\u00f6gen der Ardengheschi erbaut wurde. Das Haus liegt abseits f\u00fcr sich und wurde k\u00fcrzlich renoviert. Es besteht aus Schlafzimmer mit Doppelbett und Sofas, K\u00fcche, und einem Badezimmer. Im Haus k\u00f6nnen bis zu drei Personen wohnen, [&hellip;]<\/p>\n","protected":false},"author":4,"featured_media":194,"parent":0,"menu_order":20,"comment_status":"closed","ping_status":"closed","template":"","meta":{"footnotes":""},"class_list":["post-17","page","type-page","status-publish","has-post-thumbnail","hentry"],"_links":{"self":[{"href":"https:\/\/www.casinadirosa.it\/de\/wp-json\/wp\/v2\/pages\/17","targetHints":{"allow":["GET"]}}],"collection":[{"href":"https:\/\/www.casinadirosa.it\/de\/wp-json\/wp\/v2\/pages"}],"about":[{"href":"https:\/\/www.casinadirosa.it\/de\/wp-json\/wp\/v2\/types\/page"}],"author":[{"embeddable":true,"href":"https:\/\/www.casinadirosa.it\/de\/wp-json\/wp\/v2\/users\/4"}],"replies":[{"embeddable":true,"href":"https:\/\/www.casinadirosa.it\/de\/wp-json\/wp\/v2\/comments?post=17"}],"version-history":[{"count":35,"href":"https:\/\/www.casinadirosa.it\/de\/wp-json\/wp\/v2\/pages\/17\/revisions"}],"predecessor-version":[{"id":1283,"href":"https:\/\/www.casinadirosa.it\/de\/wp-json\/wp\/v2\/pages\/17\/revisions\/1283"}],"wp:featuredmedia":[{"embeddable":true,"href":"https:\/\/www.casinadirosa.it\/de\/wp-json\/wp\/v2\/media\/194"}],"wp:attachment":[{"href":"https:\/\/www.casinadirosa.it\/de\/wp-json\/wp\/v2\/media?parent=17"}],"curies":[{"name":"wp","href":"https:\/\/api.w.org\/{rel}","templated":true}]}}