{"id":38,"date":"2011-03-08T15:47:15","date_gmt":"2011-03-08T14:47:15","guid":{"rendered":"http:\/\/www.casinadirosa.it\/?page_id=38"},"modified":"2011-06-05T18:57:17","modified_gmt":"2011-06-05T16:57:17","slug":"travel-deals-tuscany","status":"publish","type":"page","link":"https:\/\/www.casinadirosa.it\/de\/vacation-house-tuscany\/travel-deals-tuscany\/","title":{"rendered":"Last Minute und Reiseangebote"},"content":{"rendered":"<p>Wer sagt, da\u00df ein Toskanaurlaub teuer sein mu\u00df? Mieten Sie ein <strong>g\u00fcnstiges Haus in der Maremma<\/strong>, machen Sie Gebrauch von unseren speziellen Angeboten, eine gro\u00dfartige Alternative zum teuren Urlaub im Hotel oder Agriturismo.<\/p>\n<p>In der Nebensaison k\u00f6nnen Sie alles erleben, was die <strong>Toskana<\/strong> anzubieten hat, von <strong>Thermalb\u00e4dern<\/strong> und wundersch\u00f6ner <strong>Landschaft<\/strong> bis zu verf\u00fchrerischem Essen und Weinen, und dabei geben trotzdem Sie weniger aus.<\/p>\n<p>Casina di Rosa, <strong>Ferienhaus in der toskanischen Maremma<\/strong>, in der n\u00e4he von <strong>Siena<\/strong> und <strong>Val d&#8217;Orcia<\/strong>,  hat besondere Angebote f\u00fcr Ihren Toskanaurlaub zusammengestellt: &#8222;Happy Weeks&#8220; und &#8222;Last Minute Angebote&#8220;.<\/p>\n<p>Jeden Monat bieten wir eine Woche zu reduzierten Preisen an, wobei Sie <strong>25%<\/strong> des regul\u00e4ren Preises sparen.<\/p>\n<p><div id=\"offers\">\n<div id=\"offer-1274\" class=\"offer-item\">\n<h2>(EN) St. Patrick&#8217;s Day Special!<\/h2>\n<p class=\"qtranxs-available-languages-message qtranxs-available-languages-message-de\">Leider ist der Eintrag nur auf <a href=\"https:\/\/www.casinadirosa.it\/en\/wp-json\/wp\/v2\/pages\/38\" class=\"qtranxs-available-language-link qtranxs-available-language-link-en\" title=\"EN\">EN<\/a> verf\u00fcgbar.<\/p>\n<\/div>\n<\/div>\n<\/p>","protected":false},"excerpt":{"rendered":"<p>Wer sagt, da\u00df ein Toskanaurlaub teuer sein mu\u00df? Mieten Sie ein g\u00fcnstiges Haus in der Maremma, machen Sie Gebrauch von unseren speziellen Angeboten, eine gro\u00dfartige Alternative zum teuren Urlaub im Hotel oder Agriturismo. In der Nebensaison k\u00f6nnen Sie alles erleben, was die Toskana anzubieten hat, von Thermalb\u00e4dern und wundersch\u00f6ner Landschaft bis zu verf\u00fchrerischem Essen und [&hellip;]<\/p>\n","protected":false},"author":4,"featured_media":199,"parent":17,"menu_order":300,"comment_status":"closed","ping_status":"closed","template":"","meta":{"footnotes":""},"class_list":["post-38","page","type-page","status-publish","has-post-thumbnail","hentry"],"_links":{"self":[{"href":"https:\/\/www.casinadirosa.it\/de\/wp-json\/wp\/v2\/pages\/38","targetHints":{"allow":["GET"]}}],"collection":[{"href":"https:\/\/www.casinadirosa.it\/de\/wp-json\/wp\/v2\/pages"}],"about":[{"href":"https:\/\/www.casinadirosa.it\/de\/wp-json\/wp\/v2\/types\/page"}],"author":[{"embeddable":true,"href":"https:\/\/www.casinadirosa.it\/de\/wp-json\/wp\/v2\/users\/4"}],"replies":[{"embeddable":true,"href":"https:\/\/www.casinadirosa.it\/de\/wp-json\/wp\/v2\/comments?post=38"}],"version-history":[{"count":25,"href":"https:\/\/www.casinadirosa.it\/de\/wp-json\/wp\/v2\/pages\/38\/revisions"}],"predecessor-version":[{"id":779,"href":"https:\/\/www.casinadirosa.it\/de\/wp-json\/wp\/v2\/pages\/38\/revisions\/779"}],"up":[{"embeddable":true,"href":"https:\/\/www.casinadirosa.it\/de\/wp-json\/wp\/v2\/pages\/17"}],"wp:featuredmedia":[{"embeddable":true,"href":"https:\/\/www.casinadirosa.it\/de\/wp-json\/wp\/v2\/media\/199"}],"wp:attachment":[{"href":"https:\/\/www.casinadirosa.it\/de\/wp-json\/wp\/v2\/media?parent=38"}],"curies":[{"name":"wp","href":"https:\/\/api.w.org\/{rel}","templated":true}]}}