{"id":64,"date":"2011-03-08T19:38:57","date_gmt":"2011-03-08T18:38:57","guid":{"rendered":"http:\/\/www.casinadirosa.it\/?page_id=64"},"modified":"2022-07-16T18:06:18","modified_gmt":"2022-07-16T16:06:18","slug":"civitella-marittima","status":"publish","type":"page","link":"https:\/\/www.casinadirosa.it\/de\/southern-tuscany\/civitella-marittima\/","title":{"rendered":"Civitella Marittima"},"content":{"rendered":"<p><\/p>\n<h1><\/h1>\n<p>Civitella  Marittima ist ein kleines, sch\u00f6nes Dorf in der Alta Maremma Toskana,  zwischen Siena und die K\u00fcste. Es beheimatet 350 Menschen und hat alle  notwendigen Einrichtungen.<\/p>\n<h2>Die Einrichtungen in Civitella Marittima<\/h2>\n<p>Es gibt zwei <strong>Banken<\/strong> mit <strong>Geldautomat<\/strong>, zwei <strong>Lebensmittelgesch\u00e4fte<\/strong>, zwei B\u00e4ckereien und verschiedene andere L\u00e4den (Blumenladen, Keramik, Tabakladen etc.). Es gibt auch eine <strong>Postfiliale<\/strong>, eine <strong>Apotheke<\/strong> und ein <strong>klinisches Zentrum<\/strong>. In der Dorfmitte befinden sich ein <strong>sehr gutes Restaurant<\/strong> und 2 <strong>Bar<\/strong>, und weniger als zwei Kilometer entfernt befinden sich <strong>weitere Restaurants\/Pizzerien<\/strong>.<\/p>\n<p>Wenige Schritte vom Haus entfernt liegt ein <strong>\u00f6ffentlicher Park<\/strong>, ideal um den Hund auszuf\u00fchren oder im Schatten der Walnu\u00dfb\u00e4ume auf einer der zahlreichen B\u00e4nke abzuh\u00e4ngen.<\/p>\n<h2>Die Umgebung<\/h2>\n<p>Die zwei am n\u00e4chsten liegenden D\u00f6rfer (<strong>Paganico<\/strong>, 7km, und <strong>Roccastrada<\/strong>, 13km) haben kleine <strong>Einkaufszentren<\/strong>, <strong>Superm\u00e4rkte<\/strong> und zahllose <strong>Restaurants<\/strong> und <strong>Pizzerien<\/strong>, die sowohl Fleischgerichte als auch Fisch zubereiten.<\/p>\n<p>Gemeinsam mit den <strong>anderen D\u00f6fern der Gemeinschaft<\/strong> (Pari, Casal di Pari, Monte Antico und Dogana) bieten sie die Gelegenheit, Pl\u00e4tze von <strong>au\u00dfergew\u00f6hnlicher Sch\u00f6nheit<\/strong> zu entdecken, die man an den gew\u00f6hnlichen touristischen Zielen nicht findet.<\/p>\n<p>Casina die Rosa ist ein <strong>perfekter Ausgangspunkt<\/strong> f\u00fcr eine Reise durch die <strong>wundervolle K\u00fcche<\/strong>, die die <strong>toskanische Maremma<\/strong> und <strong>Siena<\/strong> bieten.<\/p>\n<h2>Vom Dorf organisierte Aktivit\u00e4ten und die Sagra<\/h2>\n<p>Das Dorf Civitella Marittima selbst offeriert viele Optionen durch das ganze Jahr hinweg. An Wocheneden im <strong>Juni und Juli<\/strong> organisiert die kulturelle Gemeinschaft des Ortes einen &#8222;<strong>Abend unter den Sternen<\/strong>&#8222;, eine Reihe von Abendessen unter freiem Himmel, die jede Woche eine andere lokale Spezialit\u00e4t zum Thema hat. <strong>Am letzten Augustwochenende<\/strong> ist die &#8222;<strong>Sagra<\/strong>&#8220;  des Dorfes (&#8222;Sagra dell&#8217;Alta Maremma&#8220;), ein festival mit Musik und  Tanz, Kunsthandwerk und, es versteht sich von selbt, gutem Essen. Im <strong>November<\/strong> ist die &#8222;Festa del Buco Unto&#8220;, ein festival, das das <strong>neue Oliven\u00f6l<\/strong> feiert.<\/p>","protected":false},"excerpt":{"rendered":"<p>Civitella Marittima ist ein kleines, sch\u00f6nes Dorf in der Alta Maremma Toskana, zwischen Siena und die K\u00fcste. Es beheimatet 350 Menschen und hat alle notwendigen Einrichtungen. Die Einrichtungen in Civitella Marittima Es gibt zwei Banken mit Geldautomat, zwei Lebensmittelgesch\u00e4fte, zwei B\u00e4ckereien und verschiedene andere L\u00e4den (Blumenladen, Keramik, Tabakladen etc.). Es gibt auch eine Postfiliale, eine [&hellip;]<\/p>\n","protected":false},"author":4,"featured_media":190,"parent":22,"menu_order":100,"comment_status":"closed","ping_status":"closed","template":"","meta":{"footnotes":""},"class_list":["post-64","page","type-page","status-publish","has-post-thumbnail","hentry"],"_links":{"self":[{"href":"https:\/\/www.casinadirosa.it\/de\/wp-json\/wp\/v2\/pages\/64","targetHints":{"allow":["GET"]}}],"collection":[{"href":"https:\/\/www.casinadirosa.it\/de\/wp-json\/wp\/v2\/pages"}],"about":[{"href":"https:\/\/www.casinadirosa.it\/de\/wp-json\/wp\/v2\/types\/page"}],"author":[{"embeddable":true,"href":"https:\/\/www.casinadirosa.it\/de\/wp-json\/wp\/v2\/users\/4"}],"replies":[{"embeddable":true,"href":"https:\/\/www.casinadirosa.it\/de\/wp-json\/wp\/v2\/comments?post=64"}],"version-history":[{"count":8,"href":"https:\/\/www.casinadirosa.it\/de\/wp-json\/wp\/v2\/pages\/64\/revisions"}],"predecessor-version":[{"id":1232,"href":"https:\/\/www.casinadirosa.it\/de\/wp-json\/wp\/v2\/pages\/64\/revisions\/1232"}],"up":[{"embeddable":true,"href":"https:\/\/www.casinadirosa.it\/de\/wp-json\/wp\/v2\/pages\/22"}],"wp:featuredmedia":[{"embeddable":true,"href":"https:\/\/www.casinadirosa.it\/de\/wp-json\/wp\/v2\/media\/190"}],"wp:attachment":[{"href":"https:\/\/www.casinadirosa.it\/de\/wp-json\/wp\/v2\/media?parent=64"}],"curies":[{"name":"wp","href":"https:\/\/api.w.org\/{rel}","templated":true}]}}