{"id":76,"date":"2011-03-09T05:14:14","date_gmt":"2011-03-09T04:14:14","guid":{"rendered":"http:\/\/www.casinadirosa.it\/?page_id=76"},"modified":"2011-06-03T18:01:13","modified_gmt":"2011-06-03T17:01:13","slug":"art-culture-tuscany","status":"publish","type":"page","link":"https:\/\/www.casinadirosa.it\/de\/things-to-do-tuscany\/art-culture-tuscany\/","title":{"rendered":"Kunst und Kultur in der Toskana"},"content":{"rendered":"<p><br \/>\nF\u00fcr <strong>Kulturliebhaber<\/strong> ist ein Besuch der <strong>Kunstst\u00e4dte<\/strong> wie Siena, Florenz, Arezzo, Pisa und Lucca sehr zu empfehlen.<\/p>\n<p>Es ist m\u00f6glich, jede dieser St\u00e4dte an einem einzigen Tag zu besuchen,  wenn man morgens in Casina di Rosa abf\u00e4hrt und abends wieder heimkommen  m\u00f6chte. Allerdings w\u00fcrde man Monate ben\u00f6tigen, um alle Sch\u00e4tze allein  eines einzigen dieser Orte zu erkunden! <strong>Rom<\/strong> kann von Grosseto aus leicht per Auto oder Zug erreicht werden. <strong>Perugia<\/strong> kann auch in 1 Stunde und 30 Minuten erreicht werden.<\/p>\n<p>Um die Geschichte der Region zu erkunden, schlagen wir einen Besuch der <strong>etruskisch-r\u00f6mischen Ruinen<\/strong> an den arch\u00e4ologischen St\u00e4tten vor, die in Roselle, Pitigliano, Sorano  und Sovana gefunden wurden. Die etruskischen Nekropolen sind ein Schatz  von ungeheurem Wert und k\u00f6nnen nur in dieser Gegend angetroffen werden.<\/p>\n<p>Von Interesse sind auch die zahlreichen mittelalterlichen <strong>Burgen und Kl\u00f6ster<\/strong> in der N\u00e4he wie zum Beispiel Kloster San Lorenzo, San Galgano, Monte  Antico, Casenovole, Poggio alle Mura, Pienza, San Gimignano, Volterra  etc.<\/p>\n<p>Die Toskana ist perfekt, um <strong>Italienisch in Italien zu lehrnen<\/strong>. In Siena gibt es viele Sprachschule, die Sie besuchen k\u00f6nnen.<\/p>\n<p>Photo banner by <a href=\"http:\/\/www.flickr.com\/photos\/shoes_on_wires\/2354908526\/\">Shoes on Wires<\/a>.<\/p>","protected":false},"excerpt":{"rendered":"<p>F\u00fcr Kulturliebhaber ist ein Besuch der Kunstst\u00e4dte wie Siena, Florenz, Arezzo, Pisa und Lucca sehr zu empfehlen. Es ist m\u00f6glich, jede dieser St\u00e4dte an einem einzigen Tag zu besuchen, wenn man morgens in Casina di Rosa abf\u00e4hrt und abends wieder heimkommen m\u00f6chte. Allerdings w\u00fcrde man Monate ben\u00f6tigen, um alle Sch\u00e4tze allein eines einzigen dieser Orte [&hellip;]<\/p>\n","protected":false},"author":4,"featured_media":201,"parent":26,"menu_order":0,"comment_status":"closed","ping_status":"closed","template":"","meta":{"footnotes":""},"class_list":["post-76","page","type-page","status-publish","has-post-thumbnail","hentry"],"_links":{"self":[{"href":"https:\/\/www.casinadirosa.it\/de\/wp-json\/wp\/v2\/pages\/76","targetHints":{"allow":["GET"]}}],"collection":[{"href":"https:\/\/www.casinadirosa.it\/de\/wp-json\/wp\/v2\/pages"}],"about":[{"href":"https:\/\/www.casinadirosa.it\/de\/wp-json\/wp\/v2\/types\/page"}],"author":[{"embeddable":true,"href":"https:\/\/www.casinadirosa.it\/de\/wp-json\/wp\/v2\/users\/4"}],"replies":[{"embeddable":true,"href":"https:\/\/www.casinadirosa.it\/de\/wp-json\/wp\/v2\/comments?post=76"}],"version-history":[{"count":4,"href":"https:\/\/www.casinadirosa.it\/de\/wp-json\/wp\/v2\/pages\/76\/revisions"}],"predecessor-version":[{"id":559,"href":"https:\/\/www.casinadirosa.it\/de\/wp-json\/wp\/v2\/pages\/76\/revisions\/559"}],"up":[{"embeddable":true,"href":"https:\/\/www.casinadirosa.it\/de\/wp-json\/wp\/v2\/pages\/26"}],"wp:featuredmedia":[{"embeddable":true,"href":"https:\/\/www.casinadirosa.it\/de\/wp-json\/wp\/v2\/media\/201"}],"wp:attachment":[{"href":"https:\/\/www.casinadirosa.it\/de\/wp-json\/wp\/v2\/media?parent=76"}],"curies":[{"name":"wp","href":"https:\/\/api.w.org\/{rel}","templated":true}]}}