{"id":78,"date":"2011-03-09T05:23:07","date_gmt":"2011-03-09T04:23:07","guid":{"rendered":"http:\/\/www.casinadirosa.it\/?page_id=78"},"modified":"2011-06-03T18:02:46","modified_gmt":"2011-06-03T17:02:46","slug":"nature-sport-tuscany","status":"publish","type":"page","link":"https:\/\/www.casinadirosa.it\/de\/things-to-do-tuscany\/nature-sport-tuscany\/","title":{"rendered":"Natur und Sport"},"content":{"rendered":"<p><br \/>\nF\u00fcr <strong>Naturliebhaber<\/strong> bietet die umliegende Landschaft sehr viele Wege zum <strong>Spazierengehen<\/strong>, <strong>Wandern<\/strong> und <strong>Mountainbiken<\/strong>.<\/p>\n<p>Der nahe <strong>Monte Amiata<\/strong> kann auf Bergpfaden erklommen werden, und <strong>Monte Labro<\/strong> und die Halbinsel <strong>Argentario<\/strong> beheimaten zwei der gr\u00f6\u00dften <strong>Naturparks<\/strong> Italiens.<\/p>\n<p>Casina di Rosa ist ein <strong>perfekter Ausgangspunkt<\/strong> f\u00fcr all die, die gerne am ausgezeichneten <strong>Jagdgeschehen<\/strong> der Gegend teilhaben m\u00f6chten. Es gibt sehr viel Wild, unter anderem Keiler, Hasen und Fasane. Es k\u00f6nnen auch <strong>Exkursionen zu Pferd<\/strong> bei einer nahen Reitfarm arrangiert werden.<\/p>\n<p>Die <strong>tyrrhenische K\u00fcste<\/strong>, die Jahr f\u00fcr Jahr  Anerkennung f\u00fcr ihre Wasser- und Strandqualit\u00e4t erf\u00e4hrt, ist nur eine  kleine Strecke entfernt. Saugen Sie die Sonne an den Str\u00e4nden von  Alberese, Castiglione della Pescaia, Punt&#8217;Ala, Argentario und den Inseln  Elba und Giglio auf.<\/p>\n<p><strong>Nat\u00fcrliche Thermalquellen<\/strong> sind ebenso nahe und der \u00d6ffentlichkeit das ganze Jahr \u00fcber zug\u00e4nglich (<strong>Petriolo<\/strong> 13 km, <strong>Saturnia<\/strong> 20 km).<\/p>\n<p>Photo banner by <a href=\"http:\/\/www.flickr.com\/photos\/giesenbauer\/3286959625\/sizes\/m\/\">Bj\u00f8rn Giesenbauer<\/a>. Andere Fotos vom <a href=\"http:\/\/www.flickr.com\/photos\/hippydream\/3581119331\/sizes\/l\/in\/photostream\/\">hippydream<\/a>, <a href=\"http:\/\/www.flickr.com\/photos\/timlawrenz\/3603085923\/sizes\/o\/in\/photostream\/\">tim.la<\/a>, <a href=\"http:\/\/www.flickr.com\/photos\/jorre\/4968921162\/sizes\/z\/in\/photostream\/\">jorisp<\/a>.<\/p>","protected":false},"excerpt":{"rendered":"<p>F\u00fcr Naturliebhaber bietet die umliegende Landschaft sehr viele Wege zum Spazierengehen, Wandern und Mountainbiken. Der nahe Monte Amiata kann auf Bergpfaden erklommen werden, und Monte Labro und die Halbinsel Argentario beheimaten zwei der gr\u00f6\u00dften Naturparks Italiens. Casina di Rosa ist ein perfekter Ausgangspunkt f\u00fcr all die, die gerne am ausgezeichneten Jagdgeschehen der Gegend teilhaben m\u00f6chten. [&hellip;]<\/p>\n","protected":false},"author":4,"featured_media":204,"parent":26,"menu_order":0,"comment_status":"closed","ping_status":"closed","template":"","meta":{"footnotes":""},"class_list":["post-78","page","type-page","status-publish","has-post-thumbnail","hentry"],"_links":{"self":[{"href":"https:\/\/www.casinadirosa.it\/de\/wp-json\/wp\/v2\/pages\/78","targetHints":{"allow":["GET"]}}],"collection":[{"href":"https:\/\/www.casinadirosa.it\/de\/wp-json\/wp\/v2\/pages"}],"about":[{"href":"https:\/\/www.casinadirosa.it\/de\/wp-json\/wp\/v2\/types\/page"}],"author":[{"embeddable":true,"href":"https:\/\/www.casinadirosa.it\/de\/wp-json\/wp\/v2\/users\/4"}],"replies":[{"embeddable":true,"href":"https:\/\/www.casinadirosa.it\/de\/wp-json\/wp\/v2\/comments?post=78"}],"version-history":[{"count":4,"href":"https:\/\/www.casinadirosa.it\/de\/wp-json\/wp\/v2\/pages\/78\/revisions"}],"predecessor-version":[{"id":560,"href":"https:\/\/www.casinadirosa.it\/de\/wp-json\/wp\/v2\/pages\/78\/revisions\/560"}],"up":[{"embeddable":true,"href":"https:\/\/www.casinadirosa.it\/de\/wp-json\/wp\/v2\/pages\/26"}],"wp:featuredmedia":[{"embeddable":true,"href":"https:\/\/www.casinadirosa.it\/de\/wp-json\/wp\/v2\/media\/204"}],"wp:attachment":[{"href":"https:\/\/www.casinadirosa.it\/de\/wp-json\/wp\/v2\/media?parent=78"}],"curies":[{"name":"wp","href":"https:\/\/api.w.org\/{rel}","templated":true}]}}