{"id":9,"date":"2011-03-07T11:32:50","date_gmt":"2011-03-07T10:32:50","guid":{"rendered":"http:\/\/www.casinadirosa.it\/?page_id=9"},"modified":"2022-07-16T16:55:23","modified_gmt":"2022-07-16T14:55:23","slug":"home","status":"publish","type":"page","link":"https:\/\/www.casinadirosa.it\/de\/","title":{"rendered":"Startseite"},"content":{"rendered":"<p>Haben Sie schon unsere unglaublichen <a href=\"\/de\/vacation-house-tuscany\/travel-deals-tuscany\/\" target=\"_blank\" rel=\"noopener noreferrer\">Last-Minute-Angebote f\u00fcr Ihren Urlaub in der Toskana<\/a> gesehen?<\/p>\n<p>Casina di Rosa ist ein <strong>Ferienhaus in der Toskana<\/strong> und es ist eine wundervolle Gelegenheit f\u00fcr den selbst\u00e4ndigen  Reisenden, der Abgeschiedenheit und eine angenehme Atmosph\u00e4re sucht.  Benutzen Sie das Haus als <strong>Ausgangspunkt<\/strong> f\u00fcr Besichtigungen oder entspannen Sie und erkunden Sie das Alltagsleben in einem <strong>traditionellen toskanischen Dorf<\/strong>.<\/p>\n<p>Unser <strong>Haus in der Maremma<\/strong> besteht aus drei Zimmern (K\u00fcche, Schlafzimmer mit Doppelbett und Loungebereich, und Badezimmer) und ist im <strong>traditionellen toskanischen Stil<\/strong> ausgestattet. Die K\u00fcche hat alle wesentlichen gr\u00f6\u00dferen Vorrichtungen (auch eine <strong>Waschmaschine<\/strong>) und einen funktionierenden <strong>Kamin<\/strong>.<\/p>\n<p><img loading=\"lazy\" decoding=\"async\" class=\"wp-image-1204 aligncenter\" src=\"http:\/\/www.casinadirosa.it\/wp-content\/uploads\/2022\/07\/kitchen01.jpg\" alt=\"\" width=\"600\" height=\"450\" srcset=\"https:\/\/www.casinadirosa.it\/wp-content\/uploads\/2022\/07\/kitchen01.jpg 800w, https:\/\/www.casinadirosa.it\/wp-content\/uploads\/2022\/07\/kitchen01-300x225.jpg 300w, https:\/\/www.casinadirosa.it\/wp-content\/uploads\/2022\/07\/kitchen01-768x576.jpg 768w, https:\/\/www.casinadirosa.it\/wp-content\/uploads\/2022\/07\/kitchen01-367x275.jpg 367w\" sizes=\"auto, (max-width: 600px) 100vw, 600px\" \/><\/p>\n<p>Das Haus befindet sich in <strong>Civitella Marittima<\/strong>, einem kleinen Dorf, das in der H\u00fcgellandschaft zwischen der <strong>toskanischen Maremma<\/strong> und den <strong>Colli Senesi<\/strong> liegt. Das Dorf, in dem heute 350 Menschen wohnen, wurde zur Zeit der  Etrusker gegr\u00fcndet, aber es erlebte seine gr\u00f6\u00dfte Entwicklung im  Mittelalter.<\/p>\n<p>Die Gegend um Civitella Marittima herum ist zum &#8222;Distretto Rurale  Europeo&#8220; erkl\u00e4rt worden: sie ist eine der wenigen Gegenden Europas, in  der die <strong>Natur<\/strong> noch immer die haupts\u00e4chliche \u00f6konomische  Ressource darstellt. Die heile Umwelt macht sie zu einem idealen Ziel  f\u00fcr Urlauber, die in die Natur eintauchen wollen.<\/p>","protected":false},"excerpt":{"rendered":"<p>Haben Sie schon unsere unglaublichen Last-Minute-Angebote f\u00fcr Ihren Urlaub in der Toskana gesehen? Casina di Rosa ist ein Ferienhaus in der Toskana und es ist eine wundervolle Gelegenheit f\u00fcr den selbst\u00e4ndigen Reisenden, der Abgeschiedenheit und eine angenehme Atmosph\u00e4re sucht. Benutzen Sie das Haus als Ausgangspunkt f\u00fcr Besichtigungen oder entspannen Sie und erkunden Sie das Alltagsleben [&hellip;]<\/p>\n","protected":false},"author":4,"featured_media":170,"parent":0,"menu_order":10,"comment_status":"closed","ping_status":"closed","template":"","meta":{"footnotes":""},"class_list":["post-9","page","type-page","status-publish","has-post-thumbnail","hentry"],"_links":{"self":[{"href":"https:\/\/www.casinadirosa.it\/de\/wp-json\/wp\/v2\/pages\/9","targetHints":{"allow":["GET"]}}],"collection":[{"href":"https:\/\/www.casinadirosa.it\/de\/wp-json\/wp\/v2\/pages"}],"about":[{"href":"https:\/\/www.casinadirosa.it\/de\/wp-json\/wp\/v2\/types\/page"}],"author":[{"embeddable":true,"href":"https:\/\/www.casinadirosa.it\/de\/wp-json\/wp\/v2\/users\/4"}],"replies":[{"embeddable":true,"href":"https:\/\/www.casinadirosa.it\/de\/wp-json\/wp\/v2\/comments?post=9"}],"version-history":[{"count":33,"href":"https:\/\/www.casinadirosa.it\/de\/wp-json\/wp\/v2\/pages\/9\/revisions"}],"predecessor-version":[{"id":1207,"href":"https:\/\/www.casinadirosa.it\/de\/wp-json\/wp\/v2\/pages\/9\/revisions\/1207"}],"wp:featuredmedia":[{"embeddable":true,"href":"https:\/\/www.casinadirosa.it\/de\/wp-json\/wp\/v2\/media\/170"}],"wp:attachment":[{"href":"https:\/\/www.casinadirosa.it\/de\/wp-json\/wp\/v2\/media?parent=9"}],"curies":[{"name":"wp","href":"https:\/\/api.w.org\/{rel}","templated":true}]}}