{"id":17,"date":"2011-03-08T13:51:33","date_gmt":"2011-03-08T12:51:33","guid":{"rendered":"http:\/\/www.casinadirosa.it\/?page_id=17"},"modified":"2025-04-23T10:42:00","modified_gmt":"2025-04-23T08:42:00","slug":"vacation-house-tuscany","status":"publish","type":"page","link":"https:\/\/www.casinadirosa.it\/dk\/vacation-house-tuscany\/","title":{"rendered":"Huset"},"content":{"rendered":"<p>Casina di Rosa er et <strong>feriehjem i Toscana<\/strong> som er bygget i slutningen af det 19. \u00e5rhundrede lige uden for  landsbyens v\u00e6gge, af de noble bygninger af Ardengheschi familien.<\/p>\n<p><iframe loading=\"lazy\" width=\"650\" height=\"365,63\" src=\"https:\/\/www.youtube.com\/embed\/4qrozZiuqDU\" title=\"YouTube video player\" frameborder=\"0\" allow=\"accelerometer; autoplay; clipboard-write; encrypted-media; gyroscope; picture-in-picture\" allowfullscreen><\/iframe><\/p>\n<p>Ferie huset helt uafh\u00e6ngigt og er for nylig blevet renoveret. Det  best\u00e5r af et dobbelt v\u00e6relse, et fuldt udstyret k\u00f8kken, en rar stue med  guideb\u00f8ger og informations materiale om omr\u00e5det, og et splinter nyt  badev\u00e6relse med brusekabine. Huset kan nemt have plads til 3 personer,  men er <strong>perfekt for et par<\/strong>.<\/p>\n<p><img loading=\"lazy\" decoding=\"async\" class=\"size-full wp-image-1208 aligncenter\" src=\"http:\/\/www.casinadirosa.it\/wp-content\/uploads\/2022\/07\/loggia-e1657983381342.jpg\" alt=\"\" width=\"650\" height=\"488\" \/><\/p>\n<p>I vinter m\u00e5nederne kan huset varmes af enten en gas varmer, en elektrisk varmer og en pejs.<\/p>\n<h2>Sovev\u00e6relset<\/h2>\n<p>Det <strong>hyggelige dobbelt v\u00e6relse<\/strong> er m\u00f8bleret med en  king size seng, et stort skab og en kommode skuffe som vores g\u00e6ster kan  bruge. Lagner er forsynet og skiftet en gang om ugen. Fra sovev\u00e6relses  vinduet, kan man nyde en smuk udsigt over landskabet.<br \/>\n<img loading=\"lazy\" decoding=\"async\" src=\"http:\/\/www.casinadirosa.it\/wp-content\/uploads\/2022\/07\/IMG_8526-e1657983887668.jpg\" alt=\"\" width=\"650\" height=\"488\" class=\"alignleft size-full wp-image-1213\" \/><\/p>\n<h2>Stuen<\/h2>\n<p><strong>Stuen<\/strong> er for nylig blevet renoveret og m\u00f8bleret p\u00e5  en rustik m\u00e5de. Den har to sofaer, den ene er en sofaseng, et sofa bord,  et anl\u00e6g og en bog reol med en samling af guideb\u00f8ger, kort og  brochurere som vores g\u00e6ster kan l\u00e5ne. Vi tager ogs\u00e5 del i et bog  udvekslings program, s\u00e5 vores g\u00e6ster kan ogs\u00e5 finde romaner og andre  b\u00f8ger som er efterladt af andre g\u00e6ster, disse kan byttes med Deres egne  l\u00e6ste b\u00f8ger.<\/p>\n<h2>Det veludrustede k\u00f8kken<\/h2>\n<p><strong>Det varme k\u00f8kken<\/strong> er fuldt udrustet for at s\u00f8rge for  at vores g\u00e6ster kan v\u00e6re selvforsynede. Der er et gas komfur, elektrisk  ovn, k\u00f8leskab, br\u00f8drister og en el-kedel. Der er en sten pejs, bord og  stole. Der er varmt vand over alt i huset. K\u00f8kkenet har et TV med en  satellit modtager s\u00e5 der er et par engelske kanaler til r\u00e5dighed.<\/p>\n<p><img loading=\"lazy\" decoding=\"async\" src=\"http:\/\/www.casinadirosa.it\/wp-content\/uploads\/2022\/07\/IMG_3843-e1657984229689.jpg\" alt=\"\" width=\"650\" height=\"488\" class=\"alignleft size-full wp-image-1216\" \/><\/p>\n<h2>Badev\u00e6relset<\/h2>\n<p><strong>Badev\u00e6relset<\/strong> er nyt og udstyret med inventar fra  Ideal Standard: WC, vask, bidet og bruserkabine. Om vinteren er  badev\u00e6relset varmet af en elektrisk varmer. H\u00e5rt\u00f8rrer og h\u00e5ndkl\u00e6der er  til r\u00e5dighed.<\/p>\n<p><img loading=\"lazy\" decoding=\"async\" src=\"http:\/\/www.casinadirosa.it\/wp-content\/uploads\/2022\/07\/Screenshot-2022-07-16-at-17.18.10-e1657984752243.png\" alt=\"\" width=\"650\" height=\"490\" class=\"alignleft size-full wp-image-1218\" \/><\/p>\n<h2>Terrassen<\/h2>\n<p>Huset ligger i hjertet af middelalderens bjergtops landsby. Det har en nydelig <strong>terrasse<\/strong> lige udenfor hovedindgangen hvor vores g\u00e6ster kan sidde under Tuscany  solen og nyde udsigten over landsby livet. Terrassen ved indgangen er  ideel for at sidde udenfor eller for at grille. Den er m\u00f8bleret med  havem\u00f8bler og havebord.<\/p>\n<p><img loading=\"lazy\" decoding=\"async\" src=\"http:\/\/www.casinadirosa.it\/wp-content\/uploads\/2022\/07\/4729431543_9ea199731f_o-e1657985545716.jpg\" alt=\"\" width=\"650\" height=\"488\" class=\"alignleft size-full wp-image-1221\" \/><\/p>\n<h2>Bekvemmelighed ved Casina di Rosa<\/h2>\n<p>Huset kommer med f\u00f8lgende:<\/p>\n<ul>\n<li>satellit TV<\/li>\n<li>stereo (CD afspiller, radio, kassette b\u00e5nd)<\/li>\n<li>vaskemaskine<\/li>\n<li>strygejern og strygebr\u00e6t<\/li>\n<li>el-kedel<\/li>\n<li>kaffemaskine<\/li>\n<li>moka (espresso maskine)<\/li>\n<li>br\u00f8drister<\/li>\n<li>h\u00e5rt\u00f8rrer<\/li>\n<li>elektrisk varmer p\u00e5 badev\u00e6relset<\/li>\n<li>WI-FI<\/li>\n<\/ul>\n<p><strong>Lagner<\/strong> og <strong>h\u00e5ndkl\u00e6der<\/strong> til badev\u00e6relset og k\u00f8kkenet er forsynet og skiftet en gang om ugen.<\/p>\n<p>Ved ankomst, g\u00e6ster vil finde en <strong>velkomst kurv<\/strong> med n\u00f8dvendige f\u00f8devarer og lokale produkter.<\/p>\n<p>Et udvalg af <strong>guideb\u00f8ger<\/strong> og <strong>kort<\/strong> er til vores g\u00e6sters r\u00e5dighed. Du kan l\u00e5ne vores eller k\u00f8be en guidebog online inden afrejse.<\/p>\n<p>Vi har valgt de bedste guideb\u00f8ger til vores g\u00e6ster for Tuscany.<\/p>\n<p>Deltag i vores <strong>bog-bytning<\/strong>! Hj\u00e6lp dig selv til at  tage de b\u00f8ger som du kan finde i vores bibliotek (kun fiktion, ikke  guideb\u00f8gerne)! Du kan beholde de romaner du finder, men du skal til  geng\u00e6ld efterlade samme antal b\u00f8ger som du tager. De b\u00f8ger som du  efterlader skal v\u00e6re p\u00e5 samme sprog som dem du tager.<\/p>","protected":false},"excerpt":{"rendered":"<p>Casina di Rosa er et feriehjem i Toscana som er bygget i slutningen af det 19. \u00e5rhundrede lige uden for landsbyens v\u00e6gge, af de noble bygninger af Ardengheschi familien. Ferie huset helt uafh\u00e6ngigt og er for nylig blevet renoveret. Det best\u00e5r af et dobbelt v\u00e6relse, et fuldt udstyret k\u00f8kken, en rar stue med guideb\u00f8ger og [&hellip;]<\/p>\n","protected":false},"author":4,"featured_media":194,"parent":0,"menu_order":20,"comment_status":"closed","ping_status":"closed","template":"","meta":{"footnotes":""},"class_list":["post-17","page","type-page","status-publish","has-post-thumbnail","hentry"],"_links":{"self":[{"href":"https:\/\/www.casinadirosa.it\/dk\/wp-json\/wp\/v2\/pages\/17","targetHints":{"allow":["GET"]}}],"collection":[{"href":"https:\/\/www.casinadirosa.it\/dk\/wp-json\/wp\/v2\/pages"}],"about":[{"href":"https:\/\/www.casinadirosa.it\/dk\/wp-json\/wp\/v2\/types\/page"}],"author":[{"embeddable":true,"href":"https:\/\/www.casinadirosa.it\/dk\/wp-json\/wp\/v2\/users\/4"}],"replies":[{"embeddable":true,"href":"https:\/\/www.casinadirosa.it\/dk\/wp-json\/wp\/v2\/comments?post=17"}],"version-history":[{"count":35,"href":"https:\/\/www.casinadirosa.it\/dk\/wp-json\/wp\/v2\/pages\/17\/revisions"}],"predecessor-version":[{"id":1283,"href":"https:\/\/www.casinadirosa.it\/dk\/wp-json\/wp\/v2\/pages\/17\/revisions\/1283"}],"wp:featuredmedia":[{"embeddable":true,"href":"https:\/\/www.casinadirosa.it\/dk\/wp-json\/wp\/v2\/media\/194"}],"wp:attachment":[{"href":"https:\/\/www.casinadirosa.it\/dk\/wp-json\/wp\/v2\/media?parent=17"}],"curies":[{"name":"wp","href":"https:\/\/api.w.org\/{rel}","templated":true}]}}