{"id":22,"date":"2011-03-08T14:09:11","date_gmt":"2011-03-08T13:09:11","guid":{"rendered":"http:\/\/www.casinadirosa.it\/?page_id=22"},"modified":"2022-07-16T18:04:02","modified_gmt":"2022-07-16T16:04:02","slug":"southern-tuscany","status":"publish","type":"page","link":"https:\/\/www.casinadirosa.it\/dk\/southern-tuscany\/","title":{"rendered":"Sydlige Toscana"},"content":{"rendered":"<p>Det <strong>sydlige Toscana<\/strong> er et af <strong>Italiens smukkeste omr\u00e5der<\/strong> og ogs\u00e5 et af de mest popul\u00e6re. Det <strong>m\u00e5neagtige landskab<\/strong> er skildret i de fleste guideb\u00f8ger, postkort og kalendre dedikeret til Toscana. Dets <strong>rullende bl\u00f8de bakker<\/strong>, <strong>cypres linjede veje<\/strong>, kirkerne langs <strong>landevejene<\/strong>, de smukke <strong>stenhuse<\/strong>, <strong>middelalder landsbyerne<\/strong> og de <strong>gamle klostre<\/strong>.<\/p>\n<p><img loading=\"lazy\" decoding=\"async\" class=\"size-full wp-image-1228 aligncenter\" src=\"http:\/\/www.casinadirosa.it\/wp-content\/uploads\/2022\/07\/IMG_0701-e1657987184714.jpg\" alt=\"\" width=\"650\" height=\"489\" srcset=\"https:\/\/www.casinadirosa.it\/wp-content\/uploads\/2022\/07\/IMG_0701-e1657987184714.jpg 650w, https:\/\/www.casinadirosa.it\/wp-content\/uploads\/2022\/07\/IMG_0701-e1657987184714-300x226.jpg 300w, https:\/\/www.casinadirosa.it\/wp-content\/uploads\/2022\/07\/IMG_0701-e1657987184714-366x275.jpg 366w\" sizes=\"auto, (max-width: 650px) 100vw, 650px\" \/><\/p>\n<p>De st\u00f8rste byer i det sydlige Toscana er <strong>Siena<\/strong> og <strong>Grosseto<\/strong>. De mest popul\u00e6re omr\u00e5der er <strong>Val d\u2019Orcia<\/strong> med kendte byer som Montalcino, Pienza og Montepulciano, og <strong>Crete Senesi<\/strong> med byer som Asciano og San Giovanni d\u2019Asso som er kendte for tr\u00f8ffel jagt.<br \/>\n<img loading=\"lazy\" decoding=\"async\" src=\"http:\/\/www.casinadirosa.it\/wp-content\/uploads\/2022\/07\/IMG_4564-e1657986622457.jpg\" alt=\"\" width=\"650\" height=\"488\" class=\"alignleft size-full wp-image-1225\" \/><br \/>\nDisse er ikke de eneste smukke omr\u00e5der af Syd Tuscany. Der er bestemt  adskillige andre interessante omr\u00e5der som fortjener et bes\u00f8g. Blot for  at n\u00e6vne et par stykker i <strong>Siena omr\u00e5det<\/strong>:<\/p>\n<ul>\n<li><strong>Val di Merse<\/strong> med godt beskyttede byer fra middelalderen som Chiusdino og Monticiano og arkitektoniske skatte som San Galgano klostret;<\/li>\n<li>skovene og bakkerne i &#8220;<strong>Montagnola senese<\/strong>&#8221; som inkluderer smukke byer som Monteriggioni og str\u00e6kker sig til Volterra;<\/li>\n<li>Omr\u00e5det ved <strong>gr\u00e6nsen til Umbria<\/strong>, med smukke byer som Cortona, kendt fra Frances Mayes\u2019 bog &#8220;Under the Tuscan Sun&#8221;.<\/li>\n<\/ul>\n<p>I <strong>Grosseto provinsen<\/strong>, den mest popul\u00e6re destination er <strong>Maremmaen<\/strong> og dens <strong>kyst<\/strong>, med <strong>solsk\u00f8nne strande<\/strong>, livlige kystbyer, fredfulde <strong>bugter<\/strong>, store gran skove og de mange <strong>Tuscan Archipelago<\/strong> \u00f8er.<\/p>\n<p>Andre interessante omr\u00e5der er <strong>Etruscan byerne<\/strong> Pitigliano, Sovana og Sorano, bygget i <strong>tufo<\/strong> (forstenet lava aske) og de <strong>naturlige varme kilder<\/strong> som kan findes i forskellige steder af Sydlige Toscana. <strong>Petriolo\u2019s varme kilder<\/strong> og <strong>Saturnia\u2019s termo bade<\/strong>, for blot at n\u00e6vne et par stykker, tilbyder uforglemmelige muligheder for afslapning og forynge i <strong>Maremmaens smukke landskab<\/strong>.<\/p>\n<p>Maremmaen er ogs\u00e5 hjem for <strong>kulturarvelige<\/strong> byer som <strong>Massa Marittima<\/strong>, Pari byerne og Roccatederighi, og Monte Antico og Porrona <strong>slottene<\/strong>.<\/p>\n<p><strong>Monte Amiata<\/strong> giver de rejsende mulighed for at opleve et helt andet ansigt af Toscana. Det er det <strong>h\u00f8jeste bjerg i regionen<\/strong>,  og det kanter er d\u00e6kket af kastanje og b\u00f8ge tr\u00e6er. I \u00e5rhundreder  bjergfolkene levet mere eller mindre isoleret fra folkene fra byerne og  sletterne, og bjerglandskabet viser tegn p\u00e5 bjerglivets tr\u00e6ngsler. Om <strong>sommeren<\/strong> giver bjerget tr\u00e6er en god mulighed for at slippe v\u00e6k fra sommerheden, og hverdagens travlhed. Om <strong>vinteren<\/strong>, er der massevis af muligheder for underholdning, enten i de smukke landsbyer eller p\u00e5 <strong>ski bakkerne<\/strong>.<\/p>\n<h2>Den perfekte base i det Sydlige Toscana<\/h2>\n<p>Casina di Rosa ligger i <strong>Civitella Marittima<\/strong>, en middelalder bakketops landsby i hjertet af det Sydlige Toscana. I mods\u00e6tning til mange andre omr\u00e5der, Civitella er en <strong>meget belejlig base<\/strong> for at <strong>udforske hvert enkelt omr\u00e5de af Toscana<\/strong>, da det har nem adgang til den store landevej <strong>SS223-E78<\/strong> som l\u00f8ber tv\u00e6rs over det <strong>sydlige Tuscany<\/strong>.<\/p>\n<p>Desuden ligger landsbyen placeret s\u00e5 der er <strong>lige langt til Siena og Maremma kysten<\/strong>, Monte Amiata og Massa Marittima, Val d\u2019Orcia og Val di Merse, Etruscan omr\u00e5det og Chianti omr\u00e5det.<\/p>\n<p>Af denne grund, n\u00e5r vores g\u00e6ster planl\u00e6gger deres dagture <strong>beh\u00f8ver de ikke at skulle v\u00e6lge noget frem for det andet<\/strong> da man kan n\u00e5 frem til <strong>alle<\/strong> disse steder indenfor 30-50 minutter. <strong>Og der er mere end nok til at fylde 2 uger eller mere.<\/strong> Dette og vores omsorg for vores g\u00e6ster er hvad der har f\u00e5et s\u00e5 mange til at vende tilbage til Casina di Rosa \u00e5r efter \u00e5r.<\/p>","protected":false},"excerpt":{"rendered":"<p>Det sydlige Toscana er et af Italiens smukkeste omr\u00e5der og ogs\u00e5 et af de mest popul\u00e6re. Det m\u00e5neagtige landskab er skildret i de fleste guideb\u00f8ger, postkort og kalendre dedikeret til Toscana. Dets rullende bl\u00f8de bakker, cypres linjede veje, kirkerne langs landevejene, de smukke stenhuse, middelalder landsbyerne og de gamle klostre. De st\u00f8rste byer i det [&hellip;]<\/p>\n","protected":false},"author":4,"featured_media":174,"parent":0,"menu_order":30,"comment_status":"closed","ping_status":"closed","template":"","meta":{"footnotes":""},"class_list":["post-22","page","type-page","status-publish","has-post-thumbnail","hentry"],"_links":{"self":[{"href":"https:\/\/www.casinadirosa.it\/dk\/wp-json\/wp\/v2\/pages\/22","targetHints":{"allow":["GET"]}}],"collection":[{"href":"https:\/\/www.casinadirosa.it\/dk\/wp-json\/wp\/v2\/pages"}],"about":[{"href":"https:\/\/www.casinadirosa.it\/dk\/wp-json\/wp\/v2\/types\/page"}],"author":[{"embeddable":true,"href":"https:\/\/www.casinadirosa.it\/dk\/wp-json\/wp\/v2\/users\/4"}],"replies":[{"embeddable":true,"href":"https:\/\/www.casinadirosa.it\/dk\/wp-json\/wp\/v2\/comments?post=22"}],"version-history":[{"count":48,"href":"https:\/\/www.casinadirosa.it\/dk\/wp-json\/wp\/v2\/pages\/22\/revisions"}],"predecessor-version":[{"id":1231,"href":"https:\/\/www.casinadirosa.it\/dk\/wp-json\/wp\/v2\/pages\/22\/revisions\/1231"}],"wp:featuredmedia":[{"embeddable":true,"href":"https:\/\/www.casinadirosa.it\/dk\/wp-json\/wp\/v2\/media\/174"}],"wp:attachment":[{"href":"https:\/\/www.casinadirosa.it\/dk\/wp-json\/wp\/v2\/media?parent=22"}],"curies":[{"name":"wp","href":"https:\/\/api.w.org\/{rel}","templated":true}]}}