{"id":36,"date":"2011-03-08T15:04:02","date_gmt":"2011-03-08T14:04:02","guid":{"rendered":"http:\/\/www.casinadirosa.it\/?page_id=36"},"modified":"2011-05-25T10:11:54","modified_gmt":"2011-05-25T09:11:54","slug":"tuscany-map","status":"publish","type":"page","link":"https:\/\/www.casinadirosa.it\/dk\/vacation-house-tuscany\/tuscany-map\/","title":{"rendered":"Kort og anvisninger"},"content":{"rendered":"<p><strong>Fra Firenze:<\/strong> K\u00f8r af autostrada ved Firenze Certosa og k\u00f8r mod Siena. N\u00e5r du n\u00e5r til  Siena, f\u00f8lg SS 223\/E78 mod Grosseto. Efter 35km vil du finde afk\u00f8rslen  til Civitella Marittima.<\/p>\n<p><strong>Fra Rom:<\/strong> F\u00f8lg angivelserne til  Civitavecchia\/Grosseto og forts\u00e6t mod Grosseto. N\u00e5r du er n\u00e5et til  Grosseto, tag SS 223\/E78 mod Siena. Efter 30km vil du finde afk\u00f8rslen  til Civitella Marittima.<\/p>\n<p><strong>Fra Pisa:<\/strong> Tag Autostrada A 12 (Genova\/Civitavecchia)  mod Livorno. Ved enden af Autostrada, forts\u00e6t langs Aureliaen mod  Grosseto. K\u00f8r af ved Gavorrano Scalo og f\u00f8lg skilte til Montemassi og  Roccastradaen. N\u00e5r du kommer til Roccastradaen, forts\u00e6t mod Civitella  Marttima, kun 12km v\u00e6k.<\/p>\n<p>\n    <div id=\"GoogleMapWrap\" style=\"width:650px;height:400px;\"><\/div>\n\t\n    \n\n    <script type=\"text\/javascript\">\n\n\t\tvar latlng = new google.maps.LatLng(42.996871269092985, 11.283060908317566);\n\t\tvar myOptions = {\n\t\t\tzoom: 14,\n\t\t\tcenter: latlng,\n\t\t\tscrollwheel: true,\n\t\t\tscaleControl: false,\n\t\t\tdisableDefaultUI: false,\n\t\t\tmapTypeId: google.maps.MapTypeId.ROADMAP\n\t\t};\n\t\tvar GoogleMapWrap = new google.maps.Map(document.getElementById(\"GoogleMapWrap\"),\n\t\tmyOptions);\n\t\t\n\t\t\t\tvar marker = new google.maps.Marker({\n\t\t\t\tmap: GoogleMapWrap, \n\t\t\t\t\n\t\t\t\tposition: GoogleMapWrap.getCenter()\n\t\t\t});\n\t\t\t<\/script><\/p>","protected":false},"excerpt":{"rendered":"<p>Fra Firenze: K\u00f8r af autostrada ved Firenze Certosa og k\u00f8r mod Siena. N\u00e5r du n\u00e5r til Siena, f\u00f8lg SS 223\/E78 mod Grosseto. Efter 35km vil du finde afk\u00f8rslen til Civitella Marittima. Fra Rom: F\u00f8lg angivelserne til Civitavecchia\/Grosseto og forts\u00e6t mod Grosseto. N\u00e5r du er n\u00e5et til Grosseto, tag SS 223\/E78 mod Siena. Efter 30km vil [&hellip;]<\/p>\n","protected":false},"author":4,"featured_media":195,"parent":17,"menu_order":200,"comment_status":"closed","ping_status":"closed","template":"","meta":{"footnotes":""},"class_list":["post-36","page","type-page","status-publish","has-post-thumbnail","hentry"],"_links":{"self":[{"href":"https:\/\/www.casinadirosa.it\/dk\/wp-json\/wp\/v2\/pages\/36","targetHints":{"allow":["GET"]}}],"collection":[{"href":"https:\/\/www.casinadirosa.it\/dk\/wp-json\/wp\/v2\/pages"}],"about":[{"href":"https:\/\/www.casinadirosa.it\/dk\/wp-json\/wp\/v2\/types\/page"}],"author":[{"embeddable":true,"href":"https:\/\/www.casinadirosa.it\/dk\/wp-json\/wp\/v2\/users\/4"}],"replies":[{"embeddable":true,"href":"https:\/\/www.casinadirosa.it\/dk\/wp-json\/wp\/v2\/comments?post=36"}],"version-history":[{"count":16,"href":"https:\/\/www.casinadirosa.it\/dk\/wp-json\/wp\/v2\/pages\/36\/revisions"}],"predecessor-version":[{"id":523,"href":"https:\/\/www.casinadirosa.it\/dk\/wp-json\/wp\/v2\/pages\/36\/revisions\/523"}],"up":[{"embeddable":true,"href":"https:\/\/www.casinadirosa.it\/dk\/wp-json\/wp\/v2\/pages\/17"}],"wp:featuredmedia":[{"embeddable":true,"href":"https:\/\/www.casinadirosa.it\/dk\/wp-json\/wp\/v2\/media\/195"}],"wp:attachment":[{"href":"https:\/\/www.casinadirosa.it\/dk\/wp-json\/wp\/v2\/media?parent=36"}],"curies":[{"name":"wp","href":"https:\/\/api.w.org\/{rel}","templated":true}]}}