{"id":40,"date":"2011-03-08T16:28:38","date_gmt":"2011-03-08T15:28:38","guid":{"rendered":"http:\/\/www.casinadirosa.it\/?page_id=40"},"modified":"2022-08-23T14:25:34","modified_gmt":"2022-08-23T12:25:34","slug":"photos-of-tuscany","status":"publish","type":"page","link":"https:\/\/www.casinadirosa.it\/dk\/vacation-house-tuscany\/photos-of-tuscany\/","title":{"rendered":"Foto galleri"},"content":{"rendered":"<p>Se venligst vores <strong>foto galleri<\/strong> for at se <strong>billeder af vores feriehus i Toscana<\/strong> og omegnen. Der kan du finde billeder af det omkringliggende landskab,  vinmarker, oliven lunde, Toscana\u2019s bl\u00f8de bakker og Maremmaens sletter:  havet, bjergene og de verdensber\u00f8mte bakker.<\/p>\n<p>Du kan ogs\u00e5 finde billeder taget af vores g\u00e6ster under deres dagture  til de mange forskellige destination i n\u00e6rheden af Casina di Rosa.<\/p>\n<p><img loading=\"lazy\" decoding=\"async\" class=\"wp-image-1249 aligncenter\" src=\"http:\/\/www.casinadirosa.it\/wp-content\/uploads\/2022\/08\/1.jpg\" alt=\"\" width=\"650\" height=\"520\" \/><\/p>\n<p><img loading=\"lazy\" decoding=\"async\" class=\"size-full wp-image-1254 aligncenter\" src=\"http:\/\/www.casinadirosa.it\/wp-content\/uploads\/2022\/08\/2-2-e1661253592802.jpg\" alt=\"\" width=\"650\" height=\"520\" \/><\/p>\n<p><img loading=\"lazy\" decoding=\"async\" class=\"size-full wp-image-1257 aligncenter\" src=\"http:\/\/www.casinadirosa.it\/wp-content\/uploads\/2022\/08\/3-2-e1661254432600.jpg\" alt=\"\" width=\"650\" height=\"520\" \/><\/p>\n<p><img loading=\"lazy\" decoding=\"async\" class=\"size-full wp-image-1258 aligncenter\" src=\"http:\/\/www.casinadirosa.it\/wp-content\/uploads\/2022\/08\/4-e1661254465673.jpg\" alt=\"\" width=\"650\" height=\"520\" \/><\/p>\n<p><img loading=\"lazy\" decoding=\"async\" class=\"size-full wp-image-1265 aligncenter\" src=\"http:\/\/www.casinadirosa.it\/wp-content\/uploads\/2022\/08\/civi2-e1661257425687.jpg\" alt=\"\" width=\"650\" height=\"520\" \/><\/p>","protected":false},"excerpt":{"rendered":"<p>Se venligst vores foto galleri for at se billeder af vores feriehus i Toscana og omegnen. Der kan du finde billeder af det omkringliggende landskab, vinmarker, oliven lunde, Toscana\u2019s bl\u00f8de bakker og Maremmaens sletter: havet, bjergene og de verdensber\u00f8mte bakker. Du kan ogs\u00e5 finde billeder taget af vores g\u00e6ster under deres dagture til de mange [&hellip;]<\/p>\n","protected":false},"author":4,"featured_media":197,"parent":17,"menu_order":400,"comment_status":"closed","ping_status":"closed","template":"","meta":{"footnotes":""},"class_list":["post-40","page","type-page","status-publish","has-post-thumbnail","hentry"],"_links":{"self":[{"href":"https:\/\/www.casinadirosa.it\/dk\/wp-json\/wp\/v2\/pages\/40","targetHints":{"allow":["GET"]}}],"collection":[{"href":"https:\/\/www.casinadirosa.it\/dk\/wp-json\/wp\/v2\/pages"}],"about":[{"href":"https:\/\/www.casinadirosa.it\/dk\/wp-json\/wp\/v2\/types\/page"}],"author":[{"embeddable":true,"href":"https:\/\/www.casinadirosa.it\/dk\/wp-json\/wp\/v2\/users\/4"}],"replies":[{"embeddable":true,"href":"https:\/\/www.casinadirosa.it\/dk\/wp-json\/wp\/v2\/comments?post=40"}],"version-history":[{"count":19,"href":"https:\/\/www.casinadirosa.it\/dk\/wp-json\/wp\/v2\/pages\/40\/revisions"}],"predecessor-version":[{"id":1267,"href":"https:\/\/www.casinadirosa.it\/dk\/wp-json\/wp\/v2\/pages\/40\/revisions\/1267"}],"up":[{"embeddable":true,"href":"https:\/\/www.casinadirosa.it\/dk\/wp-json\/wp\/v2\/pages\/17"}],"wp:featuredmedia":[{"embeddable":true,"href":"https:\/\/www.casinadirosa.it\/dk\/wp-json\/wp\/v2\/media\/197"}],"wp:attachment":[{"href":"https:\/\/www.casinadirosa.it\/dk\/wp-json\/wp\/v2\/media?parent=40"}],"curies":[{"name":"wp","href":"https:\/\/api.w.org\/{rel}","templated":true}]}}