{"id":64,"date":"2011-03-08T19:38:57","date_gmt":"2011-03-08T18:38:57","guid":{"rendered":"http:\/\/www.casinadirosa.it\/?page_id=64"},"modified":"2022-07-16T18:06:18","modified_gmt":"2022-07-16T16:06:18","slug":"civitella-marittima","status":"publish","type":"page","link":"https:\/\/www.casinadirosa.it\/dk\/southern-tuscany\/civitella-marittima\/","title":{"rendered":"Byen Civitella Marittima"},"content":{"rendered":"<p><\/p>\n<h1><\/h1>\n<p><strong>Civitella Marittima<\/strong> er en <strong>middelalder bjergtops landsby i Toscana<\/strong>, lokaliseret i det \u00f8vre <strong>Maremma<\/strong>, mellem <strong>Siena<\/strong> og havet. Dette er et af Italiens f\u00e5 omr\u00e5der hvor naturen stadig  regerer. Landsbyen er hjem for 350 indbyggere og tilbyder alle  n\u00f8dvendige services.<\/p>\n<h2>Services til r\u00e5dighed i landsbyen<\/h2>\n<p>Der er 2 <strong>banker<\/strong>, en med <strong>h\u00e6veautomat<\/strong>, en <strong>k\u00f8bmandsbutik<\/strong>, 2 <strong>bagerier<\/strong>, og forskellige andre butikker (<strong>blomsterbutik<\/strong>, gave \u2013 og keramik butik, tobak butik, kiosk, slagter, <strong>frisk pasta<\/strong>, osv.). Landsbyen har ogs\u00e5 et <strong>posthus<\/strong>, <strong>apotek<\/strong> og <strong>klinik<\/strong>.<\/p>\n<p>I landsbyen centrum er der en <strong>fantastisk restaurant<\/strong> og 2 <strong>barer<\/strong>, og mindre end 2 kilometer v\u00e6k er der 2 andre <strong>restauranter\/pizzeriaer<\/strong>.<\/p>\n<p>F\u00e5 skridt fra huset er der stor <strong>offentlig park<\/strong>, perfekt til at g\u00e5 tur <strong>med hunden<\/strong> eller n\u00e5r der skal slappes af i skyggen under kastanje tr\u00e6erne p\u00e5 en af de utallige b\u00e6nke.<\/p>\n<h2>Omkringliggende omr\u00e5de<\/h2>\n<p>De to <strong>n\u00e6rmeste landsbyer<\/strong> (<strong>Paganico<\/strong> 7km og <strong>Roccastrada<\/strong> 13km) har sm\u00e5 <strong>shopping centre<\/strong>, <strong>supermarkeder<\/strong> og <strong>adskillige restauranter<\/strong> og <strong>pizzeriaer<\/strong> som serverer b\u00e5de k\u00f8d \u2013 og fiskeretter.<\/p>\n<p>Sammen med de <strong>andre landsbyer i samfundet<\/strong> (Pari, Casal di Pari, Monte Antico og Dogana), tilbyder de mulighed for at opleve enest\u00e5ende <strong>sk\u00f8nhed<\/strong> som ikke kan findes i andre turist cirkler. En unik m\u00e5de at udforske og opleve Toscana.<\/p>\n<p>Casina di Rosa er ogs\u00e5 et <strong>ideelt udgangspunkt<\/strong> for at opleve den enest\u00e5ende mad lavet fra <strong>lokale produkter<\/strong> som den <strong>Tuscane Maremma<\/strong> og <strong>Syd Toscana<\/strong> har at byde p\u00e5.<\/p>\n<h2>&#8220;Sagraen&#8221; og andre aktiviteter organiseret i landsbyen<\/h2>\n<p>Landsbyen Civitella Marittima har masser at byde p\u00e5 gennem hele \u00e5ret. I weekenderne <strong>i juni og juli<\/strong> arrangerer landsbyens kulturelle forening &#8220;<strong>Dinners Under the Stars<\/strong>&#8220;, en r\u00e6kke udend\u00f8rs middage med forskellige lokale specialiteter hver uge. Den sidste weekend i <strong>august<\/strong> er landsbyen &#8220;<strong>Sagra dell\u2019Alta Maremma<\/strong>&#8220;, festival med musik og dans, kunst og h\u00e5ndv\u00e6rk, og selvf\u00f8lgelig, god mad. Desuden, <strong>i november<\/strong> fejrer vi den nye oliven olie og efter\u00e5rets krydderier med \u201dFesta de Buco Unto\u201d, en <strong>\u00e5rlig oliven olie festival<\/strong>.<\/p>","protected":false},"excerpt":{"rendered":"<p>Civitella Marittima er en middelalder bjergtops landsby i Toscana, lokaliseret i det \u00f8vre Maremma, mellem Siena og havet. Dette er et af Italiens f\u00e5 omr\u00e5der hvor naturen stadig regerer. Landsbyen er hjem for 350 indbyggere og tilbyder alle n\u00f8dvendige services. Services til r\u00e5dighed i landsbyen Der er 2 banker, en med h\u00e6veautomat, en k\u00f8bmandsbutik, 2 [&hellip;]<\/p>\n","protected":false},"author":4,"featured_media":190,"parent":22,"menu_order":100,"comment_status":"closed","ping_status":"closed","template":"","meta":{"footnotes":""},"class_list":["post-64","page","type-page","status-publish","has-post-thumbnail","hentry"],"_links":{"self":[{"href":"https:\/\/www.casinadirosa.it\/dk\/wp-json\/wp\/v2\/pages\/64","targetHints":{"allow":["GET"]}}],"collection":[{"href":"https:\/\/www.casinadirosa.it\/dk\/wp-json\/wp\/v2\/pages"}],"about":[{"href":"https:\/\/www.casinadirosa.it\/dk\/wp-json\/wp\/v2\/types\/page"}],"author":[{"embeddable":true,"href":"https:\/\/www.casinadirosa.it\/dk\/wp-json\/wp\/v2\/users\/4"}],"replies":[{"embeddable":true,"href":"https:\/\/www.casinadirosa.it\/dk\/wp-json\/wp\/v2\/comments?post=64"}],"version-history":[{"count":8,"href":"https:\/\/www.casinadirosa.it\/dk\/wp-json\/wp\/v2\/pages\/64\/revisions"}],"predecessor-version":[{"id":1232,"href":"https:\/\/www.casinadirosa.it\/dk\/wp-json\/wp\/v2\/pages\/64\/revisions\/1232"}],"up":[{"embeddable":true,"href":"https:\/\/www.casinadirosa.it\/dk\/wp-json\/wp\/v2\/pages\/22"}],"wp:featuredmedia":[{"embeddable":true,"href":"https:\/\/www.casinadirosa.it\/dk\/wp-json\/wp\/v2\/media\/190"}],"wp:attachment":[{"href":"https:\/\/www.casinadirosa.it\/dk\/wp-json\/wp\/v2\/media?parent=64"}],"curies":[{"name":"wp","href":"https:\/\/api.w.org\/{rel}","templated":true}]}}