{"id":17,"date":"2011-03-08T13:51:33","date_gmt":"2011-03-08T12:51:33","guid":{"rendered":"http:\/\/www.casinadirosa.it\/?page_id=17"},"modified":"2025-04-23T10:42:00","modified_gmt":"2025-04-23T08:42:00","slug":"vacation-house-tuscany","status":"publish","type":"page","link":"https:\/\/www.casinadirosa.it\/es\/vacation-house-tuscany\/","title":{"rendered":"La casa"},"content":{"rendered":"<p>Casina di  Rosa, casa rural en Toscana, se construy\u00f3 a principios del siglo XX  justo fuera del recinto mural del pueblo, bajo las residencias de los  Condes Ardengheschi.<\/p>\n<p><iframe loading=\"lazy\" width=\"650\" height=\"365,63\" src=\"https:\/\/www.youtube.com\/embed\/4qrozZiuqDU\" title=\"YouTube video player\" frameborder=\"0\" allow=\"accelerometer; autoplay; clipboard-write; encrypted-media; gyroscope; picture-in-picture\" allowfullscreen><\/iframe><\/p>\n<p><strong>Reestructurada recientemente<\/strong>, la casa cuenta con una  superficie de 40 metros cuadrados y consta de cocina, habitaci\u00f3n de  matrimonio con saloncito (donde podeis encontrar gu\u00edas y material sobre  la zona) y ba\u00f1o con box de ducha. La casa puede alojar comfortablemente a  dos personas, la habitaci\u00f3n puede alojar una cama para una tercera  persona, pero es perfecta para una pareja.<\/p>\n<p><img loading=\"lazy\" decoding=\"async\" class=\"size-full wp-image-1208 aligncenter\" src=\"http:\/\/www.casinadirosa.it\/wp-content\/uploads\/2022\/07\/loggia-e1657983381342.jpg\" alt=\"\" width=\"650\" height=\"488\" \/><\/p>\n<p>Dispone de <strong>calefacci\u00f3n el\u00e9ctrica<\/strong> y una rom\u00e1ntica chimenea para el invierno y <strong>aire acondicionado<\/strong> para los meses de verano.<\/p>\n<h2>El dormitorio<\/h2>\n<p>La coqueta habitaci\u00f3n est\u00e1 amueblada con una amplia cama de  matrimonio (de 160), un gran armario y una c\u00f3moda. La ropa de cama est\u00e1  incluida y el cambio se hace una vez por semana.<\/p>\n<p>Desde las ventanas de la habitaci\u00f3n se disfrutan maravillosas vistas del campo de Toscana.<\/p>\n<p><img loading=\"lazy\" decoding=\"async\" src=\"http:\/\/www.casinadirosa.it\/wp-content\/uploads\/2022\/07\/IMG_8526-e1657983887668.jpg\" alt=\"\" width=\"650\" height=\"488\" class=\"alignleft size-full wp-image-1213\" \/><\/p>\n<p>La habitaci\u00f3n tambi\u00e9n dispone de una zona sal\u00f3n decorada al estilo  r\u00fastico. Hay dos sof\u00e1s (de ellos uno es un sofa-cama), una mesita, una  biblioteca con gu\u00edas, mapas y folletos sobre la regi\u00f3n. Tambi\u00e9n est\u00e1n a  su disposici\u00f3n una TV con sat\u00e9lite y un est\u00e9reo con CD y radio.<\/p>\n<h2>La cocina<\/h2>\n<p>Por lo que respecta a la cocina, los hu\u00e9spedes disponen de todos los  electrodom\u00e9sticos necesarios: horno el\u00e9ctrico, cocina de gas, nevera con  congelador, tostador, hervidor  de agua y lavadora.<br \/>\n<img loading=\"lazy\" decoding=\"async\" src=\"http:\/\/www.casinadirosa.it\/wp-content\/uploads\/2022\/07\/IMG_3843-e1657984229689.jpg\" alt=\"\" width=\"650\" height=\"488\" class=\"alignleft size-full wp-image-1216\" \/><br \/>\nLa magnifica chimenea de piedra hace de Casina di Rosa la elecci\u00f3n  perfecta para una estancia rom\u00e1ntica, nada mejor que una cena delante de  la chimenea en vuestra propia casa en Toscana.<\/p>\n<h2>El cuarto de ba\u00f1o<\/h2>\n<p>El cuarto de ba\u00f1o, totalmente nuevo, tiene inodoro, bid\u00e9, lavabo y plato de ducha, todo obrado en cer\u00e1mica Ideal Standard.<br \/>\n<img loading=\"lazy\" decoding=\"async\" src=\"http:\/\/www.casinadirosa.it\/wp-content\/uploads\/2022\/07\/Screenshot-2022-07-16-at-17.18.10-e1657984752243.png\" alt=\"\" width=\"650\" height=\"490\" class=\"alignleft size-full wp-image-1218\" \/><\/p>\n<p><strong>Toallas y secadores de pelo<\/strong> se prestan.<\/p>\n<h2>La loggia<\/h2>\n<p>Un encantador porche a media altura aloja la entrada de la casa, lo  que lo convierte en un lugar ideal para reposar al aire libre.<\/p>\n<p><img loading=\"lazy\" decoding=\"async\" src=\"http:\/\/www.casinadirosa.it\/wp-content\/uploads\/2022\/07\/4729431543_9ea199731f_o-e1657985545716.jpg\" alt=\"\" width=\"650\" height=\"488\" class=\"alignleft size-full wp-image-1221\" \/><\/p>\n<h2>Installaciones de Casina di Rosa<\/h2>\n<p>Encontrar\u00e1 tambi\u00e9n:<\/p>\n<ul>\n<li>televisi\u00f3n v\u00eda sat\u00e9lite<\/li>\n<li>equipo de m\u00fasica<\/li>\n<li>plancha<\/li>\n<li>lavadora<\/li>\n<li>tostador<\/li>\n<li>hervidor de agua el\u00e9ctrico<\/li>\n<li>cafetera el\u00e9ctrica para caf\u00e9 americano<\/li>\n<li>secador de pelo<\/li>\n<li>estufa el\u00e9ctrica para el ba\u00f1o<\/li>\n<li>Aire acondicionado<\/li>\n<li>Calefacci\u00f3n<\/li>\n<li>Conexi\u00f3n a internet (wi-fi)<\/li>\n<\/ul>\n<p>Se pone a disposici\u00f3n de los hu\u00e9spedes un menaje del hogar completo.<\/p>\n<p>Se pone a disposici\u00f3n de los hu\u00e9spedes un surtido de gu\u00edas y de mapas.<\/p>\n<p>A su llegada encontrar\u00e1 una <strong>cesta de bienvenida<\/strong> con algunos productos t\u00edpicos.<\/p>\n<p><strong>Participate in <a href=\"http:\/\/www.bookcrossing-spain.com\/\">bookcrossing<\/a>!<\/strong> Feel free to take the books that you find in our library (<strong>only fiction, not the guidebooks<\/strong>)!  You can keep the novels that you find there, but you have to leave an  equal number or novels in their place. The books that you leave must be  in the same language.<\/p>","protected":false},"excerpt":{"rendered":"<p>Casina di Rosa, casa rural en Toscana, se construy\u00f3 a principios del siglo XX justo fuera del recinto mural del pueblo, bajo las residencias de los Condes Ardengheschi. Reestructurada recientemente, la casa cuenta con una superficie de 40 metros cuadrados y consta de cocina, habitaci\u00f3n de matrimonio con saloncito (donde podeis encontrar gu\u00edas y material [&hellip;]<\/p>\n","protected":false},"author":4,"featured_media":194,"parent":0,"menu_order":20,"comment_status":"closed","ping_status":"closed","template":"","meta":{"footnotes":""},"class_list":["post-17","page","type-page","status-publish","has-post-thumbnail","hentry"],"_links":{"self":[{"href":"https:\/\/www.casinadirosa.it\/es\/wp-json\/wp\/v2\/pages\/17","targetHints":{"allow":["GET"]}}],"collection":[{"href":"https:\/\/www.casinadirosa.it\/es\/wp-json\/wp\/v2\/pages"}],"about":[{"href":"https:\/\/www.casinadirosa.it\/es\/wp-json\/wp\/v2\/types\/page"}],"author":[{"embeddable":true,"href":"https:\/\/www.casinadirosa.it\/es\/wp-json\/wp\/v2\/users\/4"}],"replies":[{"embeddable":true,"href":"https:\/\/www.casinadirosa.it\/es\/wp-json\/wp\/v2\/comments?post=17"}],"version-history":[{"count":35,"href":"https:\/\/www.casinadirosa.it\/es\/wp-json\/wp\/v2\/pages\/17\/revisions"}],"predecessor-version":[{"id":1283,"href":"https:\/\/www.casinadirosa.it\/es\/wp-json\/wp\/v2\/pages\/17\/revisions\/1283"}],"wp:featuredmedia":[{"embeddable":true,"href":"https:\/\/www.casinadirosa.it\/es\/wp-json\/wp\/v2\/media\/194"}],"wp:attachment":[{"href":"https:\/\/www.casinadirosa.it\/es\/wp-json\/wp\/v2\/media?parent=17"}],"curies":[{"name":"wp","href":"https:\/\/api.w.org\/{rel}","templated":true}]}}