{"id":34,"date":"2011-03-08T14:56:31","date_gmt":"2011-03-08T13:56:31","guid":{"rendered":"http:\/\/www.casinadirosa.it\/?page_id=34"},"modified":"2023-01-05T10:12:15","modified_gmt":"2023-01-05T09:12:15","slug":"prices","status":"publish","type":"page","link":"https:\/\/www.casinadirosa.it\/es\/vacation-house-tuscany\/prices\/","title":{"rendered":"Precios"},"content":{"rendered":"<p>Se alquila s\u00f3lo <strong>semanalmente<\/strong>.<\/p>\n<p>La casa es perfecta para <strong>2 personas, m\u00e1ximo 3<\/strong>.<\/p>\n<table>\n<thead>\n<tr>\n<th><\/th>\n<th>Temporada baja<\/th>\n<th>Temporada media<\/th>\n<th>Temporada alta<\/th>\n<\/tr>\n<\/thead>\n<tbody>\n<tr>\n<td>2\/3 personas<\/td>\n<td>\u20ac 380,00<\/td>\n<td>\u20ac 420,00<\/td>\n<td>\u20ac 490,00<\/td>\n<\/tr>\n<\/tbody>\n<\/table>\n<p>Las tarifas se refieren al alquiler de <strong>toda la casa<\/strong> y con referencia a la temporada indicada.<\/p>\n<p><strong>Temporada baja:<\/strong> enero, febrero, marzo, octubre, noviembre, y diciembre;<br \/>\n<strong>Temporada media:<\/strong>abril, mayo y septiembre;<br \/>\n<strong>Temporada alta:<\/strong> junio, julio, agosto, vacaciones de Navidad y A\u00f1o Nuevo, e la Semana Santa.<\/p>\n<h2>T\u00e9rminos y condiciones<\/h2>\n<p>En Casina di Rosa est\u00e1 <strong>prohibido fumar<\/strong>.<\/p>\n<p>En el precio del alquiler van incluidos:<\/p>\n<ul>\n<li>Lencer\u00eda de cama, ba\u00f1o y cocina (renovada semanalmente)<\/li>\n<li>gastos de agua, luz y gas<\/li>\n<li>uso de lavadora y plancha<\/li>\n<li>peque\u00f1o homenaje con productos t\u00edpicos de la zona<\/li>\n<li>aparcamiento<\/li>\n<li>wifi<\/li>\n<\/ul>\n<p><strong>Limpieza final:<\/strong> 30 euros<\/p>\n<p>El <strong>ingreso<\/strong> suele ser el s\u00e1bado a partir de las 16 horas, aunque es posible concordar la hora de llegada previamente. La casa deber\u00e1 de <strong>quedar libre<\/strong> el s\u00e1bado a las 10 horas.<\/p>\n<p>Auto-check-in, pero tratamos de estar all\u00ed en persona para nuestros hu\u00e9spedes tan a menudo como podemos.<\/p>\n<p>Los animales son bienvenidos en la casa.<\/p>\n<p>Eventuales da\u00f1os se deber\u00e1n de resarcir, descont\u00e1ndolos de la fianza correspondiente.<\/p>\n<h2>Condiciones de pago<\/h2>\n<p>El <strong>50%<\/strong> del precio se abonar\u00e1 en el momento de la reserva, la suma restante debe ser pagada 24 horas antes de la llegada para recibir el c\u00f3digo de la caja de las llaves, junto a una <strong>fianza de 100 euros<\/strong> que le devolveremos antes de su salida en caso de que no haya da\u00f1os en la casa. Si podemos encargarnos del check-in en persona, el pago del saldo a la llegada podr\u00eda ser posible. Por favor, acuerde con nosotros.<\/p>\n<h3>Anulaci\u00f3n de la reserva<\/h3>\n<p>En caso de anulaci\u00f3n de la reserva comportar\u00e1n los siguientes gastos: <strong>el pago inicial no es reembolsable<\/strong>.<\/p>\n<p><strong>No hay excepciones a estas pol\u00edticas<\/strong>. Les recomendamos que contraten un seguro de viaje que cubra posibles cancelaciones.<\/p>","protected":false},"excerpt":{"rendered":"<p>Se alquila s\u00f3lo semanalmente. La casa es perfecta para 2 personas, m\u00e1ximo 3. Temporada baja Temporada media Temporada alta 2\/3 personas \u20ac 380,00 \u20ac 420,00 \u20ac 490,00 Las tarifas se refieren al alquiler de toda la casa y con referencia a la temporada indicada. Temporada baja: enero, febrero, marzo, octubre, noviembre, y diciembre; Temporada media:abril, [&hellip;]<\/p>\n","protected":false},"author":4,"featured_media":198,"parent":17,"menu_order":100,"comment_status":"closed","ping_status":"closed","template":"","meta":{"footnotes":""},"class_list":["post-34","page","type-page","status-publish","has-post-thumbnail","hentry"],"_links":{"self":[{"href":"https:\/\/www.casinadirosa.it\/es\/wp-json\/wp\/v2\/pages\/34","targetHints":{"allow":["GET"]}}],"collection":[{"href":"https:\/\/www.casinadirosa.it\/es\/wp-json\/wp\/v2\/pages"}],"about":[{"href":"https:\/\/www.casinadirosa.it\/es\/wp-json\/wp\/v2\/types\/page"}],"author":[{"embeddable":true,"href":"https:\/\/www.casinadirosa.it\/es\/wp-json\/wp\/v2\/users\/4"}],"replies":[{"embeddable":true,"href":"https:\/\/www.casinadirosa.it\/es\/wp-json\/wp\/v2\/comments?post=34"}],"version-history":[{"count":42,"href":"https:\/\/www.casinadirosa.it\/es\/wp-json\/wp\/v2\/pages\/34\/revisions"}],"predecessor-version":[{"id":1271,"href":"https:\/\/www.casinadirosa.it\/es\/wp-json\/wp\/v2\/pages\/34\/revisions\/1271"}],"up":[{"embeddable":true,"href":"https:\/\/www.casinadirosa.it\/es\/wp-json\/wp\/v2\/pages\/17"}],"wp:featuredmedia":[{"embeddable":true,"href":"https:\/\/www.casinadirosa.it\/es\/wp-json\/wp\/v2\/media\/198"}],"wp:attachment":[{"href":"https:\/\/www.casinadirosa.it\/es\/wp-json\/wp\/v2\/media?parent=34"}],"curies":[{"name":"wp","href":"https:\/\/api.w.org\/{rel}","templated":true}]}}