{"id":36,"date":"2011-03-08T15:04:02","date_gmt":"2011-03-08T14:04:02","guid":{"rendered":"http:\/\/www.casinadirosa.it\/?page_id=36"},"modified":"2011-05-25T10:11:54","modified_gmt":"2011-05-25T09:11:54","slug":"tuscany-map","status":"publish","type":"page","link":"https:\/\/www.casinadirosa.it\/es\/vacation-house-tuscany\/tuscany-map\/","title":{"rendered":"C\u00f3mo llegar"},"content":{"rendered":"<p><strong>Desde Florencia:<\/strong> salida de la autopista en Firenze Certosa, en direcci\u00f3n Siena\/  Grosseto. Se contin\u00faa, por la carretera SS 223 hacia Grosseto. A unos 35  km. se hallar\u00e1 la indicaci\u00f3n Civitella Marittima.<\/p>\n<p><strong>Desde Roma:<\/strong> siga la indicaci\u00f3n Civitella\/Grosseto en  direcci\u00f3n a Grosseto hasta Grosseto. Desde all\u00ed, coja por la carretera  SS 223 en direcci\u00f3n Siena. A unos 30 km. se hallar\u00e1 la indicaci\u00f3n  Civitella Marittima.<\/p>\n<p><strong>Desde Pisa:<\/strong> Por la autopista A12  (Genova\/Civitavecchia) en direcci\u00f3n Livorno. Al final de la autopista,  se sigue por la autov\u00eda Aurelia en direcci\u00f3n Grosseto. Desde Grosseto,  se sigue por la carretera SS 223 hacia Siena. A unos 30 km. se hallar\u00e1  la indicaci\u00f3n Civitella Marittima.<\/p>\n<p>\n    <div id=\"GoogleMapWrap\" style=\"width:650px;height:400px;\"><\/div>\n\t\n    \n\n    <script type=\"text\/javascript\">\n\n\t\tvar latlng = new google.maps.LatLng(42.996871269092985, 11.283060908317566);\n\t\tvar myOptions = {\n\t\t\tzoom: 14,\n\t\t\tcenter: latlng,\n\t\t\tscrollwheel: true,\n\t\t\tscaleControl: false,\n\t\t\tdisableDefaultUI: false,\n\t\t\tmapTypeId: google.maps.MapTypeId.ROADMAP\n\t\t};\n\t\tvar GoogleMapWrap = new google.maps.Map(document.getElementById(\"GoogleMapWrap\"),\n\t\tmyOptions);\n\t\t\n\t\t\t\tvar marker = new google.maps.Marker({\n\t\t\t\tmap: GoogleMapWrap, \n\t\t\t\t\n\t\t\t\tposition: GoogleMapWrap.getCenter()\n\t\t\t});\n\t\t\t<\/script><\/p>","protected":false},"excerpt":{"rendered":"<p>Desde Florencia: salida de la autopista en Firenze Certosa, en direcci\u00f3n Siena\/ Grosseto. Se contin\u00faa, por la carretera SS 223 hacia Grosseto. A unos 35 km. se hallar\u00e1 la indicaci\u00f3n Civitella Marittima. Desde Roma: siga la indicaci\u00f3n Civitella\/Grosseto en direcci\u00f3n a Grosseto hasta Grosseto. Desde all\u00ed, coja por la carretera SS 223 en direcci\u00f3n Siena. [&hellip;]<\/p>\n","protected":false},"author":4,"featured_media":195,"parent":17,"menu_order":200,"comment_status":"closed","ping_status":"closed","template":"","meta":{"footnotes":""},"class_list":["post-36","page","type-page","status-publish","has-post-thumbnail","hentry"],"_links":{"self":[{"href":"https:\/\/www.casinadirosa.it\/es\/wp-json\/wp\/v2\/pages\/36","targetHints":{"allow":["GET"]}}],"collection":[{"href":"https:\/\/www.casinadirosa.it\/es\/wp-json\/wp\/v2\/pages"}],"about":[{"href":"https:\/\/www.casinadirosa.it\/es\/wp-json\/wp\/v2\/types\/page"}],"author":[{"embeddable":true,"href":"https:\/\/www.casinadirosa.it\/es\/wp-json\/wp\/v2\/users\/4"}],"replies":[{"embeddable":true,"href":"https:\/\/www.casinadirosa.it\/es\/wp-json\/wp\/v2\/comments?post=36"}],"version-history":[{"count":16,"href":"https:\/\/www.casinadirosa.it\/es\/wp-json\/wp\/v2\/pages\/36\/revisions"}],"predecessor-version":[{"id":523,"href":"https:\/\/www.casinadirosa.it\/es\/wp-json\/wp\/v2\/pages\/36\/revisions\/523"}],"up":[{"embeddable":true,"href":"https:\/\/www.casinadirosa.it\/es\/wp-json\/wp\/v2\/pages\/17"}],"wp:featuredmedia":[{"embeddable":true,"href":"https:\/\/www.casinadirosa.it\/es\/wp-json\/wp\/v2\/media\/195"}],"wp:attachment":[{"href":"https:\/\/www.casinadirosa.it\/es\/wp-json\/wp\/v2\/media?parent=36"}],"curies":[{"name":"wp","href":"https:\/\/api.w.org\/{rel}","templated":true}]}}