{"id":38,"date":"2011-03-08T15:47:15","date_gmt":"2011-03-08T14:47:15","guid":{"rendered":"http:\/\/www.casinadirosa.it\/?page_id=38"},"modified":"2011-06-05T18:57:17","modified_gmt":"2011-06-05T16:57:17","slug":"travel-deals-tuscany","status":"publish","type":"page","link":"https:\/\/www.casinadirosa.it\/es\/vacation-house-tuscany\/travel-deals-tuscany\/","title":{"rendered":"Ofertas especiales"},"content":{"rendered":"<p>\u00bfQui\u00e9n dice que unas <strong>vacaciones en Toscana<\/strong> salen demasiado caras? Alquilar una <strong>casa rural en Maremma<\/strong> aprovechando las ofertas especiales puede resultar una v\u00e1lida opci\u00f3n respecto a la tradicional oferta hotelera.<\/p>\n<p>En temporada baja puede disfrutar de todo lo que Toscana ofrece:  balnearios, campo, gastronom\u00eda, arte, y todo ello sin un gran  desembolso.<\/p>\n<p>Casina di Rosa, <strong>casa rural en el coraz\u00f3n de la Alta Maremma<\/strong>, le propone algunas ofertas: \u00abla Happy Week\u00bb y \u00bb el Last Minute!\u00bb.<\/p>\n<p>Cada mes proponemos una semana con una tarifa reducida, un descuento que puede llegar hasta el <strong>25%<\/strong> del precio normal.<\/p>\n<p>Adem\u00e1s, much\u00edsimas ofertas para sus viajes de \u00faltima hora.<\/p>\n<p><div id=\"offers\">\n<div id=\"offer-1274\" class=\"offer-item\">\n<h2>(EN) St. Patrick&#8217;s Day Special!<\/h2>\n<p class=\"qtranxs-available-languages-message qtranxs-available-languages-message-es\">Disculpa, pero esta entrada est\u00e1 disponible s\u00f3lo en <a href=\"https:\/\/www.casinadirosa.it\/en\/wp-json\/wp\/v2\/pages\/38\" class=\"qtranxs-available-language-link qtranxs-available-language-link-en\" title=\"EN\">EN<\/a>.<\/p>\n<\/div>\n<\/div>\n<\/p>","protected":false},"excerpt":{"rendered":"<p>\u00bfQui\u00e9n dice que unas vacaciones en Toscana salen demasiado caras? Alquilar una casa rural en Maremma aprovechando las ofertas especiales puede resultar una v\u00e1lida opci\u00f3n respecto a la tradicional oferta hotelera. En temporada baja puede disfrutar de todo lo que Toscana ofrece: balnearios, campo, gastronom\u00eda, arte, y todo ello sin un gran desembolso. Casina di [&hellip;]<\/p>\n","protected":false},"author":4,"featured_media":199,"parent":17,"menu_order":300,"comment_status":"closed","ping_status":"closed","template":"","meta":{"footnotes":""},"class_list":["post-38","page","type-page","status-publish","has-post-thumbnail","hentry"],"_links":{"self":[{"href":"https:\/\/www.casinadirosa.it\/es\/wp-json\/wp\/v2\/pages\/38","targetHints":{"allow":["GET"]}}],"collection":[{"href":"https:\/\/www.casinadirosa.it\/es\/wp-json\/wp\/v2\/pages"}],"about":[{"href":"https:\/\/www.casinadirosa.it\/es\/wp-json\/wp\/v2\/types\/page"}],"author":[{"embeddable":true,"href":"https:\/\/www.casinadirosa.it\/es\/wp-json\/wp\/v2\/users\/4"}],"replies":[{"embeddable":true,"href":"https:\/\/www.casinadirosa.it\/es\/wp-json\/wp\/v2\/comments?post=38"}],"version-history":[{"count":25,"href":"https:\/\/www.casinadirosa.it\/es\/wp-json\/wp\/v2\/pages\/38\/revisions"}],"predecessor-version":[{"id":779,"href":"https:\/\/www.casinadirosa.it\/es\/wp-json\/wp\/v2\/pages\/38\/revisions\/779"}],"up":[{"embeddable":true,"href":"https:\/\/www.casinadirosa.it\/es\/wp-json\/wp\/v2\/pages\/17"}],"wp:featuredmedia":[{"embeddable":true,"href":"https:\/\/www.casinadirosa.it\/es\/wp-json\/wp\/v2\/media\/199"}],"wp:attachment":[{"href":"https:\/\/www.casinadirosa.it\/es\/wp-json\/wp\/v2\/media?parent=38"}],"curies":[{"name":"wp","href":"https:\/\/api.w.org\/{rel}","templated":true}]}}