{"id":40,"date":"2011-03-08T16:28:38","date_gmt":"2011-03-08T15:28:38","guid":{"rendered":"http:\/\/www.casinadirosa.it\/?page_id=40"},"modified":"2022-08-23T14:25:34","modified_gmt":"2022-08-23T12:25:34","slug":"photos-of-tuscany","status":"publish","type":"page","link":"https:\/\/www.casinadirosa.it\/es\/vacation-house-tuscany\/photos-of-tuscany\/","title":{"rendered":"Fotos"},"content":{"rendered":"<p>Visite nuestra galer\u00eda para ver las <strong>fotos de nuestra casa de vacaciones en Toscana<\/strong> y de la regi\u00f3n. Usted encontrar\u00e1 fotos de los <strong>alrededores<\/strong>, de los <strong>vi\u00f1edos<\/strong> y los <strong>olivares<\/strong>, de las <strong>suaves colinas de la Toscana<\/strong> y de las <strong>llanuras de la Maremma<\/strong>.<\/p>\n<p>Tambi\u00e9n encontrar\u00e1s <strong>fotos tomadas por nuestros clientes<\/strong> durante sus excursiones a los numerosos lugares que se pueden ver desde  Casina di Rosa: Siena, Florencia, la Val d&#8217;Orcia, Pienza, Montalcino,  Montepulciano, Volterra, San Gimignano, y Grosseto la Maremma, la costa,  y el \u00e1rea etrusca de Pitigliano, Sovana, Sorano y el Argentario.<\/p>\n<p><img loading=\"lazy\" decoding=\"async\" class=\"wp-image-1249 aligncenter\" src=\"http:\/\/www.casinadirosa.it\/wp-content\/uploads\/2022\/08\/1.jpg\" alt=\"\" width=\"650\" height=\"520\" \/><\/p>\n<p><img loading=\"lazy\" decoding=\"async\" class=\"size-full wp-image-1254 aligncenter\" src=\"http:\/\/www.casinadirosa.it\/wp-content\/uploads\/2022\/08\/2-2-e1661253592802.jpg\" alt=\"\" width=\"650\" height=\"520\" \/><\/p>\n<p><img loading=\"lazy\" decoding=\"async\" class=\"size-full wp-image-1257 aligncenter\" src=\"http:\/\/www.casinadirosa.it\/wp-content\/uploads\/2022\/08\/3-2-e1661254432600.jpg\" alt=\"\" width=\"650\" height=\"520\" \/><\/p>\n<p><img loading=\"lazy\" decoding=\"async\" class=\"size-full wp-image-1258 aligncenter\" src=\"http:\/\/www.casinadirosa.it\/wp-content\/uploads\/2022\/08\/4-e1661254465673.jpg\" alt=\"\" width=\"650\" height=\"520\" \/><\/p>\n<p><img loading=\"lazy\" decoding=\"async\" class=\"size-full wp-image-1265 aligncenter\" src=\"http:\/\/www.casinadirosa.it\/wp-content\/uploads\/2022\/08\/civi2-e1661257425687.jpg\" alt=\"\" width=\"650\" height=\"520\" \/><\/p>","protected":false},"excerpt":{"rendered":"<p>Visite nuestra galer\u00eda para ver las fotos de nuestra casa de vacaciones en Toscana y de la regi\u00f3n. Usted encontrar\u00e1 fotos de los alrededores, de los vi\u00f1edos y los olivares, de las suaves colinas de la Toscana y de las llanuras de la Maremma. Tambi\u00e9n encontrar\u00e1s fotos tomadas por nuestros clientes durante sus excursiones a [&hellip;]<\/p>\n","protected":false},"author":4,"featured_media":197,"parent":17,"menu_order":400,"comment_status":"closed","ping_status":"closed","template":"","meta":{"footnotes":""},"class_list":["post-40","page","type-page","status-publish","has-post-thumbnail","hentry"],"_links":{"self":[{"href":"https:\/\/www.casinadirosa.it\/es\/wp-json\/wp\/v2\/pages\/40","targetHints":{"allow":["GET"]}}],"collection":[{"href":"https:\/\/www.casinadirosa.it\/es\/wp-json\/wp\/v2\/pages"}],"about":[{"href":"https:\/\/www.casinadirosa.it\/es\/wp-json\/wp\/v2\/types\/page"}],"author":[{"embeddable":true,"href":"https:\/\/www.casinadirosa.it\/es\/wp-json\/wp\/v2\/users\/4"}],"replies":[{"embeddable":true,"href":"https:\/\/www.casinadirosa.it\/es\/wp-json\/wp\/v2\/comments?post=40"}],"version-history":[{"count":19,"href":"https:\/\/www.casinadirosa.it\/es\/wp-json\/wp\/v2\/pages\/40\/revisions"}],"predecessor-version":[{"id":1267,"href":"https:\/\/www.casinadirosa.it\/es\/wp-json\/wp\/v2\/pages\/40\/revisions\/1267"}],"up":[{"embeddable":true,"href":"https:\/\/www.casinadirosa.it\/es\/wp-json\/wp\/v2\/pages\/17"}],"wp:featuredmedia":[{"embeddable":true,"href":"https:\/\/www.casinadirosa.it\/es\/wp-json\/wp\/v2\/media\/197"}],"wp:attachment":[{"href":"https:\/\/www.casinadirosa.it\/es\/wp-json\/wp\/v2\/media?parent=40"}],"curies":[{"name":"wp","href":"https:\/\/api.w.org\/{rel}","templated":true}]}}