{"id":64,"date":"2011-03-08T19:38:57","date_gmt":"2011-03-08T18:38:57","guid":{"rendered":"http:\/\/www.casinadirosa.it\/?page_id=64"},"modified":"2022-07-16T18:06:18","modified_gmt":"2022-07-16T16:06:18","slug":"civitella-marittima","status":"publish","type":"page","link":"https:\/\/www.casinadirosa.it\/es\/southern-tuscany\/civitella-marittima\/","title":{"rendered":"El pueblo"},"content":{"rendered":"<p><\/p>\n<h1><\/h1>\n<p>Civitella Marittima, una aldea de 350 habitantes, ofrece todos los servicios b\u00e1sicos.<\/p>\n<h2>Los servicios<\/h2>\n<p>Hay dos <strong>bancos<\/strong>, un <strong>cajero autom\u00e1tico<\/strong>, 1 tienda de ultramarinos, 2 <strong>panader\u00edas<\/strong>, y algunas tiendas m\u00e1s como <strong>florister\u00eda<\/strong>, una tienda de cer\u00e1micas, un estanco, una mercer\u00eda, etc. Tambi\u00e9n se encuentran una <strong>oficina de correos<\/strong>, una <strong>farmacia<\/strong> y un <strong>centro de salud<\/strong>. En el casco antiguo hay un <strong>restaurante<\/strong> y un <strong>bar<\/strong> y a un par de kil\u00f3metros otros dos <strong>restaurantes-pizzer\u00edas<\/strong>. Por ser una peque\u00f1a aldea encontrar\u00e1 todo a la mano.<\/p>\n<p>Muy cerca de la casa se halla el <strong>parque p\u00fablico<\/strong> \u00abI  Castagneti\u00bb donde podr\u00e1 disfrutar de un largo paseo con su perro o  relajarse en la sombra de sus casta\u00f1os sentado en un banco.<\/p>\n<h2>Los alrededores<\/h2>\n<p><strong>Los dos pueblos m\u00e1s cercanos (Paganico<\/strong> a 7km y <strong>Roccastrada<\/strong> a 13km) tienen <strong>centros comerciales<\/strong> y varias pizzer\u00edas y restaurantes con especialidades en carne y pescado t\u00edpicos de la zona.<\/p>\n<p><strong>Otros pueblos del mismo municipio<\/strong> (Pari, Casal di Pari, Monte Antico, y Dogana) le ofrecen la oportunidad de descubrir <strong>lugares con encanto<\/strong>, ajenos a las tradicionales rutas tur\u00edsticas.<\/p>\n<p>Casina di Rosa es el <strong>sitio ideal para una excursi\u00f3n<\/strong> por las rutas gastron\u00f3micas y enol\u00f3gicas de la <strong>Maremma<\/strong> y de <strong>Siena<\/strong>.<\/p>\n<h2>La Sagra y otros eventos<\/h2>\n<p>En la aldea se organizan muchas actividades a lo largo de todo el a\u00f1o. Todos los fines de semana de <strong>junio y julio<\/strong> se organizan distintas <strong>cenas tem\u00e1ticas \u00abbajo las estrellas\u00bb<\/strong> en las que se proponen especialidades t\u00edpicas de la zona. Todo ello  organizado por la Mancomunidad y la asociaci\u00f3n deportiva. El <strong>\u00faltimo fin de semana de agosto<\/strong> se celebra la <strong>feria de la Alta Maremma<\/strong> con m\u00fasica, bailes, arte, artesan\u00eda y, por supuesto, buen vino y buena comida. En <strong>noviembre<\/strong>, el <strong>nuevo aceite de oliva<\/strong> se celebra en la fiesta llamada \u00abFesta del Buco Unto\u00bb.<\/p>","protected":false},"excerpt":{"rendered":"<p>Civitella Marittima, una aldea de 350 habitantes, ofrece todos los servicios b\u00e1sicos. Los servicios Hay dos bancos, un cajero autom\u00e1tico, 1 tienda de ultramarinos, 2 panader\u00edas, y algunas tiendas m\u00e1s como florister\u00eda, una tienda de cer\u00e1micas, un estanco, una mercer\u00eda, etc. Tambi\u00e9n se encuentran una oficina de correos, una farmacia y un centro de salud. [&hellip;]<\/p>\n","protected":false},"author":4,"featured_media":190,"parent":22,"menu_order":100,"comment_status":"closed","ping_status":"closed","template":"","meta":{"footnotes":""},"class_list":["post-64","page","type-page","status-publish","has-post-thumbnail","hentry"],"_links":{"self":[{"href":"https:\/\/www.casinadirosa.it\/es\/wp-json\/wp\/v2\/pages\/64","targetHints":{"allow":["GET"]}}],"collection":[{"href":"https:\/\/www.casinadirosa.it\/es\/wp-json\/wp\/v2\/pages"}],"about":[{"href":"https:\/\/www.casinadirosa.it\/es\/wp-json\/wp\/v2\/types\/page"}],"author":[{"embeddable":true,"href":"https:\/\/www.casinadirosa.it\/es\/wp-json\/wp\/v2\/users\/4"}],"replies":[{"embeddable":true,"href":"https:\/\/www.casinadirosa.it\/es\/wp-json\/wp\/v2\/comments?post=64"}],"version-history":[{"count":8,"href":"https:\/\/www.casinadirosa.it\/es\/wp-json\/wp\/v2\/pages\/64\/revisions"}],"predecessor-version":[{"id":1232,"href":"https:\/\/www.casinadirosa.it\/es\/wp-json\/wp\/v2\/pages\/64\/revisions\/1232"}],"up":[{"embeddable":true,"href":"https:\/\/www.casinadirosa.it\/es\/wp-json\/wp\/v2\/pages\/22"}],"wp:featuredmedia":[{"embeddable":true,"href":"https:\/\/www.casinadirosa.it\/es\/wp-json\/wp\/v2\/media\/190"}],"wp:attachment":[{"href":"https:\/\/www.casinadirosa.it\/es\/wp-json\/wp\/v2\/media?parent=64"}],"curies":[{"name":"wp","href":"https:\/\/api.w.org\/{rel}","templated":true}]}}