{"id":76,"date":"2011-03-09T05:14:14","date_gmt":"2011-03-09T04:14:14","guid":{"rendered":"http:\/\/www.casinadirosa.it\/?page_id=76"},"modified":"2011-06-03T18:01:13","modified_gmt":"2011-06-03T17:01:13","slug":"art-culture-tuscany","status":"publish","type":"page","link":"https:\/\/www.casinadirosa.it\/es\/things-to-do-tuscany\/art-culture-tuscany\/","title":{"rendered":"Arte y Cultura en Toscana"},"content":{"rendered":"<p><br \/>\nA todos los amantes de la cultura italiana se le recomienda una excursi\u00f3n a <strong>capitales del arte<\/strong> como Siena, Florencia, Arezzo, Pisa y Lucca.<\/p>\n<p>Saliendo por la ma\u00f1ana y volviendo el mismo d\u00eda por la noche, es  posible visitar estas ciudades, aunque es cierto que para poder  descubrir todas las maravillas que albergan se necesita mucho m\u00e1s  tiempo. A <strong>Roma<\/strong>, por ejemplo, se puede ir tranquilamente en tren o en coche desde Grosseto. La ciudad de <strong>Perugia<\/strong> tambi\u00e9n queda a un par de horas en coche.<\/p>\n<p>Si le interesa la historia de la zona, pueden visitar las <strong>ruinas etruscas y romanas<\/strong> en los parques arqueol\u00f3gicos de Roselle, Pitigliano; Sorano y Sovana.  Las necr\u00f3polis etruscas son joyas inestimables que se pueden admirar  s\u00f3lo en la zona de Toscana y en la limitrofa zona del norte de Lazio.<\/p>\n<p>De gran inter\u00e9s son tambi\u00e9n los <strong>castillos, abad\u00edas y aldeas<\/strong> de la edad media que se hallan en esta zona, como por ejemplo, la  Abad\u00eda Ardenghesca de San Lorenzo, que fue constuida a lo largo de la  antigua Ruta de la Sal, o como San Galgano, Monte Antico, Casenovole,  Poggio alle Mura, Pienza, San Gimignano, Volterra, etc.<\/p>\n<p>Toscana es el lugar perfecto para <strong>aprender italiano<\/strong>. En Siena hay muchas escuelas de idiomas en donde usted puede atender a cursos.<\/p>\n<p>Photo banner by <a href=\"http:\/\/www.flickr.com\/photos\/shoes_on_wires\/2354908526\/\">Shoes on Wires<\/a>.<\/p>","protected":false},"excerpt":{"rendered":"<p>A todos los amantes de la cultura italiana se le recomienda una excursi\u00f3n a capitales del arte como Siena, Florencia, Arezzo, Pisa y Lucca. Saliendo por la ma\u00f1ana y volviendo el mismo d\u00eda por la noche, es posible visitar estas ciudades, aunque es cierto que para poder descubrir todas las maravillas que albergan se necesita [&hellip;]<\/p>\n","protected":false},"author":4,"featured_media":201,"parent":26,"menu_order":0,"comment_status":"closed","ping_status":"closed","template":"","meta":{"footnotes":""},"class_list":["post-76","page","type-page","status-publish","has-post-thumbnail","hentry"],"_links":{"self":[{"href":"https:\/\/www.casinadirosa.it\/es\/wp-json\/wp\/v2\/pages\/76","targetHints":{"allow":["GET"]}}],"collection":[{"href":"https:\/\/www.casinadirosa.it\/es\/wp-json\/wp\/v2\/pages"}],"about":[{"href":"https:\/\/www.casinadirosa.it\/es\/wp-json\/wp\/v2\/types\/page"}],"author":[{"embeddable":true,"href":"https:\/\/www.casinadirosa.it\/es\/wp-json\/wp\/v2\/users\/4"}],"replies":[{"embeddable":true,"href":"https:\/\/www.casinadirosa.it\/es\/wp-json\/wp\/v2\/comments?post=76"}],"version-history":[{"count":4,"href":"https:\/\/www.casinadirosa.it\/es\/wp-json\/wp\/v2\/pages\/76\/revisions"}],"predecessor-version":[{"id":559,"href":"https:\/\/www.casinadirosa.it\/es\/wp-json\/wp\/v2\/pages\/76\/revisions\/559"}],"up":[{"embeddable":true,"href":"https:\/\/www.casinadirosa.it\/es\/wp-json\/wp\/v2\/pages\/26"}],"wp:featuredmedia":[{"embeddable":true,"href":"https:\/\/www.casinadirosa.it\/es\/wp-json\/wp\/v2\/media\/201"}],"wp:attachment":[{"href":"https:\/\/www.casinadirosa.it\/es\/wp-json\/wp\/v2\/media?parent=76"}],"curies":[{"name":"wp","href":"https:\/\/api.w.org\/{rel}","templated":true}]}}