{"id":78,"date":"2011-03-09T05:23:07","date_gmt":"2011-03-09T04:23:07","guid":{"rendered":"http:\/\/www.casinadirosa.it\/?page_id=78"},"modified":"2011-06-03T18:02:46","modified_gmt":"2011-06-03T17:02:46","slug":"nature-sport-tuscany","status":"publish","type":"page","link":"https:\/\/www.casinadirosa.it\/es\/things-to-do-tuscany\/nature-sport-tuscany\/","title":{"rendered":"Ocio y actividad deportiva"},"content":{"rendered":"<p><br \/>\nPara todos los amantes de la <strong>naturaleza<\/strong>, los alrededores ofrecen muchas rutas para <strong>pasear<\/strong>, <strong>practicar senderismo<\/strong>, o ir en <strong>mountain bike<\/strong>.<\/p>\n<p>En el cercano <strong>Monte Amiata<\/strong> se hallan rutas de  monta\u00f1a; asimismo en el Monte Labro y en el promontorio del Argentario,  que albergan dos de los m\u00e1s importantes <strong>parques naturales<\/strong> de Italia.<\/p>\n<p>Tambi\u00e9n se pueden organizar <strong>excursiones a caballo<\/strong>.  Casina di Rosa es un punto de salida ideal para los aficionados a la  cineg\u00e9tica ya que se halla en el centro de la Maremma, patria de la  monter\u00eda de jabal\u00ed, liebre y fais\u00e1n.<\/p>\n<p>Adem\u00e1s, la <strong>costa del Tirreno<\/strong>, que queda muy cerca,  destaca por la calidad de sus playas y la pureza de su agua, como en el  caso de Alberese, Castiglione della Pescaia, Punt&#8217;Ala, Argentario, sin  nombrar las islas de Elba y Giglio.<\/p>\n<p>Tambi\u00e9n quedan muy cerca los balnearios de <strong>Petriolo<\/strong> &#8211; a tan s\u00f3lo 13 km &#8211; y <strong>Saturnia<\/strong> &#8211; 20 km. que le permite disfrutar a lo largo de todo el a\u00f1o de un ambiente agradable en pleno contacto con la naturaleza.<\/p>\n<p>Photo banner by <a href=\"http:\/\/www.flickr.com\/photos\/giesenbauer\/3286959625\/sizes\/m\/\">Bj\u00f8rn Giesenbauer<\/a>. Other photos by <a href=\"http:\/\/www.flickr.com\/photos\/hippydream\/3581119331\/sizes\/l\/in\/photostream\/\">hippydream<\/a>, <a href=\"http:\/\/www.flickr.com\/photos\/timlawrenz\/3603085923\/sizes\/o\/in\/photostream\/\">tim.la<\/a>, <a href=\"http:\/\/www.flickr.com\/photos\/jorre\/4968921162\/sizes\/z\/in\/photostream\/\">jorisp<\/a>.<\/p>","protected":false},"excerpt":{"rendered":"<p>Para todos los amantes de la naturaleza, los alrededores ofrecen muchas rutas para pasear, practicar senderismo, o ir en mountain bike. En el cercano Monte Amiata se hallan rutas de monta\u00f1a; asimismo en el Monte Labro y en el promontorio del Argentario, que albergan dos de los m\u00e1s importantes parques naturales de Italia. Tambi\u00e9n se [&hellip;]<\/p>\n","protected":false},"author":4,"featured_media":204,"parent":26,"menu_order":0,"comment_status":"closed","ping_status":"closed","template":"","meta":{"footnotes":""},"class_list":["post-78","page","type-page","status-publish","has-post-thumbnail","hentry"],"_links":{"self":[{"href":"https:\/\/www.casinadirosa.it\/es\/wp-json\/wp\/v2\/pages\/78","targetHints":{"allow":["GET"]}}],"collection":[{"href":"https:\/\/www.casinadirosa.it\/es\/wp-json\/wp\/v2\/pages"}],"about":[{"href":"https:\/\/www.casinadirosa.it\/es\/wp-json\/wp\/v2\/types\/page"}],"author":[{"embeddable":true,"href":"https:\/\/www.casinadirosa.it\/es\/wp-json\/wp\/v2\/users\/4"}],"replies":[{"embeddable":true,"href":"https:\/\/www.casinadirosa.it\/es\/wp-json\/wp\/v2\/comments?post=78"}],"version-history":[{"count":4,"href":"https:\/\/www.casinadirosa.it\/es\/wp-json\/wp\/v2\/pages\/78\/revisions"}],"predecessor-version":[{"id":560,"href":"https:\/\/www.casinadirosa.it\/es\/wp-json\/wp\/v2\/pages\/78\/revisions\/560"}],"up":[{"embeddable":true,"href":"https:\/\/www.casinadirosa.it\/es\/wp-json\/wp\/v2\/pages\/26"}],"wp:featuredmedia":[{"embeddable":true,"href":"https:\/\/www.casinadirosa.it\/es\/wp-json\/wp\/v2\/media\/204"}],"wp:attachment":[{"href":"https:\/\/www.casinadirosa.it\/es\/wp-json\/wp\/v2\/media?parent=78"}],"curies":[{"name":"wp","href":"https:\/\/api.w.org\/{rel}","templated":true}]}}