{"id":9,"date":"2011-03-07T11:32:50","date_gmt":"2011-03-07T10:32:50","guid":{"rendered":"http:\/\/www.casinadirosa.it\/?page_id=9"},"modified":"2022-07-16T16:55:23","modified_gmt":"2022-07-16T14:55:23","slug":"home","status":"publish","type":"page","link":"https:\/\/www.casinadirosa.it\/es\/","title":{"rendered":"Inicio"},"content":{"rendered":"<p>\u00bfHas visto ya nuestras incre\u00edbles <a href=\"\/es\/vacation-house-tuscany\/travel-deals-tuscany\/\" target=\"_blank\" rel=\"noopener noreferrer\">ofertas de \u00faltima hora para alojamiento en Toscana<\/a>?<\/p>\n<p>Casina di Rosa, <strong>alquiler de vacaciones en Toscana<\/strong>,  le ofrece una maravillosa oportunidad para todo aquel que desea  transcurrir unas vacaciones tranquilas en un lugar agradable. Puede ser  un punto de apoyo para excursiones en el <strong>paisaje toscano<\/strong> y v\u00edsitas art\u00edsticas o tan s\u00f3lo para relajarse unos d\u00edas y entrar en contacto con la vida de un <strong>t\u00edpico pueblo toscano<\/strong>.<\/p>\n<p>La <strong>casa rural en Maremma<\/strong> consta de dos  habitaciones  (cocina, habitaci\u00f3n doble con cama de matrimonio y zona de estar, y  cuarto de ba\u00f1o) amueblados al estilo toscano. La cocina est\u00e1  perfectamente equipada de todo lo necesario para cocinar y cuenta con <strong>lavadora<\/strong> y <strong>chimenea<\/strong>.<\/p>\n<p><img loading=\"lazy\" decoding=\"async\" class=\"wp-image-1204 aligncenter\" src=\"http:\/\/www.casinadirosa.it\/wp-content\/uploads\/2022\/07\/kitchen01.jpg\" alt=\"\" width=\"600\" height=\"450\" srcset=\"https:\/\/www.casinadirosa.it\/wp-content\/uploads\/2022\/07\/kitchen01.jpg 800w, https:\/\/www.casinadirosa.it\/wp-content\/uploads\/2022\/07\/kitchen01-300x225.jpg 300w, https:\/\/www.casinadirosa.it\/wp-content\/uploads\/2022\/07\/kitchen01-768x576.jpg 768w, https:\/\/www.casinadirosa.it\/wp-content\/uploads\/2022\/07\/kitchen01-367x275.jpg 367w\" sizes=\"auto, (max-width: 600px) 100vw, 600px\" \/><\/p>\n<p>La casa est\u00e1 situada en Civitella Marittima, una aldea entre la <strong>Maremma Toscana<\/strong> y las <strong>Colinas Seneses<\/strong> donde actualmente viven unos 350 habitantes; sus or\u00edgenes se remontan a la \u00e9poca etrusca, pero ha alcanzado su esplendor en la <strong>edad media<\/strong>.<\/p>\n<p>La zona de Civitella Marittina ha sido declarada \u00ab<strong>Distretto Rurale Europeo<\/strong>\u00bb  por ser una de las pocas \u00e1reas en Europa en las que la naturaleza se ha  convertido en su mayor atractivo econ\u00f3mico. Todo ello, en plena  naturaleza intacta hace de este lugar un rinc\u00f3n ideal para los amantes  de la <strong>vida rural<\/strong>.<\/p>","protected":false},"excerpt":{"rendered":"<p>\u00bfHas visto ya nuestras incre\u00edbles ofertas de \u00faltima hora para alojamiento en Toscana? Casina di Rosa, alquiler de vacaciones en Toscana, le ofrece una maravillosa oportunidad para todo aquel que desea transcurrir unas vacaciones tranquilas en un lugar agradable. Puede ser un punto de apoyo para excursiones en el paisaje toscano y v\u00edsitas art\u00edsticas o [&hellip;]<\/p>\n","protected":false},"author":4,"featured_media":170,"parent":0,"menu_order":10,"comment_status":"closed","ping_status":"closed","template":"","meta":{"footnotes":""},"class_list":["post-9","page","type-page","status-publish","has-post-thumbnail","hentry"],"_links":{"self":[{"href":"https:\/\/www.casinadirosa.it\/es\/wp-json\/wp\/v2\/pages\/9","targetHints":{"allow":["GET"]}}],"collection":[{"href":"https:\/\/www.casinadirosa.it\/es\/wp-json\/wp\/v2\/pages"}],"about":[{"href":"https:\/\/www.casinadirosa.it\/es\/wp-json\/wp\/v2\/types\/page"}],"author":[{"embeddable":true,"href":"https:\/\/www.casinadirosa.it\/es\/wp-json\/wp\/v2\/users\/4"}],"replies":[{"embeddable":true,"href":"https:\/\/www.casinadirosa.it\/es\/wp-json\/wp\/v2\/comments?post=9"}],"version-history":[{"count":33,"href":"https:\/\/www.casinadirosa.it\/es\/wp-json\/wp\/v2\/pages\/9\/revisions"}],"predecessor-version":[{"id":1207,"href":"https:\/\/www.casinadirosa.it\/es\/wp-json\/wp\/v2\/pages\/9\/revisions\/1207"}],"wp:featuredmedia":[{"embeddable":true,"href":"https:\/\/www.casinadirosa.it\/es\/wp-json\/wp\/v2\/media\/170"}],"wp:attachment":[{"href":"https:\/\/www.casinadirosa.it\/es\/wp-json\/wp\/v2\/media?parent=9"}],"curies":[{"name":"wp","href":"https:\/\/api.w.org\/{rel}","templated":true}]}}