{"id":17,"date":"2011-03-08T13:51:33","date_gmt":"2011-03-08T12:51:33","guid":{"rendered":"http:\/\/www.casinadirosa.it\/?page_id=17"},"modified":"2025-04-23T10:42:00","modified_gmt":"2025-04-23T08:42:00","slug":"vacation-house-tuscany","status":"publish","type":"page","link":"https:\/\/www.casinadirosa.it\/fi\/vacation-house-tuscany\/","title":{"rendered":"Talo Toscanassa"},"content":{"rendered":"<p>Casina di Rosa on <strong>lomakoti Toscanassa<\/strong>, joka on rakennettu 19. vuosisadan lopussa aivan kyl\u00e4n muurien ulkopuolelle Ardengheschin perheen aatelisrakennusten viereen.<\/p>\n<p><iframe loading=\"lazy\" width=\"650\" height=\"365,63\" src=\"https:\/\/www.youtube.com\/embed\/4qrozZiuqDU\" title=\"YouTube video player\" frameborder=\"0\" allow=\"accelerometer; autoplay; clipboard-write; encrypted-media; gyroscope; picture-in-picture\" allowfullscreen><\/iframe><\/p>\n<p>Lomatalo on <strong>t\u00e4ysin itsen\u00e4inen<\/strong> ja remontoitu \u00e4skett\u00e4in. Se varustukseen kuuluu <strong>yksi kahden hengen makuuhuone oleskelualueeneen<\/strong>, jossa on opaskirjoja ja infomateriaalia alueesta, t\u00e4ysin varusteltu keitti\u00f6 sek\u00e4 <strong>kylpyhuone suihkukaappineen<\/strong>. Talo majoittaa mukavasti <strong>2 vierasta<\/strong>, mutta kahden hengen makuuhuone voidaan j\u00e4rjest\u00e4\u00e4 <strong>kolmen hengen huoneeksi <\/strong>. Talo on <strong>t\u00e4ydellinen yhdelle pariskunnalle<\/strong>.<\/p>\n<p><img loading=\"lazy\" decoding=\"async\" class=\"size-full wp-image-1208 aligncenter\" src=\"http:\/\/www.casinadirosa.it\/wp-content\/uploads\/2022\/07\/loggia-e1657983381342.jpg\" alt=\"\" width=\"650\" height=\"488\" \/><\/p>\n<p>Meill\u00e4 on <strong>s\u00e4hk\u00f6l\u00e4mmitys sek\u00e4 romanttinen avoin tulisija<\/strong> talvea varten ja \u00a0<strong>ilmastointi<\/strong> kes\u00e4kuukausiksi.<\/p>\n<h2>Makuuhuone<\/h2>\n<p>Mukavan kahden hengen makuuhuoneen kalustukseen kuuluu italialaistyylinen <strong>king-size vuode<\/strong>, <strong>suuri vaatekaappi<\/strong> ja laatikosto vieraidemme k\u00e4ytt\u00f6\u00f6n. <strong>Petivaatteet kuuluvat hintaan<\/strong> ja ne vaihdetaan kerran viikossa.<\/p>\n<p><img loading=\"lazy\" decoding=\"async\" src=\"http:\/\/www.casinadirosa.it\/wp-content\/uploads\/2022\/07\/IMG_8526-e1657983887668.jpg\" alt=\"\" width=\"650\" height=\"488\" class=\"alignleft size-full wp-image-1213\" \/><\/p>\n<p>Makuuhuoneen ikkunoista vieraille avautuu kauniit <strong>maisemat yli toscanalaisen maaseudun<\/strong>.<\/p>\n<p>Makuuhuoneessa on rustikaalisesti kalustettu oleskelualue. Siin\u00e4 on kaksi sohvaa, joista toinen on <strong>vuodesohva<\/strong>, kahvip\u00f6yt\u00e4, sek\u00e4 kirjahylly, jossa on kokoelma <strong>opaskirjoja, karttoja ja esitteit\u00e4<\/strong>, joita vieraamme voivat lainata. Olemme my\u00f6s mukana <strong>kirjanvaihto-ohjelmassa<\/strong>, joten vieraamme l\u00f6yt\u00e4v\u00e4t muiden matkailijoiden j\u00e4tt\u00e4mi\u00e4 <strong>romaaneja ja muita kirjoja<\/strong>, joita vieraat voivat vaihtaa omiinsa.<\/p>\n<p>Makuuhuoneessa on my\u00f6s satelliitti-TV DVD-soittimella sek\u00e4 I-Pod\/Mp3 dock station + radio.<\/p>\n<h2>Hyvin varustettu keitti\u00f6<\/h2>\n<p>L\u00e4mmin keitti\u00f6 on <strong>t\u00e4ysin varustettu<\/strong> ja mahdollistaa vieraiden omavaraisuuden. Siell\u00e4 on <strong>kaasuliesi<\/strong>, <strong>s\u00e4hk\u00f6uuni<\/strong>, j\u00e4\u00e4kaappi, jossa pakastinosa, leiv\u00e4npaahdin ja vedenkeitin. Keitti\u00f6ss\u00e4 on <strong>pesukone<\/strong>.<br \/>\n<img loading=\"lazy\" decoding=\"async\" src=\"http:\/\/www.casinadirosa.it\/wp-content\/uploads\/2022\/07\/IMG_3843-e1657984229689.jpg\" alt=\"\" width=\"650\" height=\"488\" class=\"alignleft size-full wp-image-1216\" \/><br \/>\n<strong>Kivinen tulisija<\/strong> tekee Casina di Rosasta t\u00e4ydellisen valinnan <strong>romanttiseen lomaan<\/strong>. Mik\u00e4\u00e4n ei ole sen parempaa kuin rauhallinen illallinen istuen tulisijan edess\u00e4 kotonasi kaukana kotoa.<\/p>\n<h2>Kylpyhuone<\/h2>\n<p>Kylpyhuone on varustettu Ideal Standard kalusteilla: WC, pesuallas, bidet sek\u00e4 suihkukaappi. Talvella kylpyhuone l\u00e4mmitet\u00e4\u00e4n s\u00e4hk\u00f6tilal\u00e4mmittimell\u00e4. <strong>Hiusten kuivaaja<\/strong> ja <strong>pyyhkeet<\/strong> kuuluvat hintaan.<br \/>\n<img loading=\"lazy\" decoding=\"async\" src=\"http:\/\/www.casinadirosa.it\/wp-content\/uploads\/2022\/07\/Screenshot-2022-07-16-at-17.18.10-e1657984752243.png\" alt=\"\" width=\"650\" height=\"490\" class=\"alignleft size-full wp-image-1218\" \/><\/p>\n<h2>Loggia<\/h2>\n<p>Talo sijaitsee <strong>keskiaikaisen kyl\u00e4n<\/strong>.syd\u00e4mess\u00e4 <strong>kukkulan laella<\/strong>. Talon p\u00e4\u00e4sis\u00e4\u00e4nk\u00e4ynnin edess\u00e4 on mukava paikka, jossa vieraat voivat istua toscanalaisessa auringossa ja nauttia n\u00e4kym\u00e4st\u00e4 toscanalaiseen p\u00e4ivitt\u00e4iseen kyl\u00e4el\u00e4m\u00e4\u00e4n. <strong>Loggia<\/strong> p\u00e4\u00e4oven edess\u00e4 on ihanteellinen paikka ulkona istumiseen tai vaikka ruoanlaittoon <strong>grilliss\u00e4<\/strong>. Loggia on kalustettu puutarhatuoleilla.<\/p>\n<p><img loading=\"lazy\" decoding=\"async\" src=\"http:\/\/www.casinadirosa.it\/wp-content\/uploads\/2022\/07\/4729431543_9ea199731f_o-e1657985545716.jpg\" alt=\"\" width=\"650\" height=\"488\" class=\"alignleft size-full wp-image-1221\" \/><\/p>\n<h2>Casina di Rosa varustelu<\/h2>\n<p>Talon varusteluun kuuluu:<\/p>\n<ul>\n<li>Satelliitti-TV<\/li>\n<li>DVD-soitin<\/li>\n<li>stereo (Ipod\/mp3 dock station +      radio)<\/li>\n<li>pyykinpesukone<\/li>\n<li>silitysrauta      ja -lauta<\/li>\n<li>vedenkeitin<\/li>\n<li>suodatinkahvinkeitin<\/li>\n<li>moka      (espressokeitin)<\/li>\n<li>leiv\u00e4npaahdin<\/li>\n<li>hiustenkuivain<\/li>\n<li>s\u00e4hk\u00f6l\u00e4mmitin      kylpyhuoneessa<\/li>\n<li>ilmastointi<\/li>\n<li>l\u00e4mmitys<\/li>\n<li>Internet-yhteys      (WI-FI)<\/li>\n<\/ul>\n<p><strong>Petivaatteet ja pyyhkeet<\/strong> kylpyhuoneenseen ja keitti\u00f6\u00f6n kuuluvat hintaan ja vaihdetaan kerran viikossa.<\/p>\n<p>Saavuttaessa, <strong>tervetuliaiskori<\/strong> , jossa perusruokatarvikkeita ja paikallisia tuotteita.<\/p>\n<p>Valikoima <strong>opaskirjoja ja karttoja<\/strong> on vieraidemme saatavilla. Voit lainata meilt\u00e4 tai ostaa opaskirjan internetiss\u00e4 ennen l\u00e4ht\u00f6\u00e4. Olemme valinneet vieraillemme parhaat opaskirjat Toscanasta.<\/p>\n<p><strong>Osallistumme kirjanvaihtoon <\/strong><a href=\"http:\/\/www.bookcrossing.com\/\"><strong>bookcrossing<\/strong><\/a><strong>!<\/strong> Ota vapaasti kirjoja, jotka l\u00f6yd\u00e4t kirjastostamme (<strong>vain romaaneja, ei opaskirjoja<\/strong>)! Voit pit\u00e4\u00e4 romaanit, jotka t\u00e4\u00e4lt\u00e4 l\u00f6yd\u00e4t, mutta sinun tulee j\u00e4tt\u00e4\u00e4 yht\u00e4 monta romaania niiden sijaan. J\u00e4tt\u00e4miesi kirjojen tulee olla saman kielisi\u00e4.<\/p>","protected":false},"excerpt":{"rendered":"<p>Casina di Rosa on lomakoti Toscanassa, joka on rakennettu 19. vuosisadan lopussa aivan kyl\u00e4n muurien ulkopuolelle Ardengheschin perheen aatelisrakennusten viereen. Lomatalo on t\u00e4ysin itsen\u00e4inen ja remontoitu \u00e4skett\u00e4in. Se varustukseen kuuluu yksi kahden hengen makuuhuone oleskelualueeneen, jossa on opaskirjoja ja infomateriaalia alueesta, t\u00e4ysin varusteltu keitti\u00f6 sek\u00e4 kylpyhuone suihkukaappineen. Talo majoittaa mukavasti 2 vierasta, mutta kahden hengen [&hellip;]<\/p>\n","protected":false},"author":4,"featured_media":194,"parent":0,"menu_order":20,"comment_status":"closed","ping_status":"closed","template":"","meta":{"footnotes":""},"class_list":["post-17","page","type-page","status-publish","has-post-thumbnail","hentry"],"_links":{"self":[{"href":"https:\/\/www.casinadirosa.it\/fi\/wp-json\/wp\/v2\/pages\/17","targetHints":{"allow":["GET"]}}],"collection":[{"href":"https:\/\/www.casinadirosa.it\/fi\/wp-json\/wp\/v2\/pages"}],"about":[{"href":"https:\/\/www.casinadirosa.it\/fi\/wp-json\/wp\/v2\/types\/page"}],"author":[{"embeddable":true,"href":"https:\/\/www.casinadirosa.it\/fi\/wp-json\/wp\/v2\/users\/4"}],"replies":[{"embeddable":true,"href":"https:\/\/www.casinadirosa.it\/fi\/wp-json\/wp\/v2\/comments?post=17"}],"version-history":[{"count":35,"href":"https:\/\/www.casinadirosa.it\/fi\/wp-json\/wp\/v2\/pages\/17\/revisions"}],"predecessor-version":[{"id":1283,"href":"https:\/\/www.casinadirosa.it\/fi\/wp-json\/wp\/v2\/pages\/17\/revisions\/1283"}],"wp:featuredmedia":[{"embeddable":true,"href":"https:\/\/www.casinadirosa.it\/fi\/wp-json\/wp\/v2\/media\/194"}],"wp:attachment":[{"href":"https:\/\/www.casinadirosa.it\/fi\/wp-json\/wp\/v2\/media?parent=17"}],"curies":[{"name":"wp","href":"https:\/\/api.w.org\/{rel}","templated":true}]}}