{"id":22,"date":"2011-03-08T14:09:11","date_gmt":"2011-03-08T13:09:11","guid":{"rendered":"http:\/\/www.casinadirosa.it\/?page_id=22"},"modified":"2022-07-16T18:04:02","modified_gmt":"2022-07-16T16:04:02","slug":"southern-tuscany","status":"publish","type":"page","link":"https:\/\/www.casinadirosa.it\/fi\/southern-tuscany\/","title":{"rendered":"Etel\u00e4 Toscana"},"content":{"rendered":"<p><strong>Etel\u00e4inen Toscana<\/strong> on yksi <strong>kauneimmista alueista Italiassa<\/strong> sek\u00e4 yksi kaikkein suosituimmista. Sen <strong>kuumaisemat<\/strong> ovat kuvattuna useimmissa Toscanan opaskirjoissa, postikorteissa ja kalentereissa. Sen <strong>hell\u00e4sti kumpuilevat kukkulat<\/strong>, <strong>sypressien reunustamat tiet<\/strong>, <strong>maaseutukirkot<\/strong>, kauniit <strong>kiviset talot<\/strong>, keskisaikaiset <strong>kukkulakaupungit<\/strong> ja ikivanhat <strong>luostarit<\/strong>.<\/p>\n<p><img loading=\"lazy\" decoding=\"async\" class=\"size-full wp-image-1228 aligncenter\" src=\"http:\/\/www.casinadirosa.it\/wp-content\/uploads\/2022\/07\/IMG_0701-e1657987184714.jpg\" alt=\"\" width=\"650\" height=\"489\" srcset=\"https:\/\/www.casinadirosa.it\/wp-content\/uploads\/2022\/07\/IMG_0701-e1657987184714.jpg 650w, https:\/\/www.casinadirosa.it\/wp-content\/uploads\/2022\/07\/IMG_0701-e1657987184714-300x226.jpg 300w, https:\/\/www.casinadirosa.it\/wp-content\/uploads\/2022\/07\/IMG_0701-e1657987184714-366x275.jpg 366w\" sizes=\"auto, (max-width: 650px) 100vw, 650px\" \/><\/p>\n<p>Etel\u00e4isen Toscanan suurimmat kaupungit ovat <a href=\"http:\/\/www.casinadirosa.it\/en\/southern-tuscany\/siena\"><strong>Siena<\/strong><\/a> ja <a href=\"http:\/\/www.casinadirosa.it\/en\/southern-tuscany\/maremma\/heart-of-maremma\"><strong>Grosseto<\/strong><\/a>. Suosituimmat alueet ovat <a href=\"http:\/\/www.casinadirosa.it\/en\/southern-tuscany\/valdorcia\"><strong>Val d\u2019Orcia<\/strong><\/a> , jossa sijaitsee kuuluisat kaupungit <strong>Montalcino<\/strong>, <strong>Pienza<\/strong>, sek\u00e4 <strong>Montepulciano<\/strong>, ja <a href=\"http:\/\/www.casinadirosa.it\/en\/southern-tuscany\/crete-senesi\"><strong>Crete Senesi<\/strong><\/a> , jossa sijaitsee kaupungit Asciano ja San Giovanni d\u2019Asso, joka tunnetaan tryffelinmets\u00e4styksest\u00e4.<br \/>\n<img loading=\"lazy\" decoding=\"async\" src=\"http:\/\/www.casinadirosa.it\/wp-content\/uploads\/2022\/07\/IMG_4564-e1657986622457.jpg\" alt=\"\" width=\"650\" height=\"488\" class=\"alignleft size-full wp-image-1225\" \/><br \/>\nN\u00e4m\u00e4 eiv\u00e4t ole ainoita kauniita alueita Etel\u00e4-Toscanassa. On todellakin monia muita mielenkiintoisia vierailun arvoisia alueita. Muutamia mainittuna <strong>Sienan alueella<\/strong>:<\/p>\n<ul>\n<li><a href=\"http:\/\/www.casinadirosa.it\/en\/southern-tuscany\/val-di-merse\"><strong>Val di Merse<\/strong><\/a> hyvinsuojeltuine      keskiaikaisine kylineen kuten Chiusdino ja Monticiano sek\u00e4      arkkitehtooniset arteet kuten San Galganon luostari;<\/li>\n<li>\u201c<strong>montagnola senese<\/strong>\u201d      mets\u00e4t ja kukkulat, joihin kuuluu kauniit kaupungit kuten Monteriggioni ja      Volterran osat;<\/li>\n<li>alueet <strong>Umbrian      rajalla<\/strong>, jossa sijaitsee kauniit kaupungit kuten Cortona, joka      on kuuluisa Frances Mayes\u2019in kirjasta \u201cToscanan auringon alla\u201d.<\/li>\n<\/ul>\n<p><strong>Grosseto<\/strong> provinssissa, kaikkein suosituimmassa kohteessa sijatsee <a href=\"http:\/\/www.casinadirosa.it\/en\/southern-tuscany\/maremma\"><strong>Maremma<\/strong><\/a> ja sen <strong>rannikko<\/strong>, ja sen aurinkoiset <strong>uimarannat<\/strong>, vilkkaat rannikkokaupungit, rauhaisat <strong>luolat<\/strong>, suuret pinjamets\u00e4t, ja monet <strong>saaret Toscanan saaristossa<\/strong>.<\/p>\n<p>Muita mielenkiintoisia alueita ovat <strong>Etruskien kaupungit<\/strong> Pitigliano, Sovana ja Sorano, rakennettu <strong>hohkakivest\u00e4<\/strong> sek\u00e4 <strong>luonnon kuumat l\u00e4hteet,<\/strong> jotka nousevat pintaan monissa osissa Etel\u00e4-Toscanaa. Mainittuna vain kaksi, <strong>Petriolon<\/strong> kuumat l\u00e4hteet ja <strong>Saturnian<\/strong> termiset kylvyt tarjoavat unohtumattomia mahdollisuuksia rentoutua ja uusiutua Yl\u00e4-Maremman <strong>tuhoutumattomalla maaseudulla<\/strong>.<\/p>\n<p>Maremmaan kuuluvat <strong>perint\u00f6kaupungit ja -kyl\u00e4t kuten<\/strong> <strong>Massa Marittima<\/strong>, kyl\u00e4t kuten <strong>Pari<\/strong> ja <strong>Roccatederighi<\/strong>, ja <strong>Monte Anticon ja Porronan<\/strong> linnat.<\/p>\n<p><strong>Monte Amiata<\/strong> tarjoaa matkailijalle mahdollisuuden l\u00f6yt\u00e4\u00e4 t\u00e4ysin toisenlaiset kasvot Toscanasta. Se on alueen korkein vuori ja sen rinteit\u00e4 verhoavat <strong>kastanjat ja py\u00f6kkipuut<\/strong>. Vuosisatoja vuorien ihmiset eliv\u00e4t jokseenkin eristettyin\u00e4 tasankojen ja kylien asukkaista ja vuorien maisemat kantavat merkkej\u00e4 vuoriel\u00e4m\u00e4n ankaruudesta. <strong>Kes\u00e4isin<\/strong> hiljaiset <strong>mets\u00e4t<\/strong> vuorten p\u00e4\u00e4ll\u00e4 tarjoavat miellytt\u00e4v\u00e4n turvan kes\u00e4n kuumuudesta ja pakopaikan jokap\u00e4iv\u00e4isen el\u00e4m\u00e4n hektisest\u00e4 rutiinista. Talvisin vuori tarjoaa monenlaisia mahdollisuuksia hauskanpitoon\u00a0 sek\u00e4 sen kauniissa kyliss\u00e4 ett\u00e4 sen <strong>laskettelurinteill\u00e4<\/strong>.<\/p>\n<h2>T\u00e4ydellinen tukikohta etel\u00e4isess\u00e4 Toscanassa<\/h2>\n<p>Casina di Rosa sijaitsee <a href=\"http:\/\/www.casinadirosa.it\/en\/southern-tuscany\/civitella-marittima\"><strong>Civitella Marittimassa<\/strong><\/a>, joka on keskiaikainen kyl\u00e4 kukkulan laella etel\u00e4isen Toscanan syd\u00e4mmess\u00e4. P\u00e4invastoi kuin monet muut paikat, Civitella on <strong>eritt\u00e4in sopiva l\u00e4ht\u00f6paikka<\/strong> tutkia <strong>jokaista n\u00e4ist\u00e4 alueista<\/strong> Toscanassa, koska sielt\u00e4 on helppo p\u00e4\u00e4sy p\u00e4\u00e4tielle <strong>SS223-E778<\/strong>, joka kulkee Etel\u00e4-Toscanan poikki.<\/p>\n<p>Lis\u00e4ksi, kyl\u00e4 on <strong>yht\u00e4 kaukana<\/strong> <strong>Sienasta<\/strong> ja <strong>Maremman<\/strong> rannikosta, Monte Amiatasta ja Massa Marittimasta, Val d\u2019Orciasta ja Val di Mersest\u00e4, Etruskien alueelta sek\u00e4 Chiantin alueelta. T\u00e4st\u00e4 syyst\u00e4 p\u00e4iv\u00e4retki\u00e4 suunniteltaessa, <strong>vieraidemme ei tarvitse valita<\/strong> yht\u00e4 aluetta etel\u00e4isest\u00e4 Toscanasta, koska <strong>useimmat paikat voi saavuttaa korkeintaan 30-50 minuutissa<\/strong>. Ja koska tekemist\u00e4 riitt\u00e4\u00e4 enmm\u00e4n kuin <strong>tarpeeksi t\u00e4ytt\u00e4m\u00e4\u00e4n kaksi viikkoa<\/strong> ja lis\u00e4ksi: t\u00e4m\u00e4 ja se huolenpito, jolla hellimme vieraitamme ovat syit\u00e4 miksi niin <strong>monet vieraat palaavat<\/strong> Casina di Rosaan yh\u00e4 uudestaan.<\/p>\n<p>&nbsp;<\/p>","protected":false},"excerpt":{"rendered":"<p>Etel\u00e4inen Toscana on yksi kauneimmista alueista Italiassa sek\u00e4 yksi kaikkein suosituimmista. Sen kuumaisemat ovat kuvattuna useimmissa Toscanan opaskirjoissa, postikorteissa ja kalentereissa. Sen hell\u00e4sti kumpuilevat kukkulat, sypressien reunustamat tiet, maaseutukirkot, kauniit kiviset talot, keskisaikaiset kukkulakaupungit ja ikivanhat luostarit. Etel\u00e4isen Toscanan suurimmat kaupungit ovat Siena ja Grosseto. Suosituimmat alueet ovat Val d\u2019Orcia , jossa sijaitsee kuuluisat kaupungit [&hellip;]<\/p>\n","protected":false},"author":4,"featured_media":174,"parent":0,"menu_order":30,"comment_status":"closed","ping_status":"closed","template":"","meta":{"footnotes":""},"class_list":["post-22","page","type-page","status-publish","has-post-thumbnail","hentry"],"_links":{"self":[{"href":"https:\/\/www.casinadirosa.it\/fi\/wp-json\/wp\/v2\/pages\/22","targetHints":{"allow":["GET"]}}],"collection":[{"href":"https:\/\/www.casinadirosa.it\/fi\/wp-json\/wp\/v2\/pages"}],"about":[{"href":"https:\/\/www.casinadirosa.it\/fi\/wp-json\/wp\/v2\/types\/page"}],"author":[{"embeddable":true,"href":"https:\/\/www.casinadirosa.it\/fi\/wp-json\/wp\/v2\/users\/4"}],"replies":[{"embeddable":true,"href":"https:\/\/www.casinadirosa.it\/fi\/wp-json\/wp\/v2\/comments?post=22"}],"version-history":[{"count":48,"href":"https:\/\/www.casinadirosa.it\/fi\/wp-json\/wp\/v2\/pages\/22\/revisions"}],"predecessor-version":[{"id":1231,"href":"https:\/\/www.casinadirosa.it\/fi\/wp-json\/wp\/v2\/pages\/22\/revisions\/1231"}],"wp:featuredmedia":[{"embeddable":true,"href":"https:\/\/www.casinadirosa.it\/fi\/wp-json\/wp\/v2\/media\/174"}],"wp:attachment":[{"href":"https:\/\/www.casinadirosa.it\/fi\/wp-json\/wp\/v2\/media?parent=22"}],"curies":[{"name":"wp","href":"https:\/\/api.w.org\/{rel}","templated":true}]}}