{"id":26,"date":"2011-03-08T14:37:56","date_gmt":"2011-03-08T13:37:56","guid":{"rendered":"http:\/\/www.casinadirosa.it\/?page_id=26"},"modified":"2017-07-22T23:47:43","modified_gmt":"2017-07-22T21:47:43","slug":"things-to-do-tuscany","status":"publish","type":"page","link":"https:\/\/www.casinadirosa.it\/fi\/things-to-do-tuscany\/","title":{"rendered":"Mit\u00e4 tehd\u00e4"},"content":{"rendered":"<p><strong>Toscanassa on paljon teht\u00e4v\u00e4\u00e4<\/strong> ihmisille, jotka rakastavat <strong>taidetta, kulttuuria, luontoa, urheilua,<\/strong> ja kokeilla monia <strong>tyypillisi\u00e4 tuotteita<\/strong> paikoista Maremma, Chianti, Val d\u2019Orcia jne. kuten <strong>viini\u00e4, oliivi\u00f6ljy\u00e4, saframia, tryffeli\u00e4<\/strong> ja perinteisi\u00e4 <strong>makeisia ja j\u00e4lkiruokia<\/strong>.<\/p>\n<p><strong>Aktiviteetit Toscanassa <\/strong>ovat monipuolisia. Niihin kuuluvat <strong>museot <\/strong>ja taidegalleriat, <strong>opastetut retket<\/strong> ja <strong>omat retket<\/strong> perinteisiin kaupunkeihin kuten <strong>Siena<\/strong><strong>, Firenze, Pisa and Lucca<\/strong>; aktiiviset p\u00e4iv\u00e4retket yhteen monista <strong>luonnonpuistoista<\/strong> Toscanassa, p\u00e4iv\u00e4t <strong>patikoiden<\/strong>, <strong>py\u00f6r\u00e4illen<\/strong> ja <strong>ratsastus Toscanan maaseudulla<\/strong>.<\/p>\n<p>Sitten ovat <strong>viininmaisteluretket<\/strong>, <strong>oliivi\u00f6ljynmaisteluretket<\/strong> ja vierailut <strong>laventeliviljelm\u00e4lle<\/strong> ja <strong>juusto- ja saframituottajille<\/strong> tai <strong>tryffelimets\u00e4stykseen<\/strong> sek\u00e4 <strong>ruoanlaittokurssille<\/strong>.<\/p>\n<p>Jos rakastat taidetta ja kulttuuria, suosittelemme vierailua suurempaan kaupunkiin sek\u00e4 my\u00f6s alueen keskiaikaisiin kukkulakaupunkeihin. Casina di Rosa siajitsee <strong>etuoikeutetussa paikassa<\/strong> , mik\u00e4 mahdollistaa vieraillemme saavuttaa useimmat <strong>suosituimmat alueet<\/strong> <strong>lyhyen ajomatkan<\/strong> p\u00e4\u00e4ss\u00e4. Civitella Marittimasta voit helposti saavuttaa kauniit kaupungit kuten <strong>Montalcino, Pienza ja Montepulciano<\/strong> Val D\u2019Orciassa, mutta my\u00f6s <strong>Massa<\/strong><strong> Marittima, Pitigliano<\/strong> ja <strong>Magliano in Toscana<\/strong> Maremmassa. <strong>Volterra<\/strong> ja <strong>San Gimignano<\/strong> sijaitsevat my\u00f6s p\u00e4iv\u00e4retken et\u00e4isyydell\u00e4 t\u00e4\u00e4lt\u00e4. Kaikkissa n\u00e4iss\u00e4 kohteissa voit vierailla <strong>omatoisesti<\/strong> lainaten yhden useista <strong>opaskirjoista<\/strong> ja <strong>tiekartoista<\/strong>, jotka ovat vieraidemme saatavilla tai liittym\u00e4ll\u00e4 ryhm\u00e4\u00e4n <strong>omatoiminen opasretki Toscanassa<\/strong> tai <strong>ryhm\u00e4n opasretki Toscanassa<\/strong>. Voimme my\u00f6s suositella\u00a0 vierailua pienempiin, v\u00e4hemm\u00e4n tunnettuihin kyliin ja kaupunkeihin, jotka ansaitsevat tulla l\u00f6ydetyksi ja, jossa vieraat viihtyv\u00e4t <strong>kaukana turistijoukoista<\/strong>. Keskiaikaiset kyl\u00e4t kuten <strong>Montemassi<\/strong>, <strong>Roccatederighi<\/strong>, <strong>Pari<\/strong>, <strong>Porrona<\/strong>, ja <strong>Arcidosso<\/strong> ovat kaikki vierailun arvoisia, kuten my\u00f6s kauniit linnat <strong>Monte Antico<\/strong>, <strong>Vicarello<\/strong> ja <strong>Collemassari<\/strong>.<\/p>\n<p>Mielell\u00e4mme autamme sinua <strong>matkasuunnitelmassasi<\/strong> ja suosittelemme mahdollista <strong>omatoimista retke\u00e4 Toscanassa<\/strong>.<\/p>\n<p><strong>Musiikinyst\u00e4vi\u00e4<\/strong> voimme autta l\u00f6yt\u00e4m\u00e4\u00e4n <strong>p\u00e4\u00e4sylippuja<\/strong> eritt\u00e4in mielenkiintoisiin tapahtumiin kuten <strong>Maggio Fiorentino<\/strong>, <strong>oopperakausi Toscanassa<\/strong> (San Galganon luostarin ooppera sek\u00e4 Puccini Festival ovat uskomattomia tapahtumia oopperan yst\u00e4ville), <strong>konsertit<\/strong>, <strong>festivaalit<\/strong> ja t\u00e4rkeimm\u00e4t <strong>teatterikaudet<\/strong>. <strong>Toscanan ilmaiskonsertit<\/strong> ovat monipuolisia joka vuonna: autamme mielell\u00e4mme vieraitamme l\u00f6yt\u00e4m\u00e4\u00e4n kaikkein mielenkiintoisimmat.<\/p>\n<p>Jos olet kiinnostunut vierailemaan <strong>museoissa, gallerioissa ja n\u00e4yttelyiss\u00e4 Toscanassa<\/strong>, autamme sinua mielell\u00e4mme l\u00f6yt\u00e4m\u00e4\u00e4n kiinnostavimmat n\u00e4yttelyt jokaisena vuodenaikana. Voimme my\u00f6s auttaa vieraitamme <strong>varaamaan liput Uffiziin<\/strong>, Accademiaan ja muihin gallerioihin Toscanassa.<\/p>\n<p>Jos olet kiinnostunut enemm\u00e4n <strong>luonnosta<\/strong> ja <strong>paikallisista tuotteista<\/strong> kuin taisteesta, suosittelemme vierailemaan <strong>Toscanan luonnonpuistoissa<\/strong> tai <strong>ulkoilmamuseoissa<\/strong> kuten Tarot Gardenissa ja Garden of Daniel Spoerrissa. Voimme auttaa sinua suunnittelemaan <strong>ratsastusaktiviteetteja Toscanassa<\/strong>, retki\u00e4 <strong>viinin j\u00e4ljille,<\/strong> tai vierailuja <strong>oliiviviljelmille ja oliivilehtoihin<\/strong>, vierailuja <strong>viinitiloille<\/strong> ja <strong>laventeliviljelmille<\/strong>, vierailu <strong>hunaja-<\/strong>, <strong>juusto<\/strong> ja <strong>lihan jalostus<\/strong>-tuottajilla kuten my\u00f6s <strong>viininmaistajaisiin<\/strong>, <strong>oliivi\u00f6ljymaistajaisiin<\/strong> ja muihin ruoka- ja juoma-aktiviteetteihin Toscanassa.<\/p>\n<p>Mielenkiintoista tekemist\u00e4 Toscanassa on <strong>menn\u00e4 kurssille<\/strong>. Voit<strong> ottaa Italiankielen kurssin Toscanassa<\/strong>, tai <strong>ruoanlaittokurssin<\/strong> tai osallistua\u00a0 koko viikon kest\u00e4v\u00e4lle ruoanlaittokurssile l\u00e4hell\u00e4 Sienaa ja oppia italialaisen gourmet keitti\u00f6n salaisuuksia italialaisilta keitti\u00f6mestareilta ja kokeilta.<\/p>\n<p>Voit my\u00f6s rentoutua yhdess\u00e4 useasta <strong>kylpyl\u00e4keskuksesta Toscanassa<\/strong> tai mene nauttimaan useasta <strong>luonnon kuumista l\u00e4hteist\u00e4<\/strong> kuten Petriolo ja Saturnia mutta my\u00f6s Bagni San Filippo ja Rapolano Terme.<\/p>\n<p>Ja jos mieless\u00e4si on \u00a0<strong>h\u00e4\u00e4t Toscanassa<\/strong> suosittelemme mielell\u00e4mme h\u00e4\u00e4paikkoja etel\u00e4isess\u00e4 Toscanassa kuten my\u00f6s kukkakauppoja, kutsujen suunnittelijoita, catering-palveluja, valokuvaajia, ja paljon muuta <strong>unohtumattomaan h\u00e4\u00e4juhlaan Italiassa<\/strong>.<\/p>\n<p>Jos olet jo naimisissa ja etsit t\u00e4ydellist\u00e4 kohdetta <strong>kuherruskuukaudeksi Toscanassa<\/strong> tai <strong>h\u00e4\u00e4p\u00e4iv\u00e4\u00e4si Toscanassa<\/strong> Casina di Rosa on sinulle t\u00e4ydellinen valinta. Autamme sinua suunnittelemaan <strong>romanttisen loman Toscanassa<\/strong>.<\/p>\n<p>Ja jos etsit <strong>t\u00e4ydellist\u00e4 paikkaa kosia Toscanassa<\/strong>, voimme auttaa sinua varaamaan p\u00f6yd\u00e4n alueen parhaasta ravintolasta tai l\u00f6yt\u00e4m\u00e4\u00e4n sen t\u00e4ydellisen paikan Toscanassa kysymyksen esitt\u00e4miseen!<\/p>\n<p>T\u00e4m\u00e4 ja paljon muuta odottaa sinua Casina di Rosassa. Autamme sinua <strong>suunnittelemaan lomasi Toscanassa<\/strong>.<\/p>","protected":false},"excerpt":{"rendered":"<p>Toscanassa on paljon teht\u00e4v\u00e4\u00e4 ihmisille, jotka rakastavat taidetta, kulttuuria, luontoa, urheilua, ja kokeilla monia tyypillisi\u00e4 tuotteita paikoista Maremma, Chianti, Val d\u2019Orcia jne. kuten viini\u00e4, oliivi\u00f6ljy\u00e4, saframia, tryffeli\u00e4 ja perinteisi\u00e4 makeisia ja j\u00e4lkiruokia. Aktiviteetit Toscanassa ovat monipuolisia. Niihin kuuluvat museot ja taidegalleriat, opastetut retket ja omat retket perinteisiin kaupunkeihin kuten Siena, Firenze, Pisa and Lucca; aktiiviset [&hellip;]<\/p>\n","protected":false},"author":4,"featured_media":200,"parent":0,"menu_order":40,"comment_status":"closed","ping_status":"closed","template":"","meta":{"footnotes":""},"class_list":["post-26","page","type-page","status-publish","has-post-thumbnail","hentry"],"_links":{"self":[{"href":"https:\/\/www.casinadirosa.it\/fi\/wp-json\/wp\/v2\/pages\/26","targetHints":{"allow":["GET"]}}],"collection":[{"href":"https:\/\/www.casinadirosa.it\/fi\/wp-json\/wp\/v2\/pages"}],"about":[{"href":"https:\/\/www.casinadirosa.it\/fi\/wp-json\/wp\/v2\/types\/page"}],"author":[{"embeddable":true,"href":"https:\/\/www.casinadirosa.it\/fi\/wp-json\/wp\/v2\/users\/4"}],"replies":[{"embeddable":true,"href":"https:\/\/www.casinadirosa.it\/fi\/wp-json\/wp\/v2\/comments?post=26"}],"version-history":[{"count":12,"href":"https:\/\/www.casinadirosa.it\/fi\/wp-json\/wp\/v2\/pages\/26\/revisions"}],"predecessor-version":[{"id":1097,"href":"https:\/\/www.casinadirosa.it\/fi\/wp-json\/wp\/v2\/pages\/26\/revisions\/1097"}],"wp:featuredmedia":[{"embeddable":true,"href":"https:\/\/www.casinadirosa.it\/fi\/wp-json\/wp\/v2\/media\/200"}],"wp:attachment":[{"href":"https:\/\/www.casinadirosa.it\/fi\/wp-json\/wp\/v2\/media?parent=26"}],"curies":[{"name":"wp","href":"https:\/\/api.w.org\/{rel}","templated":true}]}}