{"id":30,"date":"2011-03-08T14:45:16","date_gmt":"2011-03-08T13:45:16","guid":{"rendered":"http:\/\/www.casinadirosa.it\/?page_id=30"},"modified":"2011-06-05T18:31:26","modified_gmt":"2011-06-05T16:31:26","slug":"contact","status":"publish","type":"page","link":"https:\/\/www.casinadirosa.it\/fi\/contact\/","title":{"rendered":"Ota meihin yhteytt\u00e4"},"content":{"rendered":"<p>Voit k\u00e4ytt\u00e4\u00e4 t\u00e4t\u00e4 kaavaketta tiedustellaksesi saatavuutta tai l\u00e4hett\u00e4\u00e4ksesi meille yleisen kyselyn. Voit my\u00f6s halutessasi l\u00e4hett\u00e4\u00e4 meille s\u00e4hk\u00f6postin suoraan osoitteeseen <a href=\"mailto:info@casinadirosa.it\">info@casinadirosa.it<\/a>. Ota meihin yhteytt\u00e4!<\/p>\n<p>Emme puhu suomea, joten ole hyv\u00e4 ja kirjoita meille englanniksi, italiaksi tai ranskaksi. Kiitos!<\/p>\n<p><form id=\"mcg_contact_form\" class=\"uniForm\" method=\"post\" action=\"\">\n\n\n<fieldset class=\"hidden\">\n\t<input type=\"hidden\" name=\"data[MCGD08F44886891D4CAE7BD34494254398B]\" id=\"MCGD08F44886891D4CAE7BD34494254398B\" value=\"\" \/>\n\t<div style=\"position:absolute; top: -9000px; left:-9000px;\">\n\t\t<label for=\"p-mail\"><strong>Note:<\/strong> Do not type anything in the field below. It is a spam trap designed to identify bots. If you populate this field, the form will return an error.<\/label>\n\t\t<input type=\"text\" name=\"data[p-mail]\" id=\"p-mail\" value=\"\" \/>\n\t<\/div>\n\t<input type=\"hidden\" name=\"data[MCG1772E85E359311C3B89C2D9755A03800]\" id=\"MCG1772E85E359311C3B89C2D9755A03800\" value=\"MCG1772E85E359311C3B89C2D9755A03800\" \/>\n<\/fieldset>\n<fieldset class=\"blockLabels\">\n\t<div class=\"required ctrlHolder\">\n\t\t<label for=\"BookingName\">Name<\/label>\n\t\t<input name=\"data[realname]\" type=\"text\" size=\"40\" maxlength=\"64\" class=\"textInput large\" value=\"\" id=\"BookingName\" \/>\n\t\t<p class=\"formHint\">required field<\/p>\n\t\t\t<\/div>\n\t\n\t<div class=\"required ctrlHolder\">\n\t\t<label for=\"BookingEmail\">Email<\/label>\n\t\t<input name=\"data[email]\" type=\"text\" size=\"40\" maxlength=\"64\" class=\"textInput large\" value=\"\" id=\"BookingEmail\" \/>\n\t\t<p class=\"formHint\">required field<\/p>\n\t\t\t<\/div>\n\t\n\t<div class=\"required ctrlHolder\">\n\t\t<label for=\"BookingEmailConfirm\">Confirm email<\/label>\n\t\t<input name=\"data[email_confirm]\" type=\"text\" size=\"40\" maxlength=\"64\" class=\"textInput large\" value=\"\" id=\"BookingEmailConfirm\" \/>\n\t\t<p class=\"formHint\">required field<\/p>\n\t\t\t<\/div>\n\t\n\t<div class=\"ctrlHolder\">\n\t\t<label for=\"BookingCountryName\">Country of origin<\/label>\n\t\t<input name=\"data[country_name]\" type=\"text\" size=\"40\" maxlength=\"64\" class=\"textInput large\" value=\"\" id=\"BookingCountryName\" \/>\n\t<\/div>\n\t\n\t<div class=\"ctrlHolder datePicker required\">\n\t\t<label for=\"BookingDateOfArrivalPicker\">Date of arrival<\/label>\n\t\t<input name=\"data[date_of_arrival_picker]\" type=\"text\" value=\"\" class=\"small textInput\" id=\"BookingDateOfArrivalPicker\">\n\t\t<input name=\"data[date_of_arrival]\" type=\"hidden\" value=\"\" id=\"BookingDateOfArrival\">\n\t\t<p class=\"formHint\">check-in on Saturdays only<\/p>\n\t<\/div>\n\t\n\t<div class=\"ctrlHolder datePicker required\">\n\t\t<label for=\"BookingDateOfDeparturePicker\">Date of departure<\/label>\n\t\t<input name=\"data[date_of_departure_picker]\" type=\"text\" value=\"\" class=\"small textInput\" id=\"BookingDateOfDeparturePicker\">\n\t\t<input name=\"data[date_of_departure]\" type=\"hidden\" value=\"\" id=\"BookingDateOfDeparture\">\n\t\t<p class=\"formHint\">check-in on Saturdays only<\/p>\n\t<\/div>\n\t\n\t<div class=\"ctrlHolder\">\n\t\t<label for=\"BookingPax\">Total number of guests<\/label>\n\t\t<select name=\"data[pax]\" id=\"BookingPax\" class=\"small textInput\">\n<option value=\"3 adults\">3 adults<\/option>\n<option value=\"2 adults\" selected=\"selected\">2 adults<\/option>\n<option value=\"2 adults, 1 child\">2 adults, 1 child<\/option>\n<option value=\"1 adult\">1 adult<\/option>\n<option value=\"1 adult, 1 child\">1 adult, 1 child<\/option>\n<option value=\"1 adult, 2 children\">1 adult, 2 children<\/option>\n\t\t<\/select>\n\t\t<p class=\"formHint\">we can accommodate up to 3 people<\/p>\n\t<\/div>\n\t\n\t<div class=\"ctrlHolder\">\n\t\t<label for=\"BookingTelephone\">Phone number while in Italy<\/label>\n\t\t<input name=\"data[telephone]\" type=\"text\" size=\"40\" maxlength=\"64\" class=\"textInput large\" value=\"\" id=\"BookingTelephone\" \/>\n\t<\/div>\n\t\n\t<div class=\"ctrlHolder radioGroup\">\n\t\t<p class=\"label\">Will you be travelling with your dog\/cat?<\/p>\n\t\t<ul>\n\t\t\t<li>\n\t\t\t\t<input type=\"radio\" name=\"data[pets]\" id=\"BookingPets1\" value=\"1\"><label for=\"BookingPets1\">yes<\/label>\n\t\t\t\t<input type=\"radio\" name=\"data[pets]\" id=\"BookingPets0\" value=\"0\" checked=\"checked\"><label for=\"BookingPets0\">no<\/label>\n\t\t\t<\/li>\n\t\t<\/ul>\n\t<\/div>\n\t\n\t<div class=\"ctrlHolder\">\n\t\t<label for=\"BookingReferrer\">How did you hear about us<\/label>\n\t\t<input name=\"data[referrer]\" type=\"text\" size=\"40\" maxlength=\"64\" class=\"textInput large\" value=\"\" id=\"BookingReferrer\" \/>\n\t<\/div>\n\t\n\t<div class=\"ctrlHolder\">\n\t\t<label for=\"BookingComments\">Questions \/ Comments<\/label>\n\t\t<textarea name=\"data[comments]\" cols=\"50\" rows=\"6\" class=\"textInput large\" id=\"BookingComments\" ><\/textarea>\n\t<\/div>\n\t\n\t<div class=\"buttonHolder\"><input type=\"submit\" class=\"primaryAction\" name=\"data[MCGD209F6E4805531308D20DC1F59881903]\" id=\"MCGD209F6E4805531308D20DC1F59881903\" value=\"Send request\" \/><\/div>\n<\/fieldset>\n<\/form>\n<script type=\"text\/javascript\" charset=\"utf-8\">\njQuery(document).ready(function($) {\n\t$.datepicker.setDefaults({\n\t\tdateFormat: 'mm\/dd\/yy',\n\t\tminDate: new Date(),\n\t\tmaxDate: '+2y',\n\t\tbeforeShowDay: saturdaysOnly\n\t});\n\t\n\t\/\/ initialize the datepickers\n\tvar arrival = $('#BookingDateOfArrivalPicker');\n\tvar departure = $('#BookingDateOfDeparturePicker');\n\t\n\tarrival.datepicker({\n\t\taltField: '#BookingDateOfArrival',\n\t\taltFormat: 'yy-mm-dd',\n\t\tonSelect: function(dateText, picker) {\n\t\t\tvar arrivalDate = new Date(dateText);\n\t\t\tdeparture.datepicker('setDate', arrivalDate.setDate(arrivalDate.getDate() + 7));\n\t\t\tdeparture.datepicker('option', 'minDate', arrivalDate);\n\t\t}\n\t});\n\tdeparture.datepicker({\n\t\taltField: '#BookingDateOfDeparture',\n\t\taltFormat: 'yy-mm-dd'\n\t});\n\t\n\t\/\/ disable all days but Saturdays\n\tfunction saturdaysOnly(date) {\n\t\treturn [date.getDay() == 6, ''];\n\t}\n});\n<\/script><\/p>","protected":false},"excerpt":{"rendered":"<p>Voit k\u00e4ytt\u00e4\u00e4 t\u00e4t\u00e4 kaavaketta tiedustellaksesi saatavuutta tai l\u00e4hett\u00e4\u00e4ksesi meille yleisen kyselyn. Voit my\u00f6s halutessasi l\u00e4hett\u00e4\u00e4 meille s\u00e4hk\u00f6postin suoraan osoitteeseen info@casinadirosa.it. Ota meihin yhteytt\u00e4! Emme puhu suomea, joten ole hyv\u00e4 ja kirjoita meille englanniksi, italiaksi tai ranskaksi. Kiitos!<\/p>\n","protected":false},"author":4,"featured_media":582,"parent":0,"menu_order":60,"comment_status":"closed","ping_status":"closed","template":"contact.php","meta":{"footnotes":""},"class_list":["post-30","page","type-page","status-publish","has-post-thumbnail","hentry"],"_links":{"self":[{"href":"https:\/\/www.casinadirosa.it\/fi\/wp-json\/wp\/v2\/pages\/30","targetHints":{"allow":["GET"]}}],"collection":[{"href":"https:\/\/www.casinadirosa.it\/fi\/wp-json\/wp\/v2\/pages"}],"about":[{"href":"https:\/\/www.casinadirosa.it\/fi\/wp-json\/wp\/v2\/types\/page"}],"author":[{"embeddable":true,"href":"https:\/\/www.casinadirosa.it\/fi\/wp-json\/wp\/v2\/users\/4"}],"replies":[{"embeddable":true,"href":"https:\/\/www.casinadirosa.it\/fi\/wp-json\/wp\/v2\/comments?post=30"}],"version-history":[{"count":19,"href":"https:\/\/www.casinadirosa.it\/fi\/wp-json\/wp\/v2\/pages\/30\/revisions"}],"predecessor-version":[{"id":768,"href":"https:\/\/www.casinadirosa.it\/fi\/wp-json\/wp\/v2\/pages\/30\/revisions\/768"}],"wp:featuredmedia":[{"embeddable":true,"href":"https:\/\/www.casinadirosa.it\/fi\/wp-json\/wp\/v2\/media\/582"}],"wp:attachment":[{"href":"https:\/\/www.casinadirosa.it\/fi\/wp-json\/wp\/v2\/media?parent=30"}],"curies":[{"name":"wp","href":"https:\/\/api.w.org\/{rel}","templated":true}]}}