{"id":36,"date":"2011-03-08T15:04:02","date_gmt":"2011-03-08T14:04:02","guid":{"rendered":"http:\/\/www.casinadirosa.it\/?page_id=36"},"modified":"2011-05-25T10:11:54","modified_gmt":"2011-05-25T09:11:54","slug":"tuscany-map","status":"publish","type":"page","link":"https:\/\/www.casinadirosa.it\/fi\/vacation-house-tuscany\/tuscany-map\/","title":{"rendered":"Kuinka l\u00f6yd\u00e4t meid\u00e4t"},"content":{"rendered":"<p><strong>Firenzest\u00e4:<\/strong> Poistu autostradalta Firenze Certosassa ja aja suuntaan Siena. Kun saavutat Sienan, seuraa tiet\u00e4 SS 223 suuntaan Grosseto. 35 km j\u00e4lkeen tulee viitta Civitella Marittima.<\/p>\n<p><strong>Roomasta:<\/strong> Seuraa opasteita Civitavecchia\/Grossetoon ja jatka suuntaan Grosseto. Kun olet Grossetossa, jatka tiet\u00e4 SS 223 suuntaan Siena. 30 km j\u00e4lkeen tulee risteys Civitella Marittima.<\/p>\n<p><strong>Pisasta:<\/strong> Aja Autostradaa A 12 (Genova\/Civitavecchia) suuntaan Livorno. Autostradan p\u00e4\u00e4ss\u00e4 jatka Aurelian mukaisesti suuntaan Grosseto. Poistu tielt\u00e4 Gavorrano Scalossa ja seuraa kylttej\u00e4 Montemassiin ja sitten Roccastradaan. Kun saavut Roccastradaan, jatka suuntaan Civitella Marittima, vain 12km p\u00e4\u00e4ss\u00e4.<\/p>\n<p>\n    <div id=\"GoogleMapWrap\" style=\"width:650px;height:400px;\"><\/div>\n\t\n    \n\n    <script type=\"text\/javascript\">\n\n\t\tvar latlng = new google.maps.LatLng(42.996871269092985, 11.283060908317566);\n\t\tvar myOptions = {\n\t\t\tzoom: 14,\n\t\t\tcenter: latlng,\n\t\t\tscrollwheel: true,\n\t\t\tscaleControl: false,\n\t\t\tdisableDefaultUI: false,\n\t\t\tmapTypeId: google.maps.MapTypeId.ROADMAP\n\t\t};\n\t\tvar GoogleMapWrap = new google.maps.Map(document.getElementById(\"GoogleMapWrap\"),\n\t\tmyOptions);\n\t\t\n\t\t\t\tvar marker = new google.maps.Marker({\n\t\t\t\tmap: GoogleMapWrap, \n\t\t\t\t\n\t\t\t\tposition: GoogleMapWrap.getCenter()\n\t\t\t});\n\t\t\t<\/script><\/p>","protected":false},"excerpt":{"rendered":"<p>Firenzest\u00e4: Poistu autostradalta Firenze Certosassa ja aja suuntaan Siena. Kun saavutat Sienan, seuraa tiet\u00e4 SS 223 suuntaan Grosseto. 35 km j\u00e4lkeen tulee viitta Civitella Marittima. Roomasta: Seuraa opasteita Civitavecchia\/Grossetoon ja jatka suuntaan Grosseto. Kun olet Grossetossa, jatka tiet\u00e4 SS 223 suuntaan Siena. 30 km j\u00e4lkeen tulee risteys Civitella Marittima. Pisasta: Aja Autostradaa A 12 (Genova\/Civitavecchia) [&hellip;]<\/p>\n","protected":false},"author":4,"featured_media":195,"parent":17,"menu_order":200,"comment_status":"closed","ping_status":"closed","template":"","meta":{"footnotes":""},"class_list":["post-36","page","type-page","status-publish","has-post-thumbnail","hentry"],"_links":{"self":[{"href":"https:\/\/www.casinadirosa.it\/fi\/wp-json\/wp\/v2\/pages\/36","targetHints":{"allow":["GET"]}}],"collection":[{"href":"https:\/\/www.casinadirosa.it\/fi\/wp-json\/wp\/v2\/pages"}],"about":[{"href":"https:\/\/www.casinadirosa.it\/fi\/wp-json\/wp\/v2\/types\/page"}],"author":[{"embeddable":true,"href":"https:\/\/www.casinadirosa.it\/fi\/wp-json\/wp\/v2\/users\/4"}],"replies":[{"embeddable":true,"href":"https:\/\/www.casinadirosa.it\/fi\/wp-json\/wp\/v2\/comments?post=36"}],"version-history":[{"count":16,"href":"https:\/\/www.casinadirosa.it\/fi\/wp-json\/wp\/v2\/pages\/36\/revisions"}],"predecessor-version":[{"id":523,"href":"https:\/\/www.casinadirosa.it\/fi\/wp-json\/wp\/v2\/pages\/36\/revisions\/523"}],"up":[{"embeddable":true,"href":"https:\/\/www.casinadirosa.it\/fi\/wp-json\/wp\/v2\/pages\/17"}],"wp:featuredmedia":[{"embeddable":true,"href":"https:\/\/www.casinadirosa.it\/fi\/wp-json\/wp\/v2\/media\/195"}],"wp:attachment":[{"href":"https:\/\/www.casinadirosa.it\/fi\/wp-json\/wp\/v2\/media?parent=36"}],"curies":[{"name":"wp","href":"https:\/\/api.w.org\/{rel}","templated":true}]}}