{"id":38,"date":"2011-03-08T15:47:15","date_gmt":"2011-03-08T14:47:15","guid":{"rendered":"http:\/\/www.casinadirosa.it\/?page_id=38"},"modified":"2011-06-05T18:57:17","modified_gmt":"2011-06-05T16:57:17","slug":"travel-deals-tuscany","status":"publish","type":"page","link":"https:\/\/www.casinadirosa.it\/fi\/vacation-house-tuscany\/travel-deals-tuscany\/","title":{"rendered":"Erikoistarjoukset"},"content":{"rendered":"<p>Kuka sanoi, ett\u00e4 <strong>loma Toscanassa<\/strong> on aina kallis? Vuokraa talo Maremmasta k\u00e4ytt\u00e4en hyv\u00e4ksesi meid\u00e4n <strong>erikoistarjouksiamme<\/strong>, hyv\u00e4 vaihtoehto kalliiseen lomaan hotellissa tai maatilalla. L\u00f6yd\u00e4 meid\u00e4n uusimmat <strong>lomaehdot Toscanassa<\/strong>!<\/p>\n<p>Hiljaisella kaudella voit kokea kaiken sen, mit\u00e4 <strong>Toscana<\/strong> voi tarjota, <strong>kylvyt<\/strong> ja kaunis <strong>maaseutu,<\/strong> hyv\u00e4 ruoka ja <strong>hienot viinit<\/strong>, ja tama kaikki kuluttaen v\u00e4hemm\u00e4n.<\/p>\n<p>Casina di Rosa, lomatalo Toscanan Maremmassa, on koonnut erikoistarjouksia <strong>lomallesi Toscanassa<\/strong>: \u201cOnnen viikot\u201d ja \u201cLast Minute tarjoukset\u201d.<\/p>\n<p>Joka kuukausi Tarjoamme yhden viikon erikoiseen <strong>alennettuun hintaan<\/strong>, s\u00e4\u00e4st\u00f6\u00e4 25% normaali hintaan. <strong>Last minute lomia Toscanassa<\/strong>, <strong>nopean varaajan tarjouksia<\/strong> majoituksellesi l\u00e4hell\u00e4 <strong>Sienaa<\/strong>, <strong>halvat hinnat lomasi vuokraukselle<\/strong> ylemm\u00e4ss\u00e4 Maremmassa! T\u00e4m\u00e4 ja enemm\u00e4n meid\u00e4n lomaehto osiossamme!!<\/p>\n<p>Ja jos viel\u00e4 ep\u00e4ilet niin <a href=\"http:\/\/www.casinadirosa.it\/en\/vacation-rental-reviews\">lue kokemuksia<\/a>, jotka vieraamme ovat kirjoittaneet tai <a href=\"http:\/\/www.casinadirosa.it\/en\/contact\">ota meihin yhteytt\u00e4<\/a>!<\/p>\n<p>L\u00e4htien \u2026 saakka\u2026 vain \u2026 euroa! Kaikki kustannukset kuuluu hintaan!<\/p>\n<p><div id=\"offers\">\n<div id=\"offer-1274\" class=\"offer-item\">\n<h2>(EN) St. Patrick&#8217;s Day Special!<\/h2>\n<p class=\"qtranxs-available-languages-message qtranxs-available-languages-message-fi\">Anteeksi, mutta t\u00e4m\u00e4 kirjoitus on saatavana ainoastaan n\u00e4ill\u00e4 kielill\u00e4: <a href=\"https:\/\/www.casinadirosa.it\/en\/wp-json\/wp\/v2\/pages\/38\" class=\"qtranxs-available-language-link qtranxs-available-language-link-en\" title=\"EN\">EN<\/a>.<\/p>\n<\/div>\n<\/div>\n<\/p>","protected":false},"excerpt":{"rendered":"<p>Kuka sanoi, ett\u00e4 loma Toscanassa on aina kallis? Vuokraa talo Maremmasta k\u00e4ytt\u00e4en hyv\u00e4ksesi meid\u00e4n erikoistarjouksiamme, hyv\u00e4 vaihtoehto kalliiseen lomaan hotellissa tai maatilalla. L\u00f6yd\u00e4 meid\u00e4n uusimmat lomaehdot Toscanassa! Hiljaisella kaudella voit kokea kaiken sen, mit\u00e4 Toscana voi tarjota, kylvyt ja kaunis maaseutu, hyv\u00e4 ruoka ja hienot viinit, ja tama kaikki kuluttaen v\u00e4hemm\u00e4n. Casina di Rosa, lomatalo [&hellip;]<\/p>\n","protected":false},"author":4,"featured_media":199,"parent":17,"menu_order":300,"comment_status":"closed","ping_status":"closed","template":"","meta":{"footnotes":""},"class_list":["post-38","page","type-page","status-publish","has-post-thumbnail","hentry"],"_links":{"self":[{"href":"https:\/\/www.casinadirosa.it\/fi\/wp-json\/wp\/v2\/pages\/38","targetHints":{"allow":["GET"]}}],"collection":[{"href":"https:\/\/www.casinadirosa.it\/fi\/wp-json\/wp\/v2\/pages"}],"about":[{"href":"https:\/\/www.casinadirosa.it\/fi\/wp-json\/wp\/v2\/types\/page"}],"author":[{"embeddable":true,"href":"https:\/\/www.casinadirosa.it\/fi\/wp-json\/wp\/v2\/users\/4"}],"replies":[{"embeddable":true,"href":"https:\/\/www.casinadirosa.it\/fi\/wp-json\/wp\/v2\/comments?post=38"}],"version-history":[{"count":25,"href":"https:\/\/www.casinadirosa.it\/fi\/wp-json\/wp\/v2\/pages\/38\/revisions"}],"predecessor-version":[{"id":779,"href":"https:\/\/www.casinadirosa.it\/fi\/wp-json\/wp\/v2\/pages\/38\/revisions\/779"}],"up":[{"embeddable":true,"href":"https:\/\/www.casinadirosa.it\/fi\/wp-json\/wp\/v2\/pages\/17"}],"wp:featuredmedia":[{"embeddable":true,"href":"https:\/\/www.casinadirosa.it\/fi\/wp-json\/wp\/v2\/media\/199"}],"wp:attachment":[{"href":"https:\/\/www.casinadirosa.it\/fi\/wp-json\/wp\/v2\/media?parent=38"}],"curies":[{"name":"wp","href":"https:\/\/api.w.org\/{rel}","templated":true}]}}