{"id":76,"date":"2011-03-09T05:14:14","date_gmt":"2011-03-09T04:14:14","guid":{"rendered":"http:\/\/www.casinadirosa.it\/?page_id=76"},"modified":"2011-06-03T18:01:13","modified_gmt":"2011-06-03T17:01:13","slug":"art-culture-tuscany","status":"publish","type":"page","link":"https:\/\/www.casinadirosa.it\/fi\/things-to-do-tuscany\/art-culture-tuscany\/","title":{"rendered":"Taide ja kulttuuri Toscanassa"},"content":{"rendered":"<p class=\"qtranxs-available-languages-message qtranxs-available-languages-message-fi\">Anteeksi, mutta t\u00e4m\u00e4 kirjoitus on saatavana ainoastaan n\u00e4ill\u00e4 kielill\u00e4: <a href=\"https:\/\/www.casinadirosa.it\/en\/wp-json\/wp\/v2\/pages\/76\" class=\"qtranxs-available-language-link qtranxs-available-language-link-en\" title=\"EN\">EN<\/a>, <a href=\"https:\/\/www.casinadirosa.it\/it\/wp-json\/wp\/v2\/pages\/76\" class=\"qtranxs-available-language-link qtranxs-available-language-link-it\" title=\"IT\">IT<\/a>, <a href=\"https:\/\/www.casinadirosa.it\/de\/wp-json\/wp\/v2\/pages\/76\" class=\"qtranxs-available-language-link qtranxs-available-language-link-de\" title=\"DE\">DE<\/a>, <a href=\"https:\/\/www.casinadirosa.it\/nl\/wp-json\/wp\/v2\/pages\/76\" class=\"qtranxs-available-language-link qtranxs-available-language-link-nl\" title=\"NL\">NL<\/a>, <a href=\"https:\/\/www.casinadirosa.it\/fr\/wp-json\/wp\/v2\/pages\/76\" class=\"qtranxs-available-language-link qtranxs-available-language-link-fr\" title=\"FR\">FR<\/a>, <a href=\"https:\/\/www.casinadirosa.it\/es\/wp-json\/wp\/v2\/pages\/76\" class=\"qtranxs-available-language-link qtranxs-available-language-link-es\" title=\"ES\">ES<\/a> ja <a href=\"https:\/\/www.casinadirosa.it\/ru\/wp-json\/wp\/v2\/pages\/76\" class=\"qtranxs-available-language-link qtranxs-available-language-link-ru\" title=\"RU\">RU<\/a>.<\/p>","protected":false},"excerpt":{"rendered":"<p>Anteeksi, mutta t\u00e4m\u00e4 kirjoitus on saatavana ainoastaan n\u00e4ill\u00e4 kielill\u00e4: EN, IT, DE, NL, FR, ES ja RU.<\/p>\n","protected":false},"author":4,"featured_media":201,"parent":26,"menu_order":0,"comment_status":"closed","ping_status":"closed","template":"","meta":{"footnotes":""},"class_list":["post-76","page","type-page","status-publish","has-post-thumbnail","hentry"],"_links":{"self":[{"href":"https:\/\/www.casinadirosa.it\/fi\/wp-json\/wp\/v2\/pages\/76","targetHints":{"allow":["GET"]}}],"collection":[{"href":"https:\/\/www.casinadirosa.it\/fi\/wp-json\/wp\/v2\/pages"}],"about":[{"href":"https:\/\/www.casinadirosa.it\/fi\/wp-json\/wp\/v2\/types\/page"}],"author":[{"embeddable":true,"href":"https:\/\/www.casinadirosa.it\/fi\/wp-json\/wp\/v2\/users\/4"}],"replies":[{"embeddable":true,"href":"https:\/\/www.casinadirosa.it\/fi\/wp-json\/wp\/v2\/comments?post=76"}],"version-history":[{"count":4,"href":"https:\/\/www.casinadirosa.it\/fi\/wp-json\/wp\/v2\/pages\/76\/revisions"}],"predecessor-version":[{"id":559,"href":"https:\/\/www.casinadirosa.it\/fi\/wp-json\/wp\/v2\/pages\/76\/revisions\/559"}],"up":[{"embeddable":true,"href":"https:\/\/www.casinadirosa.it\/fi\/wp-json\/wp\/v2\/pages\/26"}],"wp:featuredmedia":[{"embeddable":true,"href":"https:\/\/www.casinadirosa.it\/fi\/wp-json\/wp\/v2\/media\/201"}],"wp:attachment":[{"href":"https:\/\/www.casinadirosa.it\/fi\/wp-json\/wp\/v2\/media?parent=76"}],"curies":[{"name":"wp","href":"https:\/\/api.w.org\/{rel}","templated":true}]}}