{"id":9,"date":"2011-03-07T11:32:50","date_gmt":"2011-03-07T10:32:50","guid":{"rendered":"http:\/\/www.casinadirosa.it\/?page_id=9"},"modified":"2022-07-16T16:55:23","modified_gmt":"2022-07-16T14:55:23","slug":"home","status":"publish","type":"page","link":"https:\/\/www.casinadirosa.it\/fi\/","title":{"rendered":"Home"},"content":{"rendered":"<p>Oletko jo n\u00e4hnyt uskomattomia viime <a href=\"\/fi\/vacation-house-tuscany\/travel-deals-tuscany\/\" target=\"_blank\" rel=\"noopener noreferrer\">hetken tarjouksia majoituksesta Toscanassa<\/a>?<\/p>\n<p>Casina di Rosa on <strong>lomatalo vuokralle Toscanassa<\/strong> ja loistava mahdollisuus itsen\u00e4iselle matkustajalle, joka etsii yksityisyytt\u00e4 ja miellytt\u00e4v\u00e4\u00e4 ilmapiiri\u00e4. Tee talosta k\u00e4sin <strong>p\u00e4iv\u00e4retki\u00e4<\/strong> tai rentoudu ja koe <strong>perinteisen toscanalaisen kyl\u00e4n <\/strong>p\u00e4ivitt\u00e4ist\u00e4 el\u00e4m\u00e4\u00e4..<\/p>\n<p><strong>Lomatalomme Toscanassa<\/strong> koostuu kolmesta huoneesta (keitti\u00f6, makuuhuone parivuoteella sek\u00e4 oleskelutila ja kylpyhuone), jotka on kalustettu <strong>perinteiseen toscanalaiseen tyyliin<\/strong>. Keitti\u00f6 on hyvin varusteltu (mukaanlukien pesukone) ja toimiva tulisija.<\/p>\n<p><img loading=\"lazy\" decoding=\"async\" class=\"wp-image-1204 aligncenter\" src=\"http:\/\/www.casinadirosa.it\/wp-content\/uploads\/2022\/07\/kitchen01.jpg\" alt=\"\" width=\"600\" height=\"450\" srcset=\"https:\/\/www.casinadirosa.it\/wp-content\/uploads\/2022\/07\/kitchen01.jpg 800w, https:\/\/www.casinadirosa.it\/wp-content\/uploads\/2022\/07\/kitchen01-300x225.jpg 300w, https:\/\/www.casinadirosa.it\/wp-content\/uploads\/2022\/07\/kitchen01-768x576.jpg 768w, https:\/\/www.casinadirosa.it\/wp-content\/uploads\/2022\/07\/kitchen01-367x275.jpg 367w\" sizes=\"auto, (max-width: 600px) 100vw, 600px\" \/><\/p>\n<p>Talo sijaitsee Civitella Marittimassa, pieness\u00e4 kyl\u00e4ss\u00e4 m\u00e4en p\u00e4\u00e4lla kukkuloilla <strong>Toscanan alueella Maremman<\/strong> ja <strong>Sienan alueen <\/strong>v\u00e4liss\u00e4. Kyl\u00e4, jossa on 350 asukasta asutettiin alunperin Etruskien aikaan, mutta kehittyi huomattavasti <strong>keskiajalla<\/strong>. \u00a0Se on t\u00e4ydellinen tukikohta etel\u00e4isen Toscanan kuuluisimpien paikkojen tutkimiseen.<\/p>\n<p>Civitella Marittiman ymp\u00e4rist\u00f6 on saanut nimityksen \u201c<strong>Distretto Rurale Europeo<\/strong>\u201c: se pysyy yhten\u00e4 harvoina alueina Euroopassa, jossa luonto yh\u00e4 merkitsee t\u00e4rke\u00e4\u00e4 talouden resurssia. Tuhoutumaton ymp\u00e4rist\u00f6 tekee siit\u00e4 ihanteellisen paikan lomalaisille, jotka haluavat nauttia <strong>toscanalaisen maaseudun kauneudesta<\/strong> ja <strong>italialaisen el\u00e4m\u00e4ntavan <\/strong> alkuper\u00e4isest\u00e4 rytmist\u00e4.<\/p>","protected":false},"excerpt":{"rendered":"<p>Oletko jo n\u00e4hnyt uskomattomia viime hetken tarjouksia majoituksesta Toscanassa? Casina di Rosa on lomatalo vuokralle Toscanassa ja loistava mahdollisuus itsen\u00e4iselle matkustajalle, joka etsii yksityisyytt\u00e4 ja miellytt\u00e4v\u00e4\u00e4 ilmapiiri\u00e4. Tee talosta k\u00e4sin p\u00e4iv\u00e4retki\u00e4 tai rentoudu ja koe perinteisen toscanalaisen kyl\u00e4n p\u00e4ivitt\u00e4ist\u00e4 el\u00e4m\u00e4\u00e4.. Lomatalomme Toscanassa koostuu kolmesta huoneesta (keitti\u00f6, makuuhuone parivuoteella sek\u00e4 oleskelutila ja kylpyhuone), jotka on kalustettu [&hellip;]<\/p>\n","protected":false},"author":4,"featured_media":170,"parent":0,"menu_order":10,"comment_status":"closed","ping_status":"closed","template":"","meta":{"footnotes":""},"class_list":["post-9","page","type-page","status-publish","has-post-thumbnail","hentry"],"_links":{"self":[{"href":"https:\/\/www.casinadirosa.it\/fi\/wp-json\/wp\/v2\/pages\/9","targetHints":{"allow":["GET"]}}],"collection":[{"href":"https:\/\/www.casinadirosa.it\/fi\/wp-json\/wp\/v2\/pages"}],"about":[{"href":"https:\/\/www.casinadirosa.it\/fi\/wp-json\/wp\/v2\/types\/page"}],"author":[{"embeddable":true,"href":"https:\/\/www.casinadirosa.it\/fi\/wp-json\/wp\/v2\/users\/4"}],"replies":[{"embeddable":true,"href":"https:\/\/www.casinadirosa.it\/fi\/wp-json\/wp\/v2\/comments?post=9"}],"version-history":[{"count":33,"href":"https:\/\/www.casinadirosa.it\/fi\/wp-json\/wp\/v2\/pages\/9\/revisions"}],"predecessor-version":[{"id":1207,"href":"https:\/\/www.casinadirosa.it\/fi\/wp-json\/wp\/v2\/pages\/9\/revisions\/1207"}],"wp:featuredmedia":[{"embeddable":true,"href":"https:\/\/www.casinadirosa.it\/fi\/wp-json\/wp\/v2\/media\/170"}],"wp:attachment":[{"href":"https:\/\/www.casinadirosa.it\/fi\/wp-json\/wp\/v2\/media?parent=9"}],"curies":[{"name":"wp","href":"https:\/\/api.w.org\/{rel}","templated":true}]}}