{"id":17,"date":"2011-03-08T13:51:33","date_gmt":"2011-03-08T12:51:33","guid":{"rendered":"http:\/\/www.casinadirosa.it\/?page_id=17"},"modified":"2025-04-23T10:42:00","modified_gmt":"2025-04-23T08:42:00","slug":"vacation-house-tuscany","status":"publish","type":"page","link":"https:\/\/www.casinadirosa.it\/fr\/vacation-house-tuscany\/","title":{"rendered":"La maison"},"content":{"rendered":"<p>Casina di  Rosa a \u00e9t\u00e9 construite au XIX\u00e8me si\u00e8cle juste au-del\u00e0 des murs du  village, tout pr\u00e8s des b\u00e2timents nobles des comtes Ardengheschi.<\/p>\n<p><iframe loading=\"lazy\" width=\"650\" height=\"365,63\" src=\"https:\/\/www.youtube.com\/embed\/4qrozZiuqDU\" title=\"YouTube video player\" frameborder=\"0\" allow=\"accelerometer; autoplay; clipboard-write; encrypted-media; gyroscope; picture-in-picture\" allowfullscreen><\/iframe><\/p>\n<p>La maison est compl\u00e8tement <strong>ind\u00e9pendante<\/strong> et a \u00e9t\u00e9 r\u00e9cemment <strong>restructur\u00e9e<\/strong>. Elle se compose d&rsquo;une <strong>chambre double avec coin relax<\/strong>, d&rsquo;une cuisine, et d\u2019une salle de bain. Trois personnes peuvent facilement s\u00e9journer ensemble dans la maison, mais elle est <strong>parfaite pour deux personnes<\/strong>.<\/p>\n<p><img loading=\"lazy\" decoding=\"async\" class=\"size-full wp-image-1208 aligncenter\" src=\"http:\/\/www.casinadirosa.it\/wp-content\/uploads\/2022\/07\/loggia-e1657983381342.jpg\" alt=\"\" width=\"650\" height=\"488\" \/><\/p>\n<p>La maison dispose de <strong>chauffage<\/strong> et d&rsquo;une <strong>chemin\u00e9e<\/strong> pour les mois d&rsquo;hiver et de <strong>climatisateurs<\/strong> pour l&rsquo;\u00e9t\u00e9.<\/p>\n<h2>La chambre<\/h2>\n<p>La chambre est meubl\u00e9e d&rsquo;un <strong>lit double<\/strong>, d&rsquo;une armoire et d&rsquo;un coffre \u00e0 tiroirs pour nos h\u00f4tes.<\/p>\n<p>Des fen\u00eatres de la chambre, les hotes peuvent appr\u00e9cier une <strong>vue magnifique sur la campagne toscane<\/strong>.<\/p>\n<p><img loading=\"lazy\" decoding=\"async\" src=\"http:\/\/www.casinadirosa.it\/wp-content\/uploads\/2022\/07\/IMG_8526-e1657983887668.jpg\" alt=\"\" width=\"650\" height=\"488\" class=\"alignleft size-full wp-image-1213\" \/><br \/>\nLe coin relax est meubl\u00e9 dans un style rustique. Il dispose de deux<strong>canap\u00e9s<\/strong> dont un convertible, une table basse, une TV et une <strong>cha\u00eene st\u00e9r\u00e9o<\/strong> (Ipod\/Mp3 reader dock station). Il y a \u00e9galement une petite biblioth\u00e8que avec des <strong>guides<\/strong>, des <strong>cartes<\/strong> et des <strong>brochures<\/strong> sur la r\u00e9gion.<\/p>\n<h2>La cuisine<\/h2>\n<p>La cuisine est compl\u00e8tement <strong>\u00e9quip\u00e9e<\/strong> pour permettre \u00e0  nos h\u00f4tes d&rsquo;\u00eatre autonomes. Elle dispose d&rsquo;une cuisini\u00e8re \u00e0 gaz, d&rsquo;un  four \u00e9lectrique, d&rsquo;un r\u00e9frig\u00e9rateur, d&rsquo;un grille-pain et d&rsquo;une  bouilloire \u00e9lectrique. Il y a une chemin\u00e9e en pierre, une table et des  chaises pour manger.<\/p>\n<p><img loading=\"lazy\" decoding=\"async\" src=\"http:\/\/www.casinadirosa.it\/wp-content\/uploads\/2022\/07\/IMG_3843-e1657984229689.jpg\" alt=\"\" width=\"650\" height=\"488\" class=\"alignleft size-full wp-image-1216\" \/><\/p>\n<h2>La salle de bain<\/h2>\n<p>La salle de bain est \u00e9quip\u00e9e d&rsquo;un WC, d&rsquo;un lavabo, d&rsquo;un bidet et d&rsquo;une douche, le tout Id\u00e9al Standard.<br \/>\n<img loading=\"lazy\" decoding=\"async\" src=\"http:\/\/www.casinadirosa.it\/wp-content\/uploads\/2022\/07\/Screenshot-2022-07-16-at-17.18.10-e1657984752243.png\" alt=\"\" width=\"650\" height=\"490\" class=\"alignleft size-full wp-image-1218\" \/><br \/>\n<strong>Serviettes et s\u00e8che-cheveux<\/strong> sont fournis.<\/p>\n<h2>La loggia<\/h2>\n<p>La v\u00e9randa \u00e0 l&rsquo;entr\u00e9e de la maison est id\u00e9ale pour s&rsquo;asseoir dehors.<br \/>\n<img loading=\"lazy\" decoding=\"async\" src=\"http:\/\/www.casinadirosa.it\/wp-content\/uploads\/2022\/07\/4729431543_9ea199731f_o-e1657985545716.jpg\" alt=\"\" width=\"650\" height=\"488\" class=\"alignleft size-full wp-image-1221\" \/><\/p>\n<h2>Equipements et installations de Casina di Rosa<\/h2>\n<p>La maison dispose de:<\/p>\n<ul>\n<li>t\u00e9l\u00e9vision satellitaire avec lecteur DVD<\/li>\n<li>cha\u00eene st\u00e9r\u00e9o (Lecteur IPod-Mp3)<\/li>\n<li>lave-linge<\/li>\n<li>fer \u00e0 repasser<\/li>\n<li>bouilloire electrique<\/li>\n<li>grille-pain<\/li>\n<li>machine \u00e0 caf\u00e9 am\u00e9ricain<\/li>\n<li>s\u00e8che cheveux<\/li>\n<li>radiateur \u00e9lectrique pour la salle de bain<\/li>\n<li>climatisation pour l&rsquo;\u00e9t\u00e9<\/li>\n<li>chauffage \u00e9l\u00e9ctrique pour l&rsquo;hiver<\/li>\n<li>Internet (wi-fi)<\/li>\n<\/ul>\n<p><strong>Le linge de lit, de cuisine et de salle de bains est fourni.<\/strong><\/p>\n<p>Nous mettons \u00e0 disposition de nos h\u00f4tes des <strong>guides de la Toscane<\/strong> et des <strong>cartes<\/strong>. Au d\u00e9part, toutes les guides et les cartes doivent \u00eatre replac\u00e9es dans le s\u00e9jour.<\/p>\n<p>A l&rsquo;arriv\u00e9e, un <strong>panier de bienvenu<\/strong> avec des produits locaux.<\/p>\n<p>Participez au <strong><a href=\"http:\/\/www.bookcrossing.com\/\">BookCrossing<\/a><\/strong>!  Prenez un des livres de notre petite biblioth\u00e8que si Vous en avez  trouv\u00e9 un que Vous aimez beaucoup! Mais, attention! Vous devrez en  laisser un autre \u00e0 sa place! Le livre que Vous laissez doit \u00eatre en la  m\u00eame langue que le livre que Vous avez pris. <strong>Les guides et les cartes mises \u00e0 disposition de nos h\u00f4tes ne participent pas au BookCrossing<\/strong>.<\/p>","protected":false},"excerpt":{"rendered":"<p>Casina di Rosa a \u00e9t\u00e9 construite au XIX\u00e8me si\u00e8cle juste au-del\u00e0 des murs du village, tout pr\u00e8s des b\u00e2timents nobles des comtes Ardengheschi. La maison est compl\u00e8tement ind\u00e9pendante et a \u00e9t\u00e9 r\u00e9cemment restructur\u00e9e. Elle se compose d&rsquo;une chambre double avec coin relax, d&rsquo;une cuisine, et d\u2019une salle de bain. Trois personnes peuvent facilement s\u00e9journer ensemble [&hellip;]<\/p>\n","protected":false},"author":4,"featured_media":194,"parent":0,"menu_order":20,"comment_status":"closed","ping_status":"closed","template":"","meta":{"footnotes":""},"class_list":["post-17","page","type-page","status-publish","has-post-thumbnail","hentry"],"_links":{"self":[{"href":"https:\/\/www.casinadirosa.it\/fr\/wp-json\/wp\/v2\/pages\/17","targetHints":{"allow":["GET"]}}],"collection":[{"href":"https:\/\/www.casinadirosa.it\/fr\/wp-json\/wp\/v2\/pages"}],"about":[{"href":"https:\/\/www.casinadirosa.it\/fr\/wp-json\/wp\/v2\/types\/page"}],"author":[{"embeddable":true,"href":"https:\/\/www.casinadirosa.it\/fr\/wp-json\/wp\/v2\/users\/4"}],"replies":[{"embeddable":true,"href":"https:\/\/www.casinadirosa.it\/fr\/wp-json\/wp\/v2\/comments?post=17"}],"version-history":[{"count":35,"href":"https:\/\/www.casinadirosa.it\/fr\/wp-json\/wp\/v2\/pages\/17\/revisions"}],"predecessor-version":[{"id":1283,"href":"https:\/\/www.casinadirosa.it\/fr\/wp-json\/wp\/v2\/pages\/17\/revisions\/1283"}],"wp:featuredmedia":[{"embeddable":true,"href":"https:\/\/www.casinadirosa.it\/fr\/wp-json\/wp\/v2\/media\/194"}],"wp:attachment":[{"href":"https:\/\/www.casinadirosa.it\/fr\/wp-json\/wp\/v2\/media?parent=17"}],"curies":[{"name":"wp","href":"https:\/\/api.w.org\/{rel}","templated":true}]}}