{"id":34,"date":"2011-03-08T14:56:31","date_gmt":"2011-03-08T13:56:31","guid":{"rendered":"http:\/\/www.casinadirosa.it\/?page_id=34"},"modified":"2023-01-05T10:12:15","modified_gmt":"2023-01-05T09:12:15","slug":"prices","status":"publish","type":"page","link":"https:\/\/www.casinadirosa.it\/fr\/vacation-house-tuscany\/prices\/","title":{"rendered":"Prix"},"content":{"rendered":"<p>En la haute-saison, la maison ne peut \u00eatre lou\u00e9e qu&rsquo;<strong>\u00e0 la semaine<\/strong>, <strong>du samedi au samedi<\/strong>. Pendant le reste de l&rsquo;ann\u00e9e, autres dur\u00e9es sont possibles.<\/p>\n<p>La maison est id\u00e9ale <strong>pour 2, max. 3 personnes<\/strong>.<\/p>\n<table>\n<thead>\n<tr>\n<th><\/th>\n<th>Basse saison<\/th>\n<th>Moyenne saison<\/th>\n<th>Haute saison<\/th>\n<\/tr>\n<\/thead>\n<tbody>\n<tr>\n<td>2\/3 personnes<\/td>\n<td>\u20ac 380,00<\/td>\n<td>\u20ac 420,00<\/td>\n<td>\u20ac 480,00<\/td>\n<\/tr>\n<\/tbody>\n<\/table>\n<p>Les prix sont en <strong>euros<\/strong> et sont pour la <strong>maison toute enti\u00e8re<\/strong> pour la p\u00e9riode indiqu\u00e9e.<\/p>\n<p><strong>Basse saison:<\/strong> janvier, f\u00e9vrier, mars, octobre, novembre et d\u00e9cembre;<br \/>\n<strong>Moyenne saison:<\/strong> avril, mai et septembre;<br \/>\n<strong>Haute saison:<\/strong> juin, juillet, ao\u00fbt et les f\u00eates de No\u00ebl, de la Nouvelle Ann\u00e9e et des P\u00e2ques.<\/p>\n<h2>Termes et conditions<\/h2>\n<p>Casina di Rosa ne peut accueillir que <strong>non-fumeurs<\/strong>.<\/p>\n<p>Le prix de la location comprend :<\/p>\n<ul>\n<li>les draps, serviettes et torchons, (chang\u00e9s toutes les semaines)<\/li>\n<li>la consommation d&rsquo;eau, d&rsquo;\u00e9lectricit\u00e9 et de gaz<\/li>\n<li>chauffage \/ climatisation<\/li>\n<li>l\u2019utilisation de la machine \u00e0 laver et du fer \u00e0 repasser<\/li>\n<li>un petit panier de bienvenu contenant des produits locaux<\/li>\n<li>parking<\/li>\n<li>wifi<\/li>\n<\/ul>\n<p><strong>Nettoyage final:<\/strong> 30 euros<\/p>\n<p><strong>Arriv\u00e9e<\/strong> les samedis de 16h \u00e0 19h. Il est possible d&rsquo;arriver tardivement en pr\u00e9venant \u00e0 l&rsquo;avance. Le jour du <strong>d\u00e9part<\/strong>, la maison doit \u00eatre libre avant 10h.<\/p>\n<p>Les chiens sont bienvenus. Les h\u00f4tes sont responsables de tout dommage caus\u00e9 \u00e0 la maison ou au mobilier.<\/p>\n<p><strong>Self-check-in,<\/strong> mais on cherche d&rsquo;\u00eatre presents \u00e0 l&rsquo;arriv\u00e9e de nos h\u00f4tes.<\/p>\n<h2>Possibilit\u00e9s de paiement<\/h2>\n<p><strong>50%<\/strong> du paiement total doit \u00eatre vers\u00e9 en r\u00e9servant. Les <strong>50%<\/strong> restant sont \u00e0 payer 24 heurs avant de l&rsquo;arriv\u00e9e pour avoir la combination du\u00a0coffre-fort \u00e0 cl\u00e9s. Si on peu faire le check-in personnellement, il sera possible de payer en arrivant.<\/p>\n<p>Les h\u00f4tes doivent \u00e9galement laisser un <strong>d\u00e9p\u00f4t de 100 euros<\/strong> qui sera rendu au moment du d\u00e9part en l&rsquo;absence de dommage aux lieux.<\/p>\n<h3>Possibilit\u00e9 d&rsquo;annulation<\/h3>\n<p>Des frais sont appliqu\u00e9s lorsqu&rsquo;une r\u00e9servation confirm\u00e9e est annul\u00e9e. <strong>L&rsquo;acompte est non remboursable.\u00a0<\/strong><\/p>\n<p><strong>Il n&rsquo;ya aucune exception \u00e0 ces politiques<\/strong>. Nous vous recommandons de souscrire une assurance contre l&rsquo;annulation en raison de circonstances impr\u00e9vues (aussi covid-19).<\/p>","protected":false},"excerpt":{"rendered":"<p>En la haute-saison, la maison ne peut \u00eatre lou\u00e9e qu&rsquo;\u00e0 la semaine, du samedi au samedi. Pendant le reste de l&rsquo;ann\u00e9e, autres dur\u00e9es sont possibles. La maison est id\u00e9ale pour 2, max. 3 personnes. Basse saison Moyenne saison Haute saison 2\/3 personnes \u20ac 380,00 \u20ac 420,00 \u20ac 480,00 Les prix sont en euros et sont [&hellip;]<\/p>\n","protected":false},"author":4,"featured_media":198,"parent":17,"menu_order":100,"comment_status":"closed","ping_status":"closed","template":"","meta":{"footnotes":""},"class_list":["post-34","page","type-page","status-publish","has-post-thumbnail","hentry"],"_links":{"self":[{"href":"https:\/\/www.casinadirosa.it\/fr\/wp-json\/wp\/v2\/pages\/34","targetHints":{"allow":["GET"]}}],"collection":[{"href":"https:\/\/www.casinadirosa.it\/fr\/wp-json\/wp\/v2\/pages"}],"about":[{"href":"https:\/\/www.casinadirosa.it\/fr\/wp-json\/wp\/v2\/types\/page"}],"author":[{"embeddable":true,"href":"https:\/\/www.casinadirosa.it\/fr\/wp-json\/wp\/v2\/users\/4"}],"replies":[{"embeddable":true,"href":"https:\/\/www.casinadirosa.it\/fr\/wp-json\/wp\/v2\/comments?post=34"}],"version-history":[{"count":42,"href":"https:\/\/www.casinadirosa.it\/fr\/wp-json\/wp\/v2\/pages\/34\/revisions"}],"predecessor-version":[{"id":1271,"href":"https:\/\/www.casinadirosa.it\/fr\/wp-json\/wp\/v2\/pages\/34\/revisions\/1271"}],"up":[{"embeddable":true,"href":"https:\/\/www.casinadirosa.it\/fr\/wp-json\/wp\/v2\/pages\/17"}],"wp:featuredmedia":[{"embeddable":true,"href":"https:\/\/www.casinadirosa.it\/fr\/wp-json\/wp\/v2\/media\/198"}],"wp:attachment":[{"href":"https:\/\/www.casinadirosa.it\/fr\/wp-json\/wp\/v2\/media?parent=34"}],"curies":[{"name":"wp","href":"https:\/\/api.w.org\/{rel}","templated":true}]}}