{"id":40,"date":"2011-03-08T16:28:38","date_gmt":"2011-03-08T15:28:38","guid":{"rendered":"http:\/\/www.casinadirosa.it\/?page_id=40"},"modified":"2022-08-23T14:25:34","modified_gmt":"2022-08-23T12:25:34","slug":"photos-of-tuscany","status":"publish","type":"page","link":"https:\/\/www.casinadirosa.it\/fr\/vacation-house-tuscany\/photos-of-tuscany\/","title":{"rendered":"Galerie de photos"},"content":{"rendered":"<p>Visitez notre <strong>galerie de photos<\/strong> pour voir des <strong>photos de notre maison de vacances en Toscane<\/strong> et de la r\u00e9gion. Vous trouverez des photos de la <strong>belle campagne toscane<\/strong>, des <strong>vignobles<\/strong> et des <strong>oliveraies<\/strong>, des douces <strong>collines de la Toscane<\/strong> et <strong>des plaines de la Maremme<\/strong>.<\/p>\n<p>Vous y trouverez \u00e9galement des <strong>photos prises par nos clients<\/strong> au cours de leurs <strong>excursions<\/strong> aux nombreux lieux d&rsquo;int\u00e9r\u00eat que vous pouvez visiter \u00e0 partir de Casina  di Rosa: Sienne, Florence, le Val d&rsquo;Orcia, Pienza, Montalcino,  Montepulciano, Volterra, San Gimignano, Grosseto et la Maremme, la c\u00f4te,  la r\u00e9gion des Etrusques, de Pitigliano, Sovana, Sorano et de  l&rsquo;Argentario.<\/p>\n<p><img loading=\"lazy\" decoding=\"async\" class=\"wp-image-1249 aligncenter\" src=\"http:\/\/www.casinadirosa.it\/wp-content\/uploads\/2022\/08\/1.jpg\" alt=\"\" width=\"650\" height=\"520\" \/><\/p>\n<p><img loading=\"lazy\" decoding=\"async\" class=\"size-full wp-image-1254 aligncenter\" src=\"http:\/\/www.casinadirosa.it\/wp-content\/uploads\/2022\/08\/2-2-e1661253592802.jpg\" alt=\"\" width=\"650\" height=\"520\" \/><\/p>\n<p><img loading=\"lazy\" decoding=\"async\" class=\"size-full wp-image-1257 aligncenter\" src=\"http:\/\/www.casinadirosa.it\/wp-content\/uploads\/2022\/08\/3-2-e1661254432600.jpg\" alt=\"\" width=\"650\" height=\"520\" \/><\/p>\n<p><img loading=\"lazy\" decoding=\"async\" class=\"size-full wp-image-1258 aligncenter\" src=\"http:\/\/www.casinadirosa.it\/wp-content\/uploads\/2022\/08\/4-e1661254465673.jpg\" alt=\"\" width=\"650\" height=\"520\" \/><\/p>\n<p><img loading=\"lazy\" decoding=\"async\" class=\"size-full wp-image-1265 aligncenter\" src=\"http:\/\/www.casinadirosa.it\/wp-content\/uploads\/2022\/08\/civi2-e1661257425687.jpg\" alt=\"\" width=\"650\" height=\"520\" \/><\/p>","protected":false},"excerpt":{"rendered":"<p>Visitez notre galerie de photos pour voir des photos de notre maison de vacances en Toscane et de la r\u00e9gion. Vous trouverez des photos de la belle campagne toscane, des vignobles et des oliveraies, des douces collines de la Toscane et des plaines de la Maremme. Vous y trouverez \u00e9galement des photos prises par nos [&hellip;]<\/p>\n","protected":false},"author":4,"featured_media":197,"parent":17,"menu_order":400,"comment_status":"closed","ping_status":"closed","template":"","meta":{"footnotes":""},"class_list":["post-40","page","type-page","status-publish","has-post-thumbnail","hentry"],"_links":{"self":[{"href":"https:\/\/www.casinadirosa.it\/fr\/wp-json\/wp\/v2\/pages\/40","targetHints":{"allow":["GET"]}}],"collection":[{"href":"https:\/\/www.casinadirosa.it\/fr\/wp-json\/wp\/v2\/pages"}],"about":[{"href":"https:\/\/www.casinadirosa.it\/fr\/wp-json\/wp\/v2\/types\/page"}],"author":[{"embeddable":true,"href":"https:\/\/www.casinadirosa.it\/fr\/wp-json\/wp\/v2\/users\/4"}],"replies":[{"embeddable":true,"href":"https:\/\/www.casinadirosa.it\/fr\/wp-json\/wp\/v2\/comments?post=40"}],"version-history":[{"count":19,"href":"https:\/\/www.casinadirosa.it\/fr\/wp-json\/wp\/v2\/pages\/40\/revisions"}],"predecessor-version":[{"id":1267,"href":"https:\/\/www.casinadirosa.it\/fr\/wp-json\/wp\/v2\/pages\/40\/revisions\/1267"}],"up":[{"embeddable":true,"href":"https:\/\/www.casinadirosa.it\/fr\/wp-json\/wp\/v2\/pages\/17"}],"wp:featuredmedia":[{"embeddable":true,"href":"https:\/\/www.casinadirosa.it\/fr\/wp-json\/wp\/v2\/media\/197"}],"wp:attachment":[{"href":"https:\/\/www.casinadirosa.it\/fr\/wp-json\/wp\/v2\/media?parent=40"}],"curies":[{"name":"wp","href":"https:\/\/api.w.org\/{rel}","templated":true}]}}