{"id":64,"date":"2011-03-08T19:38:57","date_gmt":"2011-03-08T18:38:57","guid":{"rendered":"http:\/\/www.casinadirosa.it\/?page_id=64"},"modified":"2022-07-16T18:06:18","modified_gmt":"2022-07-16T16:06:18","slug":"civitella-marittima","status":"publish","type":"page","link":"https:\/\/www.casinadirosa.it\/fr\/southern-tuscany\/civitella-marittima\/","title":{"rendered":"Le village"},"content":{"rendered":"<p><\/p>\n<h1><\/h1>\n<p>Civitella  Marittima est un joli village en Toscane entre Sienne et la c\u00f4te de la  Maremme.  Il y a 350 habitants \u00e0 Civitella Marittima. Le village offre  tous les services essentiels.<\/p>\n<h2>Les services \u00e0 Civitella Marittima<\/h2>\n<p>Il y a deux <strong>banques<\/strong> avec <strong>distributeur d&rsquo;argent<\/strong>, une <strong>\u00e9picerie<\/strong>, 2 <strong>boulangeries<\/strong>, et d&rsquo;autres commerces (<strong>fleuriste<\/strong>, c\u00e9ramiste, tabac,\u2026). Le village a aussi une <strong>Poste<\/strong>, une <strong>pharmacie<\/strong> et une <strong>clinique<\/strong>. Dans le centre du village, il y a un <strong>restaurant<\/strong> et un <strong>bar<\/strong>. Un autre <strong>restaurant\/pizzeria<\/strong> est \u00e0 deux kilom\u00e8tres.<\/p>\n<p>A deux pas de la maison se trouve un grand <strong>parc public<\/strong>, parfait pour promener le chien ou se relaxer dans l&rsquo;ombre des noisetiers.<\/p>\n<h2>Les alentours<\/h2>\n<p>Les deux <strong>villages<\/strong> les plus proches (<strong>Paganico<\/strong> 7km et <strong>Roccastrada<\/strong> 13km) ont des petits <strong>centres commerciaux<\/strong>, des <strong>supermarch\u00e9s<\/strong> et de nombreux <strong>restaurants<\/strong> et <strong>pizzerias<\/strong> qui proposent \u00e0 la fois des viandes et des plats de poisson.<\/p>\n<p>Avec les <strong>autres villages de la communaut\u00e9<\/strong> (Pari, Casal di Pari, Monte Antico et Dogana), ils offrent la possibilit\u00e9 de d\u00e9couvrir des lieux d&rsquo;une <strong>exceptionnelle beaut\u00e9<\/strong> qu&rsquo;on ne trouve dans les circuits touristiques habituels.<\/p>\n<p>Casina di Rosa est un <strong>point de d\u00e9part id\u00e9al<\/strong> pour un tour dans la merveilleuse <strong>cuisine<\/strong> que la <strong>Maremme Toscane<\/strong> et Sienne offrent.<\/p>\n<h2>La Sagra et les autres activit\u00e9s organis\u00e9es dans le village<\/h2>\n<p>Le village de Civitella Maritimma lui m\u00eame offre de nombreuses possibilit\u00e9s toute l&rsquo;ann\u00e9e. Pendant les week ends de <strong>juin et de juillet<\/strong>, l&rsquo;association culturelle du village organise \u00ab\u00a0<strong>une soir\u00e9e sous les \u00e9toiles<\/strong>\u00ab\u00a0, une s\u00e9rie de d\u00een\u00e9s \u00e0 l&rsquo;ext\u00e9rieur avec des sp\u00e9cialit\u00e9s locales diff\u00e9rentes chaque semaine. Pendant le <strong>dernier week end d&rsquo;ao\u00fbt<\/strong> c&rsquo;est le \u00ab\u00a0<strong>Sagra dell&rsquo;Alta Maremma<\/strong>\u00ab\u00a0, le festival du village: musique et danse, art et artisanat et aussi de la bonne chaire. Au mois de <strong>novembre<\/strong> on f\u00eate la <strong>nouvelle huile d&rsquo;olive<\/strong> avec le festival \u00ab\u00a0Festa del Buco Unto\u00a0\u00bb.<\/p>","protected":false},"excerpt":{"rendered":"<p>Civitella Marittima est un joli village en Toscane entre Sienne et la c\u00f4te de la Maremme. Il y a 350 habitants \u00e0 Civitella Marittima. Le village offre tous les services essentiels. Les services \u00e0 Civitella Marittima Il y a deux banques avec distributeur d&rsquo;argent, une \u00e9picerie, 2 boulangeries, et d&rsquo;autres commerces (fleuriste, c\u00e9ramiste, tabac,\u2026). Le [&hellip;]<\/p>\n","protected":false},"author":4,"featured_media":190,"parent":22,"menu_order":100,"comment_status":"closed","ping_status":"closed","template":"","meta":{"footnotes":""},"class_list":["post-64","page","type-page","status-publish","has-post-thumbnail","hentry"],"_links":{"self":[{"href":"https:\/\/www.casinadirosa.it\/fr\/wp-json\/wp\/v2\/pages\/64","targetHints":{"allow":["GET"]}}],"collection":[{"href":"https:\/\/www.casinadirosa.it\/fr\/wp-json\/wp\/v2\/pages"}],"about":[{"href":"https:\/\/www.casinadirosa.it\/fr\/wp-json\/wp\/v2\/types\/page"}],"author":[{"embeddable":true,"href":"https:\/\/www.casinadirosa.it\/fr\/wp-json\/wp\/v2\/users\/4"}],"replies":[{"embeddable":true,"href":"https:\/\/www.casinadirosa.it\/fr\/wp-json\/wp\/v2\/comments?post=64"}],"version-history":[{"count":8,"href":"https:\/\/www.casinadirosa.it\/fr\/wp-json\/wp\/v2\/pages\/64\/revisions"}],"predecessor-version":[{"id":1232,"href":"https:\/\/www.casinadirosa.it\/fr\/wp-json\/wp\/v2\/pages\/64\/revisions\/1232"}],"up":[{"embeddable":true,"href":"https:\/\/www.casinadirosa.it\/fr\/wp-json\/wp\/v2\/pages\/22"}],"wp:featuredmedia":[{"embeddable":true,"href":"https:\/\/www.casinadirosa.it\/fr\/wp-json\/wp\/v2\/media\/190"}],"wp:attachment":[{"href":"https:\/\/www.casinadirosa.it\/fr\/wp-json\/wp\/v2\/media?parent=64"}],"curies":[{"name":"wp","href":"https:\/\/api.w.org\/{rel}","templated":true}]}}