{"id":76,"date":"2011-03-09T05:14:14","date_gmt":"2011-03-09T04:14:14","guid":{"rendered":"http:\/\/www.casinadirosa.it\/?page_id=76"},"modified":"2011-06-03T18:01:13","modified_gmt":"2011-06-03T17:01:13","slug":"art-culture-tuscany","status":"publish","type":"page","link":"https:\/\/www.casinadirosa.it\/fr\/things-to-do-tuscany\/art-culture-tuscany\/","title":{"rendered":"Art et culture en Toscane"},"content":{"rendered":"<p><br \/>\nPour les <strong>amoureux de la culture<\/strong>, une visite aux villes d&rsquo;art comme Sienne, Florence, Arezzo, Pise et Lucques est hautement recommand\u00e9e.<\/p>\n<p>Il est tout \u00e0 fait possible de visiter ses villes avec des promenades  d&rsquo;une journ\u00e9e, en partant le matin et en revenant le soir, m\u00eame si  seuls des mois de visite permettraient de les conna\u00eetre vraiment. On  rejoint <strong>Rome<\/strong> tr\u00e8s facilement de Grosseto par le train ou en utilisant une voiture. <strong>Perugia<\/strong> en Ombrie est \u00e0 une heure et demi en voiture du village.<\/p>\n<p>Pour apprendre l&rsquo;histoire de la r\u00e9gion, nous sugg\u00e9rons une visite aux <strong>ruines Etrusco-romaines<\/strong> dans le parc arch\u00e9ologique de Roselle, Pitigliano, Sorano et Sovana.  Les n\u00e9cropoles Etrusques sont un tr\u00e9sor d&rsquo;une valeur immense et ne  peuvent \u00eatre trouv\u00e9es que dans cette zone.<\/p>\n<p>Un nombre important de <strong>ch\u00e2teaux m\u00e9di\u00e9vaux et d\u2019abbayes<\/strong> se trouvent dans le voisinage (Abbaye de St Laurent, San Galgano, Monte  Antico, Casenovole, Poggio alle Mura, Pienza, San Gimignano, Volterra\u2026)<\/p>\n<p>Egalement, la Toscane est le lieux parfait pour <strong>apprendre la langue italienne<\/strong>. A Sienne, il y a un grand nombre d&rsquo;\u00e9coles de langue qui offrent des excellents courses d&rsquo;italien.<\/p>\n<p>Photo banner by <a href=\"http:\/\/www.flickr.com\/photos\/shoes_on_wires\/2354908526\/\">Shoes on Wires<\/a>.<\/p>","protected":false},"excerpt":{"rendered":"<p>Pour les amoureux de la culture, une visite aux villes d&rsquo;art comme Sienne, Florence, Arezzo, Pise et Lucques est hautement recommand\u00e9e. Il est tout \u00e0 fait possible de visiter ses villes avec des promenades d&rsquo;une journ\u00e9e, en partant le matin et en revenant le soir, m\u00eame si seuls des mois de visite permettraient de les [&hellip;]<\/p>\n","protected":false},"author":4,"featured_media":201,"parent":26,"menu_order":0,"comment_status":"closed","ping_status":"closed","template":"","meta":{"footnotes":""},"class_list":["post-76","page","type-page","status-publish","has-post-thumbnail","hentry"],"_links":{"self":[{"href":"https:\/\/www.casinadirosa.it\/fr\/wp-json\/wp\/v2\/pages\/76","targetHints":{"allow":["GET"]}}],"collection":[{"href":"https:\/\/www.casinadirosa.it\/fr\/wp-json\/wp\/v2\/pages"}],"about":[{"href":"https:\/\/www.casinadirosa.it\/fr\/wp-json\/wp\/v2\/types\/page"}],"author":[{"embeddable":true,"href":"https:\/\/www.casinadirosa.it\/fr\/wp-json\/wp\/v2\/users\/4"}],"replies":[{"embeddable":true,"href":"https:\/\/www.casinadirosa.it\/fr\/wp-json\/wp\/v2\/comments?post=76"}],"version-history":[{"count":4,"href":"https:\/\/www.casinadirosa.it\/fr\/wp-json\/wp\/v2\/pages\/76\/revisions"}],"predecessor-version":[{"id":559,"href":"https:\/\/www.casinadirosa.it\/fr\/wp-json\/wp\/v2\/pages\/76\/revisions\/559"}],"up":[{"embeddable":true,"href":"https:\/\/www.casinadirosa.it\/fr\/wp-json\/wp\/v2\/pages\/26"}],"wp:featuredmedia":[{"embeddable":true,"href":"https:\/\/www.casinadirosa.it\/fr\/wp-json\/wp\/v2\/media\/201"}],"wp:attachment":[{"href":"https:\/\/www.casinadirosa.it\/fr\/wp-json\/wp\/v2\/media?parent=76"}],"curies":[{"name":"wp","href":"https:\/\/api.w.org\/{rel}","templated":true}]}}