{"id":78,"date":"2011-03-09T05:23:07","date_gmt":"2011-03-09T04:23:07","guid":{"rendered":"http:\/\/www.casinadirosa.it\/?page_id=78"},"modified":"2011-06-03T18:02:46","modified_gmt":"2011-06-03T17:02:46","slug":"nature-sport-tuscany","status":"publish","type":"page","link":"https:\/\/www.casinadirosa.it\/fr\/things-to-do-tuscany\/nature-sport-tuscany\/","title":{"rendered":"Nature et Sport"},"content":{"rendered":"<p><br \/>\nPour les <strong>amoureux de la nature<\/strong>, la r\u00e9gion aux alentours offre de nombreuses pistes pour les <strong>promenades<\/strong>, la <strong>marche<\/strong> et le <strong>VTT<\/strong>.<\/p>\n<p>A proximit\u00e9 du <strong>Monte Amiata<\/strong> on trouve des <strong>pistes de montagne<\/strong>. Les deux plus grands <strong>parcs nationaux<\/strong> sont au Monte Labro et dans la p\u00e9ninsule Argentario.<\/p>\n<p>Casina Rosa est une <strong>base id\u00e9ale<\/strong> pour ceux qui souhaitent d\u00e9couvrir l&rsquo;excellent terrain de <strong>chasse<\/strong> de la r\u00e9gion. La chasse locale est magnifique et comprend faisan, li\u00e8vre et sanglier. Il est aussi possible d&rsquo;organiser des <strong>excursions \u00e0 cheval<\/strong> avec une ferme \u00e0 proximit\u00e9.<\/p>\n<p>La <strong>c\u00f4te Tyrrh\u00e9nienne<\/strong>, qui re\u00e7oit annuellement la  reconnaissance de la qualit\u00e9 de ses eaux et des ses plages n&rsquo;est qu&rsquo;\u00e0  une courte distante. Vous pourrez prendre le soleil sur les plages  d&rsquo;Alberese, Castiglione della Pescaia, Punt&rsquo;ala, Argentario et les iles  d&rsquo;Elbe et Giglio.<\/p>\n<p>Les <strong>sources d&rsquo;eau chaude naturelles<\/strong> sont ouvertes au public toute l&rsquo;ann\u00e9e (<strong>Petriolo<\/strong> 13km et <strong>Saturnia<\/strong> 30km).<\/p>\n<p>Photo banner by <a href=\"http:\/\/www.flickr.com\/photos\/giesenbauer\/3286959625\/sizes\/m\/\">Bj\u00f8rn Giesenbauer<\/a>. Outres photos par <a href=\"http:\/\/www.flickr.com\/photos\/hippydream\/3581119331\/sizes\/l\/in\/photostream\/\">hippydream<\/a>, <a href=\"http:\/\/www.flickr.com\/photos\/timlawrenz\/3603085923\/sizes\/o\/in\/photostream\/\">tim.la<\/a>, <a href=\"http:\/\/www.flickr.com\/photos\/jorre\/4968921162\/sizes\/z\/in\/photostream\/\">jorisp<\/a>.<\/p>","protected":false},"excerpt":{"rendered":"<p>Pour les amoureux de la nature, la r\u00e9gion aux alentours offre de nombreuses pistes pour les promenades, la marche et le VTT. A proximit\u00e9 du Monte Amiata on trouve des pistes de montagne. Les deux plus grands parcs nationaux sont au Monte Labro et dans la p\u00e9ninsule Argentario. Casina Rosa est une base id\u00e9ale pour [&hellip;]<\/p>\n","protected":false},"author":4,"featured_media":204,"parent":26,"menu_order":0,"comment_status":"closed","ping_status":"closed","template":"","meta":{"footnotes":""},"class_list":["post-78","page","type-page","status-publish","has-post-thumbnail","hentry"],"_links":{"self":[{"href":"https:\/\/www.casinadirosa.it\/fr\/wp-json\/wp\/v2\/pages\/78","targetHints":{"allow":["GET"]}}],"collection":[{"href":"https:\/\/www.casinadirosa.it\/fr\/wp-json\/wp\/v2\/pages"}],"about":[{"href":"https:\/\/www.casinadirosa.it\/fr\/wp-json\/wp\/v2\/types\/page"}],"author":[{"embeddable":true,"href":"https:\/\/www.casinadirosa.it\/fr\/wp-json\/wp\/v2\/users\/4"}],"replies":[{"embeddable":true,"href":"https:\/\/www.casinadirosa.it\/fr\/wp-json\/wp\/v2\/comments?post=78"}],"version-history":[{"count":4,"href":"https:\/\/www.casinadirosa.it\/fr\/wp-json\/wp\/v2\/pages\/78\/revisions"}],"predecessor-version":[{"id":560,"href":"https:\/\/www.casinadirosa.it\/fr\/wp-json\/wp\/v2\/pages\/78\/revisions\/560"}],"up":[{"embeddable":true,"href":"https:\/\/www.casinadirosa.it\/fr\/wp-json\/wp\/v2\/pages\/26"}],"wp:featuredmedia":[{"embeddable":true,"href":"https:\/\/www.casinadirosa.it\/fr\/wp-json\/wp\/v2\/media\/204"}],"wp:attachment":[{"href":"https:\/\/www.casinadirosa.it\/fr\/wp-json\/wp\/v2\/media?parent=78"}],"curies":[{"name":"wp","href":"https:\/\/api.w.org\/{rel}","templated":true}]}}