{"id":9,"date":"2011-03-07T11:32:50","date_gmt":"2011-03-07T10:32:50","guid":{"rendered":"http:\/\/www.casinadirosa.it\/?page_id=9"},"modified":"2022-07-16T16:55:23","modified_gmt":"2022-07-16T14:55:23","slug":"home","status":"publish","type":"page","link":"https:\/\/www.casinadirosa.it\/fr\/","title":{"rendered":"Accueil"},"content":{"rendered":"<p>Avez-vous d\u00e9j\u00e0 vu nos incroyables <a href=\"\/fr\/vacation-house-tuscany\/travel-deals-tuscany\/\" target=\"_blank\" rel=\"noopener noreferrer\">offres de derni\u00e8re minute pour vos vacances en Toscane<\/a>?<\/p>\n<p>Casina di Rosa est <strong>une maison de vacances en Toscane<\/strong> et une opportunit\u00e9 merveilleuse pour les voyageurs ind\u00e9pendants recherchant de l&rsquo;intimit\u00e9 et une <strong>atmosph\u00e8re agr\u00e9able<\/strong>.  Il est possible d&rsquo;utiliser la maison comme point de d\u00e9part de voyage  touristique ou se reposer et conna\u00eetre la vie de tous les jours dans un <strong>village traditionnel Toscan<\/strong>.<\/p>\n<p>Notre maison en Toscane est compos\u00e9e par <strong>3 pi\u00e8ces<\/strong> (une cuisine, une chambre avec un lit matrimonial et coin relax, et une  salle de bain) avec un mobilier de type toscan. La cuisine b\u00e9n\u00e9ficie de  tous les principaux appareils (y compris une <strong>machine \u00e0 laver<\/strong>) et d&rsquo;une <strong>chemin\u00e9e<\/strong> en fonction.<\/p>\n<p><img loading=\"lazy\" decoding=\"async\" class=\"wp-image-1204 aligncenter\" src=\"http:\/\/www.casinadirosa.it\/wp-content\/uploads\/2022\/07\/kitchen01.jpg\" alt=\"\" width=\"600\" height=\"450\" srcset=\"https:\/\/www.casinadirosa.it\/wp-content\/uploads\/2022\/07\/kitchen01.jpg 800w, https:\/\/www.casinadirosa.it\/wp-content\/uploads\/2022\/07\/kitchen01-300x225.jpg 300w, https:\/\/www.casinadirosa.it\/wp-content\/uploads\/2022\/07\/kitchen01-768x576.jpg 768w, https:\/\/www.casinadirosa.it\/wp-content\/uploads\/2022\/07\/kitchen01-367x275.jpg 367w\" sizes=\"auto, (max-width: 600px) 100vw, 600px\" \/><\/p>\n<p>La maison se situe \u00e0 <strong>Civitella Marittima<\/strong>, un petit village \u00e0 flan de colline dans la <strong>maremme toscane<\/strong> et \u00e0 proximit\u00e9 de <strong>Sienne<\/strong>.  350 personnes habitent dans le village qui a connu ses premiers  habitants \u00e0 l&rsquo;\u00e9poque des Etrusques, mais son expansion la plus  importante pendant la p\u00e9riode <strong>m\u00e9di\u00e9vale<\/strong>.<\/p>\n<p>Les alentours de Civitella Marittima ont \u00e9t\u00e9 d\u00e9clar\u00e9s \u00ab\u00a0<strong>District rural europ\u00e9en<\/strong>\u00a0\u00bb : c&rsquo;est une des rares r\u00e9gions de l&rsquo;Europe o\u00f9 la <strong>nature<\/strong> compose toujours la plus grande partie des ressources \u00e9conomiques.  L&rsquo;environnement intact rend le lieu id\u00e9al pour les vacanciers  recherchant \u00e0 s&rsquo;immerger dans la nature.<\/p>","protected":false},"excerpt":{"rendered":"<p>Avez-vous d\u00e9j\u00e0 vu nos incroyables offres de derni\u00e8re minute pour vos vacances en Toscane? Casina di Rosa est une maison de vacances en Toscane et une opportunit\u00e9 merveilleuse pour les voyageurs ind\u00e9pendants recherchant de l&rsquo;intimit\u00e9 et une atmosph\u00e8re agr\u00e9able. Il est possible d&rsquo;utiliser la maison comme point de d\u00e9part de voyage touristique ou se reposer [&hellip;]<\/p>\n","protected":false},"author":4,"featured_media":170,"parent":0,"menu_order":10,"comment_status":"closed","ping_status":"closed","template":"","meta":{"footnotes":""},"class_list":["post-9","page","type-page","status-publish","has-post-thumbnail","hentry"],"_links":{"self":[{"href":"https:\/\/www.casinadirosa.it\/fr\/wp-json\/wp\/v2\/pages\/9","targetHints":{"allow":["GET"]}}],"collection":[{"href":"https:\/\/www.casinadirosa.it\/fr\/wp-json\/wp\/v2\/pages"}],"about":[{"href":"https:\/\/www.casinadirosa.it\/fr\/wp-json\/wp\/v2\/types\/page"}],"author":[{"embeddable":true,"href":"https:\/\/www.casinadirosa.it\/fr\/wp-json\/wp\/v2\/users\/4"}],"replies":[{"embeddable":true,"href":"https:\/\/www.casinadirosa.it\/fr\/wp-json\/wp\/v2\/comments?post=9"}],"version-history":[{"count":33,"href":"https:\/\/www.casinadirosa.it\/fr\/wp-json\/wp\/v2\/pages\/9\/revisions"}],"predecessor-version":[{"id":1207,"href":"https:\/\/www.casinadirosa.it\/fr\/wp-json\/wp\/v2\/pages\/9\/revisions\/1207"}],"wp:featuredmedia":[{"embeddable":true,"href":"https:\/\/www.casinadirosa.it\/fr\/wp-json\/wp\/v2\/media\/170"}],"wp:attachment":[{"href":"https:\/\/www.casinadirosa.it\/fr\/wp-json\/wp\/v2\/media?parent=9"}],"curies":[{"name":"wp","href":"https:\/\/api.w.org\/{rel}","templated":true}]}}