{"id":100,"date":"2011-03-09T09:11:12","date_gmt":"2011-03-09T08:11:12","guid":{"rendered":"http:\/\/www.casinadirosa.it\/?page_id=100"},"modified":"2011-06-05T09:26:13","modified_gmt":"2011-06-05T08:26:13","slug":"upper-maremma-hills","status":"publish","type":"page","link":"https:\/\/www.casinadirosa.it\/it\/southern-tuscany\/maremma\/upper-maremma-hills\/","title":{"rendered":"L&#8217;Alta Maremma"},"content":{"rendered":"<p><\/p>\n<h2>La zona di Casina di Rosa<\/h2>\n<p>Clicca qui per vedere una mappa sensibile della Maremma<\/p>\n<p>Come si diceva, questa zona \u00e8 solitamente trascurata dalle guide  turistiche e da molti portali perch\u00e9 la sua maggiore risorsa \u00e8  probabilmente il <strong>patrimonio naturale<\/strong>. Da sempre quest&#8217;area, in cui per altro si trova <strong>Civitella Marittima<\/strong>, il paese di <strong>Casina di Rosa<\/strong>, ha svolto la funzione di area di <strong>passaggio tra Siena e il mare<\/strong>. Di origini antichissime, la sua posizione interna l&#8217;ha protetta e ne ha mantenuto il carattere originale di <strong>area rurale di origine medievale<\/strong>.<\/p>\n<p>Le <strong>colline dell&#8217;interno<\/strong> si estendono su tre comuni, <strong>Civitella Paganico<\/strong>, <strong>Campagnatico<\/strong> e <strong>Cinigiano<\/strong>, che hanno avuto un grande sviluppo turistico negli ultimi anni, in ragione della loro collocazione al <strong>crocevia<\/strong> tra le aree di maggiore interesse turistico (<strong>Siena e il Chianti, la Val d&#8217;Orcia e il Monte Amiata, la Maremma e il mare)<\/strong>. Questa <strong>posizione ideale<\/strong>, oltre a farne una <strong>base perfetta per esplorare la Toscana meridional<\/strong>e in quanto si snoda lungo la principale via di comunicazione (la <strong>E78<\/strong> Grosseto-Fano \/ <strong>SS223<\/strong> Siena-Grosseto), ha lasciato molte tracce nella cultura di queste zone rendendole un vero e proprio <strong>ibrido<\/strong> della &#8220;senesit\u00e0&#8221; e della &#8220;maremmanit\u00e0&#8221;.<\/p>\n<p>La brochure dell&#8217;APT della Maremma riassume nell&#8217;introduzione le caratteristiche che rendono unica questa zona:<\/p>\n<p><em>&#8220;Questa fascia di terra fra l&#8217;ampia pianura maremmana e le  pendici del Monte Amiata colpisce per tutte le sue caratteristiche e si  distingue per il sinuoso alternarsi di piane assolate, dolci colline e  boschi rigogliosi. Una natura che sale intatta verso la parte collinare  mostrando quanto sia stata generosa e quanto l&#8217;uomo abbia saputo  rispettarla. Importanti testimonianze storiche si alternano alle  ondulazioni e alle sfumature del verde, da quella tenue delle vigne a  quella intensa della selvaggia macchia mediterranea, all&#8217;argento degli  ulivi, al giallo dei girasoli. Un patrimonio naturalistico importante e  arricchito da antichi borghi, castelli, rocche, cinte murarie che  circondano ogni piccolo paese, unendosi al territorio in un connubio  armonioso fra i colori e i sapori della terra e la storia di queste  antiche civilt\u00e0 rurali. A Cinigiano vive ancora un sistema di vita  rurale di altri tempi, con il ritmo di antiche e recenti memorie. Un  solitario mare d&#8217;erba precede Campagnatico, antico castello della  potente famiglia degli Aldobrandeschi, un autentico balcone sulle grandi  vallate dell&#8217;Ombrone e del Bruna. Nella festosa natura maremmana  spiccano torri snelle e merlate, ruderi ed edifici fortificati fino ai  paesi di Civitella Paganico, ai confini della provincia. Ogni centro di  questa zona della Maremma vanta le proprie tradizioni e le proprie  leggende. Capita anche, in precisi momenti dell&#8217;anno, di vedere come  esse vengano festeggiate. In un clima da fiaba che rivive intatto negli  anni.&#8221;<\/em><\/p>\n<p>Non c&#8217;\u00e8 un momento migliore per visitare questa zona della Maremma, dipende solamente dai gusti personali del viaggiatore. In <strong>primavera<\/strong> i campi verde smeraldo, coperti dai papaveri e dai mille fiori, le  vigne non ancora legate, gli olivi fioriti, la rendono spettacolare. In <strong>estate<\/strong> i campi dorati con le rotoballe che si alternano ai filari di cipressi,  ai vigneti ordinati, agli oliveti e ai campi di girasoli fioriti ne  fanno uno spettacolo da cartolina. L&#8217;<strong>autunno<\/strong> con i  colori tenui, le nebbie, i profumi del bosco e i suoni inconfondibili  della campagna fa rivivere l&#8217;eco di tempi lontani. Infine, in <strong>inverno<\/strong>,  l&#8217;odore della legna che arde nei camini, l&#8217;olio nuovo e il vino  novello, le nevicate e le brinate bianche della mattina danno veramente  l&#8217;impressione che il tempo si sia fermato.<\/p>\n<p><strong>Campagnatico e Montorsaio<\/strong> sono due paesi medievali molto ben conservati. Montorsaio ospita invece uno splendido <strong>presepe vivente<\/strong> in occasione delle feste di Natale. Campagnatico viene anche nominato nell&#8217;XI canto della <strong>Divina Commedia<\/strong> e si anima in occasione del <strong>Palio dei Ciuchi<\/strong> che si svolge in onore di in onore di Maria SS. delle Grazie nella  prima met\u00e0 di settembre. Il paese ospita numerosi edifici medievali  interessanti quali la chiesa di Santa Maria, il Castello e la Pieve.<\/p>\n<p><strong>Cinigiano<\/strong> \u00e8 sorge nel cuore di alcuni dei <strong>paesaggi<\/strong> pi\u00f9 belli della Maremma e dell&#8217;intera Toscana. La vista che si gode dal  paese e anche la strada che si percorre per raggiungerlo, cos\u00ec  scenografica, sono la sua maggiore attrattiva, insieme alla <strong>Torre dell&#8217;Orologio<\/strong> di origine medievale e ai resti della rocca. Il territorio del comune  che si estende dai piani della maremma alle pendici del monte Amiata \u00e8  molto variegato: la macchia mediterranea si alterna agli oliveti ed ai  vigneti, gli alberi da frutto e le colline erbose ai boschi di castagno.  Nei dintorni si raccomanda di visitare il borgo di <strong>Monticello Amiata<\/strong>, il <strong>Castello di Porrona<\/strong>, borgo perfettamente conservato, <strong>Sasso d&#8217;Ombrone e Castello di Colle Massari,<\/strong> patria del DOC locale, il <strong>Montecucco<\/strong>, la rocca di <strong>Castiglioncello Bandini<\/strong>, e il <strong>castello di Vicarello<\/strong>.<\/p>\n<p>Grazie al successo del vino <strong>DOC Montecucco<\/strong>, Cinigiano \u00e8 divenuto un centro molto vivace. In particolare si raccomanda di non perdere <strong>Calici Sotto le Stelle<\/strong>, il 10 agosto di ogni anno, quando le cantine vengono aperte e il buon vino scorre a fiumi, e la <strong>Festa dell&#8217;Uva<\/strong> del primo week-end di ottobre. A Monticello la secodna domenica di ottobre si svolge la <strong>Festa della Castagna<\/strong> e l&#8217;ultima domenica di novembre si celebra le <strong>Festa dell&#8217;Olio<\/strong>.<\/p>\n<p>E il cerchio si chiude tornando al punto di partenza: Civitella Paganico, il comune in cui sorge <strong>Civitella Marittima<\/strong>.  Civitella \u00e8 un paese di origine etrusca, ma sviluppatosi come rocca  degli Aldobrandeschi intorno al 1000. Da Civitella si gode una <strong>vista spettacolare sulla Maremma e il Monte Amiata fino alla Val d&#8217;Orcia e Montalcino<\/strong>.  Si conservano tratti delle mura originali, una delle porte, delle  scalinate antichissime da cui si dice che i patroni San Fabiano e  Sebastiano siano scesi per liberare il paese dalla peste, e ancora oggi  conosciute come Scale Sante.<\/p>\n<p>Civitella era ed ancora \u00e8 famosa per il suo <strong>ottimo olio d&#8217;oliva<\/strong> e oggi rientra anche nel <strong>DOC Montecucco<\/strong>. La Sagra paesana, la <strong>Sagra dell&#8217;Alta Maremma<\/strong>, si celebra ogni anno l&#8217;ultimo week-end di agosto.<\/p>\n<p>Di grande pregio, nei pressi del paese sono le antiche fonti e l&#8217;<strong>Abbadia Ardenghesca del X secolo<\/strong> a memoria di un grande e potente complesso monastico che controllava il passaggio da Siena e il mare.<\/p>\n<p>Nei dintorni di Civitella Marittima, si devono visitare il paese di <strong>Paganico<\/strong> con la sua cinta muraria senese conservata e la chiesa con gli affreschi di Goro Grezzi; i <strong>Castelli di Casenovole e Monte Antico<\/strong> da cui si gode una vista spettacolare sulla valle dell&#8217;<strong>Ombrone<\/strong>; i paesi di <strong>Casal di Pari<\/strong>, ma soprattutto <strong>Pari<\/strong> che \u00e8 un gioiello di architettura medievale perfettamente conservato a 2km dalle <strong>terme di Petriolo<\/strong>, dove si possono vedere resti romani e di fortificazioni medievali mentre ci si godono le <strong>acque sulfuree<\/strong> immersi nel verde.<\/p>\n<p>Per ogni informazione si pu\u00f2 scaricare la brochure dell&#8217;APT della  Maremma oppure visitare il sito del Comune di Civitella Paganico.<\/p>\n<p>Per gli amanti della natura, si raccomanda una visita al parco del <strong>Basso Merse<\/strong>, e <strong>escursioni a cavallo, a piedi o in bicicletta<\/strong>.<\/p>\n<p>Re della gastronomia di queste terre \u00e8 il <strong>cinghiale<\/strong> che si caccia da novembre a fine gennaio, naturalmente accompagnato da un buon bicchiere di <strong>Montecucco Rosso<\/strong>.<\/p>\n<p>Maggiori informazioni sul sito del Comune di Civitella Paganico.<\/p>\n<p>Clicca qui per vedere una mappa sensibile della Maremma<\/p>\n<p>E ora, tornate alla pagina generica sulla Maremma Toscana oppure continuate a leggere i nostri <strong>itinerari in Maremma<\/strong>.<\/p>\n<ul>\n<li><a href=\"http:\/\/www.casinadirosa.it\/en\/southern-tuscany\/maremma\/heart-of-maremma\">il cuore della Maremma: Grosseto e la costa grossetana<\/a><\/li>\n<li><a href=\"http:\/\/www.casinadirosa.it\/it\/southern-tuscany\/maremma\/coast-beach-maremma\">la costa, le spiagge e il mare della Maremma toscana<\/a><\/li>\n<li><a href=\"http:\/\/www.casinadirosa.it\/it\/southern-tuscany\/maremma\/pitigliano-etruscan-maremma\">via dalla pianura: l&#8217;Alta Maremma ossia la Maremma in collina<\/a><\/li>\n<li><a href=\"http:\/\/www.casinadirosa.it\/it\/southern-tuscany\/maremma\/massa-marittima-maremma\">le Colline Metallifere: il nord della Maremma<\/a><\/li>\n<\/ul>\n<p>Per trascorrere una vacanza a Casina di Rosa e visitare questi  magnifici luoghi, visita la nostra pagina delle offerte oppure scrivici a  info@casinadirosa.it.<\/p>","protected":false},"excerpt":{"rendered":"<p>La zona di Casina di Rosa Clicca qui per vedere una mappa sensibile della Maremma Come si diceva, questa zona \u00e8 solitamente trascurata dalle guide turistiche e da molti portali perch\u00e9 la sua maggiore risorsa \u00e8 probabilmente il patrimonio naturale. Da sempre quest&#8217;area, in cui per altro si trova Civitella Marittima, il paese di Casina [&hellip;]<\/p>\n","protected":false},"author":4,"featured_media":189,"parent":66,"menu_order":0,"comment_status":"closed","ping_status":"closed","template":"","meta":{"footnotes":""},"class_list":["post-100","page","type-page","status-publish","has-post-thumbnail","hentry"],"_links":{"self":[{"href":"https:\/\/www.casinadirosa.it\/it\/wp-json\/wp\/v2\/pages\/100","targetHints":{"allow":["GET"]}}],"collection":[{"href":"https:\/\/www.casinadirosa.it\/it\/wp-json\/wp\/v2\/pages"}],"about":[{"href":"https:\/\/www.casinadirosa.it\/it\/wp-json\/wp\/v2\/types\/page"}],"author":[{"embeddable":true,"href":"https:\/\/www.casinadirosa.it\/it\/wp-json\/wp\/v2\/users\/4"}],"replies":[{"embeddable":true,"href":"https:\/\/www.casinadirosa.it\/it\/wp-json\/wp\/v2\/comments?post=100"}],"version-history":[{"count":13,"href":"https:\/\/www.casinadirosa.it\/it\/wp-json\/wp\/v2\/pages\/100\/revisions"}],"predecessor-version":[{"id":766,"href":"https:\/\/www.casinadirosa.it\/it\/wp-json\/wp\/v2\/pages\/100\/revisions\/766"}],"up":[{"embeddable":true,"href":"https:\/\/www.casinadirosa.it\/it\/wp-json\/wp\/v2\/pages\/66"}],"wp:featuredmedia":[{"embeddable":true,"href":"https:\/\/www.casinadirosa.it\/it\/wp-json\/wp\/v2\/media\/189"}],"wp:attachment":[{"href":"https:\/\/www.casinadirosa.it\/it\/wp-json\/wp\/v2\/media?parent=100"}],"curies":[{"name":"wp","href":"https:\/\/api.w.org\/{rel}","templated":true}]}}