{"id":104,"date":"2011-03-09T09:23:56","date_gmt":"2011-03-09T08:23:56","guid":{"rendered":"http:\/\/www.casinadirosa.it\/?page_id=104"},"modified":"2017-07-23T00:34:01","modified_gmt":"2017-07-22T22:34:01","slug":"things-to-do-in-siena","status":"publish","type":"page","link":"https:\/\/www.casinadirosa.it\/it\/southern-tuscany\/siena\/things-to-do-in-siena\/","title":{"rendered":"Cosa fare a Siena"},"content":{"rendered":"<p><\/p>\n<h1><\/h1>\n<p>Ci sono <strong>molte cose da fare a Siena<\/strong>. La cosa pi\u00f9 famosa da fare a Siena \u00e8 assistere al <strong>Palio delle Contrade<\/strong>, una corsa di cavalli che si tiene nella celebre <strong>Piazza del Campo<\/strong> il <strong>2 luglio<\/strong> e il <strong>16 agosto<\/strong>.<\/p>\n<p>Nei giorni del Palio la citt\u00e0 \u00e8 molto affollata, ma vale la pena di  sopportare le folle e il caldo estivo per vedere il Palio e le  celebrazioni relative. Maggiori informazioni e i nostri consigli su come  godere al meglio dell&#8217;evento sono disponibili in questa pagina sul  Palio di Siena.<\/p>\n<p>Siena \u00e8 una destinazione molto interessante per ogni tipo di viaggiatore: dagli amanti dell&#8217;<strong>arte e della cultura<\/strong>, a quelli della <strong>musica<\/strong>, dagli amanti della <strong>natura e dello sport<\/strong> a quelli della <strong>buona tavola<\/strong>, dagli appassionati di <strong>shopping<\/strong> a quelli di <strong>artigianato tradizionale<\/strong>.<\/p>\n<h2>Arte cultura a Siena<\/h2>\n<p>Gli amanti dell&#8217;arte non possono perdersi Siena. Il centro \u00e8 un vero e proprio tesoro dell&#8217;<strong>architettura medievale<\/strong>, e le molte <strong>chiese<\/strong>, i <strong>palazzi storici<\/strong> e i <strong>musei<\/strong> offrono una vasta gamma di possibilit\u00e0 per chi vuole conoscere alcuni dei <strong>principali tesori dell&#8217;arte italiana<\/strong>.<\/p>\n<h3>I bottini e le fontane<\/h3>\n<p>Un itinerario interessante alla scoperta della citt\u00e0 di Siena \u00e8 quello che conduce i vistatori alla scoperta delle molte <strong>fontane<\/strong> sparce per tutto il centro di Siena. La citt\u00e0 ha <em>*7 fontane pubbliche ben conservate *<\/em> che testimoniano del tempo in cui la gente doveva andare a prendere l&#8217;acqua a queste preziose fonti.<\/p>\n<p>Siena ha da sempre un rapporto speciale con l&#8217;acqua. La citt\u00e0 sorge su <strong>tre colline<\/strong>,  e a differenza di altre famose citt\u00e0 della Toscana come Firenze e Pisa,  Siena non si \u00e8 sviluppata sulle rive di un fiume. Per questa ragione,  l&#8217;acqua non era cos\u00ec immediatamente disponibile per la popolazione  locale, e i senesi si sono sempre trovati a doversi ingegnare per  raccogliere e conservare l&#8217;acqua, non solo per dissetarsi ma anche per  gli animali e l&#8217;economia (l&#8217;agricoltura, i mulini, gli incendi, etc.).<\/p>\n<p>Per assicurare un sufficiente approvigionamento d&#8217;acqua, gli abitanti di Siena scavarono i &#8220;<em>bottini<\/em>&#8220;, <strong>acquedotti sotterranei<\/strong> che raccolgono le infiltrazioni di acqua piovana e la portano alle fontane della citt\u00e0. I <em>bottini<\/em> sono <strong>gallerie lunghe<\/strong> e <strong>possono essere visitati<\/strong>.<\/p>\n<p>Per <strong>visitare i <em>bottini<\/em><\/strong>, \u00e8 necessario <strong>prenotare una visita guidata con ampio anticipo<\/strong> contattando l&#8217;associazione che se ne occupa, <a href=\"http:\/\/www.ladianasiena.it\/\">La Diana<\/a>, come il mitico fiume che i senesi credevano scorresse sotto alla citt\u00e0.<\/p>\n<p>Un <strong>itinerario pi\u00f9 semplice dedicato alle acque <em>* \u00e8 quello che conduce i visitatori alla scoperta delle molte *<\/em>fontane di Siena<\/strong>. Le fontane pi\u00f9 importanti di Siena sono state costruite tra il <strong>XIII e il XIV secolo<\/strong>. Queste <strong>fontane medievali<\/strong> sono solitamente composte di 3 vasche: la pi\u00f9 alta era riservata  all&#8217;acqua da bere, quella intermedia all&#8217;acqua per dissetare gli animali  e quella pi\u00f9 bassa era usata per fare il bucato.  Erano le <em>contrade<\/em> a prendersi cura delle fontane della citt\u00e0 e in alcune occasioni si fecero addirittura carico della loro costruzione.<\/p>\n<p>Le fontane principali di Siena sono:<\/p>\n<ul>\n<li><strong>Fonte Gaia:<\/strong> situata in Piazza del Campo, \u00e8 la pi\u00f9 importante fontana cittadina. Scolpita da <a href=\"http:\/\/it.wikipedia.org\/wiki\/Jacopo_della_Quercia\">Jacopo dell Quercia<\/a> nel XV secolo, rappresenta uno dei maggiori capolavori della scultura del medioevo.<\/li>\n<li><strong>Fontebranda:<\/strong> \u00e8 la fontana pi\u00f9 antica e famosa di Siena. Menzionata nella <strong>Divina Commedia<\/strong> (Inferno, XXX) risale al XII secolo. Spesso \u00e8 associata con il nome di una celebre santa, <a href=\"http:\/\/it.wikipedia.org\/wiki\/Caterina_da_Siena\">Santa Caterina di Siena<\/a> che crebbe qui e per questo \u00e8 spesso chiamata la &#8220;Santa di Fontebranda&#8221;.<\/li>\n<li><strong>Fonte d&#8217;Ovile:<\/strong> fontana risalente al XII secolo.<\/li>\n<li><strong>Fonte Nuova d&#8217;Ovile:<\/strong> sostiu\u00ec Fonte d&#8217;Ovile. Costruita nel XIV secolo era particolarmente usata per scopi agricoli ed artigianali.<\/li>\n<li><strong>Fonte del Casato:<\/strong> non particolarmente degna di nota  dal punto di vista architettonico, \u00e8 comunque interessante perch\u00e9 fu  costruita alla fine di una lunga scalinata in una posizione centrale ma  nascosta, tanto che molti ne ignoravano l&#8217;esistenza.<\/li>\n<li><strong>Fonte di Follonica:<\/strong> costruita nel XII secolo e  presto abbandonata a causa della sua posizione fuori dalle mura  cittadine e lontano dalle zonee pi\u00f9 popolate. Il suo nome deriva dalla  parola &#8220;<em>fullones<\/em>&#8220;, ossia i tintori e i lanai. Era conosciuta  anche come la &#8220;fontana maledetta&#8221; a causa dei molti eventi terribili che  ebbero luogo nei suoi pressi e per la sua tendenza a sprofondare nel  terreno. Oggi non ne restano che pochi ruderi ma dovrebbe essere presto  restaurata.<\/li>\n<li><strong>Fonte di Pescaia:<\/strong> le sue origini sono sconosciute. Era usata per rifornire d&#8217;acqua le vasche del pesce.<\/li>\n<\/ul>\n<p>A Siena ci sono anche molte altre fonti minori:<\/p>\n<ul>\n<li><strong>Fonte di San Maurizio:<\/strong> sulla Via Francigena.<\/li>\n<li><strong>Fonte di Porta Giustizia<\/strong><\/li>\n<li><strong>Fonte della Sapienza<\/strong><\/li>\n<li><strong>Fonte del Laterino<\/strong><\/li>\n<li><strong>Fonte della Prodaia<\/strong><\/li>\n<li><strong>Fonte di Pantaneto<\/strong><\/li>\n<li><strong>Fonte delle Monache<\/strong><\/li>\n<li><strong>Fonte dell\u2019Orto Botanico<\/strong><\/li>\n<li><strong>Fontebecci<\/strong><\/li>\n<li><strong>Fonte delle Cannelle<\/strong><\/li>\n<li><strong>Fonte dei Pispini<\/strong><\/li>\n<li><strong>Fonte delle Sperandie<\/strong><\/li>\n<li><strong>Fonte dei Tufi<\/strong><\/li>\n<li><strong>Fonte di San Carlo<\/strong><\/li>\n<li><strong>Fontanello di Via delle Vergini<\/strong><\/li>\n<\/ul>\n<h3>I musei<\/h3>\n<p>Siena ha numerosi <strong>musei<\/strong> e <strong>gallerie<\/strong>. I musei da non perdere sono:<\/p>\n<ul>\n<li><strong>Museo Civico<\/strong><br \/>\nPiazza del Campo \u2013 Siena<br \/>\nTel.:0577 226230; 0577 41169<br \/>\n<a href=\"http:\/\/www.sienaonline.com\/siena_museo_civico.html\">www.comune.siena.it\/museocivico<\/a> E-mail: <a href=\"mailto:cultura@comune.siena.it\">cultura@comune.siena.it<\/a> Biglietti: \u20ac7 (\u20ac6 con prenotazione)<\/li>\n<li><strong>Torre del Mangia<\/strong>, the tall tower (87m) in<br \/>\nPiazza del Campo, Siena<br \/>\nTel.:0577 226230; 0577 41169<br \/>\nBiglietti: \u20ac6 (\u20ac5 con prenotazione)<\/li>\n<li><strong>Santa Maria della Scala:<\/strong> a gallery in the ancient hospital of Siena<br \/>\nPiazza Duomo \u2013 Siena<br \/>\nTel.:0577 224811; biglietteria 0577 224828<br \/>\n<a href=\"http:\/\/www.santamariadellascala.com\/\">www.santamariadellascala.com<\/a> E-mail: <a href=\"mailto:infoscala@sms.comune.siena.it\">infoscala@sms.comune.siena.it<\/a><br \/>\nBiglietti: \u20ac6 (\u20ac5,50con prenotazione). Gratis per bambini d&#8217;et\u00e0 inferiore agli 11 anni.<\/li>\n<li><strong>Duomo and libreria Piccolomini<\/strong><br \/>\nPiazza Duomo \u2013 Siena<br \/>\n<a href=\"http:\/\/www.operaduomo.siena.it\/\">www.operaduomo.siena.it<\/a> E-mail: <a href=\"mailto:operaduomo@operaduomo.siena.it\">operaduomo@operaduomo.siena.it<\/a><br \/>\nBiglietti: \u20ac3<\/li>\n<li><strong>Museo dell\u2019Opera Metropolitana<\/strong><br \/>\nPiazza Duomo \u2013 Siena<br \/>\n<a href=\"http:\/\/www.operaduomo.siena.it\/\">www.operaduomo.siena.it<\/a> E-mail: <a href=\"mailto:operaduomo@operaduomo.siena.it\">operaduomo@operaduomo.siena.it<\/a><br \/>\nBiglietti: \u20ac6<\/li>\n<li><strong>Cripta del Duomo<\/strong><br \/>\nScale di San Giovanni \u2013 Siena<br \/>\n<a href=\"http:\/\/www.operaduomo.siena.it\/\">www.operaduomo.siena.it<\/a> E-mail: <a href=\"mailto:operaduomo@operaduomo.siena.it\">operaduomo@operaduomo.siena.it<\/a><br \/>\nBiglietti: \u20ac6<\/li>\n<li><strong>Museo d&#8217;arte per bambini<\/strong>: un esempio unico in tutta Italia  c\/o Santa Maria della Scala, Piazza Duomo \u2013 Siena<br \/>\nTel.:0577 46517<br \/>\n<a href=\"http:\/\/www.terresiena.it\/en\/museums\/item\/museo-d-arte-per-bambini\">Museo d&#8217;Arte per Bambini di Siena<\/a> E-mail: <a href=\"mailto:bambimus@comune.siena.it\">bambimus@comune.siena.it<\/a><br \/>\nBiglietti: ingresso gratuito.<\/li>\n<li><strong>Oratorio di San Bernardino e Museo di arte Sacra<\/strong> Arte sacra di scuola senese del XIII secolo.<br \/>\nPiazza San Francesco, 10 \u2013 Siena<br \/>\nTel.:0577 283048<br \/>\n<a href=\"http:\/\/www.operaduomo.siena.it\/\">www.operaduomo.siena.it<\/a> E-mail: <a href=\"mailto:operaduomo@operaduomo.siena.it\">operaduomo@operaduomo.siena.it<\/a><br \/>\nBiglietti: \u20ac3<\/li>\n<li><strong>Santuario e Casa di Santa Caterina da Siena<\/strong><br \/>\nCosta di S. Antonio, 6 \u2013 Siena<br \/>\nTel.:0577 288175 Fax: 0577 47601<br \/>\n<a href=\"http:\/\/www.caterinati.org\/\">www.caterinati.org<\/a><br \/>\nBiglietti: ingresso gratuito.<\/li>\n<li><strong>Orto Botanico<\/strong><br \/>\nVia Pier Andrea Mattioli, 4 \u2013 Siena<br \/>\nTel.:0577 232874<br \/>\n<a href=\"http:\/\/www.unisi.it\/ricerca\/dip\/dba\/Botanica\/orto_botanico.htm\">www.unisi.it\/ricerca\/dip\/dba\/Botanica\/orto_botanico.htm<\/a><br \/>\nBiglietti: ingresso gratuito.<\/li>\n<li><strong>Musei di Contrada:<\/strong> 17 musei dedicati alle <em>contrade<\/em> di Siena. Da non perdere. Potete scegliere il museo della vostra  contrada prefita e scoprire l&#8217;antica tradizione di queste istituzioni  cittadine. Si possono contattare le singole <em>contrade<\/em> o <a href=\"http:\/\/www.terresiena.it\/\">l&#8217;azienda di promozione turistica di Siena<\/a>.<\/li>\n<\/ul>\n<h3>La Siena gotica<\/h3>\n<p>Potete scoprire la <strong>la vera essenza dell&#8217;arte e dell&#8217;architettura gotica di Siena<\/strong> visitando i molti <strong>musei<\/strong> e le <strong>gallerie<\/strong> della citt\u00e0 o facendo una <strong>passeggiata<\/strong> per il centro. Gli splendidi palazzi gotici sparsi per il centro sono stupefacenti.<\/p>\n<p>La citt\u00e0 \u00e8 divisa in tre aree principali chiamate &#8220;<em>terzi<\/em>&#8220;: il <strong>Terzo di Citt\u00e0<\/strong>, il <strong>Terzo di Camollia<\/strong> e il <strong>Terzo di San Martino<\/strong>. Informazioni dettagliate su cosa vedere nei tre terzi \u00e8 disponibile sul <a href=\"http:\/\/www.comune.siena.it\/main.asp?id=1488\">sito del Comune di Siena<\/a>.<\/p>\n<p>Il <strong>Terzo di Citt\u00e0<\/strong> \u00e8 il <strong>cuore della citt\u00e0<\/strong>, l&#8217;area a partire dalla quale la citt\u00e0 si svilupp\u00f2. La leggenda narra che Siena fu <strong>fondata dai figli di Remo<\/strong>, Aschio e Senio, nel <strong>700 b.C.<\/strong>. Qui si possono vedere monumenti ed edifici interessanti come la <strong>cattedrale<\/strong>, la <strong>chiesa di Sant&#8217;Agostino<\/strong>, il <strong>Giardino Botanico<\/strong>, la <strong>Fonte delle Monache<\/strong>, <strong>Porta San Marco<\/strong>, <strong>Palazzo Chigi Saracini<\/strong> dove si trova l&#8217;<strong>Accademia Chigiana<\/strong> e lo splendido museo di <strong>Santa Maria della Scala<\/strong>. Potete scaricare un depliant sul Terzo di Citt\u00e0 qui.<\/p>\n<p>Anche il <strong>Terzo di Camollia<\/strong> ha alcuni monumenti ed edifici di grande valore, come la <strong>Porta Camollia<\/strong>, la <strong>Chiesa di San Pietro alla Magione<\/strong>, la <strong>Fortezza Medicea<\/strong>, la <strong>Basilica di San Domenico<\/strong>, <strong>Fontebranda<\/strong>, il <strong>Santuario di Santa Caterina<\/strong>, <strong>Palazzo Tolomei<\/strong>, la <strong>Basilica of Santa Maria in Provenzano<\/strong>, la <strong>Basilica of San Francesco<\/strong> e la <strong>Rocca Salimbeni<\/strong> sede della banca <em>Monte dei Paschi di Siena<\/em>. Potete scaricare un depliant sul Terzo di Camollia qui.<\/p>\n<p>Il <strong>Terzo di San Martino<\/strong> si svilupp\u00f2 lungo la <a href=\"http:\/\/www.viafrancigena.com\/\">Via Francigena<\/a> attraverso la quale i pellegrini si dirigevano a Rome. Il nome di questo terzo deriva dal fatto che <strong>San Martino<\/strong> \u00e8 il <strong>santo protettore dei pellegrini e dei viandanti<\/strong>.  In questa zona sono compresi <strong>Piazza del Campo<\/strong> e la celebre <strong>Torre del Mangia<\/strong> con il <strong>Palazzo Pubblico<\/strong>. Anche <strong>Fonte Gaia<\/strong>, <strong>Palazzo Piccolomini<\/strong> e le <strong>Logge del Papa<\/strong> si trovano qui. <strong>Porta Pispini<\/strong> d\u00e0 accesso al quartiere che contiene anche la <strong>Basilica dei Servi<\/strong>, la <strong>Piazza del Mercato<\/strong> e la <strong>Valle di Porta Giustizia<\/strong>. Potete scaricare un depliant sul Terzo di San Martino here.<\/p>\n<h3>Trekking urbano a Siena<\/h3>\n<p>Ci sono molti modi per scoprire il centro di Siena. Uno dei pi\u00f9 interessanti \u00e8 fare <strong>trekking<\/strong>. <a href=\"http:\/\/www.comune.siena.it\/main.asp?id=1430&amp;l=it\">Il trekking urbano<\/a> (<a href=\"http:\/\/www.trekkingurbano.info\/Itinerari%202011\/Siena.pdf\">volantino<\/a>)  \u00e8 un&#8217;interessante attivit\u00e0 organizzata dalla citt\u00e0 di Siena. Ci sono  molti itinerari che si adattano ad ogni tipo di visitatore.<\/p>\n<p>Gli itinerari principali sono:<\/p>\n<ul>\n<li><a href=\"http:\/\/www.comune.siena.it\/main.asp?id=1431\">Trekking urbano a Siena per giovani esploratori<\/a> (volantino1 and 2)<\/li>\n<li><a href=\"http:\/\/www.comune.siena.it\/main.asp?id=1432\">Vicoli e giardini all&#8217;ombra della Torre<\/a> (volantino)<\/li>\n<li><a href=\"http:\/\/www.comune.siena.it\/main.asp?id=1433\">Tra arte e natura<\/a> (volantino)<\/li>\n<li><a href=\"http:\/\/www.comune.siena.it\/main.asp?id=1434\">Alla scoperta di panorami mozzafiato<\/a> (volantino)<\/li>\n<\/ul>\n<p>Ecco un link al sito ufficiale del <a href=\"http:\/\/www.trekkingurbano.info\/\">trekking urbano a Siena<\/a>.<\/p>\n<h3>Itinerari religiosi a Siena<\/h3>\n<p>Si possono seguire <strong>itinerari tematici<\/strong>. Siena \u00e8 una citt\u00e0 di santi e mistici, per questo <a href=\"http:\/\/www.comune.siena.it\/main.asp?id=3539&amp;l=it\">gli itinerari religiosi<\/a> sono tra i pi\u00f9 interessanti. I senesi hanno una devozione particolare per la <strong>Santissima Vergine<\/strong> e per <strong>due santi locali<\/strong>, <a href=\"http:\/\/it.wikipedia.org\/wiki\/San_Bernardino_da_Siena\">San Bernardino<\/a> e <a href=\"http:\/\/it.wikipedia.org\/wiki\/Caterina_da_Siena\">Santa Caterina<\/a> ai quali sono dedicati i tre itinerari religiosi a Siena:<\/p>\n<ul>\n<li><strong>Itinerario dedicato a San Bernardino da Siena:<\/strong> conduce i visitatori attraverso i luoghi che hanno segnato la vita del santo come la <strong>Chiesa di San Francesco<\/strong> dove il santo prese i voti e il <strong>Convento dell&#8217;Osservanza<\/strong> da lui creato nel 1404.<\/li>\n<li><strong>Gli itinerari dedicati a Santa Caterina da Siena<\/strong> che portano i visitatori alla scoperta del santuario e della <strong>basilica di San Domenico<\/strong> dove la <strong>testa della santa<\/strong> \u00e8 una reliquia molto venerata.<\/li>\n<li><strong>Itinerario dedicato alla Vergine Maria<\/strong> che porta i visitatori nei luoghi della venerazione mariana a Siena.<\/li>\n<\/ul>\n<p>Ecco una <a href=\"http:\/\/www.comune.siena.it\/content\/download\/892\/10808\/file\/Turismo%20e%20religione.pdf\">mappa del centro di Siena con gli itinerari religiosi<\/a>.<\/p>\n<h3>Itinerari a Siena per visitatori disabili<\/h3>\n<p>Esistono degli <a href=\"http:\/\/www.comune.siena.it\/main.asp?id=1435&amp;l=it\">itinerari per visitatori diversamente abili a Siena<\/a> quali:<\/p>\n<ul>\n<li><strong>Senza sempre pi\u00f9 senza barriere<\/strong><\/li>\n<li><strong>Siena in Lingua dei Segni<\/strong><\/li>\n<li><strong><a href=\"http:\/\/www.comune.siena.it\/main.asp?id=4463&amp;l=it\">Turismo dell&#8217;esperienza<\/a><\/strong><\/li>\n<\/ul>\n<h3>Tours guidati di Siena<\/h3>\n<p>Per chi preferisce una <strong>visita guidata di Siena<\/strong>, ecco il link al <a href=\"http:\/\/www.guidesiena.it\/\">sito ufficiale delle guide di Siena e provincia<\/a>, dove si possono trovare molti tipi di tour.<\/p>\n<h2>Enogastronomia a Siena<\/h2>\n<p>Ci sono molte altre <strong>cose da fare a Siena<\/strong> anche per  chi cerca qualcosa pi\u00f9 della sola arte e cultura tradizionale. Un modo  eccellente di scoprire la citt\u00e0 e il suo territorio \u00e8 partecipare ad una  <strong>degustazione di vini<\/strong> o ad una <strong>degustazione di olio d&#8217;oliva<\/strong> oppure <strong>seguendo una lezione di cucina<\/strong>.<\/p>\n<p>E per godersi la tradizione enogastronomica toscana al meglio, i visitatori a Siena possono anche partecipare alla  <strong>degustazione di formaggi e salumi<\/strong> oppure <strong>visitare un produttore di dolci locali<\/strong>.<\/p>\n<h2>Artigianato<\/h2>\n<p>I visitatori di Siena possono seguire <strong>corsi di ceramica<\/strong> o <strong>corsi di fotografia<\/strong>.<\/p>\n<h2>Shopping<\/h2>\n<p><strong>Siena \u00e8 perfetta per fare shopping<\/strong>. Ci sono molte <strong>boutiques<\/strong> nel centro e molti <strong>centri commerciali<\/strong> poco fuori dal centro. Ecco una <a href=\"https:\/\/www.discovertuscany.com\/siena\/what-to-do\/shopping-in-siena.html\">guida allo shopping a Siena<\/a>. Potete consultare anche la seguente pagina <a href=\"http:\/\/www.shoppingsiena.com\/\">www.shoppingsiena.com<\/a>.<\/p>\n<p>Gli amanti dello shopping non possono perdersi il <strong>mercato settimanale<\/strong> che si svolge ogni <strong>mercoled\u00ec<\/strong> intorno alla Fortezza.<\/p>\n<h2>Musica<\/h2>\n<p>Siena ha molto da offrire agli amanti della buona musica. C&#8217;\u00e8 una <em>* <a href=\"http:\/\/sienamusic.org\/\">scuola di musica estiva a Siena molto apprezzata<\/a><\/em>* perfetta per chi ama suonare e cantare.<\/p>\n<p>Ulteriori idee si possono trovare sul <a href=\"http:\/\/www.chigiana.it\/\">sito dell&#8217;Accademia Chigiana (Siena)<\/a> dov&#8217;\u00e8 pubblicato anche il calendario della stagione dei concerti.<\/p>\n<p>E per gli amanti del <strong>jazz<\/strong>, c&#8217;\u00e8 un <a href=\"http:\/\/www.sienajazz.it\/\">programma jazz molto ricco a Siena<\/a> con concerti e corsi.<\/p>\n<h2>Sport e natura<\/h2>\n<p>Per <strong>gli amanti della natura e dello sport<\/strong>, Siena offre l&#8217;eccellente opportunit\u00e0 di <strong>fare esercizio fisico e allo stesso tempo godere dei pi\u00f9 bei paesaggi al mondo<\/strong>.  Il <strong>trekking urbano<\/strong> \u00e8 un ottimo modo di coniugare sport e turismo.<\/p>\n<p>Si possono anche fare <a href=\"http:\/\/www.terresienainbici.it\/\">tours in bici<\/a> e <strong>tour a cavallo<\/strong> in giro per la citt\u00e0. Oppure si pu\u00f9 guardare Siena e il Chianti dall&#8217;alto di <a href=\"http:\/\/www.ballooningintuscany.com\/\">una mongolfiera<\/a>!<\/p>\n<p>Chi ama i <strong>parchi naturali<\/strong>, ecco una <a href=\"http:\/\/www.riservenaturali.provincia.siena.it\/\">carta dei parchi naturali nei dintorni di Siena<\/a>.<\/p>\n<p>Infine, i viaggatori non dovrebbero perdersi la possibilit\u00e0 di rilassarsi in un centro benessere vicino Siena o alle <strong><a href=\"http:\/\/www.termebenessere.terresiena.it\/index.php\/it\">terme <\/a><\/strong> della zona. Oppure visitare le sorgenti termali naturali a Petriolo.<\/p>\n<p>Un altro ottimo modo di scoprire Siena e il suo territorio \u00e8 con il <a href=\"http:\/\/trenonatura.terresiena.it\/trenonatura2010\/\">treno natura che compie il percorso tra Siena e Grosseto<\/a> attraversando la Val d\u2019Orcia e la Maremma.<\/p>","protected":false},"excerpt":{"rendered":"<p>Ci sono molte cose da fare a Siena. La cosa pi\u00f9 famosa da fare a Siena \u00e8 assistere al Palio delle Contrade, una corsa di cavalli che si tiene nella celebre Piazza del Campo il 2 luglio e il 16 agosto. Nei giorni del Palio la citt\u00e0 \u00e8 molto affollata, ma vale la pena di [&hellip;]<\/p>\n","protected":false},"author":4,"featured_media":181,"parent":68,"menu_order":0,"comment_status":"closed","ping_status":"closed","template":"","meta":{"footnotes":""},"class_list":["post-104","page","type-page","status-publish","has-post-thumbnail","hentry"],"_links":{"self":[{"href":"https:\/\/www.casinadirosa.it\/it\/wp-json\/wp\/v2\/pages\/104","targetHints":{"allow":["GET"]}}],"collection":[{"href":"https:\/\/www.casinadirosa.it\/it\/wp-json\/wp\/v2\/pages"}],"about":[{"href":"https:\/\/www.casinadirosa.it\/it\/wp-json\/wp\/v2\/types\/page"}],"author":[{"embeddable":true,"href":"https:\/\/www.casinadirosa.it\/it\/wp-json\/wp\/v2\/users\/4"}],"replies":[{"embeddable":true,"href":"https:\/\/www.casinadirosa.it\/it\/wp-json\/wp\/v2\/comments?post=104"}],"version-history":[{"count":40,"href":"https:\/\/www.casinadirosa.it\/it\/wp-json\/wp\/v2\/pages\/104\/revisions"}],"predecessor-version":[{"id":1121,"href":"https:\/\/www.casinadirosa.it\/it\/wp-json\/wp\/v2\/pages\/104\/revisions\/1121"}],"up":[{"embeddable":true,"href":"https:\/\/www.casinadirosa.it\/it\/wp-json\/wp\/v2\/pages\/68"}],"wp:featuredmedia":[{"embeddable":true,"href":"https:\/\/www.casinadirosa.it\/it\/wp-json\/wp\/v2\/media\/181"}],"wp:attachment":[{"href":"https:\/\/www.casinadirosa.it\/it\/wp-json\/wp\/v2\/media?parent=104"}],"curies":[{"name":"wp","href":"https:\/\/api.w.org\/{rel}","templated":true}]}}