{"id":115,"date":"2011-03-09T14:58:56","date_gmt":"2011-03-09T13:58:56","guid":{"rendered":"http:\/\/www.casinadirosa.it\/?page_id=115"},"modified":"2017-07-23T01:00:38","modified_gmt":"2017-07-22T23:00:38","slug":"itineraries-valdorcia","status":"publish","type":"page","link":"https:\/\/www.casinadirosa.it\/it\/southern-tuscany\/valdorcia\/itineraries-valdorcia\/","title":{"rendered":"Itinerari in Val d&#8217;Orcia"},"content":{"rendered":"<p><\/p>\n<h1><\/h1>\n<p>La <strong>Val d&#8217;Orcia<\/strong> \u00e8 una meta ideale per chi ama gli <strong>itinerari tematici<\/strong>.<\/p>\n<h2>Il cammino della fede<\/h2>\n<p>Un buon modo per vedere la Val d&#8217;Orcia \u00e8 seguire un <strong>itinerario dedicato ai luoghi della fede<\/strong>. Quest&#8217;area ha da sempre un <strong>legame profondo con la Cristianit\u00e0<\/strong>, dato che Enea Piccolomini, ovvero <strong>Papa Pio II<\/strong>, nacque proprio al <strong>Castello di Corsignano<\/strong> .<\/p>\n<p><strong>Pienza<\/strong> non \u00e8 l&#8217;unico luigo interessante per chi vuole seguire le vie di questo <strong>&#8220;cammino della fede&#8221; in Val d&#8217;Orcia<\/strong>. Un&#8217;altra meta da non perdere \u00e8 l&#8217;<a href=\"http:\/\/www.antimo.it\/\">Abbazia di Sant&#8217;Antimo<\/a>. C&#8217;\u00e8 qualcosa di <strong>magico<\/strong> in questo luogo: l&#8217;abbazia si trova in <strong>aperta campagna<\/strong>, e il grande cipresso che si erge solitario accanto alla torre campanaria con il suono dei <strong>Canti Gregoriani<\/strong> che risuonano nella chiesa ne fanno un posto davvero speciale.  Basta  allontanarsi nei campi e sedersi a guardarla da lontano per sentirsi  investiti da un grande senso di pace.<\/p>\n<p>L&#8217;<strong>Abbazia si trova lungo la Via Francigena<\/strong> e sembra che sia stata voluta da  <strong>Carlo Magno<\/strong> in persona. Si narra che, tra il 774 e il 781, l&#8217;imperatore avesse  ricevuto le reliquie di San Sebastiano e Sant&#8217;Antimo dal Papa Adriano e  che per onorare il dono avesse deciso di fondare in quest&#8217;angolo di  Toscana uno dei pi\u00f9 importanti monasteri del tempo.<\/p>\n<p>I monaci offrono <strong>visite guidate dell&#8217;Abbazia di Sant&#8217;Antimo<\/strong>, mostrando ai visitatori la chiesa e il campanile. \u00c8 anche possibile  <strong>mangiare con i frati<\/strong> nel refettorio del monastero.<\/p>\n<p>La visita \u00e8 <strong>gratuita<\/strong> e pu\u00f2 anche essere svolta <strong>autonomamente<\/strong>. Gli tinerari sono <strong>contrassegnati da colori<\/strong>. Il tour guidato completo \u00e8 quello <strong>arancione<\/strong>. Il tour <strong>verde<\/strong> \u00e8 pi\u00f9 breve ed \u00e8 l&#8217;<strong>itinerario storico<\/strong>; l&#8217;itinerario <strong>blu<\/strong> \u00e8 dedicato all&#8217;<strong>arte<\/strong>; infine, l&#8217;itinerario <strong>giallo<\/strong> \u00e8 il <strong>tour spirituale<\/strong> che illustra la vita nel monastero.<\/p>\n<p>I monaci accolgono <strong>volontari<\/strong> per il lavoro nei campi e offrono <strong>corsi di Canto Gregoriano<\/strong> e <strong>polifonico<\/strong>. Ci sono corsi interessanti come &#8220;<em>canta e cammina<\/em>&#8220;, in cui i partecipanti <strong>imparano a cantare camminando<\/strong> nella splendida <strong>campagna della Val d&#8217;Orcia<\/strong>.<\/p>\n<p>Da segnalare la <strong>festa<\/strong> dedicata a <strong>Sant&#8217;Antimo<\/strong> che si svolge ogni anno il 10 e l&#8217;11 di maggio. La sera del 10 c&#8217;\u00e8 una <strong>processione<\/strong> e l&#8217;11 la festa si sposta tutta all&#8217;Abbazia.<\/p>\n<p>Per maggiori informazioni sulle visite all&#8217;Abbbazia di Sant&#8217;Antimo e su quando ascoltare i Canti Gregoriani, si veda il sito: <a href=\"http:\/\/www.antimo.it\/\">http:\/\/www.antimo.it\/<\/a><\/p>\n<p>La terza tappa per chi \u00e8 in cerca dei luoghi di grande spiritualit\u00e0 \u00e8 la meravigliosa <strong>Collegiata di San Quirico d\u2019Orcia<\/strong>.<\/p>\n<h2>Itinerario dedicato alla natura<\/h2>\n<p>Gli <strong>amanti della natura<\/strong> non devono perdersi il <a href=\"http:\/\/www.parcodellavaldorcia.com\/\">Parco Naturale della Val d&#8217;Orcia<\/a>.<\/p>\n<p>Il territorio della Val d&#8217;Orcia \u00e8 per la maggior parte coperto da colline basse e armoniose attraverso le quali il <strong>fiume Orcia<\/strong> scorre lento dopo essere sgorgato da una gola. La storia geologica della regione \u00e8 molto lunga: ben <strong>5 milioni di anni<\/strong>. La Val d&#8217;Orcia deve in parte il suo aspetto attuale ai due <strong>vulcani<\/strong> della Toscana meridionale, <strong>Radicofani<\/strong> e il <strong>Monte Amiata<\/strong>: la loro lava ricopr\u00ec queste terre per diventare poi un tipo di roccia chiamata <em>trachite<\/em>.<\/p>\n<p>L&#8217;<strong>erosione<\/strong> ha svolto un ruolo primario nella formazione di questo paesaggio unico al mondo plasmando il suolo argilloso e formando i <em>calanchi<\/em> e le <em>biancane<\/em>, tipici dei dintorni di <strong>Casa a Tuoma<\/strong> (Pienza), <strong>Ripalta<\/strong> (San Quirico), <strong>Lucciolabella<\/strong>, <strong>Beccatello<\/strong>, e <strong>Torre Tarugi<\/strong> (Pienza), <strong>Contignano<\/strong>, <strong>Pietre Bianche<\/strong> e il <strong>Poggio Leano<\/strong> (Radicofani).<\/p>\n<p>Il paesaggio della Val d&#8217;Orcia a nord-ovest di Bagno Vignoni ha un aspetto &#8220;meno tipico&#8221;, con i suoi <strong>boschi<\/strong> e la <strong>macchia mediterranea<\/strong> che si alternano ai vigneti di Montalcino e proseguono verso il mare. Le pendici del Monte Amiata sono ricoperte da splendidi <strong>faggeti e castagneti<\/strong>. Altre specie di alberi che si trovano in questa zona sono la <strong>querce<\/strong> e naturalmente l&#8217;albero simbolo della Val d&#8217;Orcia: il <strong>cipresso<\/strong>.<\/p>\n<p>La <strong>Val d&#8217;Orcia<\/strong> vanta anche una <strong>fauna selvatica<\/strong> molto varia. Nel parco ci sono diversi itinerari interessanti. Un modo carino di scoprire la Val d&#8217;Orcia \u00e8 a bordo del <a href=\"http:\/\/www.ferrovieturistiche.it\/\">Treno Natura<\/a>, una <strong>locomotiva a vapore<\/strong> che attraversa spettacolari paesaggi su un vecchio binario sulla linea ferroviaria Siena-Grosseto.<\/p>\n<h2>L&#8217;itinerario dell&#8217;acqua<\/h2>\n<p>Un terzo <strong>itinerario tematico in Val d&#8217;Orcia<\/strong> \u00e8 quello del <strong>Parco dei Mulini<\/strong>. Il Parco dei Mulini \u00e8 stato creato con l&#8217;intenzione di salvaguardare e ridare vita ai molti <strong>antichi mulini del territorio senese<\/strong>. Con <strong>4 mulini<\/strong> la Val d&#8217;Orcia era una zona di grande importanza grazie alla terra  particolarmente adatta ai cereali. Lo sfruttamento delle sorgenti  termali che mantenevano una portata costante consentiva di macinare  anche in estate quando la maggior parte dei mulini erano fermi.<\/p>\n<p>A chi \u00e8 interessato a questi aspetti raccomandiamo <strong>Vivo d&#8217;Orcia<\/strong>, il <strong>Festival dell&#8217;acqua<\/strong> che si tiene a <strong>Ermicciolo<\/strong> il <strong>22 Marzo<\/strong>, e una visita alla sorgente del Vivo che sgorga tra le rocce.<\/p>\n<p>La <strong>passeggiata da Ermicciolo all&#8217;Eremo<\/strong>, lungo il fiume, \u00e8 in assoluto una dei pi\u00f9 bei <strong>sentieri dell&#8217;Amiata<\/strong>: ci si pu\u00f2 fermare alle <strong>cascatelle<\/strong> e alla diga nel bosco, o alle <strong>grotte<\/strong> in cui i partigiani si rifugiavano durante la seconda guerra mondiale, oppure nei <strong>siti archeologici<\/strong> dove sono stati rinvenuti reperti dell&#8217;et\u00e0 mesolitica e dell&#8217;epoca etrusca. Potreste anche vedere un rarissimo esemplare di <strong>picchio verde<\/strong> il cui cinguettio si ode talvolta tra gli alberi secolari.<\/p>\n<p>E per chi ama le <strong>terme<\/strong>, si raccomanda una visita alle terme di <strong>Bagno Vignoni<\/strong> di <strong>Bagni San Filippo<\/strong>.<\/p>\n<p>La foto del banner \u00e8 di <a href=\"http:\/\/www.flickr.com\/photos\/rayced\/484939119\/\">rayced<\/a>. Alcune delle foto in questa pagina sono state scattate da: <a href=\"http:\/\/www.flickr.com\/photos\/erreeffe\/365649741\/sizes\/m\/\">Renzo Ferrante<\/a>, <a href=\"http:\/\/www.flickr.com\/photos\/22187627@N05\/2623507949\/sizes\/o\/\">Silver67<\/a>, <a href=\"http:\/\/www.flickr.com\/photos\/ghiandol\/3570153257\/sizes\/m\/\">ghiandol<\/a>, <a href=\"http:\/\/www.flickr.com\/photos\/fargilli\/3794156909\/sizes\/m\/\">gi+cri<\/a>, <a href=\"http:\/\/www.flickr.com\/photos\/lunaciel\/3572996778\/sizes\/m\/\">lunaciel<\/a>, <a href=\"http:\/\/www.flickr.com\/photos\/argo_72\/2484152194\/\">argo_72<\/a>, <a href=\"http:\/\/www.flickr.com\/photos\/drfist2001\/2541266156\/sizes\/m\/\">drfist2001<\/a> e <a href=\"http:\/\/www.flickr.com\/photos\/14543261@N06\/1987243867\/sizes\/m\/\">emMO<\/a>.<\/p>","protected":false},"excerpt":{"rendered":"<p>La Val d&#8217;Orcia \u00e8 una meta ideale per chi ama gli itinerari tematici. Il cammino della fede Un buon modo per vedere la Val d&#8217;Orcia \u00e8 seguire un itinerario dedicato ai luoghi della fede. Quest&#8217;area ha da sempre un legame profondo con la Cristianit\u00e0, dato che Enea Piccolomini, ovvero Papa Pio II, nacque proprio al [&hellip;]<\/p>\n","protected":false},"author":4,"featured_media":192,"parent":70,"menu_order":0,"comment_status":"closed","ping_status":"closed","template":"","meta":{"footnotes":""},"class_list":["post-115","page","type-page","status-publish","has-post-thumbnail","hentry"],"_links":{"self":[{"href":"https:\/\/www.casinadirosa.it\/it\/wp-json\/wp\/v2\/pages\/115","targetHints":{"allow":["GET"]}}],"collection":[{"href":"https:\/\/www.casinadirosa.it\/it\/wp-json\/wp\/v2\/pages"}],"about":[{"href":"https:\/\/www.casinadirosa.it\/it\/wp-json\/wp\/v2\/types\/page"}],"author":[{"embeddable":true,"href":"https:\/\/www.casinadirosa.it\/it\/wp-json\/wp\/v2\/users\/4"}],"replies":[{"embeddable":true,"href":"https:\/\/www.casinadirosa.it\/it\/wp-json\/wp\/v2\/comments?post=115"}],"version-history":[{"count":6,"href":"https:\/\/www.casinadirosa.it\/it\/wp-json\/wp\/v2\/pages\/115\/revisions"}],"predecessor-version":[{"id":1144,"href":"https:\/\/www.casinadirosa.it\/it\/wp-json\/wp\/v2\/pages\/115\/revisions\/1144"}],"up":[{"embeddable":true,"href":"https:\/\/www.casinadirosa.it\/it\/wp-json\/wp\/v2\/pages\/70"}],"wp:featuredmedia":[{"embeddable":true,"href":"https:\/\/www.casinadirosa.it\/it\/wp-json\/wp\/v2\/media\/192"}],"wp:attachment":[{"href":"https:\/\/www.casinadirosa.it\/it\/wp-json\/wp\/v2\/media?parent=115"}],"curies":[{"name":"wp","href":"https:\/\/api.w.org\/{rel}","templated":true}]}}