{"id":121,"date":"2011-03-09T15:22:58","date_gmt":"2011-03-09T14:22:58","guid":{"rendered":"http:\/\/www.casinadirosa.it\/?page_id=121"},"modified":"2017-07-23T01:16:49","modified_gmt":"2017-07-22T23:16:49","slug":"castles-in-tuscany","status":"publish","type":"page","link":"https:\/\/www.casinadirosa.it\/it\/things-to-do-tuscany\/art-culture-tuscany\/castles-in-tuscany\/","title":{"rendered":"Castelli Medievali di Toscana"},"content":{"rendered":"<p><\/p>\n<h1><\/h1>\n<p>La Toscana  \u00e8 nota per l&#8217;arte, la natura, il buon vino, l&#8217;olio d&#8217;oliva, ma anche  per la sua storia affascinante e misteriosa, di cui restano testimoni  numerosi castelli e abbazie, ma anche piccole pievi di paese e di  campagna.<\/p>\n<h2>Castelli e rocche nel comune di Civitella Paganico<\/h2>\n<p><strong>Civitella Marittima<\/strong>, il paese dove si trova <strong>Casina di Rosa<\/strong>, \u00e8 situato al confine tra le province di  <strong>Siena<\/strong> e<strong>Grosseto<\/strong> e rappresenta un <strong>punto di partenza ottimo<\/strong> per l&#8217;esplorazione dei numerosi castelli che raccontano di un glorioso  passato in cui ogni piccolo paese era di fatto un centro operoso e  vivace.<\/p>\n<p><a href=\"http:\/\/www.turismo.intoscana.it\/allthingstuscany\/aroundtuscany\/civitella-marittima-tuscany\/\">Civitella<\/a> ncora mantiene le tracce della sua natura di <strong>castello<\/strong>,  essendo stata una rocca dei Conti Ardengheschi. Anche i nomi di alcune  piazza o parti del paese ne portano le tracce: Porta Conti, Porta degli  Uomini, il Cassero, Dietro le Mura e cos\u00ec via.<\/p>\n<p>Una sola porta, <strong>Porta Piccina<\/strong>, che si apre verso la spettacolare vallata tra Civitella e <strong>Roccastrada<\/strong>, \u00e8 rimasta intatta nei secoli.<\/p>\n<p>Ma ecco i numerosi borghi, <strong>castelli, rocche, pievi e abbazie dell&#8217;Alta Maremma<\/strong> e di altre zone della <strong>Toscana<\/strong> che sono <strong>facilmente raggiungibili<\/strong> da Casina di Rosa.<\/p>\n<h3>Paganico<\/h3>\n<p><a href=\"http:\/\/turismo.civitellapaganico.info\/en\/itinerari\/paganico\/\">Paganico<\/a> (6km) (6km) \u00e8 un raro esempio di <strong>cittadella senese fortificata<\/strong>.  Le mura a torrioni sono praticamente intatte, cos\u00ec come 3 delle porte.  L&#8217;unica mancante \u00e8 la porta che si apriva dalla parte del fiume Ombrone.  Di notevole interesse anche la chiesa del paese che conserva  interessanti affreschi di Biagio di Goro Ghezzi e un antico crocifisso  ligneo.<\/p>\n<h3>Monte Antico e Casenovole<\/h3>\n<p>Sempre nel comune di Civitella Paganico, sono suggestivi e in posizione panoramica favolosa, i <strong>Castelli di Monte Antico<\/strong> e il <strong>Castello di Casenovole<\/strong>.<\/p>\n<h2>I Castelli e le Rocche visitabili da Casina di Rosa<\/h2>\n<p>Non lontano da Civitella Marittima, e ben visibile dal paese, sorge poi il famoso <strong>Castle of Poggio alle Mura<\/strong>, sede della famosa <a href=\"http:\/\/www.castellobanfi.com\/\">Azienda Banfi<\/a> uno dei maggiori produttori di Brunello.<\/p>\n<h3>Nei dintorni di Roccastrada<\/h3>\n<p><strong>Roccastrada<\/strong> (13km) e il suo territorio sono ricchi di rocche e castelli che si affacciano sulla Maremma.. <a href=\"http:\/\/www.comune.roccastrada.gr.it\/\">Roccastrada<\/a> ha una rocca da cui si godono incredibili vedute fino al mare.<\/p>\n<p>A 10km da Roccastrada, il paese di <strong>Sassofortino<\/strong> conserva nel bosco poco distante dal paese i resti di un castello detto il <a href=\"http:\/\/www.castellitoscani.com\/sassoforte.htm\">Sassoforte<\/a> e luogo ideale per  <a href=\"http:\/\/www.sassofortino.info\/trekking.html\">escursioni a piedi<\/a>, in bicicletta o <a href=\"http:\/\/www.viaequestretoscana.it\/\">a cavallo<\/a>.<\/p>\n<p>Poco distante sorge il <strong>Castello di Montemassi<\/strong> raffigurato anche nello storico affresco di <strong>Simone Martini nel Palazzo Pubblico di Siena<\/strong>.<\/p>\n<h3>Castelli e rocche in Alta Maremma<\/h3>\n<p>Nella stessa area dell&#8217;Alta Maremma e poi della Maremma vera e propria, sono di grande interesse <a href=\"http:\/\/www.castellitoscani.com\/italian\/pietra_foto.htm\">Castel Pietra<\/a> a <strong>Gavorrano<\/strong> e naturalmente la <a href=\"http:\/\/www.castellitoscani.com\/italian\/massa_mar.htm\">Fortezza Senese<\/a> a <strong>Massa Marittima<\/strong>.<\/p>\n<p>Verso nord, poco distante da Gavorrano si consiglia la visita del <strong>castello di Scarlino<\/strong> o <a href=\"http:\/\/www.castellitoscani.com\/italian\/scarlino.htm\">Rocca Pisana<\/a>.<\/p>\n<h3>Castelli e rocche dlla costa della Maremma<\/h3>\n<p>Anche la costa della Maremma vanta numerosi castelli di grande interesse. <strong>Castiglione della Pescaia<\/strong> ha un bellissimo castello ancora abitato e nei pressi del paese, il Castello delle <strong>Rocchette<\/strong> offre l&#8217;occasione per un&#8217;escursione di grande effetto e per trascorrere  una giornata al mare in una delle localit\u00e0 pi\u00f9 rinomate e apprezzate.<\/p>\n<p>Pi\u00f9 a sud, sono da visitare le torri del <a href=\"http:\/\/www.parco-maremma.it\/\">Parco Naturale della Maremma<\/a> (o Parco dell&#8217;Uccellina) e la Rocca di Talamone, che vanta addirittura origini Etrusche.<\/p>\n<h3>Castelli e Rocche dell&#8217;area etrusca<\/h3>\n<p>i\u00f9 nell&#8217;interno, <strong>Pitigliano<\/strong> con la <a href=\"http:\/\/www.comune.pitigliano.gr.it\/photogallery\/photo23410\/palazzo_orsini.jpg\">Fortezza Orsini<\/a> appresenta una meta ideale per un&#8217;escursione da un giorno, cos\u00ec come pure i vicini castelli di <strong>Sorano<\/strong>, <a href=\"http:\/\/www.castellitoscani.com\/italian\/sorano.htm\">Rocca Orsini<\/a>, e <a href=\"http:\/\/www.castellitoscani.com\/italian\/ottieri.htm\">Castell&#8217;Ottieri<\/a> e la  <a href=\"http:\/\/www.castellitoscani.com\/italian\/sovana.htm\">Rocca Aldobrandesca<\/a> di <strong>Sovana<\/strong>. Anche la <a href=\"http:\/\/www.castellitoscani.com\/selvena.htm\">Rocca Silvana<\/a> si trova in questa zona.<\/p>\n<h3>Castelli e Rocche sul Monte Amiata<\/h3>\n<p>Risalendo verso il <strong>Monte Amiata<\/strong>, si pu\u00f2 visitare la fortezza di <strong>Roccalbegna<\/strong>, chiamata semplicemente  <a href=\"http:\/\/www.castellitoscani.com\/roccalbegna.htm\">Sasso<\/a>. Sempre nelle pendici del Monte Amiata, <strong>Arcidosso<\/strong> ha un castello perfettamente conservato.<\/p>\n<p>Anche la <strong>provincia di Siena<\/strong> \u00e8 ricchissima di rocche e castelli: ne vanta un numero enorme. Nell&#8217;Amiata senese, il <a href=\"http:\/\/www.castellitoscani.com\/piancastagnaio.htm\">Castle of Piancastagnaio<\/a> val bene una visita, cos\u00ec come il <a href=\"http:\/\/www.castellitoscani.com\/fighine.htm\">Castello di Fighine<\/a> e la <a href=\"http:\/\/www.castellitoscani.com\/fighine.htm\">Rocca<\/a> di <strong>Radicofani<\/strong>.<\/p>\n<h3>Castelli e Rocche della Val d&#8217;Orcia<\/h3>\n<p>Nella Val d&#8217;Orcia si possono visitare:<\/p>\n<ul>\n<li>la <a href=\"http:\/\/www.castellitoscani.com\/tentennano.htm\">Rocca d&#8217;Orcia<\/a>, vicino <strong>Castiglion d&#8217;Orcia<\/strong><\/li>\n<li>la<a href=\"http:\/\/www.castellitoscani.com\/aldobrandeschi.htm\">Rocca Aldobrandesca<\/a> a <strong>Castiglion d&#8217;Orcia<\/strong>: molto suggestive e ben preservate le viuzze che conducono ai resti della rocca.<\/li>\n<li>il <a href=\"http:\/\/www.castellitoscani.com\/aldobrandeschi.htm\">castello di Ripa d&#8217;Orcia<\/a>, vicino <strong>San Quirico in Val d&#8217;Orcia<\/strong> in Val d&#8217;Orcia e da cui si gode di una vista spettacolare sulla campagna circostante.<\/li>\n<li><strong>Montalcino<\/strong> con la sua Rocca, sede di un&#8217;eccellente e suggestiva enoteca.<\/li>\n<li>il <strong>castello di Spedaletto<\/strong>, nelle vicinanze di Pienza e di San Quirico e Bagno Vignoni<\/li>\n<li>pi\u00f9 verso Siena, in prossimit\u00e0 di <strong>Buonconvento<\/strong>, che vanta il suo castello, \u00e8 di interesse il <strong>castello di Bibbiano<\/strong>.<\/li>\n<\/ul>\n<h3>Castelli e Rocche delle Crete Senesi<\/h3>\n<p>Nelle <strong>Crete senesi<\/strong> si possono visitare:<\/p>\n<ul>\n<li>il bellissimo <a href=\"http:\/\/www.castellitoscani.com\/trequanda.htm\">Cacciaconti Castle<\/a> a <strong>Trequanda<\/strong> *il castello di <strong>San Giovanni d&#8217;Asso<\/strong><\/li>\n<li>e il paese fortificato di <strong>Monticchiello<\/strong><\/li>\n<\/ul>\n<p>Nelle Crete Senesi, un castello di grande pregio e perfettamente conservato \u00e8 il  <a href=\"http:\/\/www.castellodigrotti.it\/\">Castello di Grotti<\/a>, vicino alle Ville di Corsano.<\/p>\n<p>Il <strong>Castello di Grotti<\/strong> si trova sulle colline a sud  di Siena e sorge su un antico insediamento etrusco. Le prime menzioni  del luogo risalgono al 1221, in cui la torre \u00e8 indicata come luogo di  nascita di Orlandino di Azzo, un ricco mercante del XIII secolo. In  seguito di propriet\u00e0 della nobile famiglia degli Ugurgeri, prima di  essere presa e devastata con le case annesse e la vicina torre delle  Strine dai soldati austro-ispani nell&#8217;ultima guerra contro Siena e  Montalcino.<\/p>\n<p>Il Castello ha una struttura imponente, a met\u00e0 tra il fortilizio e il  palazzo nobiliare, con pianta ad U ed una base a scarpa. Nel secolo XIX  fu utilizzato come casa di campagna dal Marchese Nerli. Nel secolo  scorso pass\u00f2 nelle mani della famiglia Piccolomini, ed \u00e8 attualmente  occupato &#8220;Fondazione Sergio Vacchi&#8221;, dove si espongono i lavori  dell&#8217;artista. Presso il centro internazionale per le arti si svolgono  eventi di grande levatura culturale, quali esposizioni, concerti,  spettacoli teatrali.<\/p>\n<p>Il Castello \u00e8 circondato da due ettari di <strong>giardino all&#8217;italiana<\/strong> e <strong>parco all&#8217;inglese<\/strong> (un particolare unico su tutta la provincia di Siena), ed \u00e8 parte di un&#8217;azienda agrituristica che produce un <a href=\"http:\/\/www.casinadirosa.it\/things-to-do-tuscany\/food-drink-tuscany\/tuscany-olive-oil\">olio d&#8217;oliva<\/a> celebre nel mondo. Le ex scuderie del &#8216;600, con colonne e soffitti a  volta, e la Limonaia sono oggi adibite a sale per meeting e banchetti.  La residenza d&#8217;epoca Villa Ballati, una villa ottocentesca adiacente il  Castello \u00e8 stata restaurata con grande cura e rispetto dei dettagli  originali ed \u00e8 oggi una struttura ricettiva.<\/p>\n<h3>Castelli e Rocche dei dintorni di Siena<\/h3>\n<p>Alla <strong>periferia di Siena<\/strong>, poco fuori dal centro citt\u00e0, vale la pena visitare il <a href=\"http:\/\/www.castellitoscani.com\/quattrotorri.htm\">Castello delle Quattro Torri<\/a>. Purtroppo si pu\u00f2 solo ammirare da lontano, perch\u00e9 oggi \u00e8 una residenza privata.<\/p>\n<p>Pochi chilometri dopo Siena, il paese di Monteriggioni offre la  possibilit\u00e0 di fare un tuffo nel passato, specialmente in occasione  della <a href=\"http:\/\/www.monteriggionicastle.com\/festa.html\">celebre festa medievale<\/a>.<\/p>\n<p>Nella <strong>Val d&#8217;Elsa<\/strong> e nell&#8217;area a nord di Siena si pu\u00f2 visitare:<\/p>\n<ul>\n<li><strong>Colle Val d&#8217;Elsa<\/strong> e la sua imponente Porta Volterrana<\/li>\n<li>la bellissima cittadina di <strong>San Gimignano<\/strong><\/li>\n<li>la fortezza di <a href=\"http:\/\/www.castellitoscani.com\/poggibonsi.htm\">Poggio Imperiale<\/a> che domina <strong>Poggibonsi<\/strong>dalla sua sede dimenticata tra i boschi, molto suggestivo e, sempre nei pressi di Poggibonsi, il Castello Strozzavolpe<\/li>\n<li>il castello e le mura cittadine di <strong>Staggia Senese<\/strong><\/li>\n<\/ul>\n<h3>Castelli e Rocche del Chianti<\/h3>\n<p>Pi\u00f9 verso nord, in direzione di Firenze, il Chianti dedica ai castelli una vera e propria <a href=\"http:\/\/www.discoveritalia.it\/itinerariTema\/itinerarioTema.asp?Lingua=it&amp;IDitinerarioTema=5\">via dei Castelli del Chianti con vari itinerari<\/a>. Partendo da Siena, procedendo verso nord, si possono visitare:<\/p>\n<ul>\n<li>il castello di <strong>Montalto<\/strong>, al confine con la provincia di Arezzo<\/li>\n<li>il bellissimo <strong>Castello di Brolio<\/strong><\/li>\n<li>the elegant <strong>Castello di Meleto<\/strong> (ideale per cerimonie!)<\/li>\n<li>interessante anche il borgo di <strong>Castellina in Chianti<\/strong> e la sua fortezza<\/li>\n<\/ul>\n<p>Per trascorrere una vacanza a Casina di Rosa e visitare questi  magnifici castelli, visita a nostra pagina delle offerte oppure scrivici  a  <a href=\"mailto:info@casinadirosa.it\">info@casinadirosa.it<\/a>.<\/p>\n<p>Photo banner by <a href=\"http:\/\/www.flickr.com\/photos\/alessandraelle\/4311170427\/sizes\/m\/\">alessandraelle<\/a>, <a href=\"http:\/\/www.flickr.com\/photos\/74701705@N00\/527509143\/sizes\/l\/in\/photostream\/\">Michele Zaimbri<\/a>, mirkuz, <a href=\"http:\/\/www.flickr.com\/photos\/40129030@N00\/3036299708\/\">rubix1138<\/a>, <a href=\"http:\/\/www.flickr.com\/photos\/roberto_ferrari\/604081427\/\">Roby Ferrari<\/a>, <a href=\"http:\/\/www.flickr.com\/photos\/kaspo80\/3282925820\/\">Kaspo<\/a>, <a href=\"http:\/\/www.flickr.com\/photos\/igullord\/3050784982\/\">igullord<\/a>, <a href=\"http:\/\/www.flickr.com\/photos\/ghirolfo53\/4779881995\/\">ghirolfo53<\/a>, <a href=\"http:\/\/www.flickr.com\/photos\/xdatap1\/165624546\/\">Paolo Sammicheli<\/a>, <a href=\"http:\/\/www.flickr.com\/photos\/jessflickr\/2946737049\/\">jessica<\/a>.<\/p>","protected":false},"excerpt":{"rendered":"<p>La Toscana \u00e8 nota per l&#8217;arte, la natura, il buon vino, l&#8217;olio d&#8217;oliva, ma anche per la sua storia affascinante e misteriosa, di cui restano testimoni numerosi castelli e abbazie, ma anche piccole pievi di paese e di campagna. Castelli e rocche nel comune di Civitella Paganico Civitella Marittima, il paese dove si trova Casina [&hellip;]<\/p>\n","protected":false},"author":4,"featured_media":202,"parent":76,"menu_order":0,"comment_status":"closed","ping_status":"closed","template":"","meta":{"footnotes":""},"class_list":["post-121","page","type-page","status-publish","has-post-thumbnail","hentry"],"_links":{"self":[{"href":"https:\/\/www.casinadirosa.it\/it\/wp-json\/wp\/v2\/pages\/121","targetHints":{"allow":["GET"]}}],"collection":[{"href":"https:\/\/www.casinadirosa.it\/it\/wp-json\/wp\/v2\/pages"}],"about":[{"href":"https:\/\/www.casinadirosa.it\/it\/wp-json\/wp\/v2\/types\/page"}],"author":[{"embeddable":true,"href":"https:\/\/www.casinadirosa.it\/it\/wp-json\/wp\/v2\/users\/4"}],"replies":[{"embeddable":true,"href":"https:\/\/www.casinadirosa.it\/it\/wp-json\/wp\/v2\/comments?post=121"}],"version-history":[{"count":22,"href":"https:\/\/www.casinadirosa.it\/it\/wp-json\/wp\/v2\/pages\/121\/revisions"}],"predecessor-version":[{"id":1155,"href":"https:\/\/www.casinadirosa.it\/it\/wp-json\/wp\/v2\/pages\/121\/revisions\/1155"}],"up":[{"embeddable":true,"href":"https:\/\/www.casinadirosa.it\/it\/wp-json\/wp\/v2\/pages\/76"}],"wp:featuredmedia":[{"embeddable":true,"href":"https:\/\/www.casinadirosa.it\/it\/wp-json\/wp\/v2\/media\/202"}],"wp:attachment":[{"href":"https:\/\/www.casinadirosa.it\/it\/wp-json\/wp\/v2\/media?parent=121"}],"curies":[{"name":"wp","href":"https:\/\/api.w.org\/{rel}","templated":true}]}}