{"id":123,"date":"2011-03-09T15:34:00","date_gmt":"2011-03-09T14:34:00","guid":{"rendered":"http:\/\/www.casinadirosa.it\/?page_id=123"},"modified":"2017-07-23T01:06:22","modified_gmt":"2017-07-22T23:06:22","slug":"hot-springs-spas-tuscany","status":"publish","type":"page","link":"https:\/\/www.casinadirosa.it\/it\/things-to-do-tuscany\/nature-sport-tuscany\/hot-springs-spas-tuscany\/","title":{"rendered":"Terme in Toscana"},"content":{"rendered":"<p><br \/>\nLa <strong>Toscana<\/strong> \u00e8 ricca di sorgenti naturali e di <strong>acque termali<\/strong>.<\/p>\n<p><strong>Civitella Marittima<\/strong> \u00e8 a soli 10 minuti dalle <strong>Terme di Petriolo<\/strong> e a un&#8217;oretta dalle <strong>Terme di Saturnia<\/strong>.<\/p>\n<h2>Le Terme di Petriolo<\/h2>\n<p>Alle <strong>Terme di Petriolo<\/strong>, oltre  al <a href=\"http:\/\/www.atahotels.it\/petriolo\/\">centro benessere di lusso del Grand Hotel di Petriolo<\/a> ha appena perto un <a href=\"http:\/\/www.termepetriolo.it\/\">nuovissimo stabilimento termale<\/a> che offre trattamenti benessere e di bellezza a prezzi competitivi. Inoltre, ci sono anche <strong>sorgenti di acqua calda<\/strong> (43\u00b0C) aperte a tutti e accessibili gratuitamente, nella cornice incontaminata del <strong>fiume Farma<\/strong>.<\/p>\n<p>Le Terme di Petriolo sono <strong>antichissime<\/strong>. I romani gi\u00e0  le conoscevano e le apprezzavano. Pare che siano questi i bagni di cui  Marco Tullio Cicerone parla nella sua orazione pro Marco Caelio.<\/p>\n<p>Recentemente sono state rinvenute delle <strong>tombe di epoca romana<\/strong> nelle vicinanze, il che sembra confermare questo interesse antichissimo.<\/p>\n<p>Di sicuro erano molto apprezzate nel medioevo e nel Rinascimento.<\/p>\n<p>La Repubblica di Siena aveva creato qui un sistema di &#8220;stationes&#8221; fin  dal 1250. Queste &#8220;stationes&#8221; erano una sorta di cabine per singoli  bagnanti, che tanto ricordano i moderni stabilimenti balneari.<\/p>\n<p>Molti i personaggi illustri che hanno frequentato le terme di  Petriolo: i Medici, signori di Firenze, i Gonzaga, Signori di Mantova,  esponenti eccellenti del clero, trai quali Papa Pio II Piccolomini.<\/p>\n<p>Bellisimi <strong>resti delle mura in tipico stile senese<\/strong> che fu eretta nel 1404 a protezione delle Terme: oggi Petriolo rappresenta un esempio unico di terme fortificate.<\/p>\n<p>Delle vere terme antiche che erano costruite da quattro locali con  volte a crociera resta un solo ambiente che si apre all&#8217;esterno con  arcate a tutto sesto poggianti su pilastri ottagonali.<\/p>\n<p>Petriolo \u00e8 facile da raggiungere da Casina di Rosa: si percorre la  SS223\/E78 in direzione Siena per circa 10km e si esce al bivio Casale di  Pari &#8211; Pari. Si prosegue fino al bivio successivo che si immette  nell&#8217;antica via del sale, ossia l&#8217;antica strada che congiungeva Siena e  il mare. Si segue in direzione Siena restando nella vecchia strada e ai  piedi della collina c&#8217;\u00e8 la bellissima <strong>valle del Farma<\/strong> e i <strong>Bagni di Petriolo<\/strong>.<\/p>\n<p>Oltre alle vasche d&#8217;acqua calda, anche il fiume Farma \u00e8 perfetto per <strong>nuotare<\/strong> e il bosco circostante offre <strong>numerosi punti per un pic-nic<\/strong>.<\/p>\n<p>Lo stabilimento termale \u00e8 aperto da Maggio a Ottobre.<\/p>\n<p>Per gli amanti degli itinerari alternativi, ecco una proposta per un <strong>itinerario di 7.5 km da fare in auto, a piedi, in bici o a cavallo<\/strong>.<\/p>\n<h3>Itinerario del Farma-Merse<\/h3>\n<p><em>Petriolo &#8211; S.Lucia &#8211; Podere Poggiale &#8211; molino di Pari &#8211; Fiume Ombrone<\/em><\/p>\n<p><strong>Partenza:<\/strong> Petriolo (m.161)<br \/>\n<strong>Arrivo:<\/strong> Pod. Casalino (m.128)<\/p>\n<p><strong>Da Petriolo al Bivio del Madonnino<\/strong> km.1 &#8211; Altitudine minima: 161 s.l.m. &#8211; Altitudine max. 247 s.l.m. Asfaltato &#8211; Facile &#8211; sulla sinistra: bivio del Madonnino<\/p>\n<p><strong>Dal Bivio del Madonnino al Podere Poggiale<\/strong> km.3 &#8211; Altitudine min. 125 s.l.m. &#8211; Altitudine max: 247s.l.m. Tratto a sterro &#8211; Media difficolt\u00e0<\/p>\n<p><strong>Dal Podere Poggiale al Molino di Pari<\/strong> km.2 &#8211; Altitudine min. 111 s.l.m. &#8211; Altitudine max. 125 s.l.m Tratto a sterro &#8211; Media difficolt\u00e0<\/p>\n<p><strong>Dal Molino di Pari al Podere casalino<\/strong> km.1,5 &#8211; Altitudine min. 111 s.l.m. &#8211; Altitudine max: 128 s.l.m. Tratto a sterro &#8211; Media difficolt\u00e0<\/p>\n<p>L&#8217;itinerario, ad eccezione del primo tratto, si svolge lungo la <strong>valle del Farma-Merse<\/strong> all&#8217;interno di una riserva naturalistica ed \u00e8 difficilemnte  percorribile nei mesi pi\u00f9 piovosi dell&#8217;anno per la fangosit\u00e0 del fondo  stradale. E&#8217; un <strong>percorso breve<\/strong> ma molto suggestivo che ripercorre l&#8217;<strong>antica strada medievale<\/strong> che da Chiusdiano, via Petriolo, Castiglion del osco, Badia Ardenga e Bibbiano arrivava alla <strong>via Francigena<\/strong> all&#8217;altezza di Buonconvento.<\/p>\n<p>Nel <a href=\"http:\/\/turismo.civitellapaganico.info\/en\/\">Comune di Civitella Paganico<\/a> sono state rinvenute altre antichissime terme romane a Pietratonda.<\/p>\n<p>Attualmente \u00e8 in corso un progetto di recupero in collaborazione con l&#8217;Universit\u00e0 di Siena e con la Comunit\u00e0 Europea.<\/p>\n<h2>Le Terme di Saturnia<\/h2>\n<p>Le <strong>Terme di Saturnia<\/strong> hanno un&#8217;origine <strong>mitologica<\/strong>:  si narra che Saturno, divinit\u00e0 romana del tempo e dell&#8217;abbondanza, and\u00f2  su tutte le furie a causa degli uomini, che non smettevano mai di  combattersi gli uni con gli atri. Adirato, scagli\u00f2 un fulmine sulla  terra e dal cratere lasciato da quel fulmine scaturirono acque calde e  solforose che avvolsero gli uomini litigiosi e li calmarono. Si dice che da allora siano nati uomini migliori, pi\u00f9 saggi e pi\u00f9  felici!<\/p>\n<p>Ancora oggi nel cuore della Maremma l&#8217;acqua scaturisce a <strong>37\u00b0C<\/strong>.<\/p>\n<p>Pare che le acque di Saturnia abbiano anche curato le ferite del  prode Paladino Orlando, protagonista dell&#8217;Orlando furioso dell&#8217;Ariosto.<\/p>\n<p>Per raggiungere Saturnia da Civitella Marittima si deve prendere la  SS223\/E78 in direzione Grosseto, proseguire per Scansano, Montemerano,  Saturnia.<\/p>\n<p>Le terme di Saturnia offrono un&#8217;ottima occasione per una sosta a <strong>Montemerano<\/strong> e al suo castello, a <strong>Manciano<\/strong> e il suo <strong>Museo Archeologico della Valle del Fiora<\/strong>, a <strong>Pitigliano<\/strong>, <strong>Sorano<\/strong>, e <strong>Sovana<\/strong> antichissime citt\u00e0 etrusco-romane circondate da scenari naturali di incredibile bellezza.<\/p>\n<p>Foto banner di <a href=\"http:\/\/www.flickr.com\/photos\/unclejojo\/2106205082\/sizes\/m\/in\/photostream\/\">Jordan<\/a>. Altre foto di <a href=\"http:\/\/www.flickr.com\/photos\/ilcello\/tags\/termedipetriolo\/\">M@rcello;)<\/a>, <a href=\"http:\/\/www.flickr.com\/photos\/pprats\/90222721\/\">pedro prats<\/a>, <a href=\"http:\/\/www.flickr.com\/photos\/lorraineflack\/1168788926\/\">lorraineflack<\/a>, <a href=\"http:\/\/www.flickr.com\/photos\/unclejojo\/2106205082\/\">Jordan<\/a>, <a href=\"http:\/\/www.flickr.com\/photos\/raymanoz\/sets\/72157605943090232\/with\/2631605117\/\">Raymond Barlow<\/a>, <a href=\"http:\/\/www.flickr.com\/photos\/kurlvink\/2195660286\/sizes\/l\/in\/photostream\/\">Juergen Kurlvink<\/a>, AroundTuscany, <a href=\"http:\/\/www.flickr.com\/photos\/cybernyber\/3559399533\/\">Cybernyber<\/a>, <a href=\"http:\/\/www.flickr.com\/photos\/terzocchio\/sets\/72157605435345562\/with\/2551550493\/\">Candido33<\/a>.<\/p>","protected":false},"excerpt":{"rendered":"<p>La Toscana \u00e8 ricca di sorgenti naturali e di acque termali. Civitella Marittima \u00e8 a soli 10 minuti dalle Terme di Petriolo e a un&#8217;oretta dalle Terme di Saturnia. Le Terme di Petriolo Alle Terme di Petriolo, oltre al centro benessere di lusso del Grand Hotel di Petriolo ha appena perto un nuovissimo stabilimento termale [&hellip;]<\/p>\n","protected":false},"author":4,"featured_media":206,"parent":78,"menu_order":0,"comment_status":"closed","ping_status":"closed","template":"","meta":{"footnotes":""},"class_list":["post-123","page","type-page","status-publish","has-post-thumbnail","hentry"],"_links":{"self":[{"href":"https:\/\/www.casinadirosa.it\/it\/wp-json\/wp\/v2\/pages\/123","targetHints":{"allow":["GET"]}}],"collection":[{"href":"https:\/\/www.casinadirosa.it\/it\/wp-json\/wp\/v2\/pages"}],"about":[{"href":"https:\/\/www.casinadirosa.it\/it\/wp-json\/wp\/v2\/types\/page"}],"author":[{"embeddable":true,"href":"https:\/\/www.casinadirosa.it\/it\/wp-json\/wp\/v2\/users\/4"}],"replies":[{"embeddable":true,"href":"https:\/\/www.casinadirosa.it\/it\/wp-json\/wp\/v2\/comments?post=123"}],"version-history":[{"count":6,"href":"https:\/\/www.casinadirosa.it\/it\/wp-json\/wp\/v2\/pages\/123\/revisions"}],"predecessor-version":[{"id":1150,"href":"https:\/\/www.casinadirosa.it\/it\/wp-json\/wp\/v2\/pages\/123\/revisions\/1150"}],"up":[{"embeddable":true,"href":"https:\/\/www.casinadirosa.it\/it\/wp-json\/wp\/v2\/pages\/78"}],"wp:featuredmedia":[{"embeddable":true,"href":"https:\/\/www.casinadirosa.it\/it\/wp-json\/wp\/v2\/media\/206"}],"wp:attachment":[{"href":"https:\/\/www.casinadirosa.it\/it\/wp-json\/wp\/v2\/media?parent=123"}],"curies":[{"name":"wp","href":"https:\/\/api.w.org\/{rel}","templated":true}]}}