{"id":127,"date":"2011-03-09T16:25:51","date_gmt":"2011-03-09T15:25:51","guid":{"rendered":"http:\/\/www.casinadirosa.it\/?page_id=127"},"modified":"2019-04-01T22:56:07","modified_gmt":"2019-04-01T20:56:07","slug":"lavender-tuscany","status":"publish","type":"page","link":"https:\/\/www.casinadirosa.it\/it\/things-to-do-tuscany\/nature-sport-tuscany\/lavender-tuscany\/","title":{"rendered":"La lavanda in Toscana"},"content":{"rendered":"<p><strong>Scopri la lavanda nella Maremma toscana!<\/strong><\/p>\n<p>Per gli ospiti di Casina di Rosa organizziamo <strong>giornate dedicate alla scoperta della lavanda<\/strong> e delle altre <strong>erbe aromatiche<\/strong>, grazie alla collaborazione con un podere della zona!<\/p>\n<p>La lavanda in Toscana e Casina di Rosa (articolo, pdf, 1,77MB) in Vie del Gusto di maggio 2007!!!<\/p>\n<p><strong>Trascorrete una giornata nella rigogliosa natura della campagna toscana!<\/strong><\/p>\n<h2>La lavanda e le erbe aromatiche<\/h2>\n<p><strong>Costo:<\/strong> \u20ac110 a persona<\/p>\n<p><strong>Periodo:<\/strong> da maggio a luglio<\/p>\n<p><strong>Comprende:<\/strong><\/p>\n<ul>\n<li>visita alle aiole delle erbe<\/li>\n<li>breve lezione di botanica e coltivazione delle piante aromatiche<\/li>\n<li>visita al campo di lavanda e metodi di raccolta<\/li>\n<li>distillazione<\/li>\n<li>utilizzo delle erbe a scelta tra:<br \/>\nricette cosmetiche per preparati alle erbe e aromaterapia<br \/>\nricette gastronomiche con le erbe<\/li>\n<li>pranzo tradizionale in un cascinale toscano<\/li>\n<li>piccola confezione regalo con prodotti alla lavanda<\/li>\n<\/ul>\n<h2>La lavanda<\/h2>\n<p>La <strong>lavanda<\/strong> \u00e8 una pianta sempreverde originaria del Mediterraneo. Ha molti usi, oltre ad una straordinaria bellezza e ad un ottimo profumo.<\/p>\n<p><strong>Leggi queste note sulla lavanda e prenota la tua giornata dedicata alla lavanda in Toscana!!!<\/strong><\/p>\n<p>\u00c8 da sempre utilizzata per <strong>deodorare la biancheria<\/strong>: molti prodotti naturali per tenere lontane le tarme sono proprio a base di lavanda.<\/p>\n<p>La lavanda \u00e8 anche utilizzata in innumerevoli <strong>prodotti per la cura personale<\/strong>, dai saponi alle creme, dall&#8217;acqua di colonia alle essenze pi\u00f9 raffinate. Questa pianta viene inoltre utilizzata per le cure omeopatiche grazie alle sue virt\u00f9 calmanti ed antisettiche ed \u00e8 un&#8217;essenza fondamentale in aromaterapia.<\/p>\n<p>Le <strong>propriet\u00e0<\/strong> di questa pianta sono molteplici: aromatiche, purificanti, antisettiche, balsamiche, sedative, antispasmodiche, e antinfiammatorie. E addirittura digestive, antireumatiche e cicatrizzanti!<\/p>\n<p>A partire dalla lavanda si preparano moltissime cose che sono una parte essenziale della tradizione e della vita della campagna, anche in Toscana. Si possono preparare <strong>infusi<\/strong>, <strong>estratti<\/strong> ed <strong>essenze<\/strong> da bere, oppure eccezionali prodotti per la cura del corpo, quali lavaggi e impacchi, lozioni, olii e naturalmente, l&#8217;acqua di lavanda, che faceva parte del corredo di ogni fanciulla.<\/p>\n<h3>I prodotti naturali a base di lavanda da preparare anche a casa.<\/h3>\n<p><strong>Il bagno a base di lavanda<\/strong> viene considerato uno dei migliori modi per rilassarsi e per tonificare il corpo. Basta far bollire un litro d&#8217;acqua con 50 gr di fiori di lavanda o spighe per circa 10 minuti, e poi filtrare e versare l&#8217;infuso nell&#8217;acqua della vasca. Se invece avete una pianta di lavanda fiorita, la miglior cosa da fare \u00e8 fare un mazzolino di fiori, legarlo, e immergerlo nell&#8217;acqua prima di fare il bagno.<\/p>\n<p><strong>L&#8217;acqua di lavanda<\/strong> \u00e8 da sempre uno dei metodi naturali pi\u00f9 efficaci per mantenere la pelle tonica e profumata. In passato, si raccoglievano i fiori di lavanda e preparavo la preziosa lozione da usare durante tutto l&#8217;anno. Ancora oggi \u00e8 molto semplice preparare l&#8217;acqua di lavanda. Basta far macerare in mezzo litro d&#8217;alcool puro 100gr di rami fioriti di lavanda. Li si deve lasciare in infusione per 15 giorni e poi filtrare e mettere quest&#8217;acqua in bottiglia. L&#8217;acqua di lavanda \u00e8 perfetta da usare dopo aver fatto il bagno o la doccia, frizionando la pelle, che risulta subito pi\u00f9 morbida e profumata. Tra l&#8217;altro, l&#8217;acqua di lavanda \u00e8 molto efficace per tenere lontane le zanzare.<\/p>\n<p>Dalla lavanda si ricavano anche <strong>gustosi manicaretti<\/strong>! Le api adorano la lavanda, e il miele di lavanda \u00e8 uno dei pi\u00f9 deliziosi. In Francia \u00e8 molto comune, mentre in Toscana, solitamente il nettare della lavanda si unisce a quello di altri fiori, in quanto non ci sono campi cos\u00ec grandi come oltralpe coltivati a lavanda.<\/p>\n<p>Nella sezione links, \u00e8 disponibile una scelta di links dedicata alla lavanda.<\/p>\n<h2>Per saperne di pi\u00f9&#8230;<\/h2>\n<h3>Volete saperne di pi\u00f9?<\/h3>\n<p>Leggete pure i <strong>commenti<\/strong> dei nostri ospiti se desiderate conoscere l&#8217;esperienza di chi ha trascorso le proprie vacanze a Casina di Rosa. Volete vedere altre foto?<\/p>\n<p>Visitate la nostra <strong>galleria fotografica<\/strong>! Troverete foto della casa, del paese e delle molte localit\u00e0 di interesse raggiungibili a partire da Casina di Rosa. Molte delle foto sono state inviate dai nostri ospiti! Volete sapere cosa potete fare qui?<\/p>\n<p>Se volete sapere cosa fare nei dintorni, visitate la sezione del sito dedicata alle <strong>attivit\u00e0 e alle escursioni<\/strong> in questa zona della Toscana. Tutte le localit\u00e0 indicate sono raggiungibili in auto da Casina di Rosa.<\/p>\n<p><strong>Un&#8217;auto \u00e8 necessaria<\/strong> per approfittare al meglio delle molte risorse della zona.<\/p>\n<h3>Volete fare altre escursioni?<\/h3>\n<ul>\n<li>Degustazione dell&#8217;olio d&#8217;oliva delle colline dell&#8217;Alta Maremma Toscana con visita ai frantoi<\/li>\n<li>Lezioni di cucina toscana<\/li>\n<li>Degustazione del vino toscano con visita alle cantine<\/li>\n<\/ul>\n<p><\/p>","protected":false},"excerpt":{"rendered":"<p>Scopri la lavanda nella Maremma toscana! Per gli ospiti di Casina di Rosa organizziamo giornate dedicate alla scoperta della lavanda e delle altre erbe aromatiche, grazie alla collaborazione con un podere della zona! La lavanda in Toscana e Casina di Rosa (articolo, pdf, 1,77MB) in Vie del Gusto di maggio 2007!!! Trascorrete una giornata nella [&hellip;]<\/p>\n","protected":false},"author":4,"featured_media":128,"parent":78,"menu_order":0,"comment_status":"closed","ping_status":"closed","template":"","meta":{"footnotes":""},"class_list":["post-127","page","type-page","status-publish","has-post-thumbnail","hentry"],"_links":{"self":[{"href":"https:\/\/www.casinadirosa.it\/it\/wp-json\/wp\/v2\/pages\/127","targetHints":{"allow":["GET"]}}],"collection":[{"href":"https:\/\/www.casinadirosa.it\/it\/wp-json\/wp\/v2\/pages"}],"about":[{"href":"https:\/\/www.casinadirosa.it\/it\/wp-json\/wp\/v2\/types\/page"}],"author":[{"embeddable":true,"href":"https:\/\/www.casinadirosa.it\/it\/wp-json\/wp\/v2\/users\/4"}],"replies":[{"embeddable":true,"href":"https:\/\/www.casinadirosa.it\/it\/wp-json\/wp\/v2\/comments?post=127"}],"version-history":[{"count":9,"href":"https:\/\/www.casinadirosa.it\/it\/wp-json\/wp\/v2\/pages\/127\/revisions"}],"predecessor-version":[{"id":1197,"href":"https:\/\/www.casinadirosa.it\/it\/wp-json\/wp\/v2\/pages\/127\/revisions\/1197"}],"up":[{"embeddable":true,"href":"https:\/\/www.casinadirosa.it\/it\/wp-json\/wp\/v2\/pages\/78"}],"wp:featuredmedia":[{"embeddable":true,"href":"https:\/\/www.casinadirosa.it\/it\/wp-json\/wp\/v2\/media\/128"}],"wp:attachment":[{"href":"https:\/\/www.casinadirosa.it\/it\/wp-json\/wp\/v2\/media?parent=127"}],"curies":[{"name":"wp","href":"https:\/\/api.w.org\/{rel}","templated":true}]}}