{"id":152,"date":"2011-03-10T07:22:10","date_gmt":"2011-03-10T06:22:10","guid":{"rendered":"http:\/\/www.casinadirosa.it\/?page_id=152"},"modified":"2011-10-09T12:01:48","modified_gmt":"2011-10-09T10:01:48","slug":"christmas-in-tuscany","status":"publish","type":"page","link":"https:\/\/www.casinadirosa.it\/it\/plan-trip-tuscany\/holidays-in-tuscany\/christmas-in-tuscany\/","title":{"rendered":"Natale in Toscana"},"content":{"rendered":"<p>Casina di Rosa propone numerose <a title=\"Natale in Toscana\" href=\"\/it\/vacation-house-tuscany\/travel-deals-tuscany\/\" target=\"_blank\">offerte speciali per le <strong>vacanze di Natale in Toscana<\/strong><\/a>.<\/p>\n<p>Il <strong>Natale<\/strong> \u00e8 senza dubbio la festa pi\u00f9 sentita in <strong>Italia<\/strong>. Da secoli rappresenta l&#8217;occasione in cui famiglie e amici si riuniscono per andare in chiesa, per pranzare insieme, per scambiarsi i regali.<\/p>\n<p>Anche in <strong>Toscana<\/strong> il Natale \u00e8 un&#8217;occasione di incontro e di festa.<\/p>\n<p>Durante il <strong>periodo di Natale in Toscana<\/strong> ogni paese e ogni citt\u00e0 si veste a festa. I negozi si coprono di luci sfavillanti, le strade sono decorate, nelle chiese si fa il presepe.<\/p>\n<h2>Le feste di Natale in Toscana<\/h2>\n<p>Nel periodo Natalizio la Toscana \u00e8 un luogo ideale per riscoprire lo spirito Natalizio e fare shopping e comprare i regali.<\/p>\n<p>A Firenze, Siena, Pisa e nelle altre citt\u00e0 i negozi sono pieni di offerte interessanti. Ma per vivere davvero le feste la migliore occasione sono i mercatini di Natale.<\/p>\n<h2>Mercatini di Natale in Toscana<\/h2>\n<p>Da non perdere:<\/p>\n<ul>\n<li>Il mercatino di Natale di <strong>Pisa<\/strong>, sotto le Logge dei Banchi dal 1 dicembre al 24 dicembre<\/li>\n<li>La fiera di San Michele di Natale a <strong>Lucca<\/strong> in Piazza San Michele e in Borgo Giannotti dall&#8217;8 al 26 dicembre<\/li>\n<li>Il 16 dicembre il Heidelberger Weihnachtsmarkt, il mercatino di Natale in stile tedesco nel centro di <strong>Firenze<\/strong> (Piazza Santa Croce)<\/li>\n<li>Dal 29 novembre all&#8217;8 dicembre, Florence Noel presso la Stazione Leopolda di <strong>Firenze<\/strong>, con la casa di Babbo Natale<\/li>\n<li>Il 24 dicembre, Babbo Natale in barca a <strong>Firenze<\/strong><\/li>\n<li>Il 15 e 16 dicembre e il 22, A Tutto Natale a <strong>Bagno a Ripoli<\/strong><\/li>\n<li>Il 14 e 15 e il 21 e 22 dicembre, il mercatino a <strong>Greve in Chianti<\/strong><\/li>\n<li>Dal 1 al 23 dicembre a <strong>Siena<\/strong> il mercato di Natale nelle strade, con dolci e artigianato tipico<\/li>\n<li>Dal 5 dicembre al 6 gennaio mercatino natalizio a <strong>Montepulciano<\/strong><\/li>\n<li>Il 7 e 8 dicembre &#8220;Mostra e Dimostra&#8221; a <strong>Buonconvento<\/strong><\/li>\n<li>Il 13 dicembre, la Festa di Santa Lucia a <strong>Siena<\/strong> al Pian de&#8217; Mantellini<\/li>\n<li>Il 15 e 16 dicembre il mercatino a <strong>Torrita di Siena<\/strong><\/li>\n<li>Mercato natalizio ad <strong>Arezzo<\/strong>, dal 29 novembre al 6 gennaio<\/li>\n<li>&#8220;Inverno sull&#8217;Amiata&#8221;, numerose attivit\u00e0 e eventi organizzati per il periodo Natalizio, tra cui numerosi presepi viventi<\/li>\n<li>Dal 20 dicembre al 6 gennaio &#8220;Natale Insieme&#8221; e &#8220;La strada dei presepi&#8221; ad <strong>Arcidosso<\/strong>.<\/li>\n<li>Il 21 dicembre il concerto di Natale della Corale Puccini al Duomo di <strong>Grosseto<\/strong>.<\/li>\n<\/ul>\n<p>Questi sono solo alcuni dei <strong>mercatini di Natale in Toscana<\/strong>, ma in moltissimi paesi si organizzano eventi!<\/p>\n<h2>Il pranzo di Natale<\/h2>\n<p>Il <strong>pranzo di Natale<\/strong> \u00e8 un evento. Si mangiano antipasti, primi, secondi, contorni, formaggi frutta secca e non e dolci, il tutto accompagnato da buon vino. Ogni tavola \u00e8 imbandita, e quanti pi\u00f9 si \u00e8, meglio \u00e8.<\/p>\n<p>Tipico il brodo e il lesso. Ma anche la cacciagione freschissima (\u00e8 stagione di caccia!) e la frutta secca.<\/p>\n<h2>I dolci del Natale in Toscana<\/h2>\n<p>Ogni regione ha i suoi dolci tipici del periodo Natalizio. A Civitella, a met\u00e0 strada tra Siena e Grosseto, la tradizione senese, quella maremmana e quella amiatina si incontrano.<\/p>\n<p>Cos\u00ec, il giorno di Natale sul tavolo si trovano sia il <strong>panforte<\/strong>, il <strong>panpepato<\/strong>, i <strong>ricciarelli<\/strong> e i <strong>cavallucci senesi<\/strong> che i <strong>ciambellini con l&#8217;unto<\/strong>, tipici del paese, la <strong>pinolata<\/strong>, comune in Maremma, e anche i dolci di Natale che tutti gli italiani conoscono come il <strong>panettone<\/strong>, il <strong>pandoro<\/strong> e il <strong>torrone<\/strong>.<\/p>\n<p>Da provare in Toscana anche i <strong>brigidini<\/strong> della zona di Pisa e Lucca. E naturalmente <strong>cantuccini<\/strong> e <strong>vinsanto<\/strong>.<\/p>\n<h2>Le decorazioni di Natale<\/h2>\n<p>In ogni casa in Toscana oggi si fa <strong>l&#8217;albero di Natale<\/strong>. Ma un tempo, prima che arrivassero le luci intermittenti e i nastri d&#8217;oro e d&#8217;argento, in ogni casa c&#8217;era un <strong>presepe<\/strong>. Ancora oggi molte famiglie hanno mantenuto la tradizione.<\/p>\n<h3>Il presepe<\/h3>\n<p>Il <strong>presepe<\/strong>, o <strong>presepio<\/strong>, \u00e8 una tradizione antica, che si fa risalire a un&#8217;idea di <strong>San Francesco<\/strong>, ed \u00e8 una rappresentazione della scena della Nativit\u00e0.<\/p>\n<p>In ogni <strong>mercatino di Natale<\/strong> si possono trovare dei banchi specializzati in oggetti e statuine per il presepe. Si possono comprare le statuine della Vergine e di San Giuseppe, del Bambin Ges\u00f9 e pesino del bue e dell&#8217;asinello, ma anche dei pastori e dei loro animali, dei re magi e poi case, capanne fino ad elementi adatti a costruire una vera e propria scenografia.<\/p>\n<p>I presepi sono molto scenici e suggestivi. Quasi ogni chiesa toscana ha il suo piccolo o grande presepe in legno o in ceramica, costruito da professionisti o dai bambini dell&#8217;oratorio.<\/p>\n<p>E non solo, si possono trovare presepi in miniatura, costruiti in un guscio di noce, o presepi monumentali e addirittura presepi viventi!!<\/p>\n<p>A Siena, Firenze e in provincia di Lucca \u00e8 possibile visitare presepi molto antichi creati da artisti di grande fama.<\/p>\n<p>Casina di Rosa propone numerose <a href=\"http:\/\/www.casinadirosa.it\/it\/vacation-house-tuscany\/travel-deals-tuscany\">offerte speciali per le vacanze di Natale in Toscana<\/a>.<\/p>\n<p>Nella sezione links, \u00e8 disponibile una scelta di links dedicata alle festivit\u00e0 Natalizie e agli eventi in Toscana.<\/p>","protected":false},"excerpt":{"rendered":"<p>Casina di Rosa propone numerose offerte speciali per le vacanze di Natale in Toscana. Il Natale \u00e8 senza dubbio la festa pi\u00f9 sentita in Italia. Da secoli rappresenta l&#8217;occasione in cui famiglie e amici si riuniscono per andare in chiesa, per pranzare insieme, per scambiarsi i regali. Anche in Toscana il Natale \u00e8 un&#8217;occasione di [&hellip;]<\/p>\n","protected":false},"author":4,"featured_media":153,"parent":84,"menu_order":0,"comment_status":"closed","ping_status":"closed","template":"","meta":{"footnotes":""},"class_list":["post-152","page","type-page","status-publish","has-post-thumbnail","hentry"],"_links":{"self":[{"href":"https:\/\/www.casinadirosa.it\/it\/wp-json\/wp\/v2\/pages\/152","targetHints":{"allow":["GET"]}}],"collection":[{"href":"https:\/\/www.casinadirosa.it\/it\/wp-json\/wp\/v2\/pages"}],"about":[{"href":"https:\/\/www.casinadirosa.it\/it\/wp-json\/wp\/v2\/types\/page"}],"author":[{"embeddable":true,"href":"https:\/\/www.casinadirosa.it\/it\/wp-json\/wp\/v2\/users\/4"}],"replies":[{"embeddable":true,"href":"https:\/\/www.casinadirosa.it\/it\/wp-json\/wp\/v2\/comments?post=152"}],"version-history":[{"count":7,"href":"https:\/\/www.casinadirosa.it\/it\/wp-json\/wp\/v2\/pages\/152\/revisions"}],"predecessor-version":[{"id":445,"href":"https:\/\/www.casinadirosa.it\/it\/wp-json\/wp\/v2\/pages\/152\/revisions\/445"}],"up":[{"embeddable":true,"href":"https:\/\/www.casinadirosa.it\/it\/wp-json\/wp\/v2\/pages\/84"}],"wp:featuredmedia":[{"embeddable":true,"href":"https:\/\/www.casinadirosa.it\/it\/wp-json\/wp\/v2\/media\/153"}],"wp:attachment":[{"href":"https:\/\/www.casinadirosa.it\/it\/wp-json\/wp\/v2\/media?parent=152"}],"curies":[{"name":"wp","href":"https:\/\/api.w.org\/{rel}","templated":true}]}}