{"id":155,"date":"2011-03-10T09:09:36","date_gmt":"2011-03-10T08:09:36","guid":{"rendered":"http:\/\/www.casinadirosa.it\/?page_id=155"},"modified":"2011-10-09T12:03:51","modified_gmt":"2011-10-09T10:03:51","slug":"new-years-eve-tuscany","status":"publish","type":"page","link":"https:\/\/www.casinadirosa.it\/it\/plan-trip-tuscany\/holidays-in-tuscany\/new-years-eve-tuscany\/","title":{"rendered":"Capodanno in Toscana"},"content":{"rendered":"<p>La tradizione vuole che il Natale sia passato in famiglia, ma l&#8217;ultimo dell&#8217;anno si pu\u00f2 fare quello che si vuole per festeggiare fino all&#8217;alba.<\/p>\n<p>Per il capodanno in toscana la soluzione ideale \u00e8 un cenone tradizionale, da preparare a casa tra amici o da gustare in qualche locale, dove \u00e8 solitamente unito all&#8217;intrattenimento musicale. Per il dopo cena, se si sceglie di festeggiare fuori dal ristorante, in ogni piazza delle citt\u00e0 si organizza qualche grande evento.<\/p>\n<p>A Firenze si organizzano sempre numerose iniziative per il Capodanno. E la scelta dei ristoranti di carne, di pesce o etnici \u00e8 vasta. Festa in tutte le piazze.<\/p>\n<p>Anche a Grosseto si organizza una festa nella piazza del Duomo.<\/p>\n<p>A Siena alle 22:00 in Piazza del Campo Gran Concerto di Capodanno: &#8220;50 anni a memoria&#8221; &#8211; Mauro Pagani e l&#8217;Orchestra Straordinaria. Inoltre, alla Lizza si pu\u00f2 pattinare sul ghiaccio dal 16 dicembre al 20 gennaio. Il programma dei festeggiamenti per le festivit\u00e0 2007 \u00e8 scaricabile in formato pdf: Natale e Capodanno a Siena<\/p>\n<h2>Per un veglione in Toscana particolare\u2026<\/h2>\n<p>Se poi volete passare il 31 dicembre in modo diverso, perch\u00e9 non immergersi nelle calde acque termali di Petriolo, Saturnia, o di una delle molte stazioni termali del Senese in compagnia di una bottiglia di buono spumante?<\/p>\n<p>Oppure, potete vivere gli antichi riti delle fiaccolate e delle focarazze sul Monte Amiata, dove i riti del fuoco sono perpetrati da tempi immemorabili.<\/p>\n<p>E perch\u00e9 no? Festeggiare tornando indietro nel tempo con il treno natura, che vi porter\u00e0 fino al Monte Amiata con spettacolari paesaggi e spettacoli pirotecnici lungo il percorso.<\/p>\n<p>Casina di Rosa propone numerose <a title=\"Capodanno in Toscana\" href=\"\/it\/vacation-house-tuscany\/travel-deals-tuscany\/\" target=\"_blank\">offerte speciali per il Capodanno in Toscana<\/a>.<\/p>\n<p>Nella sezione links, \u00e8 disponibile una scelta di links dedicata alle feste e agli eventi in Toscana.<\/p>\n<p>Foto banner di <a href=\"http:\/\/www.flickr.com\/photos\/castefoto\/350371923\/sizes\/m\/\">CasteFoto<\/a>.<\/p>","protected":false},"excerpt":{"rendered":"<p>La tradizione vuole che il Natale sia passato in famiglia, ma l&#8217;ultimo dell&#8217;anno si pu\u00f2 fare quello che si vuole per festeggiare fino all&#8217;alba. Per il capodanno in toscana la soluzione ideale \u00e8 un cenone tradizionale, da preparare a casa tra amici o da gustare in qualche locale, dove \u00e8 solitamente unito all&#8217;intrattenimento musicale. Per [&hellip;]<\/p>\n","protected":false},"author":4,"featured_media":159,"parent":84,"menu_order":0,"comment_status":"closed","ping_status":"closed","template":"","meta":{"footnotes":""},"class_list":["post-155","page","type-page","status-publish","has-post-thumbnail","hentry"],"_links":{"self":[{"href":"https:\/\/www.casinadirosa.it\/it\/wp-json\/wp\/v2\/pages\/155","targetHints":{"allow":["GET"]}}],"collection":[{"href":"https:\/\/www.casinadirosa.it\/it\/wp-json\/wp\/v2\/pages"}],"about":[{"href":"https:\/\/www.casinadirosa.it\/it\/wp-json\/wp\/v2\/types\/page"}],"author":[{"embeddable":true,"href":"https:\/\/www.casinadirosa.it\/it\/wp-json\/wp\/v2\/users\/4"}],"replies":[{"embeddable":true,"href":"https:\/\/www.casinadirosa.it\/it\/wp-json\/wp\/v2\/comments?post=155"}],"version-history":[{"count":9,"href":"https:\/\/www.casinadirosa.it\/it\/wp-json\/wp\/v2\/pages\/155\/revisions"}],"predecessor-version":[{"id":450,"href":"https:\/\/www.casinadirosa.it\/it\/wp-json\/wp\/v2\/pages\/155\/revisions\/450"}],"up":[{"embeddable":true,"href":"https:\/\/www.casinadirosa.it\/it\/wp-json\/wp\/v2\/pages\/84"}],"wp:featuredmedia":[{"embeddable":true,"href":"https:\/\/www.casinadirosa.it\/it\/wp-json\/wp\/v2\/media\/159"}],"wp:attachment":[{"href":"https:\/\/www.casinadirosa.it\/it\/wp-json\/wp\/v2\/media?parent=155"}],"curies":[{"name":"wp","href":"https:\/\/api.w.org\/{rel}","templated":true}]}}