{"id":161,"date":"2011-03-10T09:36:08","date_gmt":"2011-03-10T08:36:08","guid":{"rendered":"http:\/\/www.casinadirosa.it\/?page_id=161"},"modified":"2012-02-13T22:08:44","modified_gmt":"2012-02-13T21:08:44","slug":"valentines-day-tuscany","status":"publish","type":"page","link":"https:\/\/www.casinadirosa.it\/it\/plan-trip-tuscany\/holidays-in-tuscany\/valentines-day-tuscany\/","title":{"rendered":"San Valentino in Toscana"},"content":{"rendered":"<p>Il giorno di San Valentino \u00e8 il giorno pi\u00f9 romantico dell&#8217;anno, il giorno degli innamorati.<\/p>\n<p>La festa ha origini antichissime nel rito pagano dedicato al dio Lupercus e praticato dai Romani fin dal IV secolo prima di Cristo.<\/p>\n<p>Con l&#8217;avvento della cristianit\u00e0 la festa fu trasformata in un giorno dedicato al Vescovo Valentino di Interamna, protettore dei giovani innamorati, e morto martire sotto l&#8217;imperatore Claudio II. La tradizione vuole che i suoi resti siano custoditi a Terni, nella basilica omonima.<\/p>\n<p>Oggi, la festa di San Valentino \u00e8 un&#8217;occasione per dedicarsi un giorno con la persona amata, lontano da tutto e tutti, un giorno speciale per dichiarare o ribadire il proprio amore. Nella sua versione odierna, la festa nasce in Inghilterra nel XV secolo, ed ancora oggi lo scambio di bigliettini \u00e8 molto diffuso.<\/p>\n<p>Anche in Italia, per tradizione, gli innamorati si scambiano regali e biglietti, oppure fiori, libri e altro e spesso partono per un viaggio di pi\u00f9 giorni o anche per un week-end romantico.<\/p>\n<h2>Ditelo con i fiori<\/h2>\n<p>Gli amanti degli omaggi floreali per San Valentino, dovrebbero conoscere il significato attribuito al dono di ogni fiore.<\/p>\n<p>Allora perch\u00e9 non regalare oltre alle tradizionali e sempre apprezzate rose rosse, anche il ciclamino, che rappresenta l&#8217;amore senza pretese, oppure l&#8217;edera che simboleggia l&#8217;attaccamento alla persona amata, o il garofano bianco che sta per l&#8217;amore puro, o anche un rametto di mirto, pianta sacra a Venere e simbolo d&#8217;amore? E poi un&#8217;orchidea, fiore afrodisiaco, oppure dei tulipani: rossi per una dichiarazione d&#8217;amore, bianchi per dire che i suoi occhi sono splendidi, oppure gialli per indicare un amore disperato.<\/p>\n<h2>Idee per un San Valentino speciale in Toscana<\/h2>\n<p>Un modo particolare di trascorrere San Valentino \u00e8 fuggire in un angolo incontaminato per godersi questa festa romantica con la persona amata. L&#8217;alta Maremma, area di confine tra la maremma vera e propria ed il senese, offre un&#8217;ottima alternativa per una vacanza all&#8217;insegna del romanticismo e della quiete di un paesino in collina.<\/p>\n<p>Casina di Rosa \u00e8 una scelta perfetta per la vostra vacanza di San Valentino in Toscana e propone un&#8217;offerta speciale ai suoi ospiti. Visitate la nostra pagina delle offerte speciali per saperne di pi\u00f9.<\/p>\n<p>Ecco alcune idee per trascorrere San Valentino in Toscana, soggiornando a Casina di Rosa.<\/p>\n<h3>San Valentino in Maremma<\/h3>\n<p>Se decidete che quello che fa per voi \u00e8 la quiete e gli spazi aperti, allora, non c&#8217;\u00e8 niente di pi\u00f9 indicato che la Maremma Grossetana. La Maremma \u00e8 l&#8217;area meno popolata d&#8217;Italia, praticamente priva di aree industriali e di grandi centri e per lo pi\u00f9 ancora sconosciuta al grande pubblico.<\/p>\n<p>Potete scegliere una romantica passeggiata in una delle citt\u00e0 della costa, Marina di Grosseto, Castiglione della Pescaia, Telamone, Porto Santo Stefano e molte altre, oppure una passeggiata nella natura selvaggia del Parco Naturale della Maremma. Ideale anche per escursioni in bicicletta o a cavallo.<\/p>\n<p>Oppure potete scegliere di visitare i centri etruschi della bassa Maremma: Pitigliano, Sorano, Sovana, Magliano in Toscana e gli altri centri limitrofi.<\/p>\n<p>Se siete amanti della buona tavola questo itinerario in Toscana per San Valentino offre la possibilit\u00e0 di gustare un pasto a base di buon pesce fresco (ormai una rarit\u00e0 \u00e8 la bottarga) oppure le specialit\u00e0 pi\u00f9 tradizionali della toscana, come ad esempio la cacciagione (lepre, cinghiale, fagiano, capriolo), i funghi, le minestre, il tartufo maremmano, le caciotte e i formaggi stagionati.<\/p>\n<p>Non perdetevi un bicchiere di buon Morellino di Scansano o di bianco di Pitigliano.<\/p>\n<h3>San Valentino alle Terme in Toscana<\/h3>\n<p>Per gli amanti delle terme consigliamo (se non fa troppo freddo) un bagno rilassante alle sorgenti termali naturali di Petriolo, immerse nel bosco e ad accesso libero e a soli 15 minuti da Casina di Rosa. Vale la pena di fermarsi a fare una passeggiata a Pari, paesino medievale perfettamente conservato e da cui si gode una vista spettacolare sulla valle del fiume Merse.<\/p>\n<p>Oppure, in un&#8217;oretta si arriva alle famose terme di Saturnia nel cuore della Maremma.<\/p>\n<p>Se poi volete godere delle terme immersi nella splendida cornice del senese, potete usufruire degli stabilimenti di Chianciano Terme, Montepulciano o delle terme del bellissimo borgo di Bagno Vignoni.<\/p>\n<h3>San Valentino sulle orme dei grandi film<\/h3>\n<p>Se volete organizzare un viaggio particolare per San Valentino, partendo da Casina di Rosa potete visitare ogni giorno uno dei luoghi in cui sono stati girati film famosi come &#8220;Io ballo da sola&#8221; di Bertolucci, &#8220;Pinocchio&#8221; di Benigni, e &#8220;Monteriano&#8221; di Sturridge, tratto da un romanzo di Forster e girato a San Gimignano. Inoltre, potete visitare i luoghi in cui sono stati girati molti altri film famosi, tra cui l&#8217;Abbazia di San Galgano, la Val d&#8217;Elsa, e naturalmente i grandi centri: Siena e Firenze.<\/p>\n<h3>San Valentino in montagna<\/h3>\n<p>Se poi volete concedervi un giorno diverso pur restando nel cuore della Toscana, un modo interessante di trascorrere San Valentino \u00e8 offerto da una gita sul Monte Amiata. Per gli amanti dello sci, \u00e8 possibile sciare sulla vetta. Se invece volete girovagare per i borghi montani, niente di meglio che esplorare questa montagna ancora sconosciuta.<\/p>\n<p>Non fatevi sfuggire le delizie a base di castagne popolari in tutti i centri dell&#8217;Amiata senese e grossetano.<\/p>\n<p>Per conoscere meglio il Monte Amiata potete visitare i borghi di Radicofani, Abbadia San Salvatore, Piancastagnaio, Arcidosso, Castel del Piano e Seggiano.<\/p>\n<h3>San Valentino all&#8217;insegna dell&#8217;acqua<\/h3>\n<p>Un&#8217;altra idea originale per trascorrere un San Valentino in Toscana &#8220;a tema&#8221; \u00e8 andare a scoprire il mondo segreto delle antiche acque toscane. Potete per esempio decidere di seguire un itinerario alla scoperta degli antichi mulini, alcuni funzionanti e resi famosi da spot pubblicitari.<\/p>\n<p>Oppure potete costruire un itinerario che si snoda tra le fonti di Siena e paesi limitrofi.<\/p>\n<p>Un&#8217;escursione poco conosciuta ma molto bella \u00e8 la visita ai Bottini di Siena, l&#8217;acquedotto sotterraneo scavato nel tufo. Oppure per restare in tema, potete visitare il Labirinto di Porsenna a Chiusi, un reticolo di cunicoli dell&#8217;et\u00e0 etrusca che culminano in una cisterna romana intatta e sormontata da una torre. La Chiusi sotterranea racchiude molti altri misteri e luoghi interessanti che possono offrire un&#8217;occasione per trascorrere un San Valentino davvero diverso. Si consiglia anche una visita al lago di Chiusi e Montepulciano.<\/p>\n<p>Molte sono le possibilit\u00e0 per chi decide di trascorrere San Valentino nell&#8217;alta Maremma Toscana.<\/p>\n<p>Saremo lieti di consigliarvi e di indicarvi i ristoranti migliori dove cenare a lume di candela.<\/p>\n<h2>Le offerte speciali di Casina di Rosa per San Valentino<\/h2>\n<p>Casina di Rosa propone numerose offerte speciali per un <a title=\"san valentino in toscana\" href=\/it\/vacation-house-tuscany\/travel-deals-tuscany\/\" target=\"_blank\">San Valentino romantico in Toscana<\/a>.<\/p>\n<p>Nella sezione links, \u00e8 disponibile una scelta di links dedicata alla festa degli innamorati.<\/p>\n<p>Foto banner di <a href=\"http:\/\/www.flickr.com\/photos\/moekat\/391427934\/sizes\/m\/in\/photostream\/\">Moekat<\/a>.<\/p>","protected":false},"excerpt":{"rendered":"<p>Il giorno di San Valentino \u00e8 il giorno pi\u00f9 romantico dell&#8217;anno, il giorno degli innamorati. La festa ha origini antichissime nel rito pagano dedicato al dio Lupercus e praticato dai Romani fin dal IV secolo prima di Cristo. Con l&#8217;avvento della cristianit\u00e0 la festa fu trasformata in un giorno dedicato al Vescovo Valentino di Interamna, [&hellip;]<\/p>\n","protected":false},"author":4,"featured_media":162,"parent":84,"menu_order":0,"comment_status":"closed","ping_status":"closed","template":"","meta":{"footnotes":""},"class_list":["post-161","page","type-page","status-publish","has-post-thumbnail","hentry"],"_links":{"self":[{"href":"https:\/\/www.casinadirosa.it\/it\/wp-json\/wp\/v2\/pages\/161","targetHints":{"allow":["GET"]}}],"collection":[{"href":"https:\/\/www.casinadirosa.it\/it\/wp-json\/wp\/v2\/pages"}],"about":[{"href":"https:\/\/www.casinadirosa.it\/it\/wp-json\/wp\/v2\/types\/page"}],"author":[{"embeddable":true,"href":"https:\/\/www.casinadirosa.it\/it\/wp-json\/wp\/v2\/users\/4"}],"replies":[{"embeddable":true,"href":"https:\/\/www.casinadirosa.it\/it\/wp-json\/wp\/v2\/comments?post=161"}],"version-history":[{"count":9,"href":"https:\/\/www.casinadirosa.it\/it\/wp-json\/wp\/v2\/pages\/161\/revisions"}],"predecessor-version":[{"id":944,"href":"https:\/\/www.casinadirosa.it\/it\/wp-json\/wp\/v2\/pages\/161\/revisions\/944"}],"up":[{"embeddable":true,"href":"https:\/\/www.casinadirosa.it\/it\/wp-json\/wp\/v2\/pages\/84"}],"wp:featuredmedia":[{"embeddable":true,"href":"https:\/\/www.casinadirosa.it\/it\/wp-json\/wp\/v2\/media\/162"}],"wp:attachment":[{"href":"https:\/\/www.casinadirosa.it\/it\/wp-json\/wp\/v2\/media?parent=161"}],"curies":[{"name":"wp","href":"https:\/\/api.w.org\/{rel}","templated":true}]}}