{"id":164,"date":"2011-03-10T09:44:20","date_gmt":"2011-03-10T08:44:20","guid":{"rendered":"http:\/\/www.casinadirosa.it\/?page_id=164"},"modified":"2011-06-04T19:22:19","modified_gmt":"2011-06-04T18:22:19","slug":"easter-in-tuscany","status":"publish","type":"page","link":"https:\/\/www.casinadirosa.it\/it\/plan-trip-tuscany\/holidays-in-tuscany\/easter-in-tuscany\/","title":{"rendered":"Pasqua in Toscana"},"content":{"rendered":"<p><br \/>\nLa  Settimana Santa e la Pasqua sono momenti di grande importanza religiosa e  culturale in un paese di antica tradizione Cattolica come l&#8217;Italia.<\/p>\n<p>Durante la Settimana Santa si ripetono antichi riti, ufficiali e non, rimasti immutati nei secoli.<\/p>\n<p>In particolare, in un paese piccolo come Civitella Marittima, questi  momenti di festa sono particolarmente sentiti, perch\u00e9 sono prima di  tutto un grande momento di aggregazione.<\/p>\n<h2>I riti della Pasqua in un paese toscano<\/h2>\n<p>I festeggiamenti pi\u00f9 suggestivi sono quelli del Gioved\u00ec Santo, con la  lavanda dei piedi dei discepoli durante la Santa Messa, e senza dubbio,  quelli del Venerd\u00ec Santo, quando una processione si snoda per tutto il  paese. Questa della Via Crucis per le vie del paese \u00e8 una tradizione  antichissima.<\/p>\n<p>Le campane della chiesa sono legate, cosicch\u00e9 non possano suonare in  un momento di grande tristezza per il credente. Ogni balcone ha delle  luci, per salutare la processione che passa silenziosa con lumi, statue e  insegne a ricordo delle insegne dei soldati romani nel percorso verso  il Golgota. Le stazioni della Via Crucis sono ornate di fiori e di luci.<\/p>\n<p>\u00c8 un&#8217;occasione molto sentita e partecipata.<\/p>\n<p>Nella chiesa viene riprodotto il Santo Sepolcro, con fiori bianchi e  con la &#8220;veccia&#8221;. Le piante di veccia sono piante di grano fatte crescere  al buio dalle donne del paese, cosicch\u00e9 non crescono verdi brillanti  come nei campi, ma completamente bianche.<\/p>\n<p>La celebrazione religiosa pi\u00f9 importante \u00e8 quella del sabato notte e  della domenica. Durante la messa del sabato notte, a mezzanotte le  campane suonano e si scopre la statua del Cristo risorto.<\/p>\n<h2>Natale con i tuoi, Pasqua con chi vuoi: le tradizioni<\/h2>\n<p>\u00c8 tradizione celebrare la Pasqua con un grande pranzo in famiglia o  con gli amici. I piatti tipici della Pasqua, a parte le uova di  cioccolato, sono le uova sode fatte benedire durante la messa pasquale,  la carne di agnello, la schiacciata di Pasqua e la colomba pasquale.<\/p>\n<p>Civitella Marittima ha due ottimi ristoranti dove sar\u00e0 possibile pranzare per Pasqua su prenotazione.<\/p>\n<p>Da Casina di Rosa si pu\u00f2 scegliere una Pasquetta all&#8217;insegna delle  grandi citt\u00e0 come Siena, Firenze o Roma, oppure dei tesori artistici  come Pienza o San Gimignano, o ancora il mare, la montagna o la  campagna.<\/p>\n<h2>Il luned\u00ec di Pasqua<\/h2>\n<p>I festeggiamenti pasquali terminano con la Pasquetta, o luned\u00ec di  Pasqua. In Italia \u00e8 il giorno dedicato alle gite. Tutti si mettono in  movimento per andare a trascorrerlo in qualche localit\u00e0 di vacanza o in  qualche citt\u00e0 d&#8217;arte.<\/p>\n<p>Da Casina di Rosa si pu\u00f2 scegliere una Pasquetta all&#8217;insegna delle  grandi citt\u00e0 come Siena, Firenze o Roma, oppure dei tesori artistici  come Pienza o San Gimignano, o ancora il mare, la montagna o la  campagna.<\/p>\n<h2>Le offerte speciali di Casina di Rosa per Pasqua<\/h2>\n<p>Casina di Rosa propone numerose offerte speciali per <a href=\"http:\/\/www.casinadirosa.it\/it\/vacation-house-tuscany\/travel-deals-tuscany\">un&#8217;indimenticabile Pasqua 2011 in Toscana<\/a>.<\/p>\n<p>Foto del banner di <a href=\"http:\/\/www.flickr.com\/photos\/sprengben\/4489063489\/sizes\/s\/in\/photostream\/\">Sprengben<\/a>.<\/p>","protected":false},"excerpt":{"rendered":"<p>La Settimana Santa e la Pasqua sono momenti di grande importanza religiosa e culturale in un paese di antica tradizione Cattolica come l&#8217;Italia. Durante la Settimana Santa si ripetono antichi riti, ufficiali e non, rimasti immutati nei secoli. In particolare, in un paese piccolo come Civitella Marittima, questi momenti di festa sono particolarmente sentiti, perch\u00e9 [&hellip;]<\/p>\n","protected":false},"author":4,"featured_media":165,"parent":84,"menu_order":0,"comment_status":"closed","ping_status":"closed","template":"","meta":{"footnotes":""},"class_list":["post-164","page","type-page","status-publish","has-post-thumbnail","hentry"],"_links":{"self":[{"href":"https:\/\/www.casinadirosa.it\/it\/wp-json\/wp\/v2\/pages\/164","targetHints":{"allow":["GET"]}}],"collection":[{"href":"https:\/\/www.casinadirosa.it\/it\/wp-json\/wp\/v2\/pages"}],"about":[{"href":"https:\/\/www.casinadirosa.it\/it\/wp-json\/wp\/v2\/types\/page"}],"author":[{"embeddable":true,"href":"https:\/\/www.casinadirosa.it\/it\/wp-json\/wp\/v2\/users\/4"}],"replies":[{"embeddable":true,"href":"https:\/\/www.casinadirosa.it\/it\/wp-json\/wp\/v2\/comments?post=164"}],"version-history":[{"count":7,"href":"https:\/\/www.casinadirosa.it\/it\/wp-json\/wp\/v2\/pages\/164\/revisions"}],"predecessor-version":[{"id":755,"href":"https:\/\/www.casinadirosa.it\/it\/wp-json\/wp\/v2\/pages\/164\/revisions\/755"}],"up":[{"embeddable":true,"href":"https:\/\/www.casinadirosa.it\/it\/wp-json\/wp\/v2\/pages\/84"}],"wp:featuredmedia":[{"embeddable":true,"href":"https:\/\/www.casinadirosa.it\/it\/wp-json\/wp\/v2\/media\/165"}],"wp:attachment":[{"href":"https:\/\/www.casinadirosa.it\/it\/wp-json\/wp\/v2\/media?parent=164"}],"curies":[{"name":"wp","href":"https:\/\/api.w.org\/{rel}","templated":true}]}}