{"id":17,"date":"2011-03-08T13:51:33","date_gmt":"2011-03-08T12:51:33","guid":{"rendered":"http:\/\/www.casinadirosa.it\/?page_id=17"},"modified":"2025-04-23T10:42:00","modified_gmt":"2025-04-23T08:42:00","slug":"vacation-house-tuscany","status":"publish","type":"page","link":"https:\/\/www.casinadirosa.it\/it\/vacation-house-tuscany\/","title":{"rendered":"La casa"},"content":{"rendered":"<p>Casina di Rosa risale agli inizi del 1900 ed \u00e8 stata costruita subito fuori le mura del paese, sotto le dimore gentilizie dei <strong>Conti Ardengheschi<\/strong>.<\/p>\n<p>\u00c8 completamente <strong>indipendente<\/strong> ed \u00e8 stata <strong>ristrutturata di recente<\/strong>. La casa \u00e8 composta da <strong>cucina<\/strong>, <strong>camera matrimoniale con angolo relax<\/strong> con divano letto e un <strong>bagno nuovissimo<\/strong>. Pu\u00f2 ospitare <strong>2 persone<\/strong>, ma \u00e8 possibile trasformare la camera matrimoniale in una <strong>tripla<\/strong>.<\/p>\n<p><iframe loading=\"lazy\" width=\"650\" height=\"365,63\" src=\"https:\/\/www.youtube.com\/embed\/4qrozZiuqDU\" title=\"YouTube video player\" frameborder=\"0\" allow=\"accelerometer; autoplay; clipboard-write; encrypted-media; gyroscope; picture-in-picture\" allowfullscreen><\/iframe><\/p>\n<p>In inverno la casa \u00e8 riscaldata con pompe di calore, un termoventilatore per il bagno e lo splendido caminetto in pietra della cucina.<\/p>\n<p><img loading=\"lazy\" decoding=\"async\" class=\"size-full wp-image-1208 aligncenter\" src=\"http:\/\/www.casinadirosa.it\/wp-content\/uploads\/2022\/07\/loggia-e1657983381342.jpg\" alt=\"\" width=\"650\" height=\"488\" \/><\/p>\n<p>La casa dispone inoltre di un impianto di aria condizionata per l&#8217;estate, anche se il paese, essendo in collina, \u00e8 sempre fresco, e le spesse mura in pietra della casa mantengono la temperatura sempre piacevole.<\/p>\n<h2>La camera matrimoniale<\/h2>\n<p>La camera \u00e8 arredata in <strong>stile rustico<\/strong>, ed \u00e8 molto accogliente e romantica, con una parete in calda pietra a facciavista.<\/p>\n<p>Arredata con un <strong>letto matrimoniale<\/strong>, un grande armadio e una cassettiera a disposizione degli ospiti, ha splendide <strong>viste sulla campagna toscana<\/strong>.<br \/>\n<img loading=\"lazy\" decoding=\"async\" src=\"http:\/\/www.casinadirosa.it\/wp-content\/uploads\/2022\/07\/IMG_8526-e1657983887668.jpg\" alt=\"\" width=\"650\" height=\"488\" class=\"alignleft size-full wp-image-1213\" \/><\/p>\n<p>La camera ha anche un angolo relax con due divanetti di cui uno trasformabile in <strong>letto singolo<\/strong>. Gli ospiti possono rilassarsi guardando la TV, ascoltando musica grazie al lettore Mp3 con radio oppure dedicandosi alla lettura. Hanno infatti a disposizione uno numerose guide, cartine e altro materiale informativo sulla zona, oltre che a una sezione della nostra libreria dedicata allo scambio di libri.<\/p>\n<h2>La cucina attrezzata<\/h2>\n<p>La cucina dispone di stoviglie e di tutto il necessario per cucinare. \u00c8 attrezzata con <strong>cucina a gas con forno elettrico<\/strong>, frigorifero con freezer, tostapane e bollitore elettrico. Nella cucina \u00e8 presente anche una lavatrice.<br \/>\n<img loading=\"lazy\" decoding=\"async\" src=\"http:\/\/www.casinadirosa.it\/wp-content\/uploads\/2022\/07\/IMG_3843-e1657984229689.jpg\" alt=\"\" width=\"650\" height=\"488\" class=\"alignleft size-full wp-image-1216\" \/><br \/>\nL&#8217;atmosfera accogliente di Casina di Rosa \u00e8 arricchita dalla presenza di un delizioso caminetto in pietra, ideale per tostare il pane nelle fresche serate autunnali, e preparare con l&#8217;olio nuovo delle deliziose bruschette. Oppure per godersi il calore del fuoco scoppiettante nelle fredde sere invernali: perfetto per una vacanza romantica in Toscana!<\/p>\n<h2>Il bagno<\/h2>\n<p>Il bagno \u00e8 arredato in stile Ideal Standard. WC, lavabo, bidet e box doccia in muratura. Gli <strong>asciugamani<\/strong> e l&#8217;<strong>asciugacapelli<\/strong> sono forniti.<br \/>\n<img loading=\"lazy\" decoding=\"async\" src=\"http:\/\/www.casinadirosa.it\/wp-content\/uploads\/2022\/07\/Screenshot-2022-07-16-at-17.18.10-e1657984752243.png\" alt=\"\" width=\"650\" height=\"490\" class=\"alignleft size-full wp-image-1218\" \/><\/p>\n<h2>La loggetta<\/h2>\n<p>La casa dispone di una piccola loggia davanti all&#8217;ingresso principale e rialzata dal livello della strada: gli ospiti possono sedere all&#8217;aperto. La loggia \u00e8 arredata con sedie da giardino.<br \/>\n<img loading=\"lazy\" decoding=\"async\" src=\"http:\/\/www.casinadirosa.it\/wp-content\/uploads\/2022\/07\/4729431543_9ea199731f_o-e1657985545716.jpg\" alt=\"\" width=\"650\" height=\"488\" class=\"alignleft size-full wp-image-1221\" \/><\/p>\n<h2>Casina di Rosa dispone di&#8230;<\/h2>\n<ul>\n<li>TV con lettore DVD<\/li>\n<li>stereo (radio, Ipod\/Mp3 dock station)<\/li>\n<li>lavatrice<\/li>\n<li>ferro e tavola da stiro<\/li>\n<li>bollitore elettrico<\/li>\n<li>macchina per caff\u00e8 americano<\/li>\n<li>tostapane<\/li>\n<li>asciugacapelli<\/li>\n<li>termoventilatore per il bagno<\/li>\n<li>aria condizionata<\/li>\n<li>riscaldamento<\/li>\n<li>accesso internet (wi-fi)<\/li>\n<\/ul>\n<p><strong>La biancheria da camera, bagno e cucina \u00e8 fornita.<\/strong><\/p>\n<p>Una <strong>selezione di guide e mappe<\/strong> \u00e8 a disposizione dei nostri ospiti per la consultazione.<\/p>\n<p>All&#8217;arrivo, troverete un <strong>cestino di benvenuto<\/strong> contenente alcuni prodotti tipici.<\/p>\n<p>Partecipa all&#8217;iniziativa &#8220;<strong><a href=\"http:\/\/www.bookcrossing-italy.com\/\">Libri Liberi<\/a><\/strong>&#8220;! Nel salottino, troverai una libreria con alcuni romanzi. Prendi pure quelli che vuoi! Ma ricorda! Se decidi di portarli via con te, devi lasciarne altri in sostituzione! I libri che lasci al posto di quelli che prendi devono essere in egual numero e nella stessa lingua. <strong>Le guide e tutto il materiale informativo di Casina di Rosa non partecipa all&#8217;iniziativa<\/strong>.<\/p>","protected":false},"excerpt":{"rendered":"<p>Casina di Rosa risale agli inizi del 1900 ed \u00e8 stata costruita subito fuori le mura del paese, sotto le dimore gentilizie dei Conti Ardengheschi. \u00c8 completamente indipendente ed \u00e8 stata ristrutturata di recente. La casa \u00e8 composta da cucina, camera matrimoniale con angolo relax con divano letto e un bagno nuovissimo. Pu\u00f2 ospitare 2 [&hellip;]<\/p>\n","protected":false},"author":4,"featured_media":194,"parent":0,"menu_order":20,"comment_status":"closed","ping_status":"closed","template":"","meta":{"footnotes":""},"class_list":["post-17","page","type-page","status-publish","has-post-thumbnail","hentry"],"_links":{"self":[{"href":"https:\/\/www.casinadirosa.it\/it\/wp-json\/wp\/v2\/pages\/17","targetHints":{"allow":["GET"]}}],"collection":[{"href":"https:\/\/www.casinadirosa.it\/it\/wp-json\/wp\/v2\/pages"}],"about":[{"href":"https:\/\/www.casinadirosa.it\/it\/wp-json\/wp\/v2\/types\/page"}],"author":[{"embeddable":true,"href":"https:\/\/www.casinadirosa.it\/it\/wp-json\/wp\/v2\/users\/4"}],"replies":[{"embeddable":true,"href":"https:\/\/www.casinadirosa.it\/it\/wp-json\/wp\/v2\/comments?post=17"}],"version-history":[{"count":35,"href":"https:\/\/www.casinadirosa.it\/it\/wp-json\/wp\/v2\/pages\/17\/revisions"}],"predecessor-version":[{"id":1283,"href":"https:\/\/www.casinadirosa.it\/it\/wp-json\/wp\/v2\/pages\/17\/revisions\/1283"}],"wp:featuredmedia":[{"embeddable":true,"href":"https:\/\/www.casinadirosa.it\/it\/wp-json\/wp\/v2\/media\/194"}],"wp:attachment":[{"href":"https:\/\/www.casinadirosa.it\/it\/wp-json\/wp\/v2\/media?parent=17"}],"curies":[{"name":"wp","href":"https:\/\/api.w.org\/{rel}","templated":true}]}}