{"id":64,"date":"2011-03-08T19:38:57","date_gmt":"2011-03-08T18:38:57","guid":{"rendered":"http:\/\/www.casinadirosa.it\/?page_id=64"},"modified":"2022-07-16T18:06:18","modified_gmt":"2022-07-16T16:06:18","slug":"civitella-marittima","status":"publish","type":"page","link":"https:\/\/www.casinadirosa.it\/it\/southern-tuscany\/civitella-marittima\/","title":{"rendered":"Civitella Marittima"},"content":{"rendered":"<p><\/p>\n<h1><\/h1>\n<p><a href=\"https:\/\/www.civitellapaganico.info\/en\/localita\/civitella-marittima\" target=\"_blank\" rel=\"noopener noreferrer\"><strong>Civitella Marittima <\/strong><\/a>\u00e8 un borgo medievale in Toscana, nel cuore dell&#8217;<strong>Alta Maremma<\/strong>, tra <strong>Siena<\/strong> e <strong>il mare<\/strong>. L&#8217;Alta Maremma, anche conosciuta come colline dell&#8217;interno della Maremma, \u00e8 una delle poche aree in Italia dove la natura \u00e8 ancora la padrona assolita. Il paese \u00e8 un punto di partenza ideale per visitare sia il senese che il grossetano data la sua posizione di facile accesso alla E78, la strada principale che collega Firenze alla costa della Maremma.<\/p>\n<h2>I servizi disponibili in paese<\/h2>\n<p>Civitella Marittima ha circa 350 abitanti, quindi dispone di tutti i servizi essenziali.<\/p>\n<p>Ci sono due <strong>banche<\/strong>, entrambe con <strong>bancomat<\/strong>, due negozi di <strong>alimentari<\/strong>, due <strong>panetterie<\/strong>, e vari altri negozi (<strong>fiorista<\/strong>, ceramiche, tabacchi, merceria). In paese ci sono <strong>ambulatori<\/strong> e una <strong>farmacia<\/strong>. In centro ci sono un ottimo <strong>ristorante<\/strong> e due <strong>bar<\/strong> e a due chilometri circa altri <strong>ristoranti-pizzeria<\/strong>.<\/p>\n<p>Il paese \u00e8 piuttosto piccolo e tutto si trova a poche decine di metri dalla casa.<\/p>\n<p>A pochi passi dalla casa c&#8217;\u00e8 un grande <strong>parco pubblico<\/strong>, &#8220;I Castagneti&#8221;, luogo ideale per portare il cane a fare una passeggiata o per rilassarsi all&#8217;ombra dei <strong>castagni<\/strong> su una delle numerose panchine.<\/p>\n<h2>Nelle vicinanze<\/h2>\n<p>I due paesi pi\u00f9 vicini (<strong>Paganico<\/strong> km.7 e <strong>Roccastrada<\/strong> km.13) dispongoono di <strong>centri commerciali<\/strong>, <strong>supermercati<\/strong> e numerosi altri <strong>ristoranti<\/strong> e <strong>pizzerie<\/strong> che preparano specialit\u00e0 locali di mare e di terra.<\/p>\n<p>Insieme alle altre frazioni del Comune di <strong>Civitella Paganico<\/strong> (Pari, Casal di Pari, Monte Antico, e Dogana), questi paesi offrono inoltre l&#8217;occasione per visitare centri di <strong>eccezionale bellezza<\/strong> fuori dalle rotte turistiche pi\u00f9 battute.<\/p>\n<p>Casina di Rosa \u00e8 la scelta ideale per un <strong>tour eno-gastronomico<\/strong> dei sapori della <strong>Maremma<\/strong> Toscana e della <strong>Toscana meridionale<\/strong>.<\/p>\n<h2>La Sagra e le altre attivit\u00e0 organizzate dal paese<\/h2>\n<p>Il paese organizza numerose attivit\u00e0 nel corso dell&#8217;anno. Tutti i finesettimana di <strong>giugno e luglio<\/strong>, la Proloco e l&#8217;associazione sportiva di Civitella organizzano delle <strong>cene a tema &#8220;Sotto le stelle&#8221;<\/strong>, dove si possono gustare le specialit\u00e0 tipiche della tradizione enogastronomica della Maremma e delle specialit\u00e0 diverse ogni week-end. L&#8217;<strong>ultimo week-end di Agosto<\/strong> in paese si celebra la <strong>Sagra dell&#8217;Alta Maremma<\/strong> con musica, danze, arte e artigianato e naturalmente buon vino e buon cibo. Nel mese di <strong>Novembre<\/strong>, si tiene infine la &#8220;Festa del Buco Unto&#8221;, <strong>festa dedicata al nuovo olio extravergine d&#8217;oliva<\/strong> prodotto dal frantoio del paese.<\/p>","protected":false},"excerpt":{"rendered":"<p>Civitella Marittima \u00e8 un borgo medievale in Toscana, nel cuore dell&#8217;Alta Maremma, tra Siena e il mare. L&#8217;Alta Maremma, anche conosciuta come colline dell&#8217;interno della Maremma, \u00e8 una delle poche aree in Italia dove la natura \u00e8 ancora la padrona assolita. Il paese \u00e8 un punto di partenza ideale per visitare sia il senese che [&hellip;]<\/p>\n","protected":false},"author":4,"featured_media":190,"parent":22,"menu_order":100,"comment_status":"closed","ping_status":"closed","template":"","meta":{"footnotes":""},"class_list":["post-64","page","type-page","status-publish","has-post-thumbnail","hentry"],"_links":{"self":[{"href":"https:\/\/www.casinadirosa.it\/it\/wp-json\/wp\/v2\/pages\/64","targetHints":{"allow":["GET"]}}],"collection":[{"href":"https:\/\/www.casinadirosa.it\/it\/wp-json\/wp\/v2\/pages"}],"about":[{"href":"https:\/\/www.casinadirosa.it\/it\/wp-json\/wp\/v2\/types\/page"}],"author":[{"embeddable":true,"href":"https:\/\/www.casinadirosa.it\/it\/wp-json\/wp\/v2\/users\/4"}],"replies":[{"embeddable":true,"href":"https:\/\/www.casinadirosa.it\/it\/wp-json\/wp\/v2\/comments?post=64"}],"version-history":[{"count":8,"href":"https:\/\/www.casinadirosa.it\/it\/wp-json\/wp\/v2\/pages\/64\/revisions"}],"predecessor-version":[{"id":1232,"href":"https:\/\/www.casinadirosa.it\/it\/wp-json\/wp\/v2\/pages\/64\/revisions\/1232"}],"up":[{"embeddable":true,"href":"https:\/\/www.casinadirosa.it\/it\/wp-json\/wp\/v2\/pages\/22"}],"wp:featuredmedia":[{"embeddable":true,"href":"https:\/\/www.casinadirosa.it\/it\/wp-json\/wp\/v2\/media\/190"}],"wp:attachment":[{"href":"https:\/\/www.casinadirosa.it\/it\/wp-json\/wp\/v2\/media?parent=64"}],"curies":[{"name":"wp","href":"https:\/\/api.w.org\/{rel}","templated":true}]}}